{"id":98736,"date":"2026-03-03T13:04:53","date_gmt":"2026-03-03T12:04:53","guid":{"rendered":"https:\/\/power-shift.de\/?post_type=product&#038;p=98736"},"modified":"2026-03-03T14:21:28","modified_gmt":"2026-03-03T13:21:28","slug":"klimaneutral-und-bezahlbar-heizen-waermewende-berlin","status":"publish","type":"product","link":"https:\/\/power-shift.de\/fr\/produit\/klimaneutral-und-bezahlbar-heizen-waermewende-berlin\/","title":{"rendered":"Chauffage climatiquement neutre et abordable: La transition thermique \u00e0 l'exemple de Berlin"},"content":{"rendered":"","protected":false},"excerpt":{"rendered":"<p>\u00c0 l\u2019exemple de Berlin, cette fiche d\u2019information montre comment la transition thermique peut \u00eatre climatiquement neutre et abordable, du plan thermique \u00e0 la transformation du chauffage urbain et \u00e0 l\u2019utilisation de pompes \u00e0 chaleur, de la g\u00e9othermie et de la chaleur r\u00e9siduelle. Il fournit des arguments clairs sur les raisons pour lesquelles l'hydrog\u00e8ne, le bois et l'incin\u00e9ration des d\u00e9chets ne sont pas des voies viables et d\u00e9finit des axes politiques en faveur de la transparence, de la protection sociale et d'une v\u00e9ritable r\u00e9duction des \u00e9missions.<\/p>","protected":false},"featured_media":98733,"template":"","meta":{"_acf_changed":false},"thema":[],"product_brand":[],"product_cat":[160],"product_tag":[],"class_list":{"0":"post-98736","1":"product","2":"type-product","3":"status-publish","4":"has-post-thumbnail","6":"product_cat-factsheet","7":"entry","8":"has-media","10":"first","11":"instock","12":"shipping-taxable","13":"purchasable","14":"product-type-simple"},"acf":[],"_links":{"self":[{"href":"https:\/\/power-shift.de\/fr\/wp-json\/wp\/v2\/product\/98736","targetHints":{"allow":["GET"]}}],"collection":[{"href":"https:\/\/power-shift.de\/fr\/wp-json\/wp\/v2\/product"}],"about":[{"href":"https:\/\/power-shift.de\/fr\/wp-json\/wp\/v2\/types\/product"}],"wp:featuredmedia":[{"embeddable":true,"href":"https:\/\/power-shift.de\/fr\/wp-json\/wp\/v2\/media\/98733"}],"wp:attachment":[{"href":"https:\/\/power-shift.de\/fr\/wp-json\/wp\/v2\/media?parent=98736"}],"wp:term":[{"taxonomy":"thema","embeddable":true,"href":"https:\/\/power-shift.de\/fr\/wp-json\/wp\/v2\/thema?post=98736"},{"taxonomy":"product_brand","embeddable":true,"href":"https:\/\/power-shift.de\/fr\/wp-json\/wp\/v2\/product_brand?post=98736"},{"taxonomy":"product_cat","embeddable":true,"href":"https:\/\/power-shift.de\/fr\/wp-json\/wp\/v2\/product_cat?post=98736"},{"taxonomy":"product_tag","embeddable":true,"href":"https:\/\/power-shift.de\/fr\/wp-json\/wp\/v2\/product_tag?post=98736"}],"curies":[{"name":"wp","href":"https:\/\/api.w.org\/{rel}","templated":true}]}}