{"id":98475,"date":"2026-01-27T10:26:13","date_gmt":"2026-01-27T09:26:13","guid":{"rendered":"https:\/\/power-shift.de\/?post_type=product&#038;p=98475"},"modified":"2026-01-27T14:41:25","modified_gmt":"2026-01-27T13:41:25","slug":"steckbrief-lieferkettengesetz","status":"publish","type":"product","link":"https:\/\/power-shift.de\/fr\/produit\/steckbrief-lieferkettengesetz\/","title":{"rendered":"La loi sur la cha\u00eene d'approvisionnement"},"content":{"rendered":"<div id=\"pl-77719\" class=\"panel-layout\">\n<div id=\"pg-77719-0\" class=\"panel-grid panel-no-style\">\n<div id=\"pgc-77719-0-0\" class=\"panel-grid-cell\" data-weight=\"1\">\n<div id=\"panel-77719-0-0-0\" class=\"so-panel widget widget_sow-editor panel-first-child panel-last-child\" data-index=\"0\" data-style=\"{&quot;background_image_attachment&quot;:false,&quot;background_display&quot;:&quot;tile&quot;}\">\n<div class=\"so-widget-sow-editor so-widget-sow-editor-base\">\n<div class=\"siteorigin-widget-tinymce textwidget\">\n<p><a class=\"button\" href=\"https:\/\/power-shift.de\/wp-content\/uploads\/2026\/01\/Steckbrief-Lieferkettengesetz-final.pdf\" target=\"_blank\" rel=\"noopener\">Vers la publication<\/a><\/p>\n<p>Photo :\u00a0Pixabay:\u00a0<a href=\"https:\/\/pixabay.com\/de\/photos\/frauen-arbeitskr%c3%a4fte-n%c3%a4hen-fabrik-5973744\/\">https:\/\/pixabay.com\/de\/photos\/frauen-arbeitskr%c3%a4fte-n%c3%a4hen-fabrik-5973744\/<\/a><\/p>\n<\/div>\n<\/div>\n<\/div>\n<\/div>\n<\/div>\n<\/div>","protected":false},"excerpt":{"rendered":"<h2>S\u00e9rie de votes du Sud sur la politique commerciale de l'UE<\/h2>\n<p>Les quatre fiches de deux pages au format DIN-A4 expliquent chacune de mani\u00e8re succincte l'instrument commercial respectif et sa perception par les acteurs des pays du Sud global. Des repr\u00e9sentants des gouvernements, des entreprises, des syndicats et des mouvements sociaux des pays du Sud prennent la parole. De plus, les fiches sont assouplies avec des images et des graphiques. Ils conviennent \u00e0 une utilisation dans diff\u00e9rents formats de travail \u00e9ducatif en mati\u00e8re de politique de d\u00e9veloppement, tels que des ateliers ou des s\u00e9minaires, et comme mat\u00e9riel pour des \u00e9v\u00e9nements et des tables d'information.<\/p>\n<p><strong>Pour les autres fiches, cliquez ici:<\/strong><br \/>\n<a href=\"https:\/\/power-shift.de\/fr\/produit\/steckbrief-entwaldungsverordnung\/\">R\u00e8glement sur la d\u00e9forestation<\/a><br \/>\n<a href=\"https:\/\/power-shift.de\/fr\/produit\/steckbrief-zwangsarbeitsverordnung\/\">R\u00e8glement sur le travail forc\u00e9<\/a><br \/>\n<a href=\"https:\/\/power-shift.de\/fr\/produit\/co2-grenzausgleich-pdf\/\">\u00c9quilibrage carbone aux fronti\u00e8res<\/a><\/p>","protected":false},"featured_media":98477,"template":"","meta":{"_acf_changed":false},"thema":[15,18],"product_brand":[],"product_cat":[196],"product_tag":[],"class_list":{"0":"post-98475","1":"product","2":"type-product","3":"status-publish","4":"has-post-thumbnail","6":"thema-handelspolitik","7":"thema-rohstoffpolitik","8":"product_cat-steckbrief","9":"entry","10":"has-media","12":"first","13":"instock","14":"shipping-taxable","15":"purchasable","16":"product-type-simple"},"acf":[],"_links":{"self":[{"href":"https:\/\/power-shift.de\/fr\/wp-json\/wp\/v2\/product\/98475","targetHints":{"allow":["GET"]}}],"collection":[{"href":"https:\/\/power-shift.de\/fr\/wp-json\/wp\/v2\/product"}],"about":[{"href":"https:\/\/power-shift.de\/fr\/wp-json\/wp\/v2\/types\/product"}],"wp:featuredmedia":[{"embeddable":true,"href":"https:\/\/power-shift.de\/fr\/wp-json\/wp\/v2\/media\/98477"}],"wp:attachment":[{"href":"https:\/\/power-shift.de\/fr\/wp-json\/wp\/v2\/media?parent=98475"}],"wp:term":[{"taxonomy":"thema","embeddable":true,"href":"https:\/\/power-shift.de\/fr\/wp-json\/wp\/v2\/thema?post=98475"},{"taxonomy":"product_brand","embeddable":true,"href":"https:\/\/power-shift.de\/fr\/wp-json\/wp\/v2\/product_brand?post=98475"},{"taxonomy":"product_cat","embeddable":true,"href":"https:\/\/power-shift.de\/fr\/wp-json\/wp\/v2\/product_cat?post=98475"},{"taxonomy":"product_tag","embeddable":true,"href":"https:\/\/power-shift.de\/fr\/wp-json\/wp\/v2\/product_tag?post=98475"}],"curies":[{"name":"wp","href":"https:\/\/api.w.org\/{rel}","templated":true}]}}