{"id":98386,"date":"2026-01-06T11:17:57","date_gmt":"2026-01-06T10:17:57","guid":{"rendered":"https:\/\/power-shift.de\/?post_type=product&#038;p=98386"},"modified":"2026-01-06T11:17:58","modified_gmt":"2026-01-06T10:17:58","slug":"erzabbau-im-amazonas","status":"publish","type":"product","link":"https:\/\/power-shift.de\/fr\/produit\/erzabbau-im-amazonas\/","title":{"rendered":"Mines au Br\u00e9sil: Minerai recherch\u00e9 \u2013 Amazonie perdue"},"content":{"rendered":"<p><a class=\"button\" href=\"https:\/\/power-shift.de\/fr\/bergbau-brasilien-erz-gesucht-amazonas-verloren\/\">Vers la publication<\/a><\/p>\n<p>Le document d'information montre comment l'extraction de minerais m\u00e9talliques tels que l'aluminium, le fer ou le cuivre en Amazonie br\u00e9silienne d\u00e9truit les for\u00eats, pollue les rivi\u00e8res et menace les habitats et les droits des communaut\u00e9s autochtones et traditionnelles. L'accent est mis non seulement sur l'extraction elle-m\u00eame, mais aussi sur l'infrastructure de traitement et d'exportation, ce qui entra\u00eene des interventions suppl\u00e9mentaires dans les \u00e9cosyst\u00e8mes sensibles.<\/p>","protected":false},"excerpt":{"rendered":"<p>Zur Publikation Das Hintergrundpapier zeigt, wie der Abbau von Metallerzen wie Aluminium, Eisen oder Kupfer im brasilianischen Amazonasgebiet W\u00e4lder zerst\u00f6rt, Fl\u00fcsse verschmutzt und Lebensr\u00e4ume sowie Rechte indigener und traditioneller Gemeinschaften bedroht. Im Fokus steht nicht nur der Abbau selbst, sondern auch die Infrastruktur f\u00fcr Verarbeitung und Export, die zus\u00e4tzliche Eingriffe in sensible \u00d6kosysteme verursacht.<\/p>","protected":false},"featured_media":97726,"template":"","meta":{"_acf_changed":false},"thema":[18],"product_brand":[],"product_cat":[185],"product_tag":[107,113,174,181],"class_list":{"0":"post-98386","1":"product","2":"type-product","3":"status-publish","4":"has-post-thumbnail","6":"thema-rohstoffpolitik","7":"product_cat-sonstiges","8":"product_tag-menschenrechte","9":"product_tag-rohstoffe","10":"product_tag-rohstoffpolitik","11":"product_tag-rohstoffwende","12":"entry","13":"has-media","15":"first","16":"instock","17":"shipping-taxable","18":"purchasable","19":"product-type-simple"},"acf":[],"_links":{"self":[{"href":"https:\/\/power-shift.de\/fr\/wp-json\/wp\/v2\/product\/98386","targetHints":{"allow":["GET"]}}],"collection":[{"href":"https:\/\/power-shift.de\/fr\/wp-json\/wp\/v2\/product"}],"about":[{"href":"https:\/\/power-shift.de\/fr\/wp-json\/wp\/v2\/types\/product"}],"wp:featuredmedia":[{"embeddable":true,"href":"https:\/\/power-shift.de\/fr\/wp-json\/wp\/v2\/media\/97726"}],"wp:attachment":[{"href":"https:\/\/power-shift.de\/fr\/wp-json\/wp\/v2\/media?parent=98386"}],"wp:term":[{"taxonomy":"thema","embeddable":true,"href":"https:\/\/power-shift.de\/fr\/wp-json\/wp\/v2\/thema?post=98386"},{"taxonomy":"product_brand","embeddable":true,"href":"https:\/\/power-shift.de\/fr\/wp-json\/wp\/v2\/product_brand?post=98386"},{"taxonomy":"product_cat","embeddable":true,"href":"https:\/\/power-shift.de\/fr\/wp-json\/wp\/v2\/product_cat?post=98386"},{"taxonomy":"product_tag","embeddable":true,"href":"https:\/\/power-shift.de\/fr\/wp-json\/wp\/v2\/product_tag?post=98386"}],"curies":[{"name":"wp","href":"https:\/\/api.w.org\/{rel}","templated":true}]}}