{"id":97698,"date":"2025-11-18T13:01:31","date_gmt":"2025-11-18T12:01:31","guid":{"rendered":"https:\/\/power-shift.de\/?post_type=product&#038;p=97698"},"modified":"2025-12-08T12:42:30","modified_gmt":"2025-12-08T11:42:30","slug":"infoposter-eu-mercosur-handelsabkommen","status":"publish","type":"product","link":"https:\/\/power-shift.de\/fr\/produit\/infoposter-eu-mercosur-handelsabkommen\/","title":{"rendered":"Poster d'information: UE-Mercosur Qui trouve le scandale?"},"content":{"rendered":"<p><a class=\"button\" href=\"https:\/\/power-shift.de\/fr\/infoposter-eu-mercosur-wer-findet-den-skandal\/\">Vers la publication<\/a><\/p>","protected":false},"excerpt":{"rendered":"<div class=\"vcex-post-content wpex-my-30\">\n<div class=\"vcex-post-content-c wpex-clr\">\n<div class=\"wpb-content-wrapper\">\n<div class=\"vc_row wpb_row vc_row-fluid wpex-relative\">\n<div class=\"wpb_column vc_column_container vc_col-sm-12\">\n<div class=\"vc_column-inner\">\n<div class=\"wpb_wrapper\">\n<div class=\"wpb_text_column wpb_content_element\">\n<div class=\"wpb_wrapper\">\n<p>L'accord UE-Mercosur est un accord commercial controvers\u00e9. Les dangers que cela repr\u00e9sente de part et d'autre de l'Atlantique pour les agriculteurs, les consommateurs, les travailleurs, la nature et notre climat sont repr\u00e9sent\u00e9s dans cet objet cach\u00e9. Cette affiche au format A1 repr\u00e9sente, comme dans une loupe, les scandales entourant l'accord commercial entre l'UE et les pays sud-am\u00e9ricains du Mercosur.<\/p>\n<p>L'affiche a \u00e9t\u00e9 d\u00e9velopp\u00e9e et imprim\u00e9e par <a href=\"https:\/\/anders-handeln.at\/\">Agir diff\u00e9remment Autriche<\/a> et <a href=\"https:\/\/www.attac.at\/\">ATTAC Autriche<\/a>. PowerShift est co-\u00e9diteur.<\/p>\n<p>Exp\u00e9dition uniquement en Allemagne.<br \/>\nPour l'Autriche s'il vous pla\u00eet <a href=\"mailto:infos@attac.at\">infos@attac.at<\/a> ou <a href=\"mailto:info@anders-handeln.at\">info@anders-handeln.at<\/a> contacter.<\/p>\n<\/div>\n<\/div>\n<\/div>\n<\/div>\n<\/div>\n<\/div>\n<\/div>\n<\/div>\n<\/div>","protected":false},"featured_media":97693,"template":"","meta":{"_acf_changed":false},"thema":[],"product_brand":[],"product_cat":[109],"product_tag":[114,162,107,115],"class_list":{"0":"post-97698","1":"product","2":"type-product","3":"status-publish","4":"has-post-thumbnail","6":"product_cat-infoposter","7":"product_tag-handelspolitik","8":"product_tag-klimagerechtigkeit","9":"product_tag-menschenrechte","10":"product_tag-umwelt","11":"entry","12":"has-media","14":"first","15":"instock","16":"shipping-taxable","17":"purchasable","18":"product-type-simple"},"acf":[],"_links":{"self":[{"href":"https:\/\/power-shift.de\/fr\/wp-json\/wp\/v2\/product\/97698","targetHints":{"allow":["GET"]}}],"collection":[{"href":"https:\/\/power-shift.de\/fr\/wp-json\/wp\/v2\/product"}],"about":[{"href":"https:\/\/power-shift.de\/fr\/wp-json\/wp\/v2\/types\/product"}],"wp:featuredmedia":[{"embeddable":true,"href":"https:\/\/power-shift.de\/fr\/wp-json\/wp\/v2\/media\/97693"}],"wp:attachment":[{"href":"https:\/\/power-shift.de\/fr\/wp-json\/wp\/v2\/media?parent=97698"}],"wp:term":[{"taxonomy":"thema","embeddable":true,"href":"https:\/\/power-shift.de\/fr\/wp-json\/wp\/v2\/thema?post=97698"},{"taxonomy":"product_brand","embeddable":true,"href":"https:\/\/power-shift.de\/fr\/wp-json\/wp\/v2\/product_brand?post=97698"},{"taxonomy":"product_cat","embeddable":true,"href":"https:\/\/power-shift.de\/fr\/wp-json\/wp\/v2\/product_cat?post=97698"},{"taxonomy":"product_tag","embeddable":true,"href":"https:\/\/power-shift.de\/fr\/wp-json\/wp\/v2\/product_tag?post=97698"}],"curies":[{"name":"wp","href":"https:\/\/api.w.org\/{rel}","templated":true}]}}