{"id":90725,"date":"2024-09-24T11:56:21","date_gmt":"2024-09-24T09:56:21","guid":{"rendered":"https:\/\/power-shift.de\/?post_type=product&#038;p=90725"},"modified":"2025-09-15T16:32:04","modified_gmt":"2025-09-15T14:32:04","slug":"metallverbrauch-rohstoffwende","status":"publish","type":"product","link":"https:\/\/power-shift.de\/fr\/produit\/metallverbrauch-rohstoffwende\/","title":{"rendered":"R\u00e9duire la consommation de m\u00e9tal: Propositions pratiques pour fa\u00e7onner la transition des mati\u00e8res premi\u00e8res"},"content":{"rendered":"<p><a class=\"button\" href=\"https:\/\/power-shift.de\/fr\/vorschlaege-zur-gestaltung-der-rohstoffwende\/\">Vers la publication<\/a><\/p>","protected":false},"excerpt":{"rendered":"<p>Vers la publication<\/p>","protected":false},"featured_media":88927,"template":"","meta":{"_acf_changed":false},"thema":[18],"product_brand":[],"product_cat":[185],"product_tag":[],"class_list":{"0":"post-90725","1":"product","2":"type-product","3":"status-publish","4":"has-post-thumbnail","6":"thema-rohstoffpolitik","7":"product_cat-sonstiges","8":"entry","9":"has-media","11":"first","12":"instock","13":"shipping-taxable","14":"purchasable","15":"product-type-simple"},"acf":[],"_links":{"self":[{"href":"https:\/\/power-shift.de\/fr\/wp-json\/wp\/v2\/product\/90725","targetHints":{"allow":["GET"]}}],"collection":[{"href":"https:\/\/power-shift.de\/fr\/wp-json\/wp\/v2\/product"}],"about":[{"href":"https:\/\/power-shift.de\/fr\/wp-json\/wp\/v2\/types\/product"}],"wp:featuredmedia":[{"embeddable":true,"href":"https:\/\/power-shift.de\/fr\/wp-json\/wp\/v2\/media\/88927"}],"wp:attachment":[{"href":"https:\/\/power-shift.de\/fr\/wp-json\/wp\/v2\/media?parent=90725"}],"wp:term":[{"taxonomy":"thema","embeddable":true,"href":"https:\/\/power-shift.de\/fr\/wp-json\/wp\/v2\/thema?post=90725"},{"taxonomy":"product_brand","embeddable":true,"href":"https:\/\/power-shift.de\/fr\/wp-json\/wp\/v2\/product_brand?post=90725"},{"taxonomy":"product_cat","embeddable":true,"href":"https:\/\/power-shift.de\/fr\/wp-json\/wp\/v2\/product_cat?post=90725"},{"taxonomy":"product_tag","embeddable":true,"href":"https:\/\/power-shift.de\/fr\/wp-json\/wp\/v2\/product_tag?post=90725"}],"curies":[{"name":"wp","href":"https:\/\/api.w.org\/{rel}","templated":true}]}}