{"id":87303,"date":"2023-12-12T23:19:58","date_gmt":"2023-12-12T22:19:58","guid":{"rendered":"https:\/\/power-shift.de\/?post_type=product&#038;p=87303"},"modified":"2025-09-11T16:11:43","modified_gmt":"2025-09-11T14:11:43","slug":"neuer-rohstoffboom-in-lateinamerika","status":"publish","type":"product","link":"https:\/\/power-shift.de\/fr\/produit\/neuer-rohstoffboom-in-lateinamerika\/","title":{"rendered":"Nouveau boom des mati\u00e8res premi\u00e8res en Am\u00e9rique latine en temps de guerre et de crise climatique"},"content":{"rendered":"<p><a class=\"button\" href=\"https:\/\/power-shift.de\/fr\/neuer-rohstoffboom-in-lateinamerika\/\">Vers la publication<\/a><\/p>","protected":false},"excerpt":{"rendered":"<p>Vers la publication<\/p>","protected":false},"featured_media":87279,"template":"","meta":{"_acf_changed":false},"thema":[16,18],"product_brand":[],"product_cat":[177],"product_tag":[],"class_list":{"0":"post-87303","1":"product","2":"type-product","3":"status-publish","4":"has-post-thumbnail","6":"thema-klimapolitik","7":"thema-rohstoffpolitik","8":"product_cat-studie","9":"entry","10":"has-media","12":"first","13":"instock","14":"shipping-taxable","15":"purchasable","16":"product-type-simple"},"acf":[],"_links":{"self":[{"href":"https:\/\/power-shift.de\/fr\/wp-json\/wp\/v2\/product\/87303","targetHints":{"allow":["GET"]}}],"collection":[{"href":"https:\/\/power-shift.de\/fr\/wp-json\/wp\/v2\/product"}],"about":[{"href":"https:\/\/power-shift.de\/fr\/wp-json\/wp\/v2\/types\/product"}],"wp:featuredmedia":[{"embeddable":true,"href":"https:\/\/power-shift.de\/fr\/wp-json\/wp\/v2\/media\/87279"}],"wp:attachment":[{"href":"https:\/\/power-shift.de\/fr\/wp-json\/wp\/v2\/media?parent=87303"}],"wp:term":[{"taxonomy":"thema","embeddable":true,"href":"https:\/\/power-shift.de\/fr\/wp-json\/wp\/v2\/thema?post=87303"},{"taxonomy":"product_brand","embeddable":true,"href":"https:\/\/power-shift.de\/fr\/wp-json\/wp\/v2\/product_brand?post=87303"},{"taxonomy":"product_cat","embeddable":true,"href":"https:\/\/power-shift.de\/fr\/wp-json\/wp\/v2\/product_cat?post=87303"},{"taxonomy":"product_tag","embeddable":true,"href":"https:\/\/power-shift.de\/fr\/wp-json\/wp\/v2\/product_tag?post=87303"}],"curies":[{"name":"wp","href":"https:\/\/api.w.org\/{rel}","templated":true}]}}