{"id":87161,"date":"2023-12-01T05:12:35","date_gmt":"2023-12-01T04:12:35","guid":{"rendered":"https:\/\/power-shift.de\/?post_type=product&#038;p=87161"},"modified":"2025-09-11T15:51:50","modified_gmt":"2025-09-11T13:51:50","slug":"global-gerechte-gruene-transformation","status":"publish","type":"product","link":"https:\/\/power-shift.de\/fr\/produit\/global-gerechte-gruene-transformation\/","title":{"rendered":"Guide de voyage: Une transformation \u00e9cologique \u00e9quitable \u00e0 l'\u00e9chelle mondiale?"},"content":{"rendered":"<p><a class=\"button\" href=\"https:\/\/power-shift.de\/fr\/global-gerechte-gruene-transformation\/\">Vers la publication<\/a><\/p>","protected":false},"excerpt":{"rendered":"<p>Le r\u00f4le des accords commerciaux dans la s\u00e9curit\u00e9 des mati\u00e8res premi\u00e8res en Europe<\/p>","protected":false},"featured_media":87152,"template":"","meta":{"_acf_changed":false},"thema":[15,18],"product_brand":[],"product_cat":[400],"product_tag":[],"class_list":{"0":"post-87161","1":"product","2":"type-product","3":"status-publish","4":"has-post-thumbnail","6":"thema-handelspolitik","7":"thema-rohstoffpolitik","8":"product_cat-reisefuehrer","9":"entry","10":"has-media","12":"first","13":"instock","14":"shipping-taxable","15":"purchasable","16":"product-type-simple"},"acf":[],"_links":{"self":[{"href":"https:\/\/power-shift.de\/fr\/wp-json\/wp\/v2\/product\/87161","targetHints":{"allow":["GET"]}}],"collection":[{"href":"https:\/\/power-shift.de\/fr\/wp-json\/wp\/v2\/product"}],"about":[{"href":"https:\/\/power-shift.de\/fr\/wp-json\/wp\/v2\/types\/product"}],"wp:featuredmedia":[{"embeddable":true,"href":"https:\/\/power-shift.de\/fr\/wp-json\/wp\/v2\/media\/87152"}],"wp:attachment":[{"href":"https:\/\/power-shift.de\/fr\/wp-json\/wp\/v2\/media?parent=87161"}],"wp:term":[{"taxonomy":"thema","embeddable":true,"href":"https:\/\/power-shift.de\/fr\/wp-json\/wp\/v2\/thema?post=87161"},{"taxonomy":"product_brand","embeddable":true,"href":"https:\/\/power-shift.de\/fr\/wp-json\/wp\/v2\/product_brand?post=87161"},{"taxonomy":"product_cat","embeddable":true,"href":"https:\/\/power-shift.de\/fr\/wp-json\/wp\/v2\/product_cat?post=87161"},{"taxonomy":"product_tag","embeddable":true,"href":"https:\/\/power-shift.de\/fr\/wp-json\/wp\/v2\/product_tag?post=87161"}],"curies":[{"name":"wp","href":"https:\/\/api.w.org\/{rel}","templated":true}]}}