{"id":84776,"date":"2023-05-30T17:54:05","date_gmt":"2023-05-30T15:54:05","guid":{"rendered":"https:\/\/power-shift.de\/?post_type=product&#038;p=84776"},"modified":"2025-09-11T15:55:28","modified_gmt":"2025-09-11T13:55:28","slug":"aktionskit-handelsabkommen-eu-mercosur-l","status":"publish","type":"product","link":"https:\/\/power-shift.de\/fr\/produit\/aktionskit-handelsabkommen-eu-mercosur-l\/","title":{"rendered":"Kit d'action Accord commercial UE-Mercosur L"},"content":{"rendered":"<div id=\"pl-84776\" class=\"panel-layout\">\n<div id=\"pg-84776-0\" class=\"panel-grid panel-no-style\">\n<div id=\"pgc-84776-0-0\" class=\"panel-grid-cell\" data-weight=\"1\">\n<div id=\"panel-84776-0-0-0\" class=\"so-panel widget widget_mo-button panel-first-child panel-last-child\" data-index=\"0\" data-style=\"{&quot;background_image_attachment&quot;:false,&quot;background_display&quot;:&quot;tile&quot;,&quot;background_image_size&quot;:&quot;full&quot;,&quot;border_thickness&quot;:&quot;1px&quot;}\">[siteorigin_widget class=\u201cMO_Button_Widget\u201d]<input type=\"hidden\" value=\"{&quot;instance&quot;:{&quot;widget_title&quot;:&quot;&quot;,&quot;id&quot;:&quot;&quot;,&quot;style&quot;:&quot;&quot;,&quot;class&quot;:&quot;&quot;,&quot;color&quot;:&quot;default&quot;,&quot;custom_color&quot;:false,&quot;size&quot;:&quot;large&quot;,&quot;href&quot;:&quot;https:\\\/\\\/power-shift.de\\\/termin\\\/aktionspaket-postkartenaktion-handelsabkommen-lateinamerika\\\/&quot;,&quot;align&quot;:&quot;center&quot;,&quot;target&quot;:true,&quot;text&quot;:&quot;Zur Aktion&quot;,&quot;_sow_form_id&quot;:&quot;92836205964761be7e2265658189564&quot;,&quot;_sow_form_timestamp&quot;:&quot;1685462003542&quot;,&quot;so_sidebar_emulator_id&quot;:&quot;mo-button-8477610000&quot;,&quot;option_name&quot;:&quot;widget_mo-button&quot;},&quot;args&quot;:{&quot;before_widget&quot;:&quot;&lt;div id=\\&quot;panel-84776-0-0-0\\&quot; class=\\&quot;so-panel widget widget_mo-button panel-first-child panel-last-child\\&quot; data-index=\\&quot;0\\&quot; data-style=\\&quot;{&amp;quot;background_image_attachment&amp;quot;:false,&amp;quot;background_display&amp;quot;:&amp;quot;tile&amp;quot;,&amp;quot;background_image_size&amp;quot;:&amp;quot;full&amp;quot;,&amp;quot;border_thickness&amp;quot;:&amp;quot;1px&amp;quot;}\\&quot; &gt;&quot;,&quot;after_widget&quot;:&quot;&lt;\\\/div&gt;&quot;,&quot;before_title&quot;:&quot;&lt;h3 class=\\&quot;widget-title\\&quot;&gt;&quot;,&quot;after_title&quot;:&quot;&lt;\\\/h3&gt;&quot;,&quot;widget_id&quot;:&quot;widget-0-0-0&quot;}}\" \/>[\/siteorigin_widget]<\/div>\n<\/div>\n<\/div>\n<\/div>","protected":false},"excerpt":{"rendered":"<p>Paquet L: 1 banni\u00e8re, 1 mod\u00e8le de pulv\u00e9risation #StopEUMercosur, 200 d\u00e9pliants \u00ab7 raisons contre l\u2019accord UE-Mercosur\u00bb, 200 autocollants, 50 leporellos de Greenpeace \u00abTrait\u00e9 UE-Mercosur sur les poisons, 50 guides touristiques \u00abEU-Mercosur \u2013 Aller de l\u2019avant dans la crise climatique\u00bb\/\u00abEU-Mercosur \u2013 un accord toxique\u00bb, 50 mythbusters sur l\u2019accord UE-Mercosur, 2 affiches sur le trait\u00e9 UE-Mercosur sur les poisons, mat\u00e9riel d\u2019orientation \u00c9tude \u00abRisques pour le climat et les droits de l\u2019homme\u00bb + \u00abLa transition vers la mobilit\u00e9 ralentie\u00bb. L\u2019accord UE-Mercosur et l\u2019industrie automobile\u00bb<br \/>\nLa composition des mat\u00e9riaux peut varier en fonction de la disponibilit\u00e9.<\/p>","protected":false},"featured_media":84757,"template":"","meta":{"_acf_changed":false},"thema":[15],"product_brand":[],"product_cat":[401],"product_tag":[],"class_list":{"0":"post-84776","1":"product","2":"type-product","3":"status-publish","4":"has-post-thumbnail","6":"thema-handelspolitik","7":"product_cat-aktionskit","8":"entry","9":"has-media","11":"first","12":"instock","13":"shipping-taxable","14":"purchasable","15":"product-type-simple"},"acf":[],"_links":{"self":[{"href":"https:\/\/power-shift.de\/fr\/wp-json\/wp\/v2\/product\/84776","targetHints":{"allow":["GET"]}}],"collection":[{"href":"https:\/\/power-shift.de\/fr\/wp-json\/wp\/v2\/product"}],"about":[{"href":"https:\/\/power-shift.de\/fr\/wp-json\/wp\/v2\/types\/product"}],"wp:featuredmedia":[{"embeddable":true,"href":"https:\/\/power-shift.de\/fr\/wp-json\/wp\/v2\/media\/84757"}],"wp:attachment":[{"href":"https:\/\/power-shift.de\/fr\/wp-json\/wp\/v2\/media?parent=84776"}],"wp:term":[{"taxonomy":"thema","embeddable":true,"href":"https:\/\/power-shift.de\/fr\/wp-json\/wp\/v2\/thema?post=84776"},{"taxonomy":"product_brand","embeddable":true,"href":"https:\/\/power-shift.de\/fr\/wp-json\/wp\/v2\/product_brand?post=84776"},{"taxonomy":"product_cat","embeddable":true,"href":"https:\/\/power-shift.de\/fr\/wp-json\/wp\/v2\/product_cat?post=84776"},{"taxonomy":"product_tag","embeddable":true,"href":"https:\/\/power-shift.de\/fr\/wp-json\/wp\/v2\/product_tag?post=84776"}],"curies":[{"name":"wp","href":"https:\/\/api.w.org\/{rel}","templated":true}]}}