{"id":82973,"date":"2023-02-28T10:00:43","date_gmt":"2023-02-28T09:00:43","guid":{"rendered":"https:\/\/power-shift.de\/?post_type=product&#038;p=82973"},"modified":"2025-12-08T12:20:57","modified_gmt":"2025-12-08T11:20:57","slug":"infoposter-for-export-only","status":"publish","type":"product","link":"https:\/\/power-shift.de\/fr\/produit\/infoposter-for-export-only\/","title":{"rendered":"Poster d'information: Accords commerciaux de l'UE et agriculture \u00e0 petite \u00e9chelle en Am\u00e9rique latine"},"content":{"rendered":"<p><a class=\"button\" href=\"https:\/\/power-shift.de\/fr\/infoposter-for-export-only\/\">Vers la publication<\/a><\/p>","protected":false},"excerpt":{"rendered":"<p>Pour l'exportation uniquement: Comment les accords commerciaux de l\u2019UE affectent l\u2019agriculture et l\u2019alimentation locales au Chili, au Mexique et au Mercosur<\/p>\n<p>Affiche contenant des informations sur les \u00e9changes agricoles de l\u2019UE avec le Mexique, le Chili et le Mercosur, ainsi que sur les cons\u00e9quences attendues des accords commerciaux envisag\u00e9s. Taille DIN A2 (pli\u00e9e DIN A5).<\/p>","protected":false},"featured_media":82975,"template":"","meta":{"_acf_changed":false},"thema":[15],"product_brand":[],"product_cat":[109],"product_tag":[],"class_list":{"0":"post-82973","1":"product","2":"type-product","3":"status-publish","4":"has-post-thumbnail","6":"thema-handelspolitik","7":"product_cat-infoposter","8":"entry","9":"has-media","11":"first","12":"outofstock","13":"shipping-taxable","14":"purchasable","15":"product-type-simple"},"acf":[],"_links":{"self":[{"href":"https:\/\/power-shift.de\/fr\/wp-json\/wp\/v2\/product\/82973","targetHints":{"allow":["GET"]}}],"collection":[{"href":"https:\/\/power-shift.de\/fr\/wp-json\/wp\/v2\/product"}],"about":[{"href":"https:\/\/power-shift.de\/fr\/wp-json\/wp\/v2\/types\/product"}],"wp:featuredmedia":[{"embeddable":true,"href":"https:\/\/power-shift.de\/fr\/wp-json\/wp\/v2\/media\/82975"}],"wp:attachment":[{"href":"https:\/\/power-shift.de\/fr\/wp-json\/wp\/v2\/media?parent=82973"}],"wp:term":[{"taxonomy":"thema","embeddable":true,"href":"https:\/\/power-shift.de\/fr\/wp-json\/wp\/v2\/thema?post=82973"},{"taxonomy":"product_brand","embeddable":true,"href":"https:\/\/power-shift.de\/fr\/wp-json\/wp\/v2\/product_brand?post=82973"},{"taxonomy":"product_cat","embeddable":true,"href":"https:\/\/power-shift.de\/fr\/wp-json\/wp\/v2\/product_cat?post=82973"},{"taxonomy":"product_tag","embeddable":true,"href":"https:\/\/power-shift.de\/fr\/wp-json\/wp\/v2\/product_tag?post=82973"}],"curies":[{"name":"wp","href":"https:\/\/api.w.org\/{rel}","templated":true}]}}