{"id":80584,"date":"2022-09-13T11:24:03","date_gmt":"2022-09-13T09:24:03","guid":{"rendered":"https:\/\/power-shift.de\/?post_type=product&#038;p=80584"},"modified":"2025-09-11T15:57:51","modified_gmt":"2025-09-11T13:57:51","slug":"10-dinge-die-du-ueber-ceta-wissen-solltest","status":"publish","type":"product","link":"https:\/\/power-shift.de\/fr\/produit\/10-dinge-die-du-ueber-ceta-wissen-solltest\/","title":{"rendered":"10 choses \u00e0 savoir sur le CETA"},"content":{"rendered":"<p><a class=\"button\" href=\"https:\/\/power-shift.de\/fr\/10-dinge-die-du-ueber-ceta-wissen-solltest\/\">Vers la publication<\/a><\/p>","protected":false},"excerpt":{"rendered":"<h4>Dix des principaux points de l'accord \u00e9conomique et commercial global UE-Canada r\u00e9sum\u00e9s de mani\u00e8re claire, concise et concise<\/h4>","protected":false},"featured_media":80800,"template":"","meta":{"_acf_changed":false},"thema":[15],"product_brand":[],"product_cat":[116],"product_tag":[],"class_list":{"0":"post-80584","1":"product","2":"type-product","3":"status-publish","4":"has-post-thumbnail","6":"thema-handelspolitik","7":"product_cat-flyer","8":"entry","9":"has-media","11":"first","12":"instock","13":"shipping-taxable","14":"purchasable","15":"product-type-simple"},"acf":[],"_links":{"self":[{"href":"https:\/\/power-shift.de\/fr\/wp-json\/wp\/v2\/product\/80584","targetHints":{"allow":["GET"]}}],"collection":[{"href":"https:\/\/power-shift.de\/fr\/wp-json\/wp\/v2\/product"}],"about":[{"href":"https:\/\/power-shift.de\/fr\/wp-json\/wp\/v2\/types\/product"}],"wp:featuredmedia":[{"embeddable":true,"href":"https:\/\/power-shift.de\/fr\/wp-json\/wp\/v2\/media\/80800"}],"wp:attachment":[{"href":"https:\/\/power-shift.de\/fr\/wp-json\/wp\/v2\/media?parent=80584"}],"wp:term":[{"taxonomy":"thema","embeddable":true,"href":"https:\/\/power-shift.de\/fr\/wp-json\/wp\/v2\/thema?post=80584"},{"taxonomy":"product_brand","embeddable":true,"href":"https:\/\/power-shift.de\/fr\/wp-json\/wp\/v2\/product_brand?post=80584"},{"taxonomy":"product_cat","embeddable":true,"href":"https:\/\/power-shift.de\/fr\/wp-json\/wp\/v2\/product_cat?post=80584"},{"taxonomy":"product_tag","embeddable":true,"href":"https:\/\/power-shift.de\/fr\/wp-json\/wp\/v2\/product_tag?post=80584"}],"curies":[{"name":"wp","href":"https:\/\/api.w.org\/{rel}","templated":true}]}}