{"id":77950,"date":"2021-11-18T06:15:27","date_gmt":"2021-11-18T05:15:27","guid":{"rendered":"https:\/\/power-shift.de\/?post_type=product&#038;p=77950"},"modified":"2025-09-11T16:00:14","modified_gmt":"2025-09-11T14:00:14","slug":"reisefuehrer-eu-kolumbien-peru-ecuador","status":"publish","type":"product","link":"https:\/\/power-shift.de\/fr\/produit\/reisefuehrer-eu-kolumbien-peru-ecuador\/","title":{"rendered":"Guide de voyage: UE \u2013 Colombie, P\u00e9rou &amp; \u00c9quateur"},"content":{"rendered":"<p><a class=\"button\" href=\"https:\/\/power-shift.de\/fr\/reisefuehrer-eu-kolumbien-peru-ecuador\/\">Vers la publication<\/a><\/p>","protected":false},"excerpt":{"rendered":"<h5>Accro\u00eetre la pauvret\u00e9 ou sortir de la pauvret\u00e9?<\/h5>","protected":false},"featured_media":77779,"template":"","meta":{"_acf_changed":false},"thema":[15],"product_brand":[],"product_cat":[400],"product_tag":[],"class_list":{"0":"post-77950","1":"product","2":"type-product","3":"status-publish","4":"has-post-thumbnail","6":"thema-handelspolitik","7":"product_cat-reisefuehrer","8":"entry","9":"has-media","11":"first","12":"instock","13":"shipping-taxable","14":"purchasable","15":"product-type-simple"},"acf":[],"_links":{"self":[{"href":"https:\/\/power-shift.de\/fr\/wp-json\/wp\/v2\/product\/77950","targetHints":{"allow":["GET"]}}],"collection":[{"href":"https:\/\/power-shift.de\/fr\/wp-json\/wp\/v2\/product"}],"about":[{"href":"https:\/\/power-shift.de\/fr\/wp-json\/wp\/v2\/types\/product"}],"wp:featuredmedia":[{"embeddable":true,"href":"https:\/\/power-shift.de\/fr\/wp-json\/wp\/v2\/media\/77779"}],"wp:attachment":[{"href":"https:\/\/power-shift.de\/fr\/wp-json\/wp\/v2\/media?parent=77950"}],"wp:term":[{"taxonomy":"thema","embeddable":true,"href":"https:\/\/power-shift.de\/fr\/wp-json\/wp\/v2\/thema?post=77950"},{"taxonomy":"product_brand","embeddable":true,"href":"https:\/\/power-shift.de\/fr\/wp-json\/wp\/v2\/product_brand?post=77950"},{"taxonomy":"product_cat","embeddable":true,"href":"https:\/\/power-shift.de\/fr\/wp-json\/wp\/v2\/product_cat?post=77950"},{"taxonomy":"product_tag","embeddable":true,"href":"https:\/\/power-shift.de\/fr\/wp-json\/wp\/v2\/product_tag?post=77950"}],"curies":[{"name":"wp","href":"https:\/\/api.w.org\/{rel}","templated":true}]}}