{"id":77879,"date":"2021-11-16T14:53:25","date_gmt":"2021-11-16T13:53:25","guid":{"rendered":"https:\/\/power-shift.de\/?post_type=product&#038;p=77879"},"modified":"2025-07-29T14:29:44","modified_gmt":"2025-07-29T12:29:44","slug":"veraenderungsurkunde-design-2","status":"publish","type":"product","link":"https:\/\/power-shift.de\/fr\/produit\/veraenderungsurkunde-design-2\/","title":{"rendered":"Acte de modification"},"content":{"rendered":"<p>Les in\u00e9galit\u00e9s mondiales, les catastrophes climatiques, l\u2019exploitation des \u00eatres humains et de la nature sont des probl\u00e8mes majeurs. PowerShift est une association \u00e0 but non lucratif. Nous nous battons depuis 2010 pour une \u00e9conomie mondiale plus juste sur le plan \u00e9cologique et social. Avec un don ou une adh\u00e9sion, vous pouvez \u00e9galement soutenir notre engagement en faveur d'une \u00e9conomie mondiale plus juste. Contribuez \u00e0 ce que nous puissions continuer le combat.<\/p>\n<p>Pour votre don, vous recevrez un document au format PDF \u00e0 imprimer ou \u00e0 envoyer vous-m\u00eame.<\/p>","protected":false},"excerpt":{"rendered":"<p>Les in\u00e9galit\u00e9s mondiales, les catastrophes climatiques, l\u2019exploitation des \u00eatres humains et de la nature sont des probl\u00e8mes majeurs. PowerShift est une association \u00e0 but non lucratif. Nous nous battons depuis 2010 pour une \u00e9conomie mondiale plus juste sur le plan \u00e9cologique et social. Avec un don ou une adh\u00e9sion, vous pouvez \u00e9galement soutenir notre engagement en faveur d'une \u00e9conomie mondiale plus juste. Contribuez \u00e0 ce que nous puissions continuer le combat...<\/p>","protected":false},"featured_media":77873,"template":"","meta":{"_acf_changed":false},"thema":[],"product_brand":[],"product_cat":[197],"product_tag":[],"class_list":{"0":"post-77879","1":"product","2":"type-product","3":"status-publish","4":"has-post-thumbnail","6":"product_cat-urkunde","7":"entry","8":"has-media","10":"first","11":"instock","12":"shipping-taxable","13":"purchasable","14":"product-type-variable"},"acf":[],"_links":{"self":[{"href":"https:\/\/power-shift.de\/fr\/wp-json\/wp\/v2\/product\/77879","targetHints":{"allow":["GET"]}}],"collection":[{"href":"https:\/\/power-shift.de\/fr\/wp-json\/wp\/v2\/product"}],"about":[{"href":"https:\/\/power-shift.de\/fr\/wp-json\/wp\/v2\/types\/product"}],"wp:featuredmedia":[{"embeddable":true,"href":"https:\/\/power-shift.de\/fr\/wp-json\/wp\/v2\/media\/77873"}],"wp:attachment":[{"href":"https:\/\/power-shift.de\/fr\/wp-json\/wp\/v2\/media?parent=77879"}],"wp:term":[{"taxonomy":"thema","embeddable":true,"href":"https:\/\/power-shift.de\/fr\/wp-json\/wp\/v2\/thema?post=77879"},{"taxonomy":"product_brand","embeddable":true,"href":"https:\/\/power-shift.de\/fr\/wp-json\/wp\/v2\/product_brand?post=77879"},{"taxonomy":"product_cat","embeddable":true,"href":"https:\/\/power-shift.de\/fr\/wp-json\/wp\/v2\/product_cat?post=77879"},{"taxonomy":"product_tag","embeddable":true,"href":"https:\/\/power-shift.de\/fr\/wp-json\/wp\/v2\/product_tag?post=77879"}],"curies":[{"name":"wp","href":"https:\/\/api.w.org\/{rel}","templated":true}]}}