{"id":77011,"date":"2021-09-14T09:58:10","date_gmt":"2021-09-14T07:58:10","guid":{"rendered":"https:\/\/power-shift.de\/?post_type=product&#038;p=77011"},"modified":"2025-09-11T16:17:11","modified_gmt":"2025-09-11T14:17:11","slug":"die-vergessenen-batterierohstoffe-bauxit-und-aluminium-staub-in-den-lungen-batterien-in-den-autos","status":"publish","type":"product","link":"https:\/\/power-shift.de\/fr\/produit\/die-vergessenen-batterierohstoffe-bauxit-und-aluminium-staub-in-den-lungen-batterien-in-den-autos\/","title":{"rendered":"Les mati\u00e8res premi\u00e8res de la batterie oubli\u00e9es: Bauxite et aluminium \u2013 poussi\u00e8re dans les poumons, batteries dans les voitures"},"content":{"rendered":"<p><a class=\"button\" href=\"https:\/\/power-shift.de\/fr\/die-vergessenen-batterierohstoffe-bauxit-und-aluminium\/\">Vers la publication<\/a><\/p>","protected":false},"excerpt":{"rendered":"<p>L'aluminium joue un r\u00f4le important dans la production de batteries dans deux domaines: D'une part, en plus de l'acier, la mati\u00e8re premi\u00e8re est r\u00e9guli\u00e8rement utilis\u00e9e dans la fabrication du bo\u00eetier de la batterie. D'autre part, il est utilis\u00e9 comme film de collecteur de cathodes.<\/p>","protected":false},"featured_media":76738,"template":"","meta":{"_acf_changed":false},"thema":[18],"product_brand":[],"product_cat":[196],"product_tag":[],"class_list":{"0":"post-77011","1":"product","2":"type-product","3":"status-publish","4":"has-post-thumbnail","6":"thema-rohstoffpolitik","7":"product_cat-steckbrief","8":"entry","9":"has-media","11":"first","12":"instock","13":"shipping-taxable","14":"purchasable","15":"product-type-simple"},"acf":[],"_links":{"self":[{"href":"https:\/\/power-shift.de\/fr\/wp-json\/wp\/v2\/product\/77011","targetHints":{"allow":["GET"]}}],"collection":[{"href":"https:\/\/power-shift.de\/fr\/wp-json\/wp\/v2\/product"}],"about":[{"href":"https:\/\/power-shift.de\/fr\/wp-json\/wp\/v2\/types\/product"}],"wp:featuredmedia":[{"embeddable":true,"href":"https:\/\/power-shift.de\/fr\/wp-json\/wp\/v2\/media\/76738"}],"wp:attachment":[{"href":"https:\/\/power-shift.de\/fr\/wp-json\/wp\/v2\/media?parent=77011"}],"wp:term":[{"taxonomy":"thema","embeddable":true,"href":"https:\/\/power-shift.de\/fr\/wp-json\/wp\/v2\/thema?post=77011"},{"taxonomy":"product_brand","embeddable":true,"href":"https:\/\/power-shift.de\/fr\/wp-json\/wp\/v2\/product_brand?post=77011"},{"taxonomy":"product_cat","embeddable":true,"href":"https:\/\/power-shift.de\/fr\/wp-json\/wp\/v2\/product_cat?post=77011"},{"taxonomy":"product_tag","embeddable":true,"href":"https:\/\/power-shift.de\/fr\/wp-json\/wp\/v2\/product_tag?post=77011"}],"curies":[{"name":"wp","href":"https:\/\/api.w.org\/{rel}","templated":true}]}}