{"id":75763,"date":"2021-04-28T06:00:09","date_gmt":"2021-04-28T04:00:09","guid":{"rendered":"https:\/\/power-shift.de\/?post_type=product&#038;p=75763"},"modified":"2025-09-11T16:01:44","modified_gmt":"2025-09-11T14:01:44","slug":"reisefuehrer-eu-mexiko-alle-macht-den-investoren","status":"publish","type":"product","link":"https:\/\/power-shift.de\/fr\/produit\/reisefuehrer-eu-mexiko-alle-macht-den-investoren\/","title":{"rendered":"Guide de voyage: UE-Mexique \u2013 Tout le pouvoir...? investisseurs!"},"content":{"rendered":"<p><a class=\"button\" href=\"https:\/\/power-shift.de\/fr\/reisefuehrer-eu-mexiko\/\">Vers la publication<\/a><br \/>\nLe guide est actuellement \u00e9puis\u00e9. S'il vous pla\u00eet utiliser l'option de t\u00e9l\u00e9chargement pdf.<\/p>","protected":false},"excerpt":{"rendered":"<p>Le guide de voyage est actuellement \u00e9puis\u00e9. S'il vous pla\u00eet utiliser l'option de t\u00e9l\u00e9chargement pdf.<\/p>","protected":false},"featured_media":75764,"template":"","meta":{"_acf_changed":false},"thema":[15],"product_brand":[],"product_cat":[400],"product_tag":[],"class_list":{"0":"post-75763","1":"product","2":"type-product","3":"status-publish","4":"has-post-thumbnail","6":"thema-handelspolitik","7":"product_cat-reisefuehrer","8":"entry","9":"has-media","11":"first","12":"outofstock","13":"shipping-taxable","14":"purchasable","15":"product-type-simple"},"acf":[],"_links":{"self":[{"href":"https:\/\/power-shift.de\/fr\/wp-json\/wp\/v2\/product\/75763","targetHints":{"allow":["GET"]}}],"collection":[{"href":"https:\/\/power-shift.de\/fr\/wp-json\/wp\/v2\/product"}],"about":[{"href":"https:\/\/power-shift.de\/fr\/wp-json\/wp\/v2\/types\/product"}],"wp:featuredmedia":[{"embeddable":true,"href":"https:\/\/power-shift.de\/fr\/wp-json\/wp\/v2\/media\/75764"}],"wp:attachment":[{"href":"https:\/\/power-shift.de\/fr\/wp-json\/wp\/v2\/media?parent=75763"}],"wp:term":[{"taxonomy":"thema","embeddable":true,"href":"https:\/\/power-shift.de\/fr\/wp-json\/wp\/v2\/thema?post=75763"},{"taxonomy":"product_brand","embeddable":true,"href":"https:\/\/power-shift.de\/fr\/wp-json\/wp\/v2\/product_brand?post=75763"},{"taxonomy":"product_cat","embeddable":true,"href":"https:\/\/power-shift.de\/fr\/wp-json\/wp\/v2\/product_cat?post=75763"},{"taxonomy":"product_tag","embeddable":true,"href":"https:\/\/power-shift.de\/fr\/wp-json\/wp\/v2\/product_tag?post=75763"}],"curies":[{"name":"wp","href":"https:\/\/api.w.org\/{rel}","templated":true}]}}