{"id":75219,"date":"2021-01-25T14:59:21","date_gmt":"2021-01-25T13:59:21","guid":{"rendered":"https:\/\/power-shift.de\/?post_type=product&#038;p=75219"},"modified":"2025-09-11T16:03:34","modified_gmt":"2025-09-11T14:03:34","slug":"factsheet-global-regional-alles-egal-kopie","status":"publish","type":"product","link":"https:\/\/power-shift.de\/fr\/produit\/factsheet-global-regional-alles-egal-kopie\/","title":{"rendered":"Fiche d\u2019information: Global \u2013 r\u00e9gional \u2013 peu importe? (copie)"},"content":{"rendered":"<p><a class=\"button\" href=\"https:\/\/power-shift.de\/fr\/global-regional-alles-egal\/\"> Vers la publication<\/a><\/p>","protected":false},"excerpt":{"rendered":"<h5>La cha\u00eene de valeur du lait et les r\u00e9flexions sur la r\u00e9gionalisation solidaire<\/h5>","protected":false},"featured_media":75093,"template":"","meta":{"_acf_changed":false},"thema":[15],"product_brand":[],"product_cat":[160],"product_tag":[],"class_list":{"0":"post-75219","1":"product","2":"type-product","3":"status-publish","4":"has-post-thumbnail","6":"thema-handelspolitik","7":"product_cat-factsheet","8":"entry","9":"has-media","11":"first","12":"instock","13":"shipping-taxable","14":"purchasable","15":"product-type-simple"},"acf":[],"_links":{"self":[{"href":"https:\/\/power-shift.de\/fr\/wp-json\/wp\/v2\/product\/75219","targetHints":{"allow":["GET"]}}],"collection":[{"href":"https:\/\/power-shift.de\/fr\/wp-json\/wp\/v2\/product"}],"about":[{"href":"https:\/\/power-shift.de\/fr\/wp-json\/wp\/v2\/types\/product"}],"wp:featuredmedia":[{"embeddable":true,"href":"https:\/\/power-shift.de\/fr\/wp-json\/wp\/v2\/media\/75093"}],"wp:attachment":[{"href":"https:\/\/power-shift.de\/fr\/wp-json\/wp\/v2\/media?parent=75219"}],"wp:term":[{"taxonomy":"thema","embeddable":true,"href":"https:\/\/power-shift.de\/fr\/wp-json\/wp\/v2\/thema?post=75219"},{"taxonomy":"product_brand","embeddable":true,"href":"https:\/\/power-shift.de\/fr\/wp-json\/wp\/v2\/product_brand?post=75219"},{"taxonomy":"product_cat","embeddable":true,"href":"https:\/\/power-shift.de\/fr\/wp-json\/wp\/v2\/product_cat?post=75219"},{"taxonomy":"product_tag","embeddable":true,"href":"https:\/\/power-shift.de\/fr\/wp-json\/wp\/v2\/product_tag?post=75219"}],"curies":[{"name":"wp","href":"https:\/\/api.w.org\/{rel}","templated":true}]}}