{"id":74435,"date":"2020-11-04T10:01:41","date_gmt":"2020-11-04T09:01:41","guid":{"rendered":"https:\/\/power-shift.de\/?post_type=product&#038;p=74435"},"modified":"2025-09-11T16:31:18","modified_gmt":"2025-09-11T14:31:18","slug":"forderungspapier-rohstoffwende-strategie","status":"publish","type":"product","link":"https:\/\/power-shift.de\/fr\/produit\/forderungspapier-rohstoffwende-strategie\/","title":{"rendered":"Document de cr\u00e9ance: Pour une politique des mati\u00e8res premi\u00e8res durable et \u00e9quitable \u00e0 l\u2019\u00e9chelle mondiale \u2013 Pour une strat\u00e9gie de transition des mati\u00e8res premi\u00e8res!"},"content":{"rendered":"<p><a class=\"button\" href=\"https:\/\/power-shift.de\/wp-content\/uploads\/2023\/04\/AK-Rohstoffe-Forderungen-Rohstoffe-131022.pdf\">Vers la publication<\/a><\/p>","protected":false},"excerpt":{"rendered":"<p>Vers la publication<\/p>","protected":false},"featured_media":74413,"template":"","meta":{"_acf_changed":false},"thema":[18],"product_brand":[],"product_cat":[185],"product_tag":[],"class_list":{"0":"post-74435","1":"product","2":"type-product","3":"status-publish","4":"has-post-thumbnail","6":"thema-rohstoffpolitik","7":"product_cat-sonstiges","8":"entry","9":"has-media","11":"first","12":"instock","13":"shipping-taxable","14":"purchasable","15":"product-type-simple"},"acf":[],"_links":{"self":[{"href":"https:\/\/power-shift.de\/fr\/wp-json\/wp\/v2\/product\/74435","targetHints":{"allow":["GET"]}}],"collection":[{"href":"https:\/\/power-shift.de\/fr\/wp-json\/wp\/v2\/product"}],"about":[{"href":"https:\/\/power-shift.de\/fr\/wp-json\/wp\/v2\/types\/product"}],"wp:featuredmedia":[{"embeddable":true,"href":"https:\/\/power-shift.de\/fr\/wp-json\/wp\/v2\/media\/74413"}],"wp:attachment":[{"href":"https:\/\/power-shift.de\/fr\/wp-json\/wp\/v2\/media?parent=74435"}],"wp:term":[{"taxonomy":"thema","embeddable":true,"href":"https:\/\/power-shift.de\/fr\/wp-json\/wp\/v2\/thema?post=74435"},{"taxonomy":"product_brand","embeddable":true,"href":"https:\/\/power-shift.de\/fr\/wp-json\/wp\/v2\/product_brand?post=74435"},{"taxonomy":"product_cat","embeddable":true,"href":"https:\/\/power-shift.de\/fr\/wp-json\/wp\/v2\/product_cat?post=74435"},{"taxonomy":"product_tag","embeddable":true,"href":"https:\/\/power-shift.de\/fr\/wp-json\/wp\/v2\/product_tag?post=74435"}],"curies":[{"name":"wp","href":"https:\/\/api.w.org\/{rel}","templated":true}]}}