{"id":22109,"date":"2019-07-04T12:33:19","date_gmt":"2019-07-04T10:33:19","guid":{"rendered":"https:\/\/power-shift.de\/?post_type=product&#038;p=22109"},"modified":"2025-09-11T16:09:39","modified_gmt":"2025-09-11T14:09:39","slug":"neue-rohstoffkapitel-in-eu-handelsabkommen-2","status":"publish","type":"product","link":"https:\/\/power-shift.de\/fr\/produit\/neue-rohstoffkapitel-in-eu-handelsabkommen-2\/","title":{"rendered":"\u00c9tude: Nouveaux chapitres sur les mati\u00e8res premi\u00e8res dans les accords commerciaux de l'UE..."},"content":{"rendered":"","protected":false},"excerpt":{"rendered":"<h4>Incidence sur l'environnement, les droits de l'homme et le d\u00e9veloppement \u00e9conomique<\/h4>","protected":false},"featured_media":19829,"template":"","meta":{"_acf_changed":false},"thema":[15,18],"product_brand":[],"product_cat":[177],"product_tag":[],"class_list":{"0":"post-22109","1":"product","2":"type-product","3":"status-publish","4":"has-post-thumbnail","6":"thema-handelspolitik","7":"thema-rohstoffpolitik","8":"product_cat-studie","9":"entry","10":"has-media","12":"first","13":"instock","14":"shipping-taxable","15":"purchasable","16":"product-type-simple"},"acf":[],"_links":{"self":[{"href":"https:\/\/power-shift.de\/fr\/wp-json\/wp\/v2\/product\/22109","targetHints":{"allow":["GET"]}}],"collection":[{"href":"https:\/\/power-shift.de\/fr\/wp-json\/wp\/v2\/product"}],"about":[{"href":"https:\/\/power-shift.de\/fr\/wp-json\/wp\/v2\/types\/product"}],"wp:featuredmedia":[{"embeddable":true,"href":"https:\/\/power-shift.de\/fr\/wp-json\/wp\/v2\/media\/19829"}],"wp:attachment":[{"href":"https:\/\/power-shift.de\/fr\/wp-json\/wp\/v2\/media?parent=22109"}],"wp:term":[{"taxonomy":"thema","embeddable":true,"href":"https:\/\/power-shift.de\/fr\/wp-json\/wp\/v2\/thema?post=22109"},{"taxonomy":"product_brand","embeddable":true,"href":"https:\/\/power-shift.de\/fr\/wp-json\/wp\/v2\/product_brand?post=22109"},{"taxonomy":"product_cat","embeddable":true,"href":"https:\/\/power-shift.de\/fr\/wp-json\/wp\/v2\/product_cat?post=22109"},{"taxonomy":"product_tag","embeddable":true,"href":"https:\/\/power-shift.de\/fr\/wp-json\/wp\/v2\/product_tag?post=22109"}],"curies":[{"name":"wp","href":"https:\/\/api.w.org\/{rel}","templated":true}]}}