{"id":21924,"date":"2019-08-15T16:07:53","date_gmt":"2019-08-15T14:07:53","guid":{"rendered":"https:\/\/power-shift.de\/?post_type=product&#038;p=21924"},"modified":"2025-09-11T16:08:41","modified_gmt":"2025-09-11T14:08:41","slug":"umweltschutz-in-den-nachhaltigkeitskapiteln-der-eu","status":"publish","type":"product","link":"https:\/\/power-shift.de\/fr\/produit\/umweltschutz-in-den-nachhaltigkeitskapiteln-der-eu\/","title":{"rendered":"La protection de l'environnement dans les chapitres sur le d\u00e9veloppement durable..."},"content":{"rendered":"","protected":false},"excerpt":{"rendered":"<h4>\u00c9tat d'avancement, efficacit\u00e9 et r\u00e9formes<\/h4>","protected":false},"featured_media":19971,"template":"","meta":{"_acf_changed":false},"thema":[15],"product_brand":[],"product_cat":[177],"product_tag":[],"class_list":{"0":"post-21924","1":"product","2":"type-product","3":"status-publish","4":"has-post-thumbnail","6":"thema-handelspolitik","7":"product_cat-studie","8":"entry","9":"has-media","11":"first","12":"instock","13":"shipping-taxable","14":"purchasable","15":"product-type-simple"},"acf":[],"_links":{"self":[{"href":"https:\/\/power-shift.de\/fr\/wp-json\/wp\/v2\/product\/21924","targetHints":{"allow":["GET"]}}],"collection":[{"href":"https:\/\/power-shift.de\/fr\/wp-json\/wp\/v2\/product"}],"about":[{"href":"https:\/\/power-shift.de\/fr\/wp-json\/wp\/v2\/types\/product"}],"wp:featuredmedia":[{"embeddable":true,"href":"https:\/\/power-shift.de\/fr\/wp-json\/wp\/v2\/media\/19971"}],"wp:attachment":[{"href":"https:\/\/power-shift.de\/fr\/wp-json\/wp\/v2\/media?parent=21924"}],"wp:term":[{"taxonomy":"thema","embeddable":true,"href":"https:\/\/power-shift.de\/fr\/wp-json\/wp\/v2\/thema?post=21924"},{"taxonomy":"product_brand","embeddable":true,"href":"https:\/\/power-shift.de\/fr\/wp-json\/wp\/v2\/product_brand?post=21924"},{"taxonomy":"product_cat","embeddable":true,"href":"https:\/\/power-shift.de\/fr\/wp-json\/wp\/v2\/product_cat?post=21924"},{"taxonomy":"product_tag","embeddable":true,"href":"https:\/\/power-shift.de\/fr\/wp-json\/wp\/v2\/product_tag?post=21924"}],"curies":[{"name":"wp","href":"https:\/\/api.w.org\/{rel}","templated":true}]}}