{"id":21922,"date":"2019-08-29T16:01:19","date_gmt":"2019-08-29T14:01:19","guid":{"rendered":"https:\/\/power-shift.de\/?post_type=product&#038;p=21922"},"modified":"2025-09-11T16:07:54","modified_gmt":"2025-09-11T14:07:54","slug":"kann-handelspolitik-die-umwelt-schuetzen","status":"publish","type":"product","link":"https:\/\/power-shift.de\/fr\/produit\/kann-handelspolitik-die-umwelt-schuetzen\/","title":{"rendered":"La politique commerciale peut-elle prot\u00e9ger l'environnement?"},"content":{"rendered":"","protected":false},"excerpt":{"rendered":"<h4>Les chapitres sur le d\u00e9veloppement durable dans les trait\u00e9s commerciaux de l\u2019UE<\/h4>","protected":false},"featured_media":20233,"template":"","meta":{"_acf_changed":false},"thema":[15],"product_brand":[],"product_cat":[160],"product_tag":[112,114,176,115],"class_list":{"0":"post-21922","1":"product","2":"type-product","3":"status-publish","4":"has-post-thumbnail","6":"thema-handelspolitik","7":"product_cat-factsheet","8":"product_tag-eu","9":"product_tag-handelspolitik","10":"product_tag-nachhaltigkeitskapitel","11":"product_tag-umwelt","12":"entry","13":"has-media","15":"first","16":"instock","17":"shipping-taxable","18":"purchasable","19":"product-type-simple"},"acf":[],"_links":{"self":[{"href":"https:\/\/power-shift.de\/fr\/wp-json\/wp\/v2\/product\/21922","targetHints":{"allow":["GET"]}}],"collection":[{"href":"https:\/\/power-shift.de\/fr\/wp-json\/wp\/v2\/product"}],"about":[{"href":"https:\/\/power-shift.de\/fr\/wp-json\/wp\/v2\/types\/product"}],"wp:featuredmedia":[{"embeddable":true,"href":"https:\/\/power-shift.de\/fr\/wp-json\/wp\/v2\/media\/20233"}],"wp:attachment":[{"href":"https:\/\/power-shift.de\/fr\/wp-json\/wp\/v2\/media?parent=21922"}],"wp:term":[{"taxonomy":"thema","embeddable":true,"href":"https:\/\/power-shift.de\/fr\/wp-json\/wp\/v2\/thema?post=21922"},{"taxonomy":"product_brand","embeddable":true,"href":"https:\/\/power-shift.de\/fr\/wp-json\/wp\/v2\/product_brand?post=21922"},{"taxonomy":"product_cat","embeddable":true,"href":"https:\/\/power-shift.de\/fr\/wp-json\/wp\/v2\/product_cat?post=21922"},{"taxonomy":"product_tag","embeddable":true,"href":"https:\/\/power-shift.de\/fr\/wp-json\/wp\/v2\/product_tag?post=21922"}],"curies":[{"name":"wp","href":"https:\/\/api.w.org\/{rel}","templated":true}]}}