{"id":98688,"date":"2026-02-26T12:19:50","date_gmt":"2026-02-26T11:19:50","guid":{"rendered":"https:\/\/power-shift.de\/?page_id=98688"},"modified":"2026-03-12T11:34:07","modified_gmt":"2026-03-12T10:34:07","slug":"kampagnen","status":"publish","type":"page","link":"https:\/\/power-shift.de\/fr\/kampagnen\/","title":{"rendered":"campagnes"},"content":{"rendered":"<div class=\"wpb-content-wrapper\"><div class=\"vc_row wpb_row vc_row-fluid wpex-relative\"><div class=\"wpb_column vc_column_container vc_col-sm-12\"><div class=\"vc_column-inner\"><div class=\"wpb_wrapper\"><div class=\"vcex-module vcex-icon-box vcex-icon-box-one wpex-flex wpex-text-left ps-banner background-green ps-banner-petition\"><div class=\"vcex-icon-box-symbol vcex-icon-box-symbol--image wpex-flex-shrink-0 wpex-mr-20\"><img width=\"1280\" height=\"800\" src=\"https:\/\/power-shift.de\/wp-content\/uploads\/2025\/12\/PS_106_Banner_Petition_v4.png\" class=\"vcex-icon-box-image wpex-align-middle\" alt=\"\" loading=\"lazy\" decoding=\"async\" srcset=\"https:\/\/power-shift.de\/wp-content\/uploads\/2025\/12\/PS_106_Banner_Petition_v4.png 1280w, https:\/\/power-shift.de\/wp-content\/uploads\/2025\/12\/PS_106_Banner_Petition_v4-300x188.png 300w, https:\/\/power-shift.de\/wp-content\/uploads\/2025\/12\/PS_106_Banner_Petition_v4-1024x640.png 1024w, https:\/\/power-shift.de\/wp-content\/uploads\/2025\/12\/PS_106_Banner_Petition_v4-768x480.png 768w, https:\/\/power-shift.de\/wp-content\/uploads\/2025\/12\/PS_106_Banner_Petition_v4-18x12.png 18w, https:\/\/power-shift.de\/wp-content\/uploads\/2025\/12\/PS_106_Banner_Petition_v4-600x375.png 600w\" sizes=\"auto, (max-width: 1280px) 100vw, 1280px\" \/><\/div><div class=\"vcex-icon-box-text wpex-flex-grow\"><h2 class=\"vcex-icon-box-heading wpex-heading wpex-text-lg wpex-mb-10\">Informez-vous et soutenez nos campagnes <span class=\"wpex-badge\">campagnes<\/span><\/h2><\/div><\/div><\/div><\/div><\/div><\/div><div class=\"vc_row wpb_row vc_row-fluid wpex-relative\"><div class=\"wpb_column vc_column_container vc_col-sm-12\"><div class=\"vc_column-inner\"><div class=\"wpb_wrapper\">\n\t<div class=\"wpb_text_column wpb_content_element\" >\n\t\t<div class=\"wpb_wrapper\">\n\t\t\t<h2>Ce sur quoi nous travaillons actuellement<\/h2>\n<p>Nos campagnes se concentrent sur les interfaces centrales du climat, de l'\u00e9quit\u00e9 mondiale et de la transformation \u00e9conomique. Nous rendons visibles les dysfonctionnements politiques, d\u00e9signons les responsabilit\u00e9s tout au long des cha\u00eenes d'approvisionnement et de cr\u00e9ation de valeur mondiales et montrons des voies concr\u00e8tes vers un avenir socio-\u00e9cologique. En collaboration avec des partenaires de la soci\u00e9t\u00e9 civile, des universitaires et un public engag\u00e9, nous apportons nos revendications dans les processus politiques et augmentons la pression en faveur de normes contraignantes en mati\u00e8re de droits de l'homme, d'environnement et de d\u00e9mocratie.<\/p>\n\n\t\t<\/div>\n\t<\/div>\n<\/div><\/div><\/div><\/div><div class=\"vc_row wpb_row vc_row-fluid wpex-relative\"><div class=\"wpb_column vc_column_container vc_col-sm-12\"><div class=\"vc_column-inner\"><div class=\"wpb_wrapper\"><div id=\"grid-posts\" class=\"wpex-post-cards wpex-post-cards-template_95494 wpex-relative\"  data-vcex-class=\"Wpex_Post_Cards_Shortcode\" data-vcex-atts=\"{&quot;card_style&quot;:&quot;template_95494&quot;,&quot;entry_count&quot;:1,&quot;grid_spacing&quot;:&quot;50&quot;,&quot;pagination&quot;:&quot;numbered_ajax&quot;,&quot;running_count&quot;:7,&quot;terms_in&quot;:&quot;125, 443&quot;,&quot;unique_id&quot;:&quot;grid-posts&quot;,&quot;nonce&quot;:&quot;dd60409890&quot;}\" data-vcex-current-page=\"1\" aria-live=\"polite\" aria-relevant=\"additions removals\" data-vcex-max-pages=\"1\" data-vcex-pagination=\"numbered_ajax\"><div class=\"wpex-post-cards-inner\"><div class=\"wpex-post-cards-loop wpex-post-cards-grid wpex-row wpex-clr gap-50\"><div class=\"wpex-post-cards-entry col col-1 span_1_of_3 post-94212 type-post cat-125 post_tag-373 post_tag-375 post_tag-302 post_tag-277 thema-16 author-425\"><div class=\"wpex-card wpex-card-template_95494 cardstyle-big-post cardstyle-big\"><div class=\"wpex-card-inner\"><div class=\"vc_row wpb_row vc_row-fluid vc_row-o-equal-height vc_row-o-content-top vc_row-flex wpex-relative wpex-vc_row-gap-0\" style=\"background-position:center center!important;background-size:cover!important;\"><div class=\"wpb_column vc_column_container vc_col-sm-12\"><div class=\"vc_column-inner\"><div class=\"wpb_wrapper\">\n\t<div class=\"wpb_raw_code wpb_raw_html wpb_content_element\" >\n\t\t<div class=\"wpb_wrapper\">\n\t\t\t<a href=\"https:\/\/power-shift.de\/fr\/bodengerechtigkeit\/\" class=\"card-link\">Campagne : La justice climatique a besoin d'une r\u00e9partition \u00e9quitable des sols<\/a>\n\t\t<\/div>\n\t<\/div>\n<div class=\"vcex-flex-container vcex-module wpex-flex wpex-gap-20 wpex-aspect-3-2 wpex-overflow-hidden card-image\"><figure class=\"vcex-image vcex-module vcex-fill-column\"><div class=\"vcex-image-inner wpex-relative wpex-inline-block\"><img loading=\"lazy\" class=\"vcex-image-img wpex-align-middle wpex-aspect-3-2 wpex-object-cover wpex-aspect-4-3 wpex-object-cover\" decoding=\"async\" src=\"https:\/\/power-shift.de\/wp-content\/uploads\/2025\/06\/Bodengerechtigkeit-Energiewende-PowerShift-scaled-1-800x600.jpg\" alt=\"Grandes cultures avec \u00e9olienne en arri\u00e8re-plan\" width=\"800\" height=\"600\"><\/div><\/figure><\/div><div class=\"vcex-flex-container vcex-module wpex-flex wpex-gap-20 wpex-items-center wpex-justify-center card-head has-term-background-color\"><div class=\"vcex-post-terms vcex-module\"><span class=\"vcex-post-terms__item vcex-post-terms__item--125\">campagne<\/span><\/div><\/div><style>.vcex-post-terms.vcex_69fb0cfb8e7d9 .vcex-post-terms__item{color:var(--wpex-palette-94250-color);}<\/style><div class=\"vcex-flex-container vcex-module wpex-flex wpex-gap-20 wpex-flex-col card-content vcex-flex-container_69fb0cfb8e32f\"><div class=\"vcex-post-terms vcex-module card-thema vcex_69fb0cfb8e7d9\"><span class=\"vcex-post-terms__item vcex-post-terms__item--16\">Politique \u00e9nerg\u00e9tique<\/span><\/div><div class=\"vcex-page-title vcex-module\"><div class=\"vcex-page-title__heading wpex-heading wpex-text-3xl\"><span class=\"vcex-page-title__text\">La justice climatique a besoin d'une r\u00e9partition \u00e9quitable des sols<\/span><\/div><\/div><\/div><\/div><\/div><\/div><\/div>\r\n<\/div><\/div><\/div><div class=\"wpex-post-cards-entry col col-2 span_1_of_3 post-97920 type-post cat-443 post_tag-9 post_tag-10 post_tag-394 post_tag-426 thema-15 author-58\"><div class=\"wpex-card wpex-card-template_95494 cardstyle-big-post cardstyle-big\"><div class=\"wpex-card-inner\"><div class=\"vc_row wpb_row vc_row-fluid vc_row-o-equal-height vc_row-o-content-top vc_row-flex wpex-relative wpex-vc_row-gap-0\" style=\"background-position:center center!important;background-size:cover!important;\"><div class=\"wpb_column vc_column_container vc_col-sm-12\"><div class=\"vc_column-inner\"><div class=\"wpb_wrapper\">\n\t<div class=\"wpb_raw_code wpb_raw_html wpb_content_element\" >\n\t\t<div class=\"wpb_wrapper\">\n\t\t\t<a href=\"https:\/\/power-shift.de\/fr\/kein-deal-mit-trump\/\" class=\"card-link\">P\u00e9tition : Pas d'accord avec Trump Signez notre p\u00e9tition maintenant<\/a>\n\t\t<\/div>\n\t<\/div>\n<div class=\"vcex-flex-container vcex-module wpex-flex wpex-gap-20 wpex-aspect-3-2 wpex-overflow-hidden card-image\"><figure class=\"vcex-image vcex-module vcex-fill-column\"><div class=\"vcex-image-inner wpex-relative wpex-inline-block\"><img loading=\"lazy\" class=\"vcex-image-img wpex-align-middle wpex-aspect-3-2 wpex-object-cover wpex-aspect-4-3 wpex-object-cover\" decoding=\"async\" src=\"https:\/\/power-shift.de\/wp-content\/uploads\/2025\/11\/Titelbild-Briefing-EU-US-Deal-Donald_Trump_and_Ursula_Von_der_Leyen-800x600.jpg\" alt=\"Image de couverture Briefing EU US Deal Source: https:\/\/audiovisual.ec.europa.eu\/en\/photo-details\/P-067255~2F00-35\" width=\"800\" height=\"600\"><\/div><\/figure><\/div><div class=\"vcex-flex-container vcex-module wpex-flex wpex-gap-20 wpex-items-center wpex-justify-center card-head has-term-background-color\"><div class=\"vcex-post-terms vcex-module\"><span class=\"vcex-post-terms__item vcex-post-terms__item--443\">p\u00e9tition<\/span><\/div><\/div><style>.vcex-post-terms.vcex_69fb0cfba644d .vcex-post-terms__item{color:var(--wpex-palette-94250-color);}<\/style><div class=\"vcex-flex-container vcex-module wpex-flex wpex-gap-20 wpex-flex-col card-content vcex-flex-container_69fb0cfba60bd\"><div class=\"vcex-post-terms vcex-module card-thema vcex_69fb0cfba644d\"><span class=\"vcex-post-terms__item vcex-post-terms__item--15\">Politique commerciale<\/span><\/div><div class=\"vcex-page-title vcex-module\"><div class=\"vcex-page-title__heading wpex-heading wpex-text-3xl\"><span class=\"vcex-page-title__text\">Pas d'accord avec Trump Signez notre p\u00e9tition maintenant<\/span><\/div><\/div><\/div><\/div><\/div><\/div><\/div>\r\n<\/div><\/div><\/div><div class=\"wpex-post-cards-entry col col-3 span_1_of_3 post-97391 type-post cat-125 cat-154 post_tag-211 post_tag-218 post_tag-10 post_tag-65 post_tag-139 thema-15 author-280\"><div class=\"wpex-card wpex-card-template_95494 cardstyle-big-post cardstyle-big\"><div class=\"wpex-card-inner\"><div class=\"vc_row wpb_row vc_row-fluid vc_row-o-equal-height vc_row-o-content-top vc_row-flex wpex-relative wpex-vc_row-gap-0\" style=\"background-position:center center!important;background-size:cover!important;\"><div class=\"wpb_column vc_column_container vc_col-sm-12\"><div class=\"vc_column-inner\"><div class=\"wpb_wrapper\">\n\t<div class=\"wpb_raw_code wpb_raw_html wpb_content_element\" >\n\t\t<div class=\"wpb_wrapper\">\n\t\t\t<a href=\"https:\/\/power-shift.de\/fr\/stoppt-giftigen-handel\/\" class=\"card-link\">Campagne : \u00abArr\u00eatez le commerce toxique!\u00bb<\/a>\n\t\t<\/div>\n\t<\/div>\n<div class=\"vcex-flex-container vcex-module wpex-flex wpex-gap-20 wpex-aspect-3-2 wpex-overflow-hidden card-image\"><figure class=\"vcex-image vcex-module vcex-fill-column\"><div class=\"vcex-image-inner wpex-relative wpex-inline-block\"><img loading=\"lazy\" class=\"vcex-image-img wpex-align-middle wpex-aspect-3-2 wpex-object-cover wpex-aspect-4-3 wpex-object-cover\" decoding=\"async\" src=\"https:\/\/power-shift.de\/wp-content\/uploads\/2025\/07\/PowerShift_Handelspolitik_EU-Mercosur-Abkommen-ante-portas_Titelbild-e1760364834185-800x600.jpg\" alt=\"Incendie de for\u00eat as visualisation of EU-Mercosur-Agreement\" width=\"800\" height=\"600\"><\/div><\/figure><\/div><div class=\"vcex-flex-container vcex-module wpex-flex wpex-gap-20 wpex-items-center wpex-justify-center card-head has-term-background-color\"><div class=\"vcex-post-terms vcex-module\"><span class=\"vcex-post-terms__item vcex-post-terms__item--125\">campagne<\/span><\/div><\/div><style>.vcex-post-terms.vcex_69fb0cfbbc65a .vcex-post-terms__item{color:var(--wpex-palette-94250-color);}<\/style><div class=\"vcex-flex-container vcex-module wpex-flex wpex-gap-20 wpex-flex-col card-content vcex-flex-container_69fb0cfbbc042\"><div class=\"vcex-post-terms vcex-module card-thema vcex_69fb0cfbbc65a\"><span class=\"vcex-post-terms__item vcex-post-terms__item--15\">Politique commerciale<\/span><\/div><div class=\"vcex-page-title vcex-module\"><div class=\"vcex-page-title__heading wpex-heading wpex-text-3xl\"><span class=\"vcex-page-title__text\">\u00abArr\u00eatez le commerce toxique!\u00bb<\/span><\/div><\/div><\/div><\/div><\/div><\/div><\/div>\r\n<\/div><\/div><\/div><div class=\"wpex-post-cards-entry col col-1 span_1_of_3 post-96340 type-post cat-125 thema-15 thema-18 author-252\"><div class=\"wpex-card wpex-card-template_95494 cardstyle-big-post cardstyle-big\"><div class=\"wpex-card-inner\"><div class=\"vc_row wpb_row vc_row-fluid vc_row-o-equal-height vc_row-o-content-top vc_row-flex wpex-relative wpex-vc_row-gap-0\" style=\"background-position:center center!important;background-size:cover!important;\"><div class=\"wpb_column vc_column_container vc_col-sm-12\"><div class=\"vc_column-inner\"><div class=\"wpb_wrapper\">\n\t<div class=\"wpb_raw_code wpb_raw_html wpb_content_element\" >\n\t\t<div class=\"wpb_wrapper\">\n\t\t\t<a href=\"https:\/\/power-shift.de\/fr\/deine-stimme-zaehlt-rette-mit-uns-das-lieferkettengesetz\/\" class=\"card-link\">Campagne : Votre voix compte: Sauvez avec nous la loi sur la cha\u00eene d'approvisionnement<\/a>\n\t\t<\/div>\n\t<\/div>\n<div class=\"vcex-flex-container vcex-module wpex-flex wpex-gap-20 wpex-aspect-3-2 wpex-overflow-hidden card-image\"><figure class=\"vcex-image vcex-module vcex-fill-column\"><div class=\"vcex-image-inner wpex-relative wpex-inline-block\"><img loading=\"lazy\" class=\"vcex-image-img wpex-align-middle wpex-aspect-3-2 wpex-object-cover wpex-aspect-4-3 wpex-object-cover\" decoding=\"async\" src=\"https:\/\/power-shift.de\/wp-content\/uploads\/2025\/09\/Lieferkettengesetz-PowerShift-Anruf-e1759150613836-800x600.jpg\" alt=\"Couverture PowerShift Campagne Loi sur la cha\u00eene d&#039;approvisionnement\" srcset=\"https:\/\/power-shift.de\/wp-content\/uploads\/2025\/09\/Lieferkettengesetz-PowerShift-Anruf-e1759150613836-800x600.jpg 800w, https:\/\/power-shift.de\/wp-content\/uploads\/2025\/09\/Lieferkettengesetz-PowerShift-Anruf-e1759150613836-16x12.jpg 16w\" width=\"800\" height=\"600\"><\/div><\/figure><\/div><div class=\"vcex-flex-container vcex-module wpex-flex wpex-gap-20 wpex-items-center wpex-justify-center card-head has-term-background-color\"><div class=\"vcex-post-terms vcex-module\"><span class=\"vcex-post-terms__item vcex-post-terms__item--125\">campagne<\/span><\/div><\/div><style>.vcex-post-terms.vcex_69fb0cfbc267c .vcex-post-terms__item{color:var(--wpex-palette-94250-color);}<\/style><div class=\"vcex-flex-container vcex-module wpex-flex wpex-gap-20 wpex-flex-col card-content vcex-flex-container_69fb0cfbc21f2\"><div class=\"vcex-post-terms vcex-module card-thema vcex_69fb0cfbc267c\"><span class=\"vcex-post-terms__item vcex-post-terms__item--18\">Politique des mati\u00e8res premi\u00e8res<\/span><\/div><div class=\"vcex-page-title vcex-module\"><div class=\"vcex-page-title__heading wpex-heading wpex-text-3xl\"><span class=\"vcex-page-title__text\">Votre voix compte: Sauvez avec nous la loi sur la cha\u00eene d'approvisionnement<\/span><\/div><\/div><\/div><\/div><\/div><\/div><\/div>\r\n<\/div><\/div><\/div><div class=\"wpex-post-cards-entry col col-2 span_1_of_3 post-94213 type-post cat-125 post_tag-211 thema-15 author-85\"><div class=\"wpex-card wpex-card-template_95494 cardstyle-big-post cardstyle-big\"><div class=\"wpex-card-inner\"><div class=\"vc_row wpb_row vc_row-fluid vc_row-o-equal-height vc_row-o-content-top vc_row-flex wpex-relative wpex-vc_row-gap-0\" style=\"background-position:center center!important;background-size:cover!important;\"><div class=\"wpb_column vc_column_container vc_col-sm-12\"><div class=\"vc_column-inner\"><div class=\"wpb_wrapper\">\n\t<div class=\"wpb_raw_code wpb_raw_html wpb_content_element\" >\n\t\t<div class=\"wpb_wrapper\">\n\t\t\t<a href=\"https:\/\/power-shift.de\/fr\/aktiv-werden-gegen-eu-mercosur\/\" class=\"card-link\">Campagne : Agir contre le Mercosur de l'UE<\/a>\n\t\t<\/div>\n\t<\/div>\n<div class=\"vcex-flex-container vcex-module wpex-flex wpex-gap-20 wpex-aspect-3-2 wpex-overflow-hidden card-image\"><figure class=\"vcex-image vcex-module vcex-fill-column\"><div class=\"vcex-image-inner wpex-relative wpex-inline-block\"><img loading=\"lazy\" class=\"vcex-image-img wpex-align-middle wpex-aspect-3-2 wpex-object-cover wpex-aspect-4-3 wpex-object-cover\" decoding=\"async\" src=\"https:\/\/power-shift.de\/wp-content\/uploads\/2025\/06\/STOP_EU-MERCOSUR_visuals_illu-13-e1756989154584-800x600.png\" alt=\"\" srcset=\"https:\/\/power-shift.de\/wp-content\/uploads\/2025\/06\/STOP_EU-MERCOSUR_visuals_illu-13-e1756989154584-800x600.png 800w, https:\/\/power-shift.de\/wp-content\/uploads\/2025\/06\/STOP_EU-MERCOSUR_visuals_illu-13-e1756989154584-15x12.png 15w\" width=\"800\" height=\"600\"><\/div><\/figure><\/div><div class=\"vcex-flex-container vcex-module wpex-flex wpex-gap-20 wpex-items-center wpex-justify-center card-head has-term-background-color\"><div class=\"vcex-post-terms vcex-module\"><span class=\"vcex-post-terms__item vcex-post-terms__item--125\">campagne<\/span><\/div><\/div><style>.vcex-post-terms.vcex_69fb0cfbd4ab5 .vcex-post-terms__item{color:var(--wpex-palette-94250-color);}<\/style><div class=\"vcex-flex-container vcex-module wpex-flex wpex-gap-20 wpex-flex-col card-content vcex-flex-container_69fb0cfbd462a\"><div class=\"vcex-post-terms vcex-module card-thema vcex_69fb0cfbd4ab5\"><span class=\"vcex-post-terms__item vcex-post-terms__item--15\">Politique commerciale<\/span><\/div><div class=\"vcex-page-title vcex-module\"><div class=\"vcex-page-title__heading wpex-heading wpex-text-3xl\"><span class=\"vcex-page-title__text\">Agir contre le Mercosur de l'UE<\/span><\/div><\/div><\/div><\/div><\/div><\/div><\/div>\r\n<\/div><\/div><\/div><div class=\"wpex-post-cards-entry col col-3 span_1_of_3 post-90875 type-post cat-125 post_tag-276 post_tag-279 post_tag-11 post_tag-402 thema-16 author-86\"><div class=\"wpex-card wpex-card-template_95494 cardstyle-big-post cardstyle-big\"><div class=\"wpex-card-inner\"><div class=\"vc_row wpb_row vc_row-fluid vc_row-o-equal-height vc_row-o-content-top vc_row-flex wpex-relative wpex-vc_row-gap-0\" style=\"background-position:center center!important;background-size:cover!important;\"><div class=\"wpb_column vc_column_container vc_col-sm-12\"><div class=\"vc_column-inner\"><div class=\"wpb_wrapper\">\n\t<div class=\"wpb_raw_code wpb_raw_html wpb_content_element\" >\n\t\t<div class=\"wpb_wrapper\">\n\t\t\t<a href=\"https:\/\/power-shift.de\/fr\/tour-du-gas-wilhelmshavens-fossile-infrastruktur\/\" class=\"card-link\">Campagne : Tour du Gas: L'infrastructure fossile n'est pas une protection du climat<\/a>\n\t\t<\/div>\n\t<\/div>\n<div class=\"vcex-flex-container vcex-module wpex-flex wpex-gap-20 wpex-aspect-3-2 wpex-overflow-hidden card-image\"><figure class=\"vcex-image vcex-module vcex-fill-column\"><div class=\"vcex-image-inner wpex-relative wpex-inline-block\"><img loading=\"lazy\" class=\"vcex-image-img wpex-align-middle wpex-aspect-3-2 wpex-object-cover wpex-aspect-4-3 wpex-object-cover\" decoding=\"async\" src=\"https:\/\/power-shift.de\/wp-content\/uploads\/2024\/10\/PowerShift_Tour_du_Gas_Alte_Kohle_neue_Kohle_WHV-800x600.jpg\" alt=\"Vue du Mont R\u00fcstringer sur le port p\u00e9trolier, la centrale \u00e0 charbon et le JadeWeserPort\" width=\"800\" height=\"600\"><\/div><\/figure><\/div><div class=\"vcex-flex-container vcex-module wpex-flex wpex-gap-20 wpex-items-center wpex-justify-center card-head has-term-background-color\"><div class=\"vcex-post-terms vcex-module\"><span class=\"vcex-post-terms__item vcex-post-terms__item--125\">campagne<\/span><\/div><\/div><style>.vcex-post-terms.vcex_69fb0cfbdada0 .vcex-post-terms__item{color:var(--wpex-palette-94250-color);}<\/style><div class=\"vcex-flex-container vcex-module wpex-flex wpex-gap-20 wpex-flex-col card-content vcex-flex-container_69fb0cfbda851\"><div class=\"vcex-post-terms vcex-module card-thema vcex_69fb0cfbdada0\"><span class=\"vcex-post-terms__item vcex-post-terms__item--16\">Politique \u00e9nerg\u00e9tique<\/span><\/div><div class=\"vcex-page-title vcex-module\"><div class=\"vcex-page-title__heading wpex-heading wpex-text-3xl\"><span class=\"vcex-page-title__text\">Tour du Gas: L'infrastructure fossile n'est pas une protection du climat<\/span><\/div><\/div><\/div><\/div><\/div><\/div><\/div>\r\n<\/div><\/div><\/div><div class=\"wpex-post-cards-entry col col-1 span_1_of_3 post-23509 type-post cat-125 cat-131 post_tag-75 post_tag-134 post_tag-206 post_tag-205 thema-16 thema-18 author-147\"><div class=\"wpex-card wpex-card-template_95494 cardstyle-big-post cardstyle-big\"><div class=\"wpex-card-inner\"><div class=\"vc_row wpb_row vc_row-fluid vc_row-o-equal-height vc_row-o-content-top vc_row-flex wpex-relative wpex-vc_row-gap-0\" style=\"background-position:center center!important;background-size:cover!important;\"><div class=\"wpb_column vc_column_container vc_col-sm-12\"><div class=\"vc_column-inner\"><div class=\"wpb_wrapper\">\n\t<div class=\"wpb_raw_code wpb_raw_html wpb_content_element\" >\n\t\t<div class=\"wpb_wrapper\">\n\t\t\t<a href=\"https:\/\/power-shift.de\/fr\/tesla-gigafactory-ein-elektromotor-macht-noch-keine-verkehrswende\/\" class=\"card-link\">Postes : Tesla Gigafactory: Un moteur \u00e9lectrique ne transforme pas encore le trafic!<\/a>\n\t\t<\/div>\n\t<\/div>\n<div class=\"vcex-flex-container vcex-module wpex-flex wpex-gap-20 wpex-aspect-3-2 wpex-overflow-hidden card-image\"><figure class=\"vcex-image vcex-module vcex-fill-column\"><div class=\"vcex-image-inner wpex-relative wpex-inline-block\"><img loading=\"lazy\" class=\"vcex-image-img wpex-align-middle wpex-aspect-3-2 wpex-object-cover wpex-aspect-4-3 wpex-object-cover\" decoding=\"async\" src=\"https:\/\/power-shift.de\/wp-content\/uploads\/2020\/04\/Otto-stop-mining-800x600.png\" alt=\"\" width=\"800\" height=\"600\"><\/div><\/figure><\/div><div class=\"vcex-flex-container vcex-module wpex-flex wpex-gap-20 wpex-items-center wpex-justify-center card-head has-term-background-color\"><div class=\"vcex-post-terms vcex-module\"><span class=\"vcex-post-terms__item vcex-post-terms__item--131\">Postes<\/span><\/div><\/div><style>.vcex-post-terms.vcex_69fb0cfbefc9c .vcex-post-terms__item{color:var(--wpex-palette-94250-color);}<\/style><div class=\"vcex-flex-container vcex-module wpex-flex wpex-gap-20 wpex-flex-col card-content vcex-flex-container_69fb0cfbef9d3\"><div class=\"vcex-post-terms vcex-module card-thema vcex_69fb0cfbefc9c\"><span class=\"vcex-post-terms__item vcex-post-terms__item--16\">Politique \u00e9nerg\u00e9tique<\/span><\/div><div class=\"vcex-page-title vcex-module\"><div class=\"vcex-page-title__heading wpex-heading wpex-text-3xl\"><span class=\"vcex-page-title__text\">Tesla Gigafactory: Un moteur \u00e9lectrique ne transforme pas encore le trafic!<\/span><\/div><\/div><\/div><\/div><\/div><\/div><\/div>\r\n<\/div><\/div><\/div><\/div><\/div><div class=\"vcex-ajax-loader wpex-hidden wpex-absolute wpex-inset-0 wpex-items-center wpex-justify-center\"><span class=\"vcex-ajax-loader__overlay wpex-absolute wpex-inset-0 wpex-surface-1 wpex-opacity-60 wpex-z-10\"><\/span><div class=\"vcex-ajax-loader__icon wpex-relative wpex-z-20\"><svg height=\"30\" width=\"30\" class=\"wpex-animate-spin wpex-opacity-5\" xmlns=\"http:\/\/www.w3.org\/2000\/svg\" viewbox=\"0 0 16 16\" fill=\"currentColor\"><path fill-rule=\"evenodd\" d=\"M8 3a5 5 0 1 0 4.546 2.914.5.5 0 0 1 .908-.417A6 6 0 1 1 8 2z\"\/><path d=\"M8 4.466V.534a.25.25 0 0 1 .41-.192l2.36 1.966c.12.1.12.284 0 .384L8.41 4.658A.25.25 0 0 1 8 4.466\"\/><\/svg><\/div><\/div><\/div><\/div><\/div><\/div><\/div>\n<\/div>","protected":false},"excerpt":{"rendered":"Der Austausch von 47 Millionen Verbrenner-Autos in Deutschland durch 47 Millionen E-Autos ist keine Verkehrswende! In urbanen Gro\u00dfr\u00e4umen - und schnellstm\u00f6glich auch auf dem Lande - muss die Zeit des motorisierten Individualverkehrs mit dem Auto zu Ende gehen. Wir wollen \u201eSt\u00e4dte und Stra\u00dfen f\u00fcr alle\u201c und eine konsequente Verkehrswende weg vom Privat-PKW. Tesla und die&hellip;","protected":false},"author":33,"featured_media":93669,"parent":0,"menu_order":8,"comment_status":"closed","ping_status":"closed","template":"","meta":{"_acf_changed":false,"footnotes":""},"categories":[],"tags":[],"thema":[],"coauthors":[97],"class_list":["post-98688","page","type-page","status-publish","has-post-thumbnail","hentry","entry","has-media"],"acf":[],"_links":{"self":[{"href":"https:\/\/power-shift.de\/fr\/wp-json\/wp\/v2\/pages\/98688","targetHints":{"allow":["GET"]}}],"collection":[{"href":"https:\/\/power-shift.de\/fr\/wp-json\/wp\/v2\/pages"}],"about":[{"href":"https:\/\/power-shift.de\/fr\/wp-json\/wp\/v2\/types\/page"}],"author":[{"embeddable":true,"href":"https:\/\/power-shift.de\/fr\/wp-json\/wp\/v2\/users\/33"}],"replies":[{"embeddable":true,"href":"https:\/\/power-shift.de\/fr\/wp-json\/wp\/v2\/comments?post=98688"}],"version-history":[{"count":12,"href":"https:\/\/power-shift.de\/fr\/wp-json\/wp\/v2\/pages\/98688\/revisions"}],"predecessor-version":[{"id":98799,"href":"https:\/\/power-shift.de\/fr\/wp-json\/wp\/v2\/pages\/98688\/revisions\/98799"}],"wp:featuredmedia":[{"embeddable":true,"href":"https:\/\/power-shift.de\/fr\/wp-json\/wp\/v2\/media\/93669"}],"wp:attachment":[{"href":"https:\/\/power-shift.de\/fr\/wp-json\/wp\/v2\/media?parent=98688"}],"wp:term":[{"taxonomy":"category","embeddable":true,"href":"https:\/\/power-shift.de\/fr\/wp-json\/wp\/v2\/categories?post=98688"},{"taxonomy":"post_tag","embeddable":true,"href":"https:\/\/power-shift.de\/fr\/wp-json\/wp\/v2\/tags?post=98688"},{"taxonomy":"thema","embeddable":true,"href":"https:\/\/power-shift.de\/fr\/wp-json\/wp\/v2\/thema?post=98688"},{"taxonomy":"author","embeddable":true,"href":"https:\/\/power-shift.de\/fr\/wp-json\/wp\/v2\/coauthors?post=98688"}],"curies":[{"name":"wp","href":"https:\/\/api.w.org\/{rel}","templated":true}]}}