{"id":97634,"date":"2025-11-12T11:03:30","date_gmt":"2025-11-12T10:03:30","guid":{"rendered":"https:\/\/power-shift.de\/?page_id=97634"},"modified":"2026-03-25T13:55:47","modified_gmt":"2026-03-25T12:55:47","slug":"barrierefreiheitserklaerung","status":"publish","type":"page","link":"https:\/\/power-shift.de\/fr\/barrierefreiheitserklaerung\/","title":{"rendered":"D\u00e9claration relative \u00e0 l\u2019accessibilit\u00e9"},"content":{"rendered":"<h1 class=\"MuiTypography-root MuiTypography-h1 css-1km5t56\">D\u00e9claration relative \u00e0 l\u2019accessibilit\u00e9<\/h1>\n<p><\/p>\n<p>PowerShift e.V. s'efforce de rendre son site Web accessible conform\u00e9ment \u00e0 la loi sur le renforcement de l'accessibilit\u00e9 (BFSG) et \u00e0 l'ordonnance relative \u00e0 la loi sur le renforcement de l'accessibilit\u00e9 (BFSGV). La pr\u00e9sente d\u00e9claration s'applique: <a href=\"https:\/\/power-shift.de\/fr\/\">https:\/\/power-shift.de\/<\/a>.<\/p>\n<p><\/p>\n<h2 class=\"MuiTypography-root MuiTypography-h2 css-1st51ro\">Description du service<\/h2>\n<p>Notre site Web est un portail d'information sur le commerce, l'investissement, les mati\u00e8res premi\u00e8res, l'\u00e9nergie et la politique climatique (contenu \u00e9ditorial du site Web). Vous trouverez sur notre site des publications: \u00c9tudes, rapports, documents d\u2019information, fiches d\u2019information et notes d\u2019information au format HTML et PDF, un podcast \u00abBoussole de l\u2019\u00e9conomie mondiale\u00bb (lecteurs audio int\u00e9gr\u00e9s), \u00e9v\u00e9nements: Notes d\u2019information, formulaires d\u2019inscription et supports relatifs aux webinaires, ateliers et briefings, inscription \u00e0 la newsletter, espace presse avec actualit\u00e9s et contacts, formulaires de contact et de dons et contenus int\u00e9gr\u00e9s de tiers (par exemple, lecteurs audio\/vid\u00e9o, publications sur les r\u00e9seaux sociaux).<\/p>\n<p><\/p>\n<h2 class=\"MuiTypography-root MuiTypography-h2 css-1st51ro\">Comment notre site Web r\u00e9pond aux exigences en mati\u00e8re d'accessibilit\u00e9<\/h2>\n<p><\/p>\n<h3 class=\"MuiTypography-root MuiTypography-h3 css-q9aprc\">Niveau de conformit\u00e9<\/h3>\n<p><\/p>\n<p>Nos produits et services peuvent \u00eatre trouv\u00e9s, accessibles et utilisables par les personnes handicap\u00e9es de la mani\u00e8re habituelle, sans difficult\u00e9 particuli\u00e8re et, en principe, sans aide ext\u00e9rieure.<\/p>\n<p><\/p>\n<p>Notre site web est en grande partie compatible avec l'OFSG et l'OFSGV. Cependant, il y a encore quelques obstacles sur nos pages sur lesquelles nous travaillons activement et que nous voulons \u00e9liminer \u00e0 l'avenir. Les exceptions et incompatibilit\u00e9s suivantes existent:<\/p>\n<p><\/p>\n<p><b>Les contenus suivants ne sont pas accessibles car ils ne sont pas conformes \u00e0 la norme harmonis\u00e9e EN 301 549 sous-jacente:<\/p>\n<p><\/b><\/p>\n<ul>\n<li style=\"list-style-position: outside; margin-left: 1em;\">Sur certaines pages, le contraste entre le texte et l'arri\u00e8re-plan est trop faible. <\/li>\n<li style=\"list-style-position: outside; margin-left: 1em;\">Sur certaines pages, il y a des \u00e9l\u00e9ments \u2018iframe\u2019 sans \u00e9tiquetage. La navigation avec des lecteurs d'\u00e9cran vers les iframes est difficile. <\/li>\n<li style=\"list-style-position: outside; margin-left: 1em;\">Sur plusieurs pages, il y a des \u00e9l\u00e9ments avec l'attribut Aria-hidden qui peuvent \u00eatre focalis\u00e9s en m\u00eame temps. Cela rend ces \u00e9l\u00e9ments accessibles aux technologies d'assistance, m\u00eame si elles devraient \u00eatre masqu\u00e9es. <\/li>\n<li style=\"list-style-position: outside; margin-left: 1em;\">Sur plusieurs pages, il y a des \u00e9l\u00e9ments interactifs dont le nom ne fait pas partie de l'\u00e9tiquette. Cela complique le contr\u00f4le du site Web par commande vocale. <\/li>\n<\/ul>\n<p><span>Cette d\u00e9claration a \u00e9t\u00e9 faite le <b>25.03.2026<\/b> cr\u00e9\u00e9. L'explication a \u00e9t\u00e9 faite \u00e0 l'aide de la technologie Eye-Able de <a href=\"https:\/\/eye-able.com\/\">Web Inclusion GmbH<\/a> cr\u00e9\u00e9. Eye-Able Report, un produit de Web Inclusion GmbH, a subi toutes les \u00e9tapes de contr\u00f4le v\u00e9rifiables par machine. <\/span><br \/><span>Cette d\u00e9claration a \u00e9t\u00e9 r\u00e9examin\u00e9e pour la derni\u00e8re fois le 25.03.2026.<\/span><\/p>\n<h2 class=\"MuiTypography-root MuiTypography-h2 css-1st51ro\">Coordonn\u00e9es <br \/><\/h2>\n<p>Vous pouvez nous signaler tout probl\u00e8me d'acc\u00e8s au contenu du site: <\/p>\n<p>PowerShift e.V.<br \/>Greifswalder Str. 4<br \/>10405 Berlin<br \/><a href=\"mailto:info@power-shift.de\" aria-label=\"Envoyez un e-mail \u00e0 info@power-shift.de\">info@power-shift.de<\/a><\/p>\n<h2 class=\"MuiTypography-root MuiTypography-h2 css-1st51ro\">Autorit\u00e9 de surveillance du march\u00e9<\/h2>\n<p><\/p>\n<p>Les coordonn\u00e9es de l'autorit\u00e9 de surveillance du march\u00e9 dont nous d\u00e9pendons sont les suivantes: <\/p>\n<p>MLBF A\u00f6R <br \/>Autorit\u00e9 de surveillance du march\u00e9 des pays pour l\u2019accessibilit\u00e9 des produits et services <br \/>Carl-Miller-Str. 6 <br \/>39112 Magdebourg<br \/><a href=\"mailto:MLBF@ms.sachsen-\u200banhalt.de\" aria-label=\"Envoyez un e-mail \u00e0 MLBF@ms.sachsen- anhalt.de\">MLBF@ms.sachsen- anhalt.de<\/a> <br \/>T\u00e9l. : 0391 567 6970 <\/p>\n<p><\/p>\n<h2 class=\"MuiTypography-root MuiTypography-h2 css-1st51ro\">Clause de non-responsabilit\u00e9<\/h2>\n<p><\/p>\n<p>La v\u00e9rification automatique du contenu Web a eu lieu le: 25.03.2026. Pour le contenu Web lors de l'appel par Eye-Able, le navigateur Google Chrome a \u00e9t\u00e9 utilis\u00e9 dans la version 136.0.7103.92. Pour la version d'application test\u00e9e sous les param\u00e8tres sp\u00e9cifi\u00e9s du navigateur et du syst\u00e8me d'exploitation, nous garantissons l'exactitude des informations fournies. En cas d'utilisation de versions ou d'environnements diff\u00e9rents, une repr\u00e9sentation diff\u00e9rente est possible, qui peut diff\u00e9rer des r\u00e9sultats obtenus ici. Pour un examen complet, des tests manuels par l'exploitant du site Web sont \u00e9galement recommand\u00e9s.<\/p>","protected":false},"excerpt":{"rendered":"<p>Barrierefreiheitserkl\u00e4rung PowerShift e.V. ist bem\u00fcht, seine\/ihre Website im Einklang mit dem Barrierefreiheitsst\u00e4rkungsgesetz (BFSG) und der Verordnung zum Barrierefreiheitsst\u00e4rkungsgesetz (BFSGV) barrierefrei zug\u00e4nglich zu machen. Diese Erkl\u00e4rung gilt f\u00fcr https:\/\/power-shift.de\/. Beschreibung der Dienstleistung Unsere Webseite ist ein Informationsportal zu Handels-, Investitions-, Rohstoff-, Energie- und Klimapolitik (redaktionelle Webseiten-Inhalte). Auf unserer Webseite finden Sie Publikationen: Studien, Berichte, Hintergrundpapiere, Factsheets&hellip;<\/p>","protected":false},"author":33,"featured_media":93669,"parent":0,"menu_order":5,"comment_status":"closed","ping_status":"closed","template":"","meta":{"_acf_changed":false,"footnotes":""},"categories":[],"tags":[],"thema":[],"coauthors":[97],"class_list":["post-97634","page","type-page","status-publish","has-post-thumbnail","hentry","entry","has-media"],"acf":[],"_links":{"self":[{"href":"https:\/\/power-shift.de\/fr\/wp-json\/wp\/v2\/pages\/97634","targetHints":{"allow":["GET"]}}],"collection":[{"href":"https:\/\/power-shift.de\/fr\/wp-json\/wp\/v2\/pages"}],"about":[{"href":"https:\/\/power-shift.de\/fr\/wp-json\/wp\/v2\/types\/page"}],"author":[{"embeddable":true,"href":"https:\/\/power-shift.de\/fr\/wp-json\/wp\/v2\/users\/33"}],"replies":[{"embeddable":true,"href":"https:\/\/power-shift.de\/fr\/wp-json\/wp\/v2\/comments?post=97634"}],"version-history":[{"count":5,"href":"https:\/\/power-shift.de\/fr\/wp-json\/wp\/v2\/pages\/97634\/revisions"}],"predecessor-version":[{"id":98893,"href":"https:\/\/power-shift.de\/fr\/wp-json\/wp\/v2\/pages\/97634\/revisions\/98893"}],"wp:featuredmedia":[{"embeddable":true,"href":"https:\/\/power-shift.de\/fr\/wp-json\/wp\/v2\/media\/93669"}],"wp:attachment":[{"href":"https:\/\/power-shift.de\/fr\/wp-json\/wp\/v2\/media?parent=97634"}],"wp:term":[{"taxonomy":"category","embeddable":true,"href":"https:\/\/power-shift.de\/fr\/wp-json\/wp\/v2\/categories?post=97634"},{"taxonomy":"post_tag","embeddable":true,"href":"https:\/\/power-shift.de\/fr\/wp-json\/wp\/v2\/tags?post=97634"},{"taxonomy":"thema","embeddable":true,"href":"https:\/\/power-shift.de\/fr\/wp-json\/wp\/v2\/thema?post=97634"},{"taxonomy":"author","embeddable":true,"href":"https:\/\/power-shift.de\/fr\/wp-json\/wp\/v2\/coauthors?post=97634"}],"curies":[{"name":"wp","href":"https:\/\/api.w.org\/{rel}","templated":true}]}}