{"id":97530,"date":"2025-10-17T12:13:15","date_gmt":"2025-10-17T10:13:15","guid":{"rendered":"https:\/\/power-shift.de\/?page_id=97530"},"modified":"2025-10-17T12:27:48","modified_gmt":"2025-10-17T10:27:48","slug":"deine-stimme-zaehlt-rette-mit-uns-das-lieferkettengesetz","status":"publish","type":"page","link":"https:\/\/power-shift.de\/fr\/campaign\/deine-stimme-zaehlt-rette-mit-uns-das-lieferkettengesetz\/","title":{"rendered":"La loi sur la cha\u00eene d\u2019approvisionnement en danger \u2013 Signez la p\u00e9tition maintenant"},"content":{"rendered":"<div class=\"wpb-content-wrapper\"><div class=\"vc_row wpb_row vc_row-fluid wpex-relative\"><div class=\"wpb_column vc_column_container vc_col-sm-12\"><div class=\"vc_column-inner\"><div class=\"wpb_wrapper\">\n\t<div class=\"wpb_text_column wpb_content_element\" >\n\t\t<div class=\"wpb_wrapper\">\n\t\t\t<p><strong>La loi sur la cha\u00eene d'approvisionnement est en danger...<\/strong><br \/>\nLa loi sur la cha\u00eene d\u2019approvisionnement prot\u00e8ge les citoyens du monde entier contre l\u2019exploitation et l\u2019environnement contre la destruction. Elle est entr\u00e9e en vigueur en Allemagne en 2023 et a \u00e9t\u00e9 suivie par la directive de l\u2019UE en avril 2024. Mais aujourd'hui, il y a un risque de r\u00e9gression: Le nouveau gouvernement f\u00e9d\u00e9ral veut affaiblir la loi. Au niveau de l'UE, elle tente, avec d'autres gouvernements et groupes de pression, d'\u00e9claircir la directive sur des points cruciaux. Le vent politique s'est<br \/>\ntourn\u00e9. Maintenant, la loi a besoin de notre soutien.<br \/>\n<strong>... mais tout est encore dedans: Maintenant, c'est notre engagement qui compte!<\/strong><br \/>\nRien n'est encore perdu. Dans l\u2019accord de coalition, le gouvernement f\u00e9d\u00e9ral s\u2019engage \u00e0 transposer la directive de l\u2019UE \u2013 la loi allemande sur la cha\u00eene d\u2019approvisionnement ne doit donc pas \u00eatre supprim\u00e9e, mais remplac\u00e9e. Et cela offre des opportunit\u00e9s: La nouvelle directive de l'UE va en partie plus loin que la loi allemande et peut prot\u00e9ger encore plus efficacement les droits de l'homme, l'environnement et le climat. Maintenant, il est important qu'elle ne soit pas dilu\u00e9e,<br \/>\nmais une mise en \u0153uvre vigoureuse \u2013 dans une loi allemande forte sur la cha\u00eene d\u2019approvisionnement.<\/p>\n\n\t\t<\/div>\n\t<\/div>\n<figure class=\"vcex-image vcex-module\"><div class=\"vcex-image-inner wpex-relative wpex-inline-block\"><img width=\"2560\" height=\"979\" src=\"https:\/\/power-shift.de\/wp-content\/uploads\/2025\/10\/PowerShift-Lieferkettengesetz-scaled.png\" class=\"vcex-image-img wpex-align-middle\" alt=\"Texte Image de la loi sur la cha\u00eene d&#039;approvisionnement de Kamapange\" loading=\"lazy\" decoding=\"async\" srcset=\"https:\/\/power-shift.de\/wp-content\/uploads\/2025\/10\/PowerShift-Lieferkettengesetz-scaled.png 2560w, https:\/\/power-shift.de\/wp-content\/uploads\/2025\/10\/PowerShift-Lieferkettengesetz-300x115.png 300w, https:\/\/power-shift.de\/wp-content\/uploads\/2025\/10\/PowerShift-Lieferkettengesetz-1024x391.png 1024w, https:\/\/power-shift.de\/wp-content\/uploads\/2025\/10\/PowerShift-Lieferkettengesetz-768x294.png 768w, https:\/\/power-shift.de\/wp-content\/uploads\/2025\/10\/PowerShift-Lieferkettengesetz-1536x587.png 1536w, https:\/\/power-shift.de\/wp-content\/uploads\/2025\/10\/PowerShift-Lieferkettengesetz-2048x783.png 2048w, https:\/\/power-shift.de\/wp-content\/uploads\/2025\/10\/PowerShift-Lieferkettengesetz-18x7.png 18w, https:\/\/power-shift.de\/wp-content\/uploads\/2025\/10\/PowerShift-Lieferkettengesetz-600x229.png 600w\" sizes=\"auto, (max-width: 2560px) 100vw, 2560px\" \/><\/div><\/figure>\n\t<div class=\"wpb_text_column wpb_content_element\" >\n\t\t<div class=\"wpb_wrapper\">\n\t\t\t<p><strong>Pas de profits sans conscience \u2013 prot\u00e9ger les droits de l\u2019homme et l\u2019environnement!<\/strong><br \/>\nMonsieur le Chancelier f\u00e9d\u00e9ral,<br \/>\nl\u2019une des r\u00e9alisations les plus importantes en mati\u00e8re de droits de l\u2019homme, de climat et de protection de l\u2019environnement au cours des derni\u00e8res d\u00e9cennies est menac\u00e9e: la loi sur la cha\u00eene d\u2019approvisionnement. Il contribue \u00e0 la lutte contre le travail des enfants, prot\u00e8ge les travailleurs de l'exploitation et pr\u00e9serve notre nature de la destruction impitoyable.<\/p>\n<p>Mais maintenant, vous voulez inverser ce succ\u00e8s et emp\u00eacher une loi efficace sur la cha\u00eene d'approvisionnement. menace d'une r\u00e9gression dans un monde de<br \/>\nL'imprudence, o\u00f9 la souffrance humaine et la d\u00e9gradation de l'environnement sont consid\u00e9r\u00e9es comme un avantage concurrentiel.<\/p>\n<p><strong>Nous vous invitons \u00e0: D\u00e9fendez une loi efficace sur la cha\u00eene d\u2019approvisionnement en Allemagne et en Europe.<\/strong><\/p>\n<p>Montrez que le profit \u00e9conomique et la responsabilit\u00e9 vont de pair. Pour une \u00e9conomie durable fond\u00e9e sur des valeurs et non sur le droit du plus fort.<\/p>\n\n\t\t<\/div>\n\t<\/div>\n<\/div><\/div><\/div><\/div><div class=\"vc_row wpb_row vc_row-fluid wpex-relative\"><div class=\"wpb_column vc_column_container vc_col-sm-12\"><div class=\"vc_column-inner\"><div class=\"wpb_wrapper\">\n\t<div class=\"wpb_raw_code wpb_raw_html wpb_content_element\" >\n\t\t<div class=\"wpb_wrapper\">\n\t\t\t<script src=\"https:\/\/widget.proca.app\/d\/lieferkettengesetz_de_2025\/powershift\" async><\/script>\n\t\t<\/div>\n\t<\/div>\n<\/div><\/div><\/div><\/div>\n<\/div>","protected":false},"excerpt":{"rendered":"La loi sur la cha\u00eene d\u2019approvisionnement est en danger... La loi sur la cha\u00eene d\u2019approvisionnement prot\u00e8ge les personnes du monde entier contre l\u2019exploitation et l\u2019environnement contre la destruction. Elle est entr\u00e9e en vigueur en Allemagne en 2023 et a \u00e9t\u00e9 suivie par la directive de l\u2019UE en avril 2024. Mais aujourd'hui, il y a un risque de r\u00e9gression: Le nouveau gouvernement f\u00e9d\u00e9ral veut affaiblir la loi. Au niveau de l'UE, elle tente, avec d'autres gouvernements et groupes de pression, de mettre en \u0153uvre la directive sur des points cruciaux.","protected":false},"author":33,"featured_media":97533,"parent":95797,"menu_order":0,"comment_status":"closed","ping_status":"closed","template":"","meta":{"_acf_changed":false,"footnotes":""},"categories":[125],"tags":[143,133,65,75],"thema":[18],"coauthors":[97],"class_list":["post-97530","page","type-page","status-publish","has-post-thumbnail","hentry","category-kampagnen","tag-klimagerechtigkeit-de","tag-lieferkettengesetz","tag-menschenrechte","tag-rohstoffe-de","thema-rohstoffpolitik","entry","has-media"],"acf":[],"_links":{"self":[{"href":"https:\/\/power-shift.de\/fr\/wp-json\/wp\/v2\/pages\/97530","targetHints":{"allow":["GET"]}}],"collection":[{"href":"https:\/\/power-shift.de\/fr\/wp-json\/wp\/v2\/pages"}],"about":[{"href":"https:\/\/power-shift.de\/fr\/wp-json\/wp\/v2\/types\/page"}],"author":[{"embeddable":true,"href":"https:\/\/power-shift.de\/fr\/wp-json\/wp\/v2\/users\/33"}],"replies":[{"embeddable":true,"href":"https:\/\/power-shift.de\/fr\/wp-json\/wp\/v2\/comments?post=97530"}],"version-history":[{"count":6,"href":"https:\/\/power-shift.de\/fr\/wp-json\/wp\/v2\/pages\/97530\/revisions"}],"predecessor-version":[{"id":97548,"href":"https:\/\/power-shift.de\/fr\/wp-json\/wp\/v2\/pages\/97530\/revisions\/97548"}],"up":[{"embeddable":true,"href":"https:\/\/power-shift.de\/fr\/wp-json\/wp\/v2\/pages\/95797"}],"wp:featuredmedia":[{"embeddable":true,"href":"https:\/\/power-shift.de\/fr\/wp-json\/wp\/v2\/media\/97533"}],"wp:attachment":[{"href":"https:\/\/power-shift.de\/fr\/wp-json\/wp\/v2\/media?parent=97530"}],"wp:term":[{"taxonomy":"category","embeddable":true,"href":"https:\/\/power-shift.de\/fr\/wp-json\/wp\/v2\/categories?post=97530"},{"taxonomy":"post_tag","embeddable":true,"href":"https:\/\/power-shift.de\/fr\/wp-json\/wp\/v2\/tags?post=97530"},{"taxonomy":"thema","embeddable":true,"href":"https:\/\/power-shift.de\/fr\/wp-json\/wp\/v2\/thema?post=97530"},{"taxonomy":"author","embeddable":true,"href":"https:\/\/power-shift.de\/fr\/wp-json\/wp\/v2\/coauthors?post=97530"}],"curies":[{"name":"wp","href":"https:\/\/api.w.org\/{rel}","templated":true}]}}