{"id":96931,"date":"2019-09-11T11:31:34","date_gmt":"2019-09-11T09:31:34","guid":{"rendered":"https:\/\/2025.power-shift.de\/?page_id=96931"},"modified":"2025-09-29T11:36:20","modified_gmt":"2025-09-29T09:36:20","slug":"grundsaetze-transparenz","status":"publish","type":"page","link":"https:\/\/power-shift.de\/fr\/ueber-uns\/grundsaetze-transparenz\/","title":{"rendered":"Principes de &amp; Transparence"},"content":{"rendered":"<div class=\"wpb-content-wrapper\"><div class=\"vc_row wpb_row vc_row-fluid first-content-banner wpex-vc-full-width-row wpex-vc-full-width-row--centered wpex-relative\"><div class=\"wpb_column vc_column_container vc_col-sm-12\"><div class=\"vc_column-inner\"><div class=\"wpb_wrapper\"><div class=\"wpex-template-shortcode\"><style type=\"text\/css\" data-type=\"vc_shortcodes-custom-css\">.vc_custom_1757592246575{background-image: url(https:\/\/power-shift.de\/wp-content\/uploads\/2025\/08\/PS_106_Webseite_Banners_Hintergrund_Homepage-Pfad.png?id=96606) !important;}<\/style><div class=\"vc_row wpb_row vc_row-fluid wpex-relative wpex-vc_row-gap-0\"><div class=\"wpb_column vc_column_container vc_col-sm-12\"><div class=\"vc_column-inner\"><div class=\"wpb_wrapper\"><style>.vcex-icon-box.vcex_69faff9d45a02 .vcex-icon-box-content{font-weight:700;}.vcex-icon-box.vcex_69faff9d45a02 .vcex-icon-box-heading{font-size:var(--wpex-text-2xl);}<\/style><div class=\"vcex-module vcex-icon-box vcex-icon-box-one wpex-flex wpex-text-left vc_custom_1757592246575 ps-banner background-green ps-banner-ueber-uns vcex_69faff9d45a02\"><div class=\"vcex-icon-box-symbol vcex-icon-box-symbol--image wpex-flex-shrink-0 wpex-mr-20\"><img src=\"https:\/\/power-shift.de\/wp-content\/uploads\/2025\/08\/PS_106_Webseite_Banners_Hintergrund_Homepage.png\" alt=\"PowerShift banni\u00e8re deux personnes dans le bateau, les priorit\u00e9s de travail\" class=\"vcex-icon-box-image wpex-align-middle\" loading=\"lazy\" decoding=\"async\" width=\"668\" height=\"544\"><\/div><div class=\"vcex-icon-box-text wpex-flex-grow wpex-flex wpex-flex-col\"><h3 class=\"vcex-icon-box-heading wpex-heading wpex-mb-10\">Gr\u00e2ce \u00e0 notre expertise en mati\u00e8re de politique commerciale, de mati\u00e8res premi\u00e8res et d'\u00e9nergie, nous montrons comment sortir de la crise climatique.<\/h3><div class=\"vcex-icon-box-button-wrap wpex-mt-auto\"><a href=\"https:\/\/power-shift.de\/fr\/ueber-uns\/\" class=\"vcex-icon-box-button theme-button\">\u00c0 propos de nous<\/a><\/div><\/div><\/div><\/div><\/div><\/div><\/div>\n<\/div><\/div><\/div><\/div><\/div><div class=\"vc_row wpb_row vc_row-fluid wpex-relative\"><div class=\"wpb_column vc_column_container vc_col-sm-12\"><div class=\"vc_column-inner\"><div class=\"wpb_wrapper\">\n\t<div class=\"wpb_text_column wpb_content_element\" >\n\t\t<div class=\"wpb_wrapper\">\n\t\t\t<p>PowerShift soutient l'initiative de la soci\u00e9t\u00e9 civile transparente. L\u2019initiative a d\u00e9fini dix points fondamentaux que toute organisation de la soci\u00e9t\u00e9 civile devrait mettre \u00e0 la disposition du public. Il s'agit notamment des statuts, des d\u00e9cideurs et des informations sur l'origine, l'utilisation et la structure du personnel.<\/p>\n\n\t\t<\/div>\n\t<\/div>\n<a href=\"\/fr\/initiative-transparente-zivilgesellschaft\/\" class=\"vcex-button theme-button inline\"><span class=\"vcex-button-inner theme-button-inner wpex-flex wpex-flex-wrap wpex-items-center wpex-justify-center\">Informations sur la transparence<\/span><\/a> <div class=\"vcex-spacing wpex-w-100 wpex-clear\"><\/div><div class=\"vcex-module vcex-divider vcex-divider-solid vcex-divider-center wpex-mx-auto wpex-block wpex-h-0 wpex-border-b wpex-border-solid wpex-border-main\"><\/div><\/div><\/div><\/div><div class=\"wpb_column vc_column_container vc_col-sm-12\"><div class=\"vc_column-inner\"><div class=\"wpb_wrapper\">\n\t<div class=\"wpb_text_column wpb_content_element\" >\n\t\t<div class=\"wpb_wrapper\">\n\t\t\t<p>PowerShift e.V. est \u00e0 but non lucratif et reconnu comme particuli\u00e8rement digne d'encouragement.<\/p>\n\n\t\t<\/div>\n\t<\/div>\n<a href=\"\/wp-content\/uploads\/2025\/05\/PowerShift-Satzung_Neu_Juni-2023.pdf\" class=\"vcex-button theme-button inline\"><span class=\"vcex-button-inner theme-button-inner wpex-flex wpex-flex-wrap wpex-items-center wpex-justify-center\">Nos statuts en pdf<\/span><\/a> <div class=\"vcex-spacing wpex-w-100 wpex-clear\"><\/div><div class=\"vcex-module vcex-divider vcex-divider-solid vcex-divider-center wpex-mx-auto wpex-block wpex-h-0 wpex-border-b wpex-border-solid wpex-border-main\"><\/div><\/div><\/div><\/div><\/div><div class=\"vc_row wpb_row vc_row-fluid wpex-relative\"><div class=\"wpb_column vc_column_container vc_col-sm-12\"><div class=\"vc_column-inner\"><div class=\"wpb_wrapper\">\n\t<div class=\"wpb_text_column wpb_content_element\" >\n\t\t<div class=\"wpb_wrapper\">\n\t\t\t<p>Lisez nos rapports annuels pour avoir une vue d'ensemble de notre travail.<\/p>\n\n\t\t<\/div>\n\t<\/div>\n<a href=\"https:\/\/power-shift.de\/fr\/powershift-e-v-jahresberichte\/\" class=\"vcex-button theme-button inline\"><span class=\"vcex-button-inner theme-button-inner wpex-flex wpex-flex-wrap wpex-items-center wpex-justify-center\">Nos rapports annuels<\/span><\/a> <\/div><\/div><\/div><\/div>\n<\/div>","protected":false},"excerpt":{"rendered":"Gr\u00e2ce \u00e0 notre expertise en mati\u00e8re de politique commerciale, de mati\u00e8res premi\u00e8res et d'\u00e9nergie, nous montrons des moyens de sortir de la crise climatique.\u00c0 propos de nous PowerShift soutient l'initiative Transparence de la soci\u00e9t\u00e9 civile. L\u2019initiative a d\u00e9fini dix points fondamentaux que toute organisation de la soci\u00e9t\u00e9 civile devrait mettre \u00e0 la disposition du public. Il s'agit notamment des statuts, des d\u00e9cideurs et des informations sur l'origine, l'utilisation et la structure du personnel. Information sur la transparence PowerShift e.V. est \u00e0 but non lucratif...","protected":false},"author":33,"featured_media":93669,"parent":118,"menu_order":2,"comment_status":"closed","ping_status":"closed","template":"","meta":{"_acf_changed":false,"footnotes":""},"categories":[],"tags":[],"thema":[],"coauthors":[97],"class_list":["post-96931","page","type-page","status-publish","has-post-thumbnail","hentry","entry","has-media"],"acf":[],"_links":{"self":[{"href":"https:\/\/power-shift.de\/fr\/wp-json\/wp\/v2\/pages\/96931","targetHints":{"allow":["GET"]}}],"collection":[{"href":"https:\/\/power-shift.de\/fr\/wp-json\/wp\/v2\/pages"}],"about":[{"href":"https:\/\/power-shift.de\/fr\/wp-json\/wp\/v2\/types\/page"}],"author":[{"embeddable":true,"href":"https:\/\/power-shift.de\/fr\/wp-json\/wp\/v2\/users\/33"}],"replies":[{"embeddable":true,"href":"https:\/\/power-shift.de\/fr\/wp-json\/wp\/v2\/comments?post=96931"}],"version-history":[{"count":4,"href":"https:\/\/power-shift.de\/fr\/wp-json\/wp\/v2\/pages\/96931\/revisions"}],"predecessor-version":[{"id":96936,"href":"https:\/\/power-shift.de\/fr\/wp-json\/wp\/v2\/pages\/96931\/revisions\/96936"}],"up":[{"embeddable":true,"href":"https:\/\/power-shift.de\/fr\/wp-json\/wp\/v2\/pages\/118"}],"wp:featuredmedia":[{"embeddable":true,"href":"https:\/\/power-shift.de\/fr\/wp-json\/wp\/v2\/media\/93669"}],"wp:attachment":[{"href":"https:\/\/power-shift.de\/fr\/wp-json\/wp\/v2\/media?parent=96931"}],"wp:term":[{"taxonomy":"category","embeddable":true,"href":"https:\/\/power-shift.de\/fr\/wp-json\/wp\/v2\/categories?post=96931"},{"taxonomy":"post_tag","embeddable":true,"href":"https:\/\/power-shift.de\/fr\/wp-json\/wp\/v2\/tags?post=96931"},{"taxonomy":"thema","embeddable":true,"href":"https:\/\/power-shift.de\/fr\/wp-json\/wp\/v2\/thema?post=96931"},{"taxonomy":"author","embeddable":true,"href":"https:\/\/power-shift.de\/fr\/wp-json\/wp\/v2\/coauthors?post=96931"}],"curies":[{"name":"wp","href":"https:\/\/api.w.org\/{rel}","templated":true}]}}