{"id":96460,"date":"2022-07-31T11:50:20","date_gmt":"2022-07-31T09:50:20","guid":{"rendered":"https:\/\/2025.power-shift.de\/quellen-infoposter-for-export-only\/"},"modified":"2025-11-26T11:27:18","modified_gmt":"2025-11-26T10:27:18","slug":"infoposter-quellen","status":"publish","type":"page","link":"https:\/\/power-shift.de\/fr\/infoposter-quellen\/","title":{"rendered":"Sources Infoposter For Export only"},"content":{"rendered":"<h3 class=\"widget-title\">Sources UE-Mexique<\/h3>\n<p>\u00abEn \u00e9change\u00bb:<\/p>\n<ul>\n<li>AGRI-FOOD TRADE STATISTICAL FACTSHEET Union europ\u00e9enne \u2013 Mexique. Commission europ\u00e9enne, 16 mars 2022. <a href=\"https:\/\/agriculture.ec.europa.eu\/documents_en?f%5B0%5D=document_title%3Amexico\">https:\/\/agriculture.ec.europa.eu\/documents_en?f%5B0%5D=document_title%3Amexico<\/a><\/li>\n<li>\u00c9valuation ex post de la mise en \u0153uvre de l\u2019accord de libre-\u00e9change UE-Mexique. Ecorys, f\u00e9vrier 2017. <a href=\"https:\/\/circabc.europa.eu\/ui\/group\/09242a36-a438-40fd-a7af-fe32e36cbd0e\/library\/6bb189e5-74b9-433b-87f0-26f07408d3ae\/details\">https:\/\/circabc.europa.eu\/ui\/group\/09242a36-a438-40fd-a7af-fe32e36cbd0e\/library\/6bb189e5-74b9-433b-87f0-26f07408d3ae\/details<\/a><\/li>\n<li>Sustainability Impact Assessment (SIA) in support of the negotiations of the modernisation of the trade part of the Global Agreement with Mexico. Commission europ\u00e9enne, 17 septembre 2019. <a href=\"https:\/\/op.europa.eu\/en\/publication-detail\/-\/publication\/7db179f8-18cc-11eb-b57e-01aa75ed71a1\">https:\/\/op.europa.eu\/en\/publication-detail\/-\/publication\/7db179f8-18cc-11eb-b57e-01aa75ed71a1<\/a><\/li>\n<\/ul>\n<p>&nbsp;<\/p>\n<p>\u00abPar la suite\u00bb:<\/p>\n<ul>\n<li>Chapter on Intellectual Property Rights of the modernized EU-Mexico FTA. Commission europ\u00e9enne, 21 avril 2018. <a href=\"https:\/\/circabc.europa.eu\/ui\/group\/09242a36-a438-40fd-a7af-fe32e36cbd0e\/library\/c7f36171-c58b-4ffa-bb2c-2e5793705840\/details\">https:\/\/circabc.europa.eu\/ui\/group\/09242a36-a438-40fd-a7af-fe32e36cbd0e\/library\/c7f36171-c58b-4ffa-bb2c-2e5793705840\/details<\/a><\/li>\n<li>En busca de una soberan\u00eda alimentaria. Secretar\u00eda de Bienestar, 1er ao\u00fbt 2019. <a href=\"https:\/\/www.gob.mx\/bienestar\/articulos\/en-busca-de-una-soberania-alimentaria\">https:\/\/www.gob.mx\/bienestar\/articulos\/en-busca-de-una-soberania-alimentaria<\/a><\/li>\n<\/ul>\n<h3 class=\"widget-title\">Sources UE-Chili<\/h3>\n<p>\u00abEn \u00e9change\u00bb:<\/p>\n<ul>\n<li>AGRI-FOOD TRADE STATISTICAL FACTSHEET Union europ\u00e9enne \u2013 Chili. Commission europ\u00e9enne, 2021 <a href=\"https:\/\/agriculture.ec.europa.eu\/documents_en?f%5B0%5D=document_title%3Achile\">https:\/\/agriculture.ec.europa.eu\/documents_en?f%5B0%5D=document_title%3Achile<\/a><\/li>\n<li>FICHA PA\u00cdS: CHILE-UNI\u00d3N EUROPEA. Direcci\u00f3n de Estudios, SUBREI, ao\u00fbt 2022. <a href=\"https:\/\/www.subrei.gob.cl\/docs\/default-source\/estudios-y-documentos\/fichas\/union-europea-anual.pdf?sfvrsn=ee329fbc_2\">https:\/\/www.subrei.gob.cl\/docs\/default-source\/estudios-y-documentos\/fichas\/union-europea.pdf?sfvrsn=fedafb27_7<\/a><\/li>\n<li>Evaluation of the Economic Impact of the Trade Pillar of the EU-Chili Association Agreement. Rapport final. ITAQA SARL, 23 mars 2012. <a href=\"https:\/\/circabc.europa.eu\/ui\/group\/09242a36-a438-40fd-a7af-fe32e36cbd0e\/library\/26adf029-4b73-46a9-bc16-37d260b481f9\/details\">https:\/\/circabc.europa.eu\/ui\/group\/09242a36-a438-40fd-a7af-fe32e36cbd0e\/library\/26adf029-4b73-46a9-bc16-37d260b481f9\/details<\/a><\/li>\n<li>Sustainability Impact Assessment in Support of the Negotiations for the Modernisation of the Trade Part of the Association Agreement with Chile. BKP Development Research &amp; Consulting, 7 mai 2019. <a href=\"https:\/\/circabc.europa.eu\/ui\/group\/09242a36-a438-40fd-a7af-fe32e36cbd0e\/library\/1b9340d6-ce09-4be8-b501-7ec753cc70ce\/details?download=true\">https:\/\/circabc.europa.eu\/ui\/group\/09242a36-a438-40fd-a7af-fe32e36cbd0e\/library\/1b9340d6-ce09-4be8-b501-7ec753cc70ce\/details?download=true<\/a><\/li>\n<\/ul>\n<p>&nbsp;<\/p>\n<p>\u00abPar la suite\u00bb:<\/p>\n<ul>\n<li>Chili: 30 a\u00f1os de Tratados de Libre Comercio. Francisca Barriga \u2013 Andrea Sato<br \/>\nBenjam\u00edn S\u00e1ez \u2013 Caroline Stevens, Fundaci\u00f3n Sol, mars 2022. <a href=\"https:\/\/fundacionsol.cl\/cl_luzit_herramientas\/static\/adjuntos\/6821\/Plataforma%20NoTLC%20Informe%20Final.pdf\">https:\/\/fundacionsol.cl\/cl_luzit_herramientas\/static\/adjuntos\/6821\/Plataforma%20NoTLC%20Informe%20Final.pdf<\/a><\/li>\n<li>Evaluation of the Economic Impact of the Trade Pillar of the EU-Chili Association Agreement. Rapport final. ITAQA SARL, 23 mars 2012. <a href=\"https:\/\/circabc.europa.eu\/ui\/group\/09242a36-a438-40fd-a7af-fe32e36cbd0e\/library\/26adf029-4b73-46a9-bc16-37d260b481f9\/details\">https:\/\/circabc.europa.eu\/ui\/group\/09242a36-a438-40fd-a7af-fe32e36cbd0e\/library\/26adf029-4b73-46a9-bc16-37d260b481f9\/details<\/a><\/li>\n<li>Sustainability Impact Assessment in Support of the Negotiations for the Modernisation of the Trade Part of the Association Agreement with Chile. BKP Development Research &amp; Consulting, 7 mai 2019. <a href=\"https:\/\/circabc.europa.eu\/ui\/group\/09242a36-a438-40fd-a7af-fe32e36cbd0e\/library\/1b9340d6-ce09-4be8-b501-7ec753cc70ce\/details?download=true\">https:\/\/circabc.europa.eu\/ui\/group\/09242a36-a438-40fd-a7af-fe32e36cbd0e\/library\/1b9340d6-ce09-4be8-b501-7ec753cc70ce\/details?download=true<\/a><\/li>\n<li>Text proposal of the Chapter on Intellectual Property Rights of the modernized EU-Chili FTA. Commission europ\u00e9enne, 6 f\u00e9vrier 2018. <a href=\"https:\/\/circabc.europa.eu\/ui\/group\/09242a36-a438-40fd-a7af-fe32e36cbd0e\/library\/48e157b8-852a-480f-a2a9-c98f636397b9\/details\">https:\/\/circabc.europa.eu\/ui\/group\/09242a36-a438-40fd-a7af-fe32e36cbd0e\/library\/48e157b8-852a-480f-a2a9-c98f636397b9\/details<\/a><\/li>\n<li>Accord UE-Chili: Documents. <a href=\"https:\/\/policy.trade.ec.europa.eu\/eu-trade-relationships-country-and-region\/countries-and-regions\/chile\/documents_en\">https:\/\/policy.trade.ec.europa.eu\/eu-trade-relationships-country-and-region\/countries-and-regions\/chile\/documents_en<\/a><\/li>\n<\/ul>\n<h3 class=\"widget-title\">Sources UE-Mercosur<\/h3>\n<p>\u00abEn \u00e9change\u00bb:<\/p>\n<ul>\n<li>AGRI-FOOD TRADE STATISTICAL FACTSHEET European Union \u2013 Mercosur. Commission europ\u00e9enne, 16 mars 2022. <a href=\"https:\/\/agriculture.ec.europa.eu\/documents_en?f%5B0%5D=document_title%3Amercosur\">https:\/\/agriculture.ec.europa.eu\/documents_en?f%5B0%5D=document_title%3Amercosur<\/a><\/li>\n<li>Sustainability Impact Assessment in Support of the Association Agreement Negotiations between the European Union and Mercosur \u2013 Rapport final. London School of Economics, d\u00e9cembre 2020. <a href=\"https:\/\/circabc.europa.eu\/ui\/group\/09242a36-a438-40fd-a7af-fe32e36cbd0e\/library\/abfa1190-59d1-4f59-93a5-9b9810d2b744\/details\">https:\/\/circabc.europa.eu\/ui\/group\/09242a36-a438-40fd-a7af-fe32e36cbd0e\/library\/abfa1190-59d1-4f59-93a5-9b9810d2b744\/details<\/a><\/li>\n<\/ul>\n<p>&nbsp;<\/p>\n<p>\u00abPar la suite\u00bb:<\/p>\n<ul>\n<li>UE-Mercosur \u2013 un accord toxique. PowerShift, juillet 2020. <a href=\"https:\/\/power-shift.de\/wp-content\/uploads\/2020\/08\/PowerShfit_Handelspolitik_Reisefuehrer_EU_Mercosur_Ein_giftiges_Abkommen.pdf\">https:\/\/power-shift.de\/wp-content\/uploads\/2020\/07\/Reisef%C3%BChrer_EU_Mercosur_Ein_giftiges_Abkommen_Juli_2020.pdf<\/a><\/li>\n<li>Atlas del agronegocio transg\u00e9nico en el Cono Sur, Acci\u00f3n por la Biodiversidad, mai 2020,\u00a0<a href=\"http:\/\/www.biodiversidadla.org\/Atlas\">http:\/\/www.biodiversidadla.org\/Atlas<\/a><\/li>\n<li>Annex of tariff elimination schedule Mercosur. Commission europ\u00e9enne, 8 septembre 2022. <a href=\"https:\/\/circabc.europa.eu\/ui\/group\/09242a36-a438-40fd-a7af-fe32e36cbd0e\/library\/a041f028-2c04-4f52-b1c7-b929d61d7800\/details\">https:\/\/circabc.europa.eu\/ui\/group\/09242a36-a438-40fd-a7af-fe32e36cbd0e\/library\/a041f028-2c04-4f52-b1c7-b929d61d7800\/details<\/a><\/li>\n<li>Chapter on Intellectual Property, Trade part of the EU-Mercosur Association Agreement. Commission europ\u00e9enne.<a href=\"https:\/\/circabc.europa.eu\/ui\/group\/09242a36-a438-40fd-a7af-fe32e36cbd0e\/library\/0dd13d1e-528e-455e-941b-bc280753ca00\/details\"> https:\/\/circabc.europa.eu\/ui\/group\/09242a36-a438-40fd-a7af-fe32e36cbd0e\/library\/0dd13d1e-528e-455e-941b-bc280753ca00\/details<\/a><\/li>\n<\/ul>\n<p>&nbsp;<\/p>\n<p>Toutes les sources consult\u00e9es pour la derni\u00e8re fois le 28.02.2023<\/p>\n<h3 class=\"widget-title\">Mentions l\u00e9gales<\/h3>\n<p>\u00c9diteur:<br \/>\nPowerShift \u2013 Association pour une \u00e9conomie de l\u2019\u00e9nergie et de l\u2019\u00e9conomie mondiale respectueuse de l\u2019environnement et solidaire<br \/>\nGreifswalder Str. 4<br \/>\n10405 Berlin<br \/>\nT\u00e9l. : +49 30 42805479<br \/>\nSite web: <a href=\"https:\/\/power-shift.de\/fr\/\">https:\/\/power-shift.de<\/a><br \/>\nCourriel: info@power-shift.de<\/p>\n<p>Co-\u00e9diteur:<br \/>\nCommunaut\u00e9 de travail de l'agriculture paysanne (AbL)<br \/>\nCentre de recherche et de documentation Chili Am\u00e9rique latine (FDCL)<br \/>\nForum Environnement et d\u00e9veloppement<br \/>\nAmis de la nature d'Allemagne<\/p>\n<p>Auteur: Bettina M\u00fcller<br \/>\nR\u00e9daction : Bettina M\u00fcller et Anne Bundschuh<br \/>\nIllustration &amp; Mise en page: Michelle Tylicky \/ <a href=\"https:\/\/www.michelletylicki.info\/\">www.michelletylicki.info<\/a><\/p>\n<p>Berlin, d\u00e9cembre 2022<\/p>","protected":false},"excerpt":{"rendered":"<p>Sources UE-Mexique \u00abEn \u00e9change\u00bb: AGRI-FOOD TRADE STATISTICAL FACTSHEET Union europ\u00e9enne \u2013 Mexique. Commission europ\u00e9enne, 16 mars 2022. https:\/\/agriculture.ec.europa.eu\/documents_en?f0=document_titlemexico Ex-post evaluation of the implementation of the EU-Mexico Free Trade Agreement. Ecorys, f\u00e9vrier 2017. https:\/\/circabc.europa.eu\/ui\/group\/09242a36-a438-40fd-a7af-fe32e36cbd0e\/library\/6bb189e5-74b9-433b-87f0-26f07408d3ae\/details Sustainability Impact Assessment (SIA) in support of the negotiations of the modernisation of the trade part of the Global Agreement with Mexico....<\/p>","protected":false},"author":29,"featured_media":93669,"parent":0,"menu_order":37,"comment_status":"closed","ping_status":"closed","template":"","meta":{"_acf_changed":false,"footnotes":""},"categories":[217],"tags":[],"thema":[],"coauthors":[252],"class_list":["post-96460","page","type-page","status-publish","has-post-thumbnail","hentry","category-hintergrund","entry","has-media"],"acf":[],"_links":{"self":[{"href":"https:\/\/power-shift.de\/fr\/wp-json\/wp\/v2\/pages\/96460","targetHints":{"allow":["GET"]}}],"collection":[{"href":"https:\/\/power-shift.de\/fr\/wp-json\/wp\/v2\/pages"}],"about":[{"href":"https:\/\/power-shift.de\/fr\/wp-json\/wp\/v2\/types\/page"}],"author":[{"embeddable":true,"href":"https:\/\/power-shift.de\/fr\/wp-json\/wp\/v2\/users\/29"}],"replies":[{"embeddable":true,"href":"https:\/\/power-shift.de\/fr\/wp-json\/wp\/v2\/comments?post=96460"}],"version-history":[{"count":5,"href":"https:\/\/power-shift.de\/fr\/wp-json\/wp\/v2\/pages\/96460\/revisions"}],"predecessor-version":[{"id":97757,"href":"https:\/\/power-shift.de\/fr\/wp-json\/wp\/v2\/pages\/96460\/revisions\/97757"}],"wp:featuredmedia":[{"embeddable":true,"href":"https:\/\/power-shift.de\/fr\/wp-json\/wp\/v2\/media\/93669"}],"wp:attachment":[{"href":"https:\/\/power-shift.de\/fr\/wp-json\/wp\/v2\/media?parent=96460"}],"wp:term":[{"taxonomy":"category","embeddable":true,"href":"https:\/\/power-shift.de\/fr\/wp-json\/wp\/v2\/categories?post=96460"},{"taxonomy":"post_tag","embeddable":true,"href":"https:\/\/power-shift.de\/fr\/wp-json\/wp\/v2\/tags?post=96460"},{"taxonomy":"thema","embeddable":true,"href":"https:\/\/power-shift.de\/fr\/wp-json\/wp\/v2\/thema?post=96460"},{"taxonomy":"author","embeddable":true,"href":"https:\/\/power-shift.de\/fr\/wp-json\/wp\/v2\/coauthors?post=96460"}],"curies":[{"name":"wp","href":"https:\/\/api.w.org\/{rel}","templated":true}]}}