{"id":96189,"date":"2019-07-25T13:40:54","date_gmt":"2019-07-25T11:40:54","guid":{"rendered":"https:\/\/2025.power-shift.de\/powershift-e-v-jahresberichte\/"},"modified":"2026-03-09T14:01:10","modified_gmt":"2026-03-09T13:01:10","slug":"powershift-e-v-jahresberichte","status":"publish","type":"page","link":"https:\/\/power-shift.de\/fr\/powershift-e-v-jahresberichte\/","title":{"rendered":"Rapports annuels de PowerShift e.V."},"content":{"rendered":"<div class=\"wpb-content-wrapper\"><div class=\"vc_row wpb_row vc_row-fluid wpex-relative\"><div class=\"wpb_column vc_column_container vc_col-sm-12\"><div class=\"vc_column-inner\"><div class=\"wpb_wrapper\"><div class=\"wpex-template-shortcode\"><style type=\"text\/css\" data-type=\"vc_shortcodes-custom-css\">.vc_custom_1757938261376{margin-top: -30px !important;}<\/style><div class=\"vc_row wpb_row vc_row-fluid pageheader-with-title background-desaturate vc_custom_1757938261376 vc_row-o-content-middle vc_row-flex wpex-vc-full-width-row wpex-vc-full-width-row--centered wpex-relative wpex-has-overlay wpex-has-overlay--69e1ec536fb24\" style=\"background-position:center center!important;background-size:cover!important;\"><div class=\"wpex-bg-overlay-wrap wpex-absolute wpex-inset-0 wpex-rounded-inherit\"><style class=\"wpex-bg-overlay-css\">.wpex-has-overlay--69e1ec536fb24 > .wpex-bg-overlay-wrap .wpex-bg-overlay{background-color:var(--wpex-palette-23-color);opacity:100%;}<\/style><span class=\"wpex-bg-overlay color wpex-absolute wpex-inset-0 wpex-rounded-inherit wpex-duration-500 wpex-opacity-60 wpex-mix-blend-multiply wpex-bg-black\"><\/span><\/div><div class=\"wpb_column wpex-py-50 vc_column_container vc_col-sm-12\"><div class=\"vc_column-inner\"><div class=\"wpb_wrapper\"><div class=\"vcex-spacing wpex-w-100 wpex-clear\"><\/div><style>.vcex-page-title.vcex_69e1ec53706b2 .vcex-page-title__heading{color:#ffffff;}<\/style><div class=\"vcex-page-title vcex-module wpex-text-center vcex_69e1ec53706b2\"><h1 class=\"vcex-page-title__heading wpex-heading wpex-text-3xl\"><span class=\"vcex-page-title__text\">Rapports annuels de PowerShift e.V.<\/span><\/h1><\/div><div class=\"vcex-spacing wpex-w-100 wpex-clear\"><\/div><\/div><\/div><\/div><\/div>\n<\/div><\/div><\/div><\/div><\/div><div class=\"vc_row wpb_row vc_row-fluid wpex-relative\"><div class=\"wpb_column vc_column_container vc_col-sm-12\"><div class=\"vc_column-inner\"><div class=\"wpb_wrapper\">\n\t<div class=\"wpb_text_column wpb_content_element\" >\n\t\t<div class=\"wpb_wrapper\">\n\t\t\t<h3 class=\"title\">Nos rapports annuels<\/h3>\n<p>Plongez dans nos activit\u00e9s, publications et offres \u00e9ducatives et d\u00e9couvrez comment nous nous engageons pour un monde solidaire et \u00e9cologique.<\/p>\n<h2>Rapport annuel 2025<\/h2>\n<p><a class=\"button default small\" href=\"https:\/\/power-shift.de\/wp-content\/uploads\/2026\/03\/PowerShift-Jahresbericht-2025.pdf\">T\u00e9l\u00e9charger le PDF<\/a><\/p>\n<h2>Rapport annuel 2024<\/h2>\n<p><a class=\"button default small\" href=\"https:\/\/power-shift.de\/wp-content\/uploads\/2025\/07\/PowerShift_Jahresbericht-2024.pdf\" target=\"_self\">T\u00e9l\u00e9charger le PDF<\/a><\/p>\n<h2>Rapport annuel 2023<\/h2>\n<p><a class=\"button default small\" href=\"https:\/\/power-shift.de\/wp-content\/uploads\/2025\/06\/Jahresbericht-2023.pdf\" target=\"_self\">T\u00e9l\u00e9charger le PDF<\/a><\/p>\n<h2>Rapport annuel 2022<\/h2>\n<p><a class=\"button default small\" href=\"https:\/\/power-shift.de\/wp-content\/uploads\/2025\/06\/Jahresbericht-2022.pdf\" target=\"_self\">T\u00e9l\u00e9charger le PDF<\/a><\/p>\n<h2>Rapport annuel 2021<\/h2>\n<p><a class=\"button default small\" href=\"https:\/\/power-shift.de\/wp-content\/uploads\/2025\/06\/Jahresbericht-2021.pdf\" target=\"_self\">T\u00e9l\u00e9charger le PDF<\/a><\/p>\n<h2>Rapport annuel 2020<\/h2>\n<p><a class=\"button default small\" href=\"https:\/\/power-shift.de\/wp-content\/uploads\/2025\/06\/Jahresbericht-2020.pdf\" target=\"_self\">T\u00e9l\u00e9charger le PDF<\/a><\/p>\n<h2>Rapport annuel 2019<\/h2>\n<p><a class=\"button default small\" href=\"https:\/\/power-shift.de\/wp-content\/uploads\/2025\/06\/Jahresbericht-2019.docx.pdf\" target=\"_self\">T\u00e9l\u00e9charger le PDF<\/a><\/p>\n<h2>Rapport annuel 2018<\/h2>\n<p><a class=\"button default small\" href=\"https:\/\/power-shift.de\/wp-content\/uploads\/2025\/06\/Jahrebericht-2018.pdf\" target=\"_self\">T\u00e9l\u00e9charger le PDF<\/a><\/p>\n<h2>Rapport annuel 2017<\/h2>\n<p><a class=\"button default small\" href=\"https:\/\/power-shift.de\/wp-content\/uploads\/2025\/06\/Jahrebericht-2017-1.pdf\" target=\"_self\">T\u00e9l\u00e9charger le PDF<\/a><\/p>\n<h2>Rapport annuel 2016<\/h2>\n<p><a class=\"button default small\" href=\"https:\/\/power-shift.de\/wp-content\/uploads\/2025\/06\/Jahrebericht-2016.pdf\" target=\"_self\">T\u00e9l\u00e9charger le PDF<\/a><\/p>\n\n\t\t<\/div>\n\t<\/div>\n<\/div><\/div><\/div><\/div>\n<\/div>","protected":false},"excerpt":{"rendered":"PowerShift e.V.-Jahresberichte Unsere Jahresberichte Tauchen Sie ein in unsere Aktivit\u00e4ten, Publikationen und Bildungsangebote und erfahren Sie, wie wir uns f\u00fcr eine solidarisch-\u00f6kologische Welt einsetzen. Jahresbericht 2025 PDF herunterladen Jahresbericht 2024 PDF herunterladen Jahresbericht 2023 PDF herunterladen Jahresbericht 2022 PDF herunterladen Jahresbericht 2021 PDF herunterladen Jahresbericht 2020 PDF herunterladen Jahresbericht 2019 PDF herunterladen Jahresbericht 2018 PDF&hellip;","protected":false},"author":29,"featured_media":96188,"parent":0,"menu_order":30,"comment_status":"closed","ping_status":"closed","template":"","meta":{"_acf_changed":false,"footnotes":""},"categories":[],"tags":[],"thema":[],"coauthors":[252],"class_list":["post-96189","page","type-page","status-publish","has-post-thumbnail","hentry","entry","has-media"],"acf":[],"_links":{"self":[{"href":"https:\/\/power-shift.de\/fr\/wp-json\/wp\/v2\/pages\/96189","targetHints":{"allow":["GET"]}}],"collection":[{"href":"https:\/\/power-shift.de\/fr\/wp-json\/wp\/v2\/pages"}],"about":[{"href":"https:\/\/power-shift.de\/fr\/wp-json\/wp\/v2\/types\/page"}],"author":[{"embeddable":true,"href":"https:\/\/power-shift.de\/fr\/wp-json\/wp\/v2\/users\/29"}],"replies":[{"embeddable":true,"href":"https:\/\/power-shift.de\/fr\/wp-json\/wp\/v2\/comments?post=96189"}],"version-history":[{"count":7,"href":"https:\/\/power-shift.de\/fr\/wp-json\/wp\/v2\/pages\/96189\/revisions"}],"predecessor-version":[{"id":98787,"href":"https:\/\/power-shift.de\/fr\/wp-json\/wp\/v2\/pages\/96189\/revisions\/98787"}],"wp:featuredmedia":[{"embeddable":true,"href":"https:\/\/power-shift.de\/fr\/wp-json\/wp\/v2\/media\/96188"}],"wp:attachment":[{"href":"https:\/\/power-shift.de\/fr\/wp-json\/wp\/v2\/media?parent=96189"}],"wp:term":[{"taxonomy":"category","embeddable":true,"href":"https:\/\/power-shift.de\/fr\/wp-json\/wp\/v2\/categories?post=96189"},{"taxonomy":"post_tag","embeddable":true,"href":"https:\/\/power-shift.de\/fr\/wp-json\/wp\/v2\/tags?post=96189"},{"taxonomy":"thema","embeddable":true,"href":"https:\/\/power-shift.de\/fr\/wp-json\/wp\/v2\/thema?post=96189"},{"taxonomy":"author","embeddable":true,"href":"https:\/\/power-shift.de\/fr\/wp-json\/wp\/v2\/coauthors?post=96189"}],"curies":[{"name":"wp","href":"https:\/\/api.w.org\/{rel}","templated":true}]}}