{"id":96182,"date":"2019-07-25T13:26:49","date_gmt":"2025-07-25T11:26:42","guid":{"rendered":"https:\/\/2025.power-shift.de\/?page_id=96182"},"modified":"2025-12-05T12:50:36","modified_gmt":"2025-12-05T11:50:36","slug":"quellen-steckbrief-aluminium-bauxit","status":"publish","type":"page","link":"https:\/\/power-shift.de\/fr\/quellen-steckbrief-aluminium-bauxit\/","title":{"rendered":"Sources Fiche technique Aluminium &amp; Bauxite"},"content":{"rendered":"<div class=\"wpb-content-wrapper\"><div class=\"vc_row wpb_row vc_row-fluid wpex-relative\"><div class=\"wpb_column vc_column_container vc_col-sm-12\"><div class=\"vc_column-inner\"><div class=\"wpb_wrapper\">\n\t<div class=\"wpb_text_column wpb_content_element\" >\n\t\t<div class=\"wpb_wrapper\">\n\t\t\t<p>Cette page n'est plus mise \u00e0 jour r\u00e9guli\u00e8rement. Par cons\u00e9quent, certains liens peuvent ne plus fonctionner.<\/p>\n<p>https:\/\/www.bgr.bund.de\/DERA\/DE\/Downloads\/DERACahier th\u00e9matique-01-21.pdf?__blob=publicationFile&amp;v=2, 2021<br \/>\n<a href=\"https:\/\/copperalliance.org\/wp-content\/uploads\/2017\/06\/2017.06-E-Mobility-Factsheet-1.pdf\" target=\"_blank\" rel=\"noopener\">https:\/\/copperalliance.org\/wp-content\/uploads\/2017\/06\/2017.06-E-Mobility-Factsheet-1.pdf<\/a>, 2017<br \/>\n<a href=\"https:\/\/www.kupferinstitut.de\/kupferwerkstoffe\/nachhaltigkeit\/recycling\/\">https:\/\/www.kupferinstitut.de\/kupferwerkstoffe\/nachhaltigkeit\/recycling\/<\/a><br \/>\n<a href=\"https:\/\/www.ci-romero.de\/wp-content\/uploads\/2019\/09\/190925_Der-deutsche-Rohstoffhunger_Interaktiv_web.pdf\" target=\"_blank\" rel=\"noopener\">https:\/\/www.ci-romero.de\/wp-content\/uploads\/2019\/09\/190925_Der-deutsche-Rohstoffhunger_Interaktiv_web.pdf<\/a>, 2019 12f.<br \/>\n<a href=\"https:\/\/www.wvmetalle-geschaeftsbericht.de\/19-20\/konjunktur_und_statistik\/konjunktur_und_statistik_04\" target=\"_blank\" rel=\"noopener\">https:\/\/www.wvmetalle-geschaeftsbericht.de\/19-20\/konjunktur_und_statistik\/konjunktur_und_statistik_04<\/a>, 2020<br \/>\n<a href=\"https:\/\/pubs.usgs.gov\/periodicals\/mcs2021\/mcs2021.pdf\" target=\"_blank\" rel=\"noopener\">https:\/\/pubs.usgs.gov\/periodicals\/mcs2021\/mcs2021.pdf<\/a>, 2021<br \/>\n<a href=\"https:\/\/www.bgr.bund.de\/DE\/Themen\/Rohstoffe\/Downloads\/Downloads-MR\/rohsit-2019.pdf?__blob=publicationFile&amp;v=1\" target=\"_blank\" rel=\"noopener\">https:\/\/www.bgr.bund.de\/DE\/Themen\/Min_rohstoffe\/Downloads\/rohsit-2019.pdf?__blob=publicationFile&amp;v=5<\/a>, 2019<br \/>\nhttps:\/\/www.deutsche-rohstoffagentur.de\/DE\/Th\u00e8mes\/Min_rohstoffe\/Downloads\/rohstoffsteckbrief_cu.pdf?__blob=publicationFile&amp;v=7, 2010<br \/>\nhttps:\/\/fr.statista.com\/statistiques\/donn\u00e9es\/\u00e9tude\/240787\/enqu\u00eate\/plus grand producteur de cuivre-monde-apr\u00e8s-production\/, 2019<br \/>\n<a href=\"https:\/\/www.bhp.com\/media-and-insights\/reports-and-presentations\/2017\/11\/coppers-time-has-come\/\" target=\"_blank\" rel=\"noopener\">https:\/\/www.bhp.com\/media-and-insights\/reports-and-presentations\/2017\/11\/coppers-time-has-come\/<\/a>, 2017<br \/>\n<a href=\"https:\/\/www.ci-romero.de\/wp-content\/uploads\/2019\/09\/190925_Der-deutsche-Rohstoffhunger_Interaktiv_web.pdf\" target=\"_blank\" rel=\"noopener\">https:\/\/www.ci-romero.de\/wp-content\/uploads\/2019\/09\/190925_Der-deutsche-Rohstoffhunger_Interaktiv_web.pdf<\/a>, 2019<\/p>\n\n\t\t<\/div>\n\t<\/div>\n<\/div><\/div><\/div><\/div>\n<\/div>","protected":false},"excerpt":{"rendered":"Diese Seite wird nicht mehr regelm\u00e4\u00dfig aktualisiert. Daher funktionieren einige Links m\u00f6glicherweise nicht mehr. https:\/\/www.bgr.bund.de\/DERA\/DE\/Downloads\/DERA%20Themenheft-01-21.pdf?__blob=publicationFile&amp;v=2, 2021 https:\/\/copperalliance.org\/wp-content\/uploads\/2017\/06\/2017.06-E-Mobility-Factsheet-1.pdf, 2017 https:\/\/www.kupferinstitut.de\/kupferwerkstoffe\/nachhaltigkeit\/recycling\/ https:\/\/www.ci-romero.de\/wp-content\/uploads\/2019\/09\/190925_Der-deutsche-Rohstoffhunger_Interaktiv_web.pdf, 2019 12f. https:\/\/www.wvmetalle-geschaeftsbericht.de\/19-20\/konjunktur_und_statistik\/konjunktur_und_statistik_04, 2020 https:\/\/pubs.usgs.gov\/periodicals\/mcs2021\/mcs2021.pdf, 2021 https:\/\/www.bgr.bund.de\/DE\/Themen\/Min_rohstoffe\/Downloads\/rohsit-2019.pdf?__blob=publicationFile&amp;v=5, 2019 https:\/\/www.deutsche-rohstoffagentur.de\/DE\/Themen\/Min_rohstoffe\/Downloads\/rohstoffsteckbrief_cu.pdf?__blob=publicationFile&amp;v=7, 2010 https:\/\/de.statista.com\/statistik\/daten\/studie\/240787\/umfrage\/groesste-kupferproduzenten-weltweit-nach-produktionsmenge\/, 2019 https:\/\/www.bhp.com\/media-and-insights\/reports-and-presentations\/2017\/11\/coppers-time-has-come\/, 2017 https:\/\/www.ci-romero.de\/wp-content\/uploads\/2019\/09\/190925_Der-deutsche-Rohstoffhunger_Interaktiv_web.pdf, 2019","protected":false},"author":29,"featured_media":76738,"parent":0,"menu_order":35,"comment_status":"closed","ping_status":"closed","template":"","meta":{"_acf_changed":false,"footnotes":""},"categories":[],"tags":[],"thema":[],"coauthors":[252],"class_list":["post-96182","page","type-page","status-publish","has-post-thumbnail","hentry","entry","has-media"],"acf":[],"_links":{"self":[{"href":"https:\/\/power-shift.de\/fr\/wp-json\/wp\/v2\/pages\/96182","targetHints":{"allow":["GET"]}}],"collection":[{"href":"https:\/\/power-shift.de\/fr\/wp-json\/wp\/v2\/pages"}],"about":[{"href":"https:\/\/power-shift.de\/fr\/wp-json\/wp\/v2\/types\/page"}],"author":[{"embeddable":true,"href":"https:\/\/power-shift.de\/fr\/wp-json\/wp\/v2\/users\/29"}],"replies":[{"embeddable":true,"href":"https:\/\/power-shift.de\/fr\/wp-json\/wp\/v2\/comments?post=96182"}],"version-history":[{"count":5,"href":"https:\/\/power-shift.de\/fr\/wp-json\/wp\/v2\/pages\/96182\/revisions"}],"predecessor-version":[{"id":97801,"href":"https:\/\/power-shift.de\/fr\/wp-json\/wp\/v2\/pages\/96182\/revisions\/97801"}],"wp:featuredmedia":[{"embeddable":true,"href":"https:\/\/power-shift.de\/fr\/wp-json\/wp\/v2\/media\/76738"}],"wp:attachment":[{"href":"https:\/\/power-shift.de\/fr\/wp-json\/wp\/v2\/media?parent=96182"}],"wp:term":[{"taxonomy":"category","embeddable":true,"href":"https:\/\/power-shift.de\/fr\/wp-json\/wp\/v2\/categories?post=96182"},{"taxonomy":"post_tag","embeddable":true,"href":"https:\/\/power-shift.de\/fr\/wp-json\/wp\/v2\/tags?post=96182"},{"taxonomy":"thema","embeddable":true,"href":"https:\/\/power-shift.de\/fr\/wp-json\/wp\/v2\/thema?post=96182"},{"taxonomy":"author","embeddable":true,"href":"https:\/\/power-shift.de\/fr\/wp-json\/wp\/v2\/coauthors?post=96182"}],"curies":[{"name":"wp","href":"https:\/\/api.w.org\/{rel}","templated":true}]}}