{"id":96144,"date":"2019-07-25T12:10:38","date_gmt":"2019-07-25T10:10:38","guid":{"rendered":"https:\/\/2025.power-shift.de\/youtube\/"},"modified":"2025-09-29T11:43:42","modified_gmt":"2025-09-29T09:43:42","slug":"youtube","status":"publish","type":"page","link":"https:\/\/power-shift.de\/fr\/youtube\/","title":{"rendered":"YouTube"},"content":{"rendered":"<h1 style=\"text-align: center;\">Rejoignez notre communaut\u00e9 YouTube!<\/h1>\n<p style=\"text-align: center;\">\u00cates-vous agac\u00e9 par le fait que Meta d\u00e9grade notre contenu?<\/p>\n<p style=\"text-align: center;\"><a class=\"color-button green\" href=\"https:\/\/www.youtube.com\/user\/POWERSHIFTnetz?utm_source=x&amp;utm_medium=profil&amp;utm_campaign=youtube&amp;utm_content=\" target=\"_blank\" rel=\"noopener\">Suivez-nous sur YouTube!<\/a><\/p>\n<p style=\"text-align: center;\">C'est simple : abonnez-vous \u00e0 notre cha\u00eene et activez les notifications.<\/p>\n<div class=\"wpex-alert wpex-alert-info\">\n<p><strong>Aide-moi!<\/strong><\/p>\n<p>Nous ne voulons plus d\u00e9pendre de Meta. L'algorithme rend nos messages presque invisibles.<\/p>\n<p>Nous misons \u00e9galement sur YouTube, o\u00f9 vous pouvez vous abonner \u00e0 notre cha\u00eene et \u00eatre averti lorsque nous publions du nouveau contenu.<\/p>\n<p>Pas une solution parfaite, oui. Mais la meilleure qu'on ait.<\/p>\n<\/div>","protected":false},"excerpt":{"rendered":"<p>Werde Teil unserer YouTube-Community! Dich nervt es, dass Meta unseren Content herunterstuft? Folge uns zu YouTube! Ganz einfach: Abonniere unseren Kanal und aktiviere die Benachrichtigungen. Hilf mit! Wir wollen nicht l\u00e4nger von Meta abh\u00e4ngig sein. Der Algorithmus macht unsere Posts nahezu unsichtbar. DESHALB setzen wir auf YouTube, denn dort k\u00f6nnt ihr unseren Kanal abonnieren und&hellip;<\/p>","protected":false},"author":29,"featured_media":93669,"parent":0,"menu_order":31,"comment_status":"closed","ping_status":"closed","template":"","meta":{"_acf_changed":false,"footnotes":""},"categories":[],"tags":[],"thema":[],"coauthors":[252],"class_list":["post-96144","page","type-page","status-publish","has-post-thumbnail","hentry","entry","has-media"],"acf":[],"_links":{"self":[{"href":"https:\/\/power-shift.de\/fr\/wp-json\/wp\/v2\/pages\/96144","targetHints":{"allow":["GET"]}}],"collection":[{"href":"https:\/\/power-shift.de\/fr\/wp-json\/wp\/v2\/pages"}],"about":[{"href":"https:\/\/power-shift.de\/fr\/wp-json\/wp\/v2\/types\/page"}],"author":[{"embeddable":true,"href":"https:\/\/power-shift.de\/fr\/wp-json\/wp\/v2\/users\/29"}],"replies":[{"embeddable":true,"href":"https:\/\/power-shift.de\/fr\/wp-json\/wp\/v2\/comments?post=96144"}],"version-history":[{"count":4,"href":"https:\/\/power-shift.de\/fr\/wp-json\/wp\/v2\/pages\/96144\/revisions"}],"predecessor-version":[{"id":97328,"href":"https:\/\/power-shift.de\/fr\/wp-json\/wp\/v2\/pages\/96144\/revisions\/97328"}],"wp:featuredmedia":[{"embeddable":true,"href":"https:\/\/power-shift.de\/fr\/wp-json\/wp\/v2\/media\/93669"}],"wp:attachment":[{"href":"https:\/\/power-shift.de\/fr\/wp-json\/wp\/v2\/media?parent=96144"}],"wp:term":[{"taxonomy":"category","embeddable":true,"href":"https:\/\/power-shift.de\/fr\/wp-json\/wp\/v2\/categories?post=96144"},{"taxonomy":"post_tag","embeddable":true,"href":"https:\/\/power-shift.de\/fr\/wp-json\/wp\/v2\/tags?post=96144"},{"taxonomy":"thema","embeddable":true,"href":"https:\/\/power-shift.de\/fr\/wp-json\/wp\/v2\/thema?post=96144"},{"taxonomy":"author","embeddable":true,"href":"https:\/\/power-shift.de\/fr\/wp-json\/wp\/v2\/coauthors?post=96144"}],"curies":[{"name":"wp","href":"https:\/\/api.w.org\/{rel}","templated":true}]}}