{"id":95951,"date":"2019-07-23T10:39:04","date_gmt":"2019-07-23T08:39:04","guid":{"rendered":"https:\/\/2025.power-shift.de\/?page_id=95951"},"modified":"2025-09-29T11:52:00","modified_gmt":"2025-09-29T09:52:00","slug":"beirat-vorstand","status":"publish","type":"page","link":"https:\/\/power-shift.de\/fr\/ueber-uns\/beirat-vorstand\/","title":{"rendered":"Conseil consultatif &amp; Conseil d'administration"},"content":{"rendered":"<div class=\"wpb-content-wrapper\"><div class=\"vc_row wpb_row vc_row-fluid wpex-relative\"><div class=\"wpb_column vc_column_container vc_col-sm-12\"><div class=\"vc_column-inner\"><div class=\"wpb_wrapper\">\n\t<div class=\"wpb_text_column wpb_content_element\" >\n\t\t<div class=\"wpb_wrapper\">\n\t\t\t<h3 style=\"text-align: center;\">Conseil consultatif<\/h3>\n\n\t\t<\/div>\n\t<\/div>\n<div class=\"wpex-post-cards wpex-post-cards-template_96003 wpex-justify-center wpex-relative\"><div class=\"wpex-post-cards-inner\"><div class=\"wpex-post-cards-loop wpex-post-cards-grid wpex-row wpex-clr\"><div class=\"wpex-post-cards-entry col col-1 span_1_of_3 post-95954 type-staff cat-101 author-97\"><div class=\"wpex-card wpex-card-template_96003\"><style>.vc_custom_1747326952379{margin-bottom: 0px !important;}<\/style><div class=\"wpex-card-inner\"><div class=\"vc_row wpb_row vc_row-fluid wpex-card-custom-staff wpex-relative\"><div class=\"wpb_column vc_column_container vc_col-sm-12\"><div class=\"vc_column-inner vc_custom_1747326952379\"><div class=\"wpb_wrapper\"><div class=\"vcex-post-media vcex-module\"><img data-no-lazy=\"1\" class=\"wpex-align-center skip-lazy\" src=\"https:\/\/power-shift.de\/wp-content\/uploads\/2025\/05\/Kristina_Dietz-Beirat-PowerShift-1024x1024-1-150x150.jpg\" alt=\"Photo Kristina Dietz PowerShift Conseil consultatif\" srcset=\"https:\/\/power-shift.de\/wp-content\/uploads\/2025\/05\/Kristina_Dietz-Beirat-PowerShift-1024x1024-1-150x150.jpg 150w, https:\/\/power-shift.de\/wp-content\/uploads\/2025\/05\/Kristina_Dietz-Beirat-PowerShift-1024x1024-1-300x300.jpg 300w, https:\/\/power-shift.de\/wp-content\/uploads\/2025\/05\/Kristina_Dietz-Beirat-PowerShift-1024x1024-1-768x768.jpg 768w, https:\/\/power-shift.de\/wp-content\/uploads\/2025\/05\/Kristina_Dietz-Beirat-PowerShift-1024x1024-1-600x600.jpg 600w, https:\/\/power-shift.de\/wp-content\/uploads\/2025\/05\/Kristina_Dietz-Beirat-PowerShift-1024x1024-1-100x100.jpg 100w, https:\/\/power-shift.de\/wp-content\/uploads\/2025\/05\/Kristina_Dietz-Beirat-PowerShift-1024x1024-1.jpg 1024w\" width=\"150\" height=\"150\"><\/div><style>.vcex-page-title.vcex_69fc4a0b71584 .vcex-page-title__heading{font-size:1rem;font-weight:700;}<\/style><div class=\"vcex-page-title vcex-module vcex_69fc4a0b71584\"><div class=\"vcex-page-title__heading wpex-heading wpex-text-3xl\"><span class=\"vcex-page-title__text\">Prof. Dr. Kristina Dietz<\/span><\/div><\/div><div class=\"vcex-custom-field vcex-module wpex-clr staff-position\">Universit\u00e9 de Kassel<\/div><div class=\"staff-social wpex-social-btns wpex-mt-15 wpex-flex wpex-flex-wrap wpex-gap-5\"><\/div><\/div><\/div><\/div><\/div><\/div><\/div><\/div><div class=\"wpex-post-cards-entry col col-2 span_1_of_3 post-95957 type-staff cat-101 author-97\"><div class=\"wpex-card wpex-card-template_96003\"><div class=\"wpex-card-inner\"><div class=\"vc_row wpb_row vc_row-fluid wpex-card-custom-staff wpex-relative\"><div class=\"wpb_column vc_column_container vc_col-sm-12\"><div class=\"vc_column-inner vc_custom_1747326952379\"><div class=\"wpb_wrapper\"><div class=\"vcex-post-media vcex-module\"><img data-no-lazy=\"1\" class=\"wpex-align-center skip-lazy\" src=\"https:\/\/power-shift.de\/wp-content\/uploads\/2025\/05\/Pia_Eberhardt-Beirat-PowerShift-150x150.jpeg\" alt=\"Photo Pia Eberhardt PowerShfit Conseil consultatif\" srcset=\"https:\/\/power-shift.de\/wp-content\/uploads\/2025\/05\/Pia_Eberhardt-Beirat-PowerShift-150x150.jpeg 150w, https:\/\/power-shift.de\/wp-content\/uploads\/2025\/05\/Pia_Eberhardt-Beirat-PowerShift-300x300.jpeg 300w, https:\/\/power-shift.de\/wp-content\/uploads\/2025\/05\/Pia_Eberhardt-Beirat-PowerShift-600x600.jpeg 600w, https:\/\/power-shift.de\/wp-content\/uploads\/2025\/05\/Pia_Eberhardt-Beirat-PowerShift-100x100.jpeg 100w, https:\/\/power-shift.de\/wp-content\/uploads\/2025\/05\/Pia_Eberhardt-Beirat-PowerShift.jpeg 624w\" width=\"150\" height=\"150\"><\/div><style>.vcex-page-title.vcex_69fc4a0b74727 .vcex-page-title__heading{font-size:1rem;font-weight:700;}<\/style><div class=\"vcex-page-title vcex-module vcex_69fc4a0b74727\"><div class=\"vcex-page-title__heading wpex-heading wpex-text-3xl\"><span class=\"vcex-page-title__text\">Pia Eberhardt<\/span><\/div><\/div><div class=\"vcex-custom-field vcex-module wpex-clr staff-position\">Auteur scientifique libre<\/div><div class=\"staff-social wpex-social-btns wpex-mt-15 wpex-flex wpex-flex-wrap wpex-gap-5\"><\/div><\/div><\/div><\/div><\/div><\/div><\/div><\/div><div class=\"wpex-post-cards-entry col col-3 span_1_of_3 post-95959 type-staff cat-101 author-97\"><div class=\"wpex-card wpex-card-template_96003\"><div class=\"wpex-card-inner\"><div class=\"vc_row wpb_row vc_row-fluid wpex-card-custom-staff wpex-relative\"><div class=\"wpb_column vc_column_container vc_col-sm-12\"><div class=\"vc_column-inner vc_custom_1747326952379\"><div class=\"wpb_wrapper\"><div class=\"vcex-post-media vcex-module\"><img data-no-lazy=\"1\" class=\"wpex-align-center skip-lazy\" src=\"https:\/\/power-shift.de\/wp-content\/uploads\/2025\/05\/Franziska-Mueller-Beirat-PowerShift-1024x1024-1-150x150.jpg\" alt=\"Photo Franziska M\u00fcller PowerShift Conseil consultatif\" srcset=\"https:\/\/power-shift.de\/wp-content\/uploads\/2025\/05\/Franziska-Mueller-Beirat-PowerShift-1024x1024-1-150x150.jpg 150w, https:\/\/power-shift.de\/wp-content\/uploads\/2025\/05\/Franziska-Mueller-Beirat-PowerShift-1024x1024-1-300x300.jpg 300w, https:\/\/power-shift.de\/wp-content\/uploads\/2025\/05\/Franziska-Mueller-Beirat-PowerShift-1024x1024-1-768x768.jpg 768w, https:\/\/power-shift.de\/wp-content\/uploads\/2025\/05\/Franziska-Mueller-Beirat-PowerShift-1024x1024-1-600x600.jpg 600w, https:\/\/power-shift.de\/wp-content\/uploads\/2025\/05\/Franziska-Mueller-Beirat-PowerShift-1024x1024-1-100x100.jpg 100w, https:\/\/power-shift.de\/wp-content\/uploads\/2025\/05\/Franziska-Mueller-Beirat-PowerShift-1024x1024-1.jpg 1024w\" width=\"150\" height=\"150\"><\/div><style>.vcex-page-title.vcex_69fc4a0b77310 .vcex-page-title__heading{font-size:1rem;font-weight:700;}<\/style><div class=\"vcex-page-title vcex-module vcex_69fc4a0b77310\"><div class=\"vcex-page-title__heading wpex-heading wpex-text-3xl\"><span class=\"vcex-page-title__text\">Prof. Dr. Franziska M\u00fcller<\/span><\/div><\/div><div class=\"vcex-custom-field vcex-module wpex-clr staff-position\">Universit\u00e9 de Hambourg<\/div><div class=\"staff-social wpex-social-btns wpex-mt-15 wpex-flex wpex-flex-wrap wpex-gap-5\"><\/div><\/div><\/div><\/div><\/div><\/div><\/div><\/div><div class=\"wpex-post-cards-entry col col-1 span_1_of_3 post-95961 type-staff cat-101 author-97\"><div class=\"wpex-card wpex-card-template_96003\"><div class=\"wpex-card-inner\"><div class=\"vc_row wpb_row vc_row-fluid wpex-card-custom-staff wpex-relative\"><div class=\"wpb_column vc_column_container vc_col-sm-12\"><div class=\"vc_column-inner vc_custom_1747326952379\"><div class=\"wpb_wrapper\"><div class=\"vcex-post-media vcex-module\"><img data-no-lazy=\"1\" class=\"wpex-align-center skip-lazy\" src=\"https:\/\/power-shift.de\/wp-content\/uploads\/2025\/05\/Lena_Partzsch-Beirat-PowerShift-1024x1024-1-150x150.jpg\" alt=\"Photo Lena Partzsch PowerShift Conseil consultatif\" srcset=\"https:\/\/power-shift.de\/wp-content\/uploads\/2025\/05\/Lena_Partzsch-Beirat-PowerShift-1024x1024-1-150x150.jpg 150w, https:\/\/power-shift.de\/wp-content\/uploads\/2025\/05\/Lena_Partzsch-Beirat-PowerShift-1024x1024-1-300x300.jpg 300w, https:\/\/power-shift.de\/wp-content\/uploads\/2025\/05\/Lena_Partzsch-Beirat-PowerShift-1024x1024-1-768x768.jpg 768w, https:\/\/power-shift.de\/wp-content\/uploads\/2025\/05\/Lena_Partzsch-Beirat-PowerShift-1024x1024-1-600x600.jpg 600w, https:\/\/power-shift.de\/wp-content\/uploads\/2025\/05\/Lena_Partzsch-Beirat-PowerShift-1024x1024-1-100x100.jpg 100w, https:\/\/power-shift.de\/wp-content\/uploads\/2025\/05\/Lena_Partzsch-Beirat-PowerShift-1024x1024-1.jpg 1024w\" width=\"150\" height=\"150\"><\/div><style>.vcex-page-title.vcex_69fc4a0b79a90 .vcex-page-title__heading{font-size:1rem;font-weight:700;}<\/style><div class=\"vcex-page-title vcex-module vcex_69fc4a0b79a90\"><div class=\"vcex-page-title__heading wpex-heading wpex-text-3xl\"><span class=\"vcex-page-title__text\">Professeur Lena Partzsch<\/span><\/div><\/div><div class=\"vcex-custom-field vcex-module wpex-clr staff-position\">Universit\u00e9 libre de Berlin<\/div><div class=\"staff-social wpex-social-btns wpex-mt-15 wpex-flex wpex-flex-wrap wpex-gap-5\"><\/div><\/div><\/div><\/div><\/div><\/div><\/div><\/div><div class=\"wpex-post-cards-entry col col-2 span_1_of_3 post-95963 type-staff cat-101 author-97\"><div class=\"wpex-card wpex-card-template_96003\"><div class=\"wpex-card-inner\"><div class=\"vc_row wpb_row vc_row-fluid wpex-card-custom-staff wpex-relative\"><div class=\"wpb_column vc_column_container vc_col-sm-12\"><div class=\"vc_column-inner vc_custom_1747326952379\"><div class=\"wpb_wrapper\"><div class=\"vcex-post-media vcex-module\"><img data-no-lazy=\"1\" class=\"wpex-align-center skip-lazy\" src=\"https:\/\/power-shift.de\/wp-content\/uploads\/2025\/05\/Anil_Shah-Beirat-PowerShift-1024x1024-1-150x150.jpg\" alt=\"Photo Anil Shah PowerShift Conseil consultatif\" srcset=\"https:\/\/power-shift.de\/wp-content\/uploads\/2025\/05\/Anil_Shah-Beirat-PowerShift-1024x1024-1-150x150.jpg 150w, https:\/\/power-shift.de\/wp-content\/uploads\/2025\/05\/Anil_Shah-Beirat-PowerShift-1024x1024-1-300x300.jpg 300w, https:\/\/power-shift.de\/wp-content\/uploads\/2025\/05\/Anil_Shah-Beirat-PowerShift-1024x1024-1-768x768.jpg 768w, https:\/\/power-shift.de\/wp-content\/uploads\/2025\/05\/Anil_Shah-Beirat-PowerShift-1024x1024-1-600x600.jpg 600w, https:\/\/power-shift.de\/wp-content\/uploads\/2025\/05\/Anil_Shah-Beirat-PowerShift-1024x1024-1-100x100.jpg 100w, https:\/\/power-shift.de\/wp-content\/uploads\/2025\/05\/Anil_Shah-Beirat-PowerShift-1024x1024-1.jpg 1024w\" width=\"150\" height=\"150\"><\/div><style>.vcex-page-title.vcex_69fc4a0b7d524 .vcex-page-title__heading{font-size:1rem;font-weight:700;}<\/style><div class=\"vcex-page-title vcex-module vcex_69fc4a0b7d524\"><div class=\"vcex-page-title__heading wpex-heading wpex-text-3xl\"><span class=\"vcex-page-title__text\">Anil Shah<\/span><\/div><\/div><div class=\"vcex-custom-field vcex-module wpex-clr staff-position\">Universit\u00e9 de Kassel<\/div><div class=\"staff-social wpex-social-btns wpex-mt-15 wpex-flex wpex-flex-wrap wpex-gap-5\"><\/div><\/div><\/div><\/div><\/div><\/div><\/div><\/div><\/div><\/div><\/div><div class=\"vcex-spacing wpex-w-100 wpex-clear\"><\/div>\n\t<div class=\"wpb_text_column wpb_content_element wpex-mt-30\" >\n\t\t<div class=\"wpb_wrapper\">\n\t\t\t<h3 style=\"text-align: center;\">Conseil d'administration<\/h3>\n\n\t\t<\/div>\n\t<\/div>\n<div class=\"wpex-post-cards wpex-post-cards-template_96003 wpex-justify-center wpex-relative\"><div class=\"wpex-post-cards-inner\"><div class=\"wpex-post-cards-loop wpex-post-cards-grid wpex-row wpex-clr\"><div class=\"wpex-post-cards-entry col col-1 span_1_of_4 post-95970 type-staff cat-102 author-97\"><div class=\"wpex-card wpex-card-template_96003\"><div class=\"wpex-card-inner\"><div class=\"vc_row wpb_row vc_row-fluid wpex-card-custom-staff wpex-relative\"><div class=\"wpb_column vc_column_container vc_col-sm-12\"><div class=\"vc_column-inner vc_custom_1747326952379\"><div class=\"wpb_wrapper\"><div class=\"vcex-post-media vcex-module\"><img data-no-lazy=\"1\" class=\"wpex-align-center skip-lazy\" src=\"https:\/\/power-shift.de\/wp-content\/uploads\/2025\/07\/Bernd-Brouns-Vorstand-PowerShift-150x150.jpg\" alt=\"Photo du conseil d&#039;administration de Bernd Brouns PowerShift\" srcset=\"https:\/\/power-shift.de\/wp-content\/uploads\/2025\/07\/Bernd-Brouns-Vorstand-PowerShift-150x150.jpg 150w, https:\/\/power-shift.de\/wp-content\/uploads\/2025\/07\/Bernd-Brouns-Vorstand-PowerShift-300x300.jpg 300w, https:\/\/power-shift.de\/wp-content\/uploads\/2025\/07\/Bernd-Brouns-Vorstand-PowerShift-1024x1024.jpg 1024w, https:\/\/power-shift.de\/wp-content\/uploads\/2025\/07\/Bernd-Brouns-Vorstand-PowerShift-768x768.jpg 768w, https:\/\/power-shift.de\/wp-content\/uploads\/2025\/07\/Bernd-Brouns-Vorstand-PowerShift-12x12.jpg 12w, https:\/\/power-shift.de\/wp-content\/uploads\/2025\/07\/Bernd-Brouns-Vorstand-PowerShift-600x600.jpg 600w, https:\/\/power-shift.de\/wp-content\/uploads\/2025\/07\/Bernd-Brouns-Vorstand-PowerShift-100x100.jpg 100w, https:\/\/power-shift.de\/wp-content\/uploads\/2025\/07\/Bernd-Brouns-Vorstand-PowerShift.jpg 1080w\" width=\"150\" height=\"150\"><\/div><style>.vcex-page-title.vcex_69fc4a0b8db1b .vcex-page-title__heading{font-size:1rem;font-weight:700;}<\/style><div class=\"vcex-page-title vcex-module vcex_69fc4a0b8db1b\"><div class=\"vcex-page-title__heading wpex-heading wpex-text-3xl\"><span class=\"vcex-page-title__text\">Bernd Brouns<\/span><\/div><\/div><div class=\"vcex-custom-field vcex-module wpex-clr staff-position\">Conseil d'administration<\/div><div class=\"staff-social wpex-social-btns wpex-mt-15 wpex-flex wpex-flex-wrap wpex-gap-5\"><a href=\"mailto:&#098;e&#114;nd.&#098;r&#111;un&#115;&#064;p&#111;&#119;&#101;r&#045;&#115;h&#105;&#102;&#116;&#046;&#100;e\" class=\"wpex-email wpex-social-btn wpex-social-btn-no-style\"><span class=\"wpex-icon\" aria-hidden=\"true\"><svg xmlns=\"http:\/\/www.w3.org\/2000\/svg\" viewbox=\"0 0 512 512\"><path d=\"M48 64C21.5 64 0 85.5 0 112c0 15.1 7.1 29.3 19.2 38.4L236.8 313.6c11.4 8.5 27 8.5 38.4 0L492.8 150.4c12.1-9.1 19.2-23.3 19.2-38.4c0-26.5-21.5-48-48-48H48zM0 176V384c0 35.3 28.7 64 64 64H448c35.3 0 64-28.7 64-64V176L294.4 339.2c-22.8 17.1-54 17.1-76.8 0L0 176z\"\/><\/svg><\/span><span class=\"screen-reader-text\">Courriel<\/span><\/a><\/div><\/div><\/div><\/div><\/div><\/div><\/div><\/div><div class=\"wpex-post-cards-entry col col-2 span_1_of_4 post-95968 type-staff cat-102 author-97\"><div class=\"wpex-card wpex-card-template_96003\"><div class=\"wpex-card-inner\"><div class=\"vc_row wpb_row vc_row-fluid wpex-card-custom-staff wpex-relative\"><div class=\"wpb_column vc_column_container vc_col-sm-12\"><div class=\"vc_column-inner vc_custom_1747326952379\"><div class=\"wpb_wrapper\"><div class=\"vcex-post-media vcex-module\"><img data-no-lazy=\"1\" class=\"wpex-align-center skip-lazy\" src=\"https:\/\/power-shift.de\/wp-content\/uploads\/2025\/05\/Merle-Groneweg-PowerShift-1024x1024-1-150x150.jpg\" alt=\"Photo Merle Groneweg PowerShift Conseil d&#039;administration\" srcset=\"https:\/\/power-shift.de\/wp-content\/uploads\/2025\/05\/Merle-Groneweg-PowerShift-1024x1024-1-150x150.jpg 150w, https:\/\/power-shift.de\/wp-content\/uploads\/2025\/05\/Merle-Groneweg-PowerShift-1024x1024-1-300x300.jpg 300w, https:\/\/power-shift.de\/wp-content\/uploads\/2025\/05\/Merle-Groneweg-PowerShift-1024x1024-1-768x768.jpg 768w, https:\/\/power-shift.de\/wp-content\/uploads\/2025\/05\/Merle-Groneweg-PowerShift-1024x1024-1-600x600.jpg 600w, https:\/\/power-shift.de\/wp-content\/uploads\/2025\/05\/Merle-Groneweg-PowerShift-1024x1024-1-100x100.jpg 100w, https:\/\/power-shift.de\/wp-content\/uploads\/2025\/05\/Merle-Groneweg-PowerShift-1024x1024-1.jpg 1024w\" width=\"150\" height=\"150\"><\/div><style>.vcex-page-title.vcex_69fc4a0b91325 .vcex-page-title__heading{font-size:1rem;font-weight:700;}<\/style><div class=\"vcex-page-title vcex-module vcex_69fc4a0b91325\"><div class=\"vcex-page-title__heading wpex-heading wpex-text-3xl\"><span class=\"vcex-page-title__text\">Merle Groneweg<\/span><\/div><\/div><div class=\"vcex-custom-field vcex-module wpex-clr staff-position\">Conseill\u00e8re d\u2019\u00c9tat<\/div><div class=\"staff-social wpex-social-btns wpex-mt-15 wpex-flex wpex-flex-wrap wpex-gap-5\"><a href=\"mailto:m&#101;rle.g&#114;&#111;&#110;ew&#101;g&#064;&#112;o&#119;e&#114;-&#115;h&#105;&#102;&#116;&#046;&#100;e\" class=\"wpex-email wpex-social-btn wpex-social-btn-no-style\"><span class=\"wpex-icon\" aria-hidden=\"true\"><svg xmlns=\"http:\/\/www.w3.org\/2000\/svg\" viewbox=\"0 0 512 512\"><path d=\"M48 64C21.5 64 0 85.5 0 112c0 15.1 7.1 29.3 19.2 38.4L236.8 313.6c11.4 8.5 27 8.5 38.4 0L492.8 150.4c12.1-9.1 19.2-23.3 19.2-38.4c0-26.5-21.5-48-48-48H48zM0 176V384c0 35.3 28.7 64 64 64H448c35.3 0 64-28.7 64-64V176L294.4 339.2c-22.8 17.1-54 17.1-76.8 0L0 176z\"\/><\/svg><\/span><span class=\"screen-reader-text\">Courriel<\/span><\/a><\/div><\/div><\/div><\/div><\/div><\/div><\/div><\/div><div class=\"wpex-post-cards-entry col col-3 span_1_of_4 post-95965 type-staff cat-102 author-97\"><div class=\"wpex-card wpex-card-template_96003\"><div class=\"wpex-card-inner\"><div class=\"vc_row wpb_row vc_row-fluid wpex-card-custom-staff wpex-relative\"><div class=\"wpb_column vc_column_container vc_col-sm-12\"><div class=\"vc_column-inner vc_custom_1747326952379\"><div class=\"wpb_wrapper\"><div class=\"vcex-post-media vcex-module\"><img data-no-lazy=\"1\" class=\"wpex-align-center skip-lazy\" src=\"https:\/\/power-shift.de\/wp-content\/uploads\/2025\/07\/Nelly-Grotefendt-Vorstand-PowerShift-150x150.jpg\" alt=\"Nelly Grotefendt Conseil d&#039;administration PowerShift\" srcset=\"https:\/\/power-shift.de\/wp-content\/uploads\/2025\/07\/Nelly-Grotefendt-Vorstand-PowerShift-150x150.jpg 150w, https:\/\/power-shift.de\/wp-content\/uploads\/2025\/07\/Nelly-Grotefendt-Vorstand-PowerShift-300x300.jpg 300w, https:\/\/power-shift.de\/wp-content\/uploads\/2025\/07\/Nelly-Grotefendt-Vorstand-PowerShift-1024x1024.jpg 1024w, https:\/\/power-shift.de\/wp-content\/uploads\/2025\/07\/Nelly-Grotefendt-Vorstand-PowerShift-768x768.jpg 768w, https:\/\/power-shift.de\/wp-content\/uploads\/2025\/07\/Nelly-Grotefendt-Vorstand-PowerShift-1536x1536.jpg 1536w, https:\/\/power-shift.de\/wp-content\/uploads\/2025\/07\/Nelly-Grotefendt-Vorstand-PowerShift-2048x2048.jpg 2048w, https:\/\/power-shift.de\/wp-content\/uploads\/2025\/07\/Nelly-Grotefendt-Vorstand-PowerShift-12x12.jpg 12w, https:\/\/power-shift.de\/wp-content\/uploads\/2025\/07\/Nelly-Grotefendt-Vorstand-PowerShift-600x600.jpg 600w, https:\/\/power-shift.de\/wp-content\/uploads\/2025\/07\/Nelly-Grotefendt-Vorstand-PowerShift-100x100.jpg 100w\" width=\"150\" height=\"150\"><\/div><style>.vcex-page-title.vcex_69fc4a0b93b43 .vcex-page-title__heading{font-size:1rem;font-weight:700;}<\/style><div class=\"vcex-page-title vcex-module vcex_69fc4a0b93b43\"><div class=\"vcex-page-title__heading wpex-heading wpex-text-3xl\"><span class=\"vcex-page-title__text\">Nelly Grotefendt<\/span><\/div><\/div><div class=\"vcex-custom-field vcex-module wpex-clr staff-position\">Conseill\u00e8re d\u2019\u00c9tat<\/div><div class=\"staff-social wpex-social-btns wpex-mt-15 wpex-flex wpex-flex-wrap wpex-gap-5\"><\/div><\/div><\/div><\/div><\/div><\/div><\/div><\/div><div class=\"wpex-post-cards-entry col col-4 span_1_of_4 post-93680 type-staff cat-96 cat-102 author-83\"><div class=\"wpex-card wpex-card-template_96003\"><div class=\"wpex-card-inner\"><div class=\"vc_row wpb_row vc_row-fluid wpex-card-custom-staff wpex-relative\"><div class=\"wpb_column vc_column_container vc_col-sm-12\"><div class=\"vc_column-inner vc_custom_1747326952379\"><div class=\"wpb_wrapper\"><div class=\"vcex-post-media vcex-module\"><img data-no-lazy=\"1\" class=\"wpex-align-center skip-lazy\" src=\"https:\/\/power-shift.de\/wp-content\/uploads\/2025\/05\/Tine-Laufer_PowerShift_1140px-150x150.jpg\" alt=\"Photo Tine Laufer PowerShift Directrice g\u00e9n\u00e9rale\" srcset=\"https:\/\/power-shift.de\/wp-content\/uploads\/2025\/05\/Tine-Laufer_PowerShift_1140px-150x150.jpg 150w, https:\/\/power-shift.de\/wp-content\/uploads\/2025\/05\/Tine-Laufer_PowerShift_1140px-300x300.jpg 300w, https:\/\/power-shift.de\/wp-content\/uploads\/2025\/05\/Tine-Laufer_PowerShift_1140px-768x768.jpg 768w, https:\/\/power-shift.de\/wp-content\/uploads\/2025\/05\/Tine-Laufer_PowerShift_1140px-1024x1024.jpg 1024w, https:\/\/power-shift.de\/wp-content\/uploads\/2025\/05\/Tine-Laufer_PowerShift_1140px-600x600.jpg 600w, https:\/\/power-shift.de\/wp-content\/uploads\/2025\/05\/Tine-Laufer_PowerShift_1140px-100x100.jpg 100w, https:\/\/power-shift.de\/wp-content\/uploads\/2025\/05\/Tine-Laufer_PowerShift_1140px.jpg 1140w\" width=\"150\" height=\"150\"><\/div><style>.vcex-page-title.vcex_69fc4a0b96a54 .vcex-page-title__heading{font-size:1rem;font-weight:700;}<\/style><div class=\"vcex-page-title vcex-module vcex_69fc4a0b96a54\"><div class=\"vcex-page-title__heading wpex-heading wpex-text-3xl\"><span class=\"vcex-page-title__text\">Tine Laufer<\/span><\/div><\/div><div class=\"vcex-custom-field vcex-module wpex-clr staff-position\">Conseil d'administration<\/div><div class=\"staff-social wpex-social-btns wpex-mt-15 wpex-flex wpex-flex-wrap wpex-gap-5\"><a href=\"tel:+49%20(0)30%20278%20757%2036\" class=\"wpex-phone-number wpex-social-btn wpex-social-btn-no-style\" target=\"_blank\" rel=\"noopener noreferrer\"><span class=\"wpex-icon\" aria-hidden=\"true\"><svg xmlns=\"http:\/\/www.w3.org\/2000\/svg\" viewbox=\"0 0 512 512\"><path d=\"M164.9 24.6c-7.7-18.6-28-28.5-47.4-23.2l-88 24C12.1 30.2 0 46 0 64C0 311.4 200.6 512 448 512c18 0 33.8-12.1 38.6-29.5l24-88c5.3-19.4-4.6-39.7-23.2-47.4l-96-40c-16.3-6.8-35.2-2.1-46.3 11.6L304.7 368C234.3 334.7 177.3 277.7 144 207.3L193.3 167c13.7-11.2 18.4-30 11.6-46.3l-40-96z\"\/><\/svg><\/span><span class=\"screen-reader-text\">Num\u00e9ro de t\u00e9l\u00e9phone<\/span><\/a><a href=\"mailto:tine.&#108;a&#117;&#102;er&#064;&#112;&#111;&#119;&#101;r&#045;&#115;hi&#102;&#116;.&#100;e\" class=\"wpex-email wpex-social-btn wpex-social-btn-no-style\"><span class=\"wpex-icon\" aria-hidden=\"true\"><svg xmlns=\"http:\/\/www.w3.org\/2000\/svg\" viewbox=\"0 0 512 512\"><path d=\"M48 64C21.5 64 0 85.5 0 112c0 15.1 7.1 29.3 19.2 38.4L236.8 313.6c11.4 8.5 27 8.5 38.4 0L492.8 150.4c12.1-9.1 19.2-23.3 19.2-38.4c0-26.5-21.5-48-48-48H48zM0 176V384c0 35.3 28.7 64 64 64H448c35.3 0 64-28.7 64-64V176L294.4 339.2c-22.8 17.1-54 17.1-76.8 0L0 176z\"\/><\/svg><\/span><span class=\"screen-reader-text\">Courriel<\/span><\/a><a href=\"https:\/\/www.linkedin.com\/in\/tine-laufer\" class=\"wpex-linkedin wpex-social-btn wpex-social-btn-no-style\" target=\"_blank\" rel=\"noopener noreferrer\"><span class=\"wpex-icon\" aria-hidden=\"true\"><svg xmlns=\"http:\/\/www.w3.org\/2000\/svg\" viewbox=\"0 0 448 512\"><path d=\"M100.3 448H7.4V148.9h92.9zM53.8 108.1C24.1 108.1 0 83.5 0 53.8a53.8 53.8 0 0 1 107.6 0c0 29.7-24.1 54.3-53.8 54.3zM447.9 448h-92.7V302.4c0-34.7-.7-79.2-48.3-79.2-48.3 0-55.7 37.7-55.7 76.7V448h-92.8V148.9h89.1v40.8h1.3c12.4-23.5 42.7-48.3 87.9-48.3 94 0 111.3 61.9 111.3 142.3V448z\"\/><\/svg><\/span><span class=\"screen-reader-text\">Linkedin<\/span><\/a><\/div><\/div><\/div><\/div><\/div><\/div><\/div><\/div><\/div><\/div><\/div><\/div><\/div><\/div><\/div>\n<\/div>","protected":false},"excerpt":{"rendered":"Tine Laufer travaille chez PowerShift depuis 2017 et a pris la direction de l'entreprise en 2018. Depuis 2023, elle est membre du conseil d'administration de PowerShift. Elle a \u00e9tudi\u00e9 le droit, les relations internationales et les sciences organisationnelles. Avant de rejoindre PowerShift, elle a dirig\u00e9 le bureau du DAAD en Arm\u00e9nie, en tant que conf\u00e9renci\u00e8re invit\u00e9e \u00e0 l'Universit\u00e9 f\u00e9d\u00e9rale de Sib\u00e9rie en Russie.","protected":false},"author":33,"featured_media":93669,"parent":118,"menu_order":1,"comment_status":"closed","ping_status":"closed","template":"","meta":{"_acf_changed":false,"footnotes":""},"categories":[],"tags":[],"thema":[],"coauthors":[97],"class_list":["post-95951","page","type-page","status-publish","has-post-thumbnail","hentry","entry","has-media"],"acf":[],"_links":{"self":[{"href":"https:\/\/power-shift.de\/fr\/wp-json\/wp\/v2\/pages\/95951","targetHints":{"allow":["GET"]}}],"collection":[{"href":"https:\/\/power-shift.de\/fr\/wp-json\/wp\/v2\/pages"}],"about":[{"href":"https:\/\/power-shift.de\/fr\/wp-json\/wp\/v2\/types\/page"}],"author":[{"embeddable":true,"href":"https:\/\/power-shift.de\/fr\/wp-json\/wp\/v2\/users\/33"}],"replies":[{"embeddable":true,"href":"https:\/\/power-shift.de\/fr\/wp-json\/wp\/v2\/comments?post=95951"}],"version-history":[{"count":11,"href":"https:\/\/power-shift.de\/fr\/wp-json\/wp\/v2\/pages\/95951\/revisions"}],"predecessor-version":[{"id":96307,"href":"https:\/\/power-shift.de\/fr\/wp-json\/wp\/v2\/pages\/95951\/revisions\/96307"}],"up":[{"embeddable":true,"href":"https:\/\/power-shift.de\/fr\/wp-json\/wp\/v2\/pages\/118"}],"wp:featuredmedia":[{"embeddable":true,"href":"https:\/\/power-shift.de\/fr\/wp-json\/wp\/v2\/media\/93669"}],"wp:attachment":[{"href":"https:\/\/power-shift.de\/fr\/wp-json\/wp\/v2\/media?parent=95951"}],"wp:term":[{"taxonomy":"category","embeddable":true,"href":"https:\/\/power-shift.de\/fr\/wp-json\/wp\/v2\/categories?post=95951"},{"taxonomy":"post_tag","embeddable":true,"href":"https:\/\/power-shift.de\/fr\/wp-json\/wp\/v2\/tags?post=95951"},{"taxonomy":"thema","embeddable":true,"href":"https:\/\/power-shift.de\/fr\/wp-json\/wp\/v2\/thema?post=95951"},{"taxonomy":"author","embeddable":true,"href":"https:\/\/power-shift.de\/fr\/wp-json\/wp\/v2\/coauthors?post=95951"}],"curies":[{"name":"wp","href":"https:\/\/api.w.org\/{rel}","templated":true}]}}