{"id":94341,"date":"2019-06-19T12:41:49","date_gmt":"2025-06-19T10:41:30","guid":{"rendered":"https:\/\/2025.power-shift.de\/?page_id=94341"},"modified":"2025-12-02T13:35:21","modified_gmt":"2025-12-02T12:35:21","slug":"initiative-transparente-zivilgesellschaft-2","status":"publish","type":"page","link":"https:\/\/power-shift.de\/fr\/initiative-transparente-zivilgesellschaft-2\/","title":{"rendered":"Initiative pour une soci\u00e9t\u00e9 civile transparente"},"content":{"rendered":"<div class=\"wpb-content-wrapper\"><div class=\"vc_row wpb_row vc_row-fluid wpex-relative\"><div class=\"wpb_column vc_column_container vc_col-sm-12\"><div class=\"vc_column-inner\"><div class=\"wpb_wrapper\">\n\t<div class=\"wpb_text_column wpb_content_element\" >\n\t\t<div class=\"wpb_wrapper\">\n\t\t\t<p class=\"bodytext\"><b><img loading=\"lazy\" decoding=\"async\" class=\"alignleft size-medium wp-image-77\" src=\"https:\/\/power-shift.de\/wp-content\/uploads\/2025\/05\/Initiative-Transparente-Zivilgesellschaft-300x82.png\" alt=\"Initiative pour une soci\u00e9t\u00e9 civile transparente\" width=\"300\" height=\"82\" srcset=\"https:\/\/power-shift.de\/wp-content\/uploads\/2025\/05\/Initiative-Transparente-Zivilgesellschaft-300x82.png 300w, https:\/\/power-shift.de\/wp-content\/uploads\/2025\/05\/Initiative-Transparente-Zivilgesellschaft.png 600w\" sizes=\"auto, (max-width: 300px) 100vw, 300px\" \/>PowerShift prend en charge les <a title=\"www.transparente-zivilgesellschaft.de\" href=\"http:\/\/www.transparente-zivilgesellschaft.de\/\" target=\"_blank\" rel=\"noopener\">Initiative pour une soci\u00e9t\u00e9 civile transparente<\/a>, une initiative en faveur de la transparence des organisations \u00e0 but non lucratif. En dix points, vous trouverez des informations sur les objectifs de PowerShift, d'o\u00f9 proviennent les fonds, comment ils sont utilis\u00e9s et qui sont les d\u00e9cideurs:<\/b><\/p>\n<p>&nbsp;<\/p>\n<h3><\/h3>\n<h3 class=\"bodytext\">1. Nom, si\u00e8ge social, adresse et ann\u00e9e de constitution<\/h3>\n<ul class=\"contentlist_ul\">\n<li>PowerShift e.V. Greifswalderstr. 4, 10405 Berlin. Pour plus d'informations: <a href=\"https:\/\/power-shift.de\/fr\/impressum\/\">Mentions l\u00e9gales<\/a> \/ <a href=\"https:\/\/power-shift.de\/fr\/kontakt\/\">Formulaire de contact<\/a><\/li>\n<li>PowerShift a \u00e9t\u00e9 fond\u00e9e en 2010 \u00e0 Berlin.<\/li>\n<\/ul>\n<h3>2. Statuts et objectifs de l'organisation<\/h3>\n<ul class=\"contentlist_ul\">\n<li>Les statuts de PowerShift e.V. peuvent \u00eatre <a href=\"\/wp-content\/uploads\/2025\/06\/PowerShift-Satzung_Neu_Juni-2023.pdf\">ici<\/a> voir.<\/li>\n<li>Vous trouverez des informations g\u00e9n\u00e9rales sur PowerShift et nos priorit\u00e9s de travail ici: <a href=\"https:\/\/power-shift.de\/fr\/ueber-uns\/\">\u00c0 propos de nous<\/a><\/li>\n<li><a href=\"https:\/\/power-shift.de\/fr\/ueber-uns\/\">Ici<\/a> Vous trouverez une description de notre image de soi, de nos objectifs et des priorit\u00e9s fix\u00e9es pour l'ann\u00e9e en question.<\/li>\n<li>Vous trouverez des informations d\u00e9taill\u00e9es sur les th\u00e8mes, les campagnes et les publications que nous avons trait\u00e9s sous les axes de travail respectifs: <a href=\"https:\/\/power-shift.de\/fr\/themen\/handelspolitik-und-investitionspolitik\/\">Politique commerciale et d'investissement<\/a>, <a href=\"https:\/\/power-shift.de\/fr\/rohstoffpolitik\/\">Politique des mati\u00e8res premi\u00e8res<\/a>, <a href=\"https:\/\/power-shift.de\/fr\/themen\/energiepolitik\/\">politique \u00e9nerg\u00e9tique.<\/a><\/li>\n<\/ul>\n<h3>3. Informations relatives \u00e0 l'avantage fiscal<\/h3>\n<ul class=\"contentlist_ul\">\n<li>Nous sommes responsables de la promotion de la science et de la recherche ainsi que de la promotion de la formation populaire et professionnelle, y compris l'aide aux \u00e9tudiants, suite \u00e0 la derni\u00e8re d\u00e9cision d'exemption que nous avons re\u00e7ue du Finanzamt f\u00fcr K\u00f6rperschaften I Berlin, StNr. 27\/675\/55937, du 26 octobre 2021, pour les ann\u00e9es 2018 \u00e0 2020, exon\u00e9r\u00e9e de l\u2019imp\u00f4t sur les soci\u00e9t\u00e9s en vertu de l\u2019article 5, paragraphe 1, point 9, de la loi relative \u00e0 l\u2019imp\u00f4t sur les soci\u00e9t\u00e9s et de la taxe professionnelle en vertu de l\u2019article 3, point 6, de la loi relative \u00e0 la taxe professionnelle.<\/li>\n<li>Les cotisations des membres sont d\u00e9ductibles comme les dons.<\/li>\n<\/ul>\n<h3>4. Nom et fonction des d\u00e9cideurs cl\u00e9s<\/h3>\n<ul class=\"contentlist_ul\">\n<li>Le conseil d'administration de PowerShift e.V. est compos\u00e9 de Tine Laufer (directrice g\u00e9n\u00e9rale), Merle Groneweg, Nelly Grotefendt et Bernd Brouns. Les assesseurs sont Regine Richter, Michael Reckordt et Alessa Hartmann.<\/li>\n<\/ul>\n<h3>5. Rapport d'activit\u00e9<\/h3>\n<ul class=\"contentlist_ul\">\n<li>Sur le <a href=\"https:\/\/power-shift.de\/fr\/\">accueil<\/a> Vous trouverez un aper\u00e7u des activit\u00e9s, publications et actualit\u00e9s de PowerShift. Pour plus d'informations, consultez nos rapports annuels: <a href=\"https:\/\/power-shift.de\/wp-content\/uploads\/2025\/07\/PowerShift_Jahresbericht-2024.pdf\">2024<\/a>\/<a href=\"\/wp-content\/uploads\/2025\/06\/Jahresbericht-2023.pdf\"> 2023<\/a> \/\u00a0<a href=\"\/wp-content\/uploads\/2025\/06\/Jahresbericht-2022.pdf\">2022<\/a> \/ <a href=\"\/wp-content\/uploads\/2025\/06\/Jahresbericht-2021.pdf\">2021<\/a> \/\u00a0<a href=\"\/wp-content\/uploads\/2025\/06\/Jahresbericht-2020.pdf\">2020<\/a> \/ <a href=\"\/wp-content\/uploads\/2025\/06\/Jahresbericht-2019.docx.pdf\">2019<\/a> \/ <a href=\"https:\/\/power-shift.de\/wp-content\/uploads\/2025\/06\/Jahrebericht-2018.pdf\">2018<\/a> \/\u00a0<a href=\"https:\/\/power-shift.de\/wp-content\/uploads\/2025\/06\/Jahrebericht-2017-1.pdf\">2017<\/a> \/ <a href=\"https:\/\/power-shift.de\/wp-content\/uploads\/2025\/06\/Jahrebericht-2016.pdf\">2016<\/a><\/li>\n<li>Il y a aussi notre <a href=\"https:\/\/power-shift.de\/fr\/powershift-in-den-medien\/\">Revue de presse<\/a>, et <a href=\"https:\/\/power-shift.de\/fr\/presse\/\">Communiqu\u00e9s de presse<\/a> par PowerShift.<\/li>\n<\/ul>\n<h3>6. Structure du personnel<\/h3>\n<ul class=\"contentlist_ul\">\n<li>En 2024, l\u2019\u00e9quipe PowerShift comptait 14 travailleurs \u00e0 temps partiel \u00e2g\u00e9s de 25 ans et plus. % et 75 % ensemble (soit 8,5 emplois \u00e0 temps plein) et a b\u00e9n\u00e9fici\u00e9 du soutien de cinq travailleurs ind\u00e9pendants. S'y ajoutent parfois des stagiaires: <a title=\"L&#039;\u00e9quipe Foodwatch\" href=\"https:\/\/power-shift.de\/fr\/ueber-uns\/\">\u00c9quipe<\/a><\/li>\n<\/ul>\n<h3>7\/8. Informations relatives \u00e0 l'origine et \u00e0 l'utilisation des fonds<\/h3>\n<p>PowerShift est une association ind\u00e9pendante \u00e0 but non lucratif qui finance une grande partie des projets \u00e0 partir de pots d'\u00e9ducation politique et de fondations priv\u00e9es, ainsi que des contributions des membres de soutien, des dons et des fonds de fondation.<\/p>\n<h4><strong>Recettes 2024<\/strong><\/h4>\n<p>Les recettes totales pour 2024 se sont \u00e9lev\u00e9es \u00e0 849.773,27 euros. 90 % dont provenant de subventions li\u00e9es \u00e0 des projets. PowerShift a \u00e9galement \u00e9t\u00e9 financ\u00e9 par l'Open Society Foundation en 2024. Le secteur du commerce b\u00e9n\u00e9ficie d'une grande partie du soutien de l'Office national de coop\u00e9ration au d\u00e9veloppement (LEZ), des Fundern for Fair Trade ainsi que d'un cofinancement par l'interm\u00e9diaire de partenaires de coop\u00e9ration. Le secteur de l'\u00e9nergie et du climat est principalement financ\u00e9 par la LEZ. Le secteur des mati\u00e8res premi\u00e8res est financ\u00e9 par le programme de soutien \u00e0 l'\u00e9ducation \u00e0 la politique de d\u00e9veloppement (FEB) ainsi que par un soutien de la soci\u00e9t\u00e9 OLIN gGmbH et de la Fondation europ\u00e9enne pour le climat (ECF). <a href=\"https:\/\/power-shift.de\/wp-content\/uploads\/2025\/12\/Foerdermittelgeber.pdf\">Une liste des organisations (s\u00e9lection) qui ont mis des fonds \u00e0 disposition est disponible ici.<\/a> Nous avons pu g\u00e9n\u00e9rer environ 73 000 euros par le biais de dons, de subventions, de cotisations des membres et d'amendes. Les recettes r\u00e9siduelles proviennent des ventes de publications, des contributions des participants et d'autres revenus d'exploitation, tels que les remboursements par le biais de la loi sur la compensation des d\u00e9penses ou des r\u00e9serves.<\/p>\n<p><img decoding=\"async\" id=\"image-preview-94129\" src=\"https:\/\/archiv.power-shift.de\/wp-admin\/admin-ajax.php?action=imgedit-preview&amp;_ajax_nonce=617193db2f&amp;postid=94129&amp;rand=8015\" alt=\"\" \/><\/p>\n<h4><\/h4>\n<h4><strong>D\u00e9penses 2024<\/strong><\/h4>\n<p>Les d\u00e9penses totales en 2024, correspondant aux recettes, s\u2019\u00e9levaient \u00e0 849.773,27 EUR. Le poste le plus important du budget total \u00e9tait d'environ 67 % les d\u00e9penses de personnel. En 2024, 14 d\u2019entre eux ont \u00e9t\u00e9 financ\u00e9s \u00e0 temps partiel. Environ 22 % les d\u00e9penses ont \u00e9t\u00e9 affect\u00e9es \u00e0 des d\u00e9penses li\u00e9es au projet, telles que les honoraires du personnel ind\u00e9pendant, les d\u00e9penses mat\u00e9rielles et les frais de voyage. Les 11 autres % ont \u00e9t\u00e9 employ\u00e9s pour les frais g\u00e9n\u00e9raux de mat\u00e9riel et d'association, tels que le loyer, les fournitures de bureau, etc.<\/p>\n<p>&nbsp;<\/p>\n<p><img loading=\"lazy\" decoding=\"async\" class=\"alignnone size-full wp-image-94130\" src=\"https:\/\/archiv.power-shift.de\/wp-content\/uploads\/2025\/07\/Ausgaben-2024.jpg\" alt=\"\" width=\"475\" height=\"286\" \/><\/p>\n<p>Vous trouverez un compte de profits et pertes d\u00e9taill\u00e9 <a href=\"https:\/\/power-shift.de\/wp-content\/uploads\/2025\/09\/Bilanz_GuV-2024-vereinf-Darstellung-14-07-25.pdf\">ici.<\/a><\/p>\n<h3>9. Lien de droit des soci\u00e9t\u00e9s avec des tiers<\/h3>\n<ul class=\"contentlist_ul\">\n<li>PowerShift e.V. est une association ind\u00e9pendante \u00e0 but non lucratif qui n'est pas li\u00e9e \u00e0 des tiers par le droit des soci\u00e9t\u00e9s.<\/li>\n<\/ul>\n<h3>10. Principaux bailleurs de fonds<\/h3>\n<ul>\n<li style=\"list-style-type: none;\">\n<ul>\n<li>PowerShift e.V. re\u00e7oit des contributions financi\u00e8res de la part des institutions\/organisations suivantes, qui repr\u00e9sentent chacune plus de 10% des revenus annuels: Programme de soutien \u00e0 l'\u00e9ducation \u00e0 la politique de d\u00e9veloppement (FEB), Open Society Foundation (OSF) et European Climate Foundation (ECF). Vous trouverez une liste de toutes les organisations finan\u00e7ant jusqu'\u00e0 pr\u00e9sent chez Nos partenaires \u00e0 l'adresse suivante: <a href=\"https:\/\/power-shift.de\/fr\/ueber-uns\/\">\u00c0 propos de nous.<\/a><\/li>\n<li>les dons d'individus ou d'organisations de plus de 10% Les revenus annuels n'ont pas \u00e9t\u00e9 re\u00e7us.<\/li>\n<\/ul>\n<\/li>\n<\/ul>\n<h3>11. Registres de transparence et de lobbying<\/h3>\n<p>Nous sommes en <a href=\"https:\/\/transparency-register.europa.eu\">Registre de transparence de l'Union europ\u00e9enne<\/a>, dans laquelle <a href=\"https:\/\/transparenzdatenbank.berlin.de\">Base de donn\u00e9es sur la transparence du Land de Berlin<\/a> et en\u00a0<a href=\"https:\/\/www.lobbyregister.bundestag.de\/\">Registre des lobbyistes pour la repr\u00e9sentation d'int\u00e9r\u00eats aupr\u00e8s du Bundestag allemand et du gouvernement f\u00e9d\u00e9ral<\/a> enregistr\u00e9e. Vous y trouverez d'autres informations relatives aux L\u00e4nder, \u00e0 l'\u00c9tat f\u00e9d\u00e9ral et \u00e0 l'Europe.<\/p>\n\n\t\t<\/div>\n\t<\/div>\n<\/div><\/div><\/div><\/div>\n<\/div>","protected":false},"excerpt":{"rendered":"PowerShift soutient l'initiative de la soci\u00e9t\u00e9 civile transparente, une initiative pour la transparence des organisations \u00e0 but non lucratif. En dix points, vous trouverez des informations sur les objectifs de PowerShift, d'o\u00f9 proviennent les fonds, comment ils sont utilis\u00e9s et qui sont les d\u00e9cideurs: \u00a0 1. Nom, si\u00e8ge, adresse et ann\u00e9e de fondation PowerShift e.V. Greifswalderstr. 4, 10405 Berlin. Pour plus d'informations: Mentions l\u00e9gales...","protected":false},"author":2,"featured_media":93669,"parent":0,"menu_order":28,"comment_status":"closed","ping_status":"closed","template":"","meta":{"_acf_changed":false,"footnotes":""},"categories":[],"tags":[],"thema":[],"coauthors":[56],"class_list":["post-94341","page","type-page","status-publish","has-post-thumbnail","hentry","entry","has-media"],"acf":[],"_links":{"self":[{"href":"https:\/\/power-shift.de\/fr\/wp-json\/wp\/v2\/pages\/94341","targetHints":{"allow":["GET"]}}],"collection":[{"href":"https:\/\/power-shift.de\/fr\/wp-json\/wp\/v2\/pages"}],"about":[{"href":"https:\/\/power-shift.de\/fr\/wp-json\/wp\/v2\/types\/page"}],"author":[{"embeddable":true,"href":"https:\/\/power-shift.de\/fr\/wp-json\/wp\/v2\/users\/2"}],"replies":[{"embeddable":true,"href":"https:\/\/power-shift.de\/fr\/wp-json\/wp\/v2\/comments?post=94341"}],"version-history":[{"count":14,"href":"https:\/\/power-shift.de\/fr\/wp-json\/wp\/v2\/pages\/94341\/revisions"}],"predecessor-version":[{"id":97782,"href":"https:\/\/power-shift.de\/fr\/wp-json\/wp\/v2\/pages\/94341\/revisions\/97782"}],"wp:featuredmedia":[{"embeddable":true,"href":"https:\/\/power-shift.de\/fr\/wp-json\/wp\/v2\/media\/93669"}],"wp:attachment":[{"href":"https:\/\/power-shift.de\/fr\/wp-json\/wp\/v2\/media?parent=94341"}],"wp:term":[{"taxonomy":"category","embeddable":true,"href":"https:\/\/power-shift.de\/fr\/wp-json\/wp\/v2\/categories?post=94341"},{"taxonomy":"post_tag","embeddable":true,"href":"https:\/\/power-shift.de\/fr\/wp-json\/wp\/v2\/tags?post=94341"},{"taxonomy":"thema","embeddable":true,"href":"https:\/\/power-shift.de\/fr\/wp-json\/wp\/v2\/thema?post=94341"},{"taxonomy":"author","embeddable":true,"href":"https:\/\/power-shift.de\/fr\/wp-json\/wp\/v2\/coauthors?post=94341"}],"curies":[{"name":"wp","href":"https:\/\/api.w.org\/{rel}","templated":true}]}}