{"id":108,"date":"2019-05-07T15:36:49","date_gmt":"2025-05-07T13:36:50","guid":{"rendered":"https:\/\/neu.power-shift.de\/?page_id=108"},"modified":"2026-04-10T11:29:04","modified_gmt":"2026-04-10T09:29:04","slug":"arbeitsschwerpunkte","status":"publish","type":"page","link":"https:\/\/power-shift.de\/fr\/arbeitsschwerpunkte\/","title":{"rendered":"th\u00e8mes"},"content":{"rendered":"<div class=\"wpb-content-wrapper\"><div class=\"vc_row wpb_row vc_row-fluid wpex-vc-full-width-row wpex-vc-full-width-row--centered wpex-relative wpex-vc_row-gap-0 wpex-vc_row-has-fill wpex-vc_row-mx-0\" style=\"background-color:var(--wpex-accent)!important;\"><div class=\"wpb_column vc_column_container vc_col-sm-12\"><div class=\"vc_column-inner\"><div class=\"wpb_wrapper\"><div class=\"wpex-template-shortcode\"><style type=\"text\/css\" data-type=\"vc_shortcodes-custom-css\">.vc_custom_1757592246575{background-image: url(https:\/\/power-shift.de\/wp-content\/uploads\/2025\/08\/PS_106_Webseite_Banners_Hintergrund_Homepage-Pfad.png?id=96606) !important;}<\/style><div class=\"vc_row wpb_row vc_row-fluid wpex-relative wpex-vc_row-gap-0\"><div class=\"wpb_column vc_column_container vc_col-sm-12\"><div class=\"vc_column-inner\"><div class=\"wpb_wrapper\"><style>.vcex-icon-box.vcex_6a058a46341ad .vcex-icon-box-content{font-weight:700;}.vcex-icon-box.vcex_6a058a46341ad .vcex-icon-box-heading{font-size:var(--wpex-text-2xl);}<\/style><div class=\"vcex-module vcex-icon-box vcex-icon-box-one wpex-flex wpex-text-left vc_custom_1757592246575 ps-banner background-green ps-banner-ueber-uns vcex_6a058a46341ad\"><div class=\"vcex-icon-box-symbol vcex-icon-box-symbol--image wpex-flex-shrink-0 wpex-mr-20\"><img src=\"https:\/\/power-shift.de\/wp-content\/uploads\/2025\/08\/PS_106_Webseite_Banners_Hintergrund_Homepage.png\" alt=\"PowerShift banni\u00e8re deux personnes dans le bateau, les priorit\u00e9s de travail\" class=\"vcex-icon-box-image wpex-align-middle\" loading=\"lazy\" decoding=\"async\" width=\"668\" height=\"544\"><\/div><div class=\"vcex-icon-box-text wpex-flex-grow wpex-flex wpex-flex-col\"><h3 class=\"vcex-icon-box-heading wpex-heading wpex-mb-10\">Gr\u00e2ce \u00e0 notre expertise en mati\u00e8re de politique commerciale, de mati\u00e8res premi\u00e8res et d'\u00e9nergie, nous montrons comment sortir de la crise climatique.<\/h3><div class=\"vcex-icon-box-button-wrap wpex-mt-auto\"><a href=\"https:\/\/power-shift.de\/fr\/ueber-uns\/\" class=\"vcex-icon-box-button theme-button\">\u00c0 propos de nous<\/a><\/div><\/div><\/div><\/div><\/div><\/div><\/div>\n<\/div><\/div><\/div><\/div><\/div><div class=\"vc_row wpb_row vc_row-fluid wpex-relative\"><div class=\"wpb_column vc_column_container vc_col-sm-12\"><div class=\"vc_column-inner\"><div class=\"wpb_wrapper\"><div class=\"vcex-spacing wpex-w-100 wpex-clear\"><\/div>\n\t<div class=\"wpb_text_column wpb_content_element\" >\n\t\t<div class=\"wpb_wrapper\">\n\t\t\t<h2>Quelles sont nos priorit\u00e9s de travail<\/h2>\n<p>Nous travaillons sur des sujets de concentration \u00e0 des niveaux tr\u00e8s diff\u00e9rents. Ici, nous rassemblons toutes les informations et expliquons nos priorit\u00e9s de travail. La politique commerciale, la politique des mati\u00e8res premi\u00e8res et la politique \u00e9nerg\u00e9tique sont des jalons importants de la transformation vers un monde solidaire et \u00e9cologique, c'est pourquoi nous nous consacrons plus en profondeur \u00e0 ces priorit\u00e9s de travail. Lorsque des d\u00e9cisions importantes doivent \u00eatre prises, nous nous adressons directement aux responsables des parlements, des gouvernements et des entreprises. Pour cela, nous utilisons notre <a href=\"https:\/\/power-shift.de\/fr\/kampagnen\/\">campagnes<\/a> et <a href=\"https:\/\/power-shift.de\/fr\/publikationen\/\">analyses<\/a>. Avec la pression qui en r\u00e9sulte, nous nous faisons entendre. Nous forgeons des alliances, discutons avec les politiciens et g\u00e9n\u00e9rons du public, car souvent des d\u00e9cisions de grande envergure sont prises sous le radar du public, ce qui \u00e9limine la pression de l\u00e9gitimation pour de nombreux d\u00e9cideurs. Nous voulons \u00e9viter cela en informant le grand public. C\u2019est ainsi que nous rendons possible le changement \u2013 pour un monde plus juste sur le plan environnemental et social.<\/p>\n\n\t\t<\/div>\n\t<\/div>\n<\/div><\/div><\/div><\/div><div class=\"vc_row wpb_row vc_row-fluid wpex-relative\"><div class=\"wpb_column vc_column_container vc_col-sm-12\"><div class=\"vc_column-inner\"><div class=\"wpb_wrapper\"><div class=\"wpex-post-cards wpex-post-cards-template_96273 wpex-relative\"><div class=\"wpex-post-cards-inner\"><div class=\"wpex-post-cards-loop wpex-post-cards-grid wpex-row wpex-clr\"><div class=\"wpex-post-cards-entry col col-1 span_1_of_3 post-93875 type-page thema-15 author-83\"><div class=\"wpex-card wpex-card-template_96273 cardstyle-big-post cardstyle-big-thema\"><style>.vc_custom_1752150468776{padding-top: 0px !important;padding-right: 20px !important;padding-bottom: 20px !important;padding-left: 20px !important;}<\/style><div class=\"wpex-card-inner\"><div class=\"vc_row wpb_row vc_row-fluid vc_row-o-equal-height vc_row-o-content-top vc_row-flex wpex-relative wpex-vc_row-gap-0\" style=\"background-position:center center!important;background-size:cover!important;\"><div class=\"wpb_column vc_column_container vc_col-sm-12\"><div class=\"vc_column-inner\"><div class=\"wpb_wrapper\">\n\t<div class=\"wpb_raw_code wpb_raw_html wpb_content_element\" >\n\t\t<div class=\"wpb_wrapper\">\n\t\t\t<a href=\"https:\/\/power-shift.de\/fr\/arbeitsschwerpunkte\/handelspolitik-und-investitionspolitik\/\" class=\"card-link\">Th\u00e8me : Politique commerciale<\/a>\n\t\t<\/div>\n\t<\/div>\n<div class=\"vcex-flex-container vcex-module wpex-flex wpex-gap-20 wpex-aspect-3-2 wpex-overflow-hidden card-image\"><figure class=\"vcex-image vcex-module vcex-fill-column\"><div class=\"vcex-image-inner wpex-relative wpex-inline-block overlay-parent overlay-parent-title-center wpex-overflow-hidden\"><img loading=\"lazy\" class=\"vcex-image-img wpex-align-middle wpex-aspect-3-2 wpex-object-cover wpex-mix-blend-saturation wpex-aspect-4-3 wpex-object-cover\" decoding=\"async\" src=\"https:\/\/power-shift.de\/wp-content\/uploads\/2025\/05\/PowerShift-Handelspolitik-800x600.webp\" alt=\"Bateau porte-conteneurs en mer\" width=\"800\" height=\"600\">\n<div class=\"overlay-title-center theme-overlay wpex-absolute wpex-inset-0 wpex-transition-all wpex-duration-300 wpex-flex wpex-justify-center wpex-items-center wpex-text-center\">\n\t<span class=\"overlay-bg wpex-bg-black wpex-block wpex-absolute wpex-inset-0 wpex-opacity-50\"><\/span>\n\t<div class=\"overlay-content wpex-relative wpex-text-white wpex-uppercase wpex-font-semibold wpex-p-15 wpex-tracking-widest\">\n\t\t<span class=\"title\">Politique commerciale<\/span>\t<\/div>\n<\/div>\n<\/div><\/figure><\/div><div class=\"vcex-flex-container vcex-module wpex-flex wpex-gap-20 wpex-flex-col vc_custom_1752150468776\"><div class=\"vcex-page-title vcex-module card-head has-term-background-color\"><div class=\"vcex-page-title__heading wpex-heading wpex-text-3xl\"><span class=\"vcex-page-title__text\">Politique commerciale<\/span><\/div><\/div><div class=\"vcex-post-excerpt vcex-module wpex-text-pretty wpex-last-mb-0\"><p>Nous nous engageons pour une politique commerciale respectueuse du climat et solidaire, qui prot\u00e8ge les droits de l'homme et rend possible le d\u00e9veloppement durable.<\/p>\n<\/div><\/div><\/div><\/div><\/div><\/div><\/div><\/div><\/div><div class=\"wpex-post-cards-entry col col-2 span_1_of_3 post-93729 type-page thema-18 author-97\"><div class=\"wpex-card wpex-card-template_96273 cardstyle-big-post cardstyle-big-thema\"><div class=\"wpex-card-inner\"><div class=\"vc_row wpb_row vc_row-fluid vc_row-o-equal-height vc_row-o-content-top vc_row-flex wpex-relative wpex-vc_row-gap-0\" style=\"background-position:center center!important;background-size:cover!important;\"><div class=\"wpb_column vc_column_container vc_col-sm-12\"><div class=\"vc_column-inner\"><div class=\"wpb_wrapper\">\n\t<div class=\"wpb_raw_code wpb_raw_html wpb_content_element\" >\n\t\t<div class=\"wpb_wrapper\">\n\t\t\t<a href=\"https:\/\/power-shift.de\/fr\/arbeitsschwerpunkte\/rohstoffpolitik-globale-gerechtigkeit-schaffen\/\" class=\"card-link\">Th\u00e8me : Politique des mati\u00e8res premi\u00e8res<\/a>\n\t\t<\/div>\n\t<\/div>\n<div class=\"vcex-flex-container vcex-module wpex-flex wpex-gap-20 wpex-aspect-3-2 wpex-overflow-hidden card-image\"><figure class=\"vcex-image vcex-module vcex-fill-column\"><div class=\"vcex-image-inner wpex-relative wpex-inline-block overlay-parent overlay-parent-title-center wpex-overflow-hidden\"><img loading=\"lazy\" class=\"vcex-image-img wpex-align-middle wpex-aspect-3-2 wpex-object-cover wpex-mix-blend-saturation wpex-aspect-4-3 wpex-object-cover\" decoding=\"async\" src=\"https:\/\/power-shift.de\/wp-content\/uploads\/2025\/06\/Bergbau-800x600.png\" alt=\"Mat\u00e9riel minier\" width=\"800\" height=\"600\">\n<div class=\"overlay-title-center theme-overlay wpex-absolute wpex-inset-0 wpex-transition-all wpex-duration-300 wpex-flex wpex-justify-center wpex-items-center wpex-text-center\">\n\t<span class=\"overlay-bg wpex-bg-black wpex-block wpex-absolute wpex-inset-0 wpex-opacity-50\"><\/span>\n\t<div class=\"overlay-content wpex-relative wpex-text-white wpex-uppercase wpex-font-semibold wpex-p-15 wpex-tracking-widest\">\n\t\t<span class=\"title\">Politique des mati\u00e8res premi\u00e8res<\/span>\t<\/div>\n<\/div>\n<\/div><\/figure><\/div><div class=\"vcex-flex-container vcex-module wpex-flex wpex-gap-20 wpex-flex-col vc_custom_1752150468776\"><div class=\"vcex-page-title vcex-module card-head has-term-background-color\"><div class=\"vcex-page-title__heading wpex-heading wpex-text-3xl\"><span class=\"vcex-page-title__text\">Politique des mati\u00e8res premi\u00e8res<\/span><\/div><\/div><div class=\"vcex-post-excerpt vcex-module wpex-text-pretty wpex-last-mb-0\"><p>Nous nous engageons en faveur d'une transition juste des mati\u00e8res premi\u00e8res \u00e0 l'\u00e9chelle mondiale, qui r\u00e9duise la consommation de mati\u00e8res premi\u00e8res, respecte les droits de l'homme et prot\u00e8ge l'environnement.<\/p>\n<\/div><\/div><\/div><\/div><\/div><\/div><\/div><\/div><\/div><div class=\"wpex-post-cards-entry col col-3 span_1_of_3 post-93731 type-page thema-16 author-83\"><div class=\"wpex-card wpex-card-template_96273 cardstyle-big-post cardstyle-big-thema\"><div class=\"wpex-card-inner\"><div class=\"vc_row wpb_row vc_row-fluid vc_row-o-equal-height vc_row-o-content-top vc_row-flex wpex-relative wpex-vc_row-gap-0\" style=\"background-position:center center!important;background-size:cover!important;\"><div class=\"wpb_column vc_column_container vc_col-sm-12\"><div class=\"vc_column-inner\"><div class=\"wpb_wrapper\">\n\t<div class=\"wpb_raw_code wpb_raw_html wpb_content_element\" >\n\t\t<div class=\"wpb_wrapper\">\n\t\t\t<a href=\"https:\/\/power-shift.de\/fr\/arbeitsschwerpunkte\/energiepolitik\/\" class=\"card-link\">Th\u00e8me : Politique \u00e9nerg\u00e9tique<\/a>\n\t\t<\/div>\n\t<\/div>\n<div class=\"vcex-flex-container vcex-module wpex-flex wpex-gap-20 wpex-aspect-3-2 wpex-overflow-hidden card-image\"><figure class=\"vcex-image vcex-module vcex-fill-column\"><div class=\"vcex-image-inner wpex-relative wpex-inline-block overlay-parent overlay-parent-title-center wpex-overflow-hidden\"><img loading=\"lazy\" class=\"vcex-image-img wpex-align-middle wpex-aspect-3-2 wpex-object-cover wpex-mix-blend-saturation wpex-aspect-4-3 wpex-object-cover\" decoding=\"async\" src=\"https:\/\/power-shift.de\/wp-content\/uploads\/2025\/05\/SLS_Liquid_Hydrogen_Fuel_Tank-800x600.jpg\" alt=\"R\u00e9servoir d&#039;hydrog\u00e8ne\" width=\"800\" height=\"600\">\n<div class=\"overlay-title-center theme-overlay wpex-absolute wpex-inset-0 wpex-transition-all wpex-duration-300 wpex-flex wpex-justify-center wpex-items-center wpex-text-center\">\n\t<span class=\"overlay-bg wpex-bg-black wpex-block wpex-absolute wpex-inset-0 wpex-opacity-50\"><\/span>\n\t<div class=\"overlay-content wpex-relative wpex-text-white wpex-uppercase wpex-font-semibold wpex-p-15 wpex-tracking-widest\">\n\t\t<span class=\"title\">Politique \u00e9nerg\u00e9tique<\/span>\t<\/div>\n<\/div>\n<\/div><\/figure><\/div><div class=\"vcex-flex-container vcex-module wpex-flex wpex-gap-20 wpex-flex-col vc_custom_1752150468776\"><div class=\"vcex-page-title vcex-module card-head has-term-background-color\"><div class=\"vcex-page-title__heading wpex-heading wpex-text-3xl\"><span class=\"vcex-page-title__text\">Politique \u00e9nerg\u00e9tique<\/span><\/div><\/div><div class=\"vcex-post-excerpt vcex-module wpex-text-pretty wpex-last-mb-0\"><p>Nous nous engageons en faveur d'une transition \u00e9nerg\u00e9tique \u00e9quitable \u00e0 l'\u00e9chelle mondiale et d'une \u00e9limination rapide et compl\u00e8te des combustibles fossiles.<\/p>\n<\/div><\/div><\/div><\/div><\/div><\/div><\/div><\/div><\/div><\/div><\/div><\/div>\n\t<div class=\"wpb_text_column wpb_content_element\" >\n\t\t<div class=\"wpb_wrapper\">\n\t\t\t<p>Plus d'informations sur notre travail sont disponibles sur <a href=\"https:\/\/de.wikipedia.org\/wiki\/Powershift\">Wikip\u00e9dia.<\/a><\/p>\n\n\t\t<\/div>\n\t<\/div>\n<\/div><\/div><\/div><\/div>\n<\/div>","protected":false},"excerpt":{"rendered":"Politique \u00e9nerg\u00e9tique Politique climatique et \u00e9nerg\u00e9tique \u00c9quipe Liens Notre consommation d'\u00e9nergie a une dimension de politique de d\u00e9veloppement. Les \u00e9nergies fossiles ne sont pas seulement nocives pour le climat. Leur promotion et leur traitement ult\u00e9rieur sont li\u00e9s \u00e0 des violations des droits de l'homme et \u00e0 la d\u00e9gradation de l'environnement, en particulier dans les pays du Sud. Mais les \u00e9nergies renouvelables peuvent aussi avoir des effets n\u00e9gatifs. Par exemple, les mati\u00e8res premi\u00e8res pour les installations solaires et \u00e9oliennes sont souvent...","protected":false},"author":1,"featured_media":93669,"parent":0,"menu_order":10,"comment_status":"closed","ping_status":"closed","template":"","meta":{"_acf_changed":false,"footnotes":""},"categories":[],"tags":[],"thema":[],"coauthors":[83],"class_list":["post-108","page","type-page","status-publish","has-post-thumbnail","hentry","entry","has-media"],"acf":[],"_links":{"self":[{"href":"https:\/\/power-shift.de\/fr\/wp-json\/wp\/v2\/pages\/108","targetHints":{"allow":["GET"]}}],"collection":[{"href":"https:\/\/power-shift.de\/fr\/wp-json\/wp\/v2\/pages"}],"about":[{"href":"https:\/\/power-shift.de\/fr\/wp-json\/wp\/v2\/types\/page"}],"author":[{"embeddable":true,"href":"https:\/\/power-shift.de\/fr\/wp-json\/wp\/v2\/users\/1"}],"replies":[{"embeddable":true,"href":"https:\/\/power-shift.de\/fr\/wp-json\/wp\/v2\/comments?post=108"}],"version-history":[{"count":29,"href":"https:\/\/power-shift.de\/fr\/wp-json\/wp\/v2\/pages\/108\/revisions"}],"predecessor-version":[{"id":99063,"href":"https:\/\/power-shift.de\/fr\/wp-json\/wp\/v2\/pages\/108\/revisions\/99063"}],"wp:featuredmedia":[{"embeddable":true,"href":"https:\/\/power-shift.de\/fr\/wp-json\/wp\/v2\/media\/93669"}],"wp:attachment":[{"href":"https:\/\/power-shift.de\/fr\/wp-json\/wp\/v2\/media?parent=108"}],"wp:term":[{"taxonomy":"category","embeddable":true,"href":"https:\/\/power-shift.de\/fr\/wp-json\/wp\/v2\/categories?post=108"},{"taxonomy":"post_tag","embeddable":true,"href":"https:\/\/power-shift.de\/fr\/wp-json\/wp\/v2\/tags?post=108"},{"taxonomy":"thema","embeddable":true,"href":"https:\/\/power-shift.de\/fr\/wp-json\/wp\/v2\/thema?post=108"},{"taxonomy":"author","embeddable":true,"href":"https:\/\/power-shift.de\/fr\/wp-json\/wp\/v2\/coauthors?post=108"}],"curies":[{"name":"wp","href":"https:\/\/api.w.org\/{rel}","templated":true}]}}