{"id":98580,"date":"2026-02-09T10:07:54","date_gmt":"2026-02-09T09:07:54","guid":{"rendered":"https:\/\/power-shift.de\/?post_type=product&#038;p=98580"},"modified":"2026-02-24T08:55:45","modified_gmt":"2026-02-24T07:55:45","slug":"reisefuehrer-eu-indonesien-abkommen","status":"publish","type":"product","link":"https:\/\/power-shift.de\/es\/producto\/reisefuehrer-eu-indonesien-abkommen\/","title":{"rendered":"Gu\u00eda de viaje: Acuerdo comercial UE-Indonesia"},"content":{"rendered":"","protected":false},"excerpt":{"rendered":"<p><strong>Entre el auge del n\u00edquel y la maldici\u00f3n del aceite de palma<\/strong><\/p>\n<p>Una gu\u00eda del Acuerdo UE-Indonesia con un an\u00e1lisis en profundidad y una visi\u00f3n de las principales cuestiones \u2014desde las materias primas y la sostenibilidad hasta los derechos de propiedad intelectual y los derechos humanos\u2014 y proporciona una clasificaci\u00f3n clara del impacto pol\u00edtico y econ\u00f3mico.<\/p>","protected":false},"featured_media":98583,"template":"","meta":{"_acf_changed":false},"thema":[15],"product_brand":[],"product_cat":[400],"product_tag":[],"class_list":{"0":"post-98580","1":"product","2":"type-product","3":"status-publish","4":"has-post-thumbnail","6":"thema-handelspolitik","7":"product_cat-reisefuehrer","8":"entry","9":"has-media","11":"first","12":"instock","13":"shipping-taxable","14":"purchasable","15":"product-type-simple"},"acf":[],"_links":{"self":[{"href":"https:\/\/power-shift.de\/es\/wp-json\/wp\/v2\/product\/98580","targetHints":{"allow":["GET"]}}],"collection":[{"href":"https:\/\/power-shift.de\/es\/wp-json\/wp\/v2\/product"}],"about":[{"href":"https:\/\/power-shift.de\/es\/wp-json\/wp\/v2\/types\/product"}],"wp:featuredmedia":[{"embeddable":true,"href":"https:\/\/power-shift.de\/es\/wp-json\/wp\/v2\/media\/98583"}],"wp:attachment":[{"href":"https:\/\/power-shift.de\/es\/wp-json\/wp\/v2\/media?parent=98580"}],"wp:term":[{"taxonomy":"thema","embeddable":true,"href":"https:\/\/power-shift.de\/es\/wp-json\/wp\/v2\/thema?post=98580"},{"taxonomy":"product_brand","embeddable":true,"href":"https:\/\/power-shift.de\/es\/wp-json\/wp\/v2\/product_brand?post=98580"},{"taxonomy":"product_cat","embeddable":true,"href":"https:\/\/power-shift.de\/es\/wp-json\/wp\/v2\/product_cat?post=98580"},{"taxonomy":"product_tag","embeddable":true,"href":"https:\/\/power-shift.de\/es\/wp-json\/wp\/v2\/product_tag?post=98580"}],"curies":[{"name":"wp","href":"https:\/\/api.w.org\/{rel}","templated":true}]}}