{"id":97698,"date":"2025-11-18T13:01:31","date_gmt":"2025-11-18T12:01:31","guid":{"rendered":"https:\/\/power-shift.de\/?post_type=product&#038;p=97698"},"modified":"2025-12-08T12:42:30","modified_gmt":"2025-12-08T11:42:30","slug":"infoposter-eu-mercosur-handelsabkommen","status":"publish","type":"product","link":"https:\/\/power-shift.de\/es\/producto\/infoposter-eu-mercosur-handelsabkommen\/","title":{"rendered":"Cartel informativo: EU-Mercosur \u00bfQui\u00e9n encuentra el esc\u00e1ndalo?"},"content":{"rendered":"<p><a class=\"button\" href=\"https:\/\/power-shift.de\/es\/infoposter-eu-mercosur-wer-findet-den-skandal\/\">Ir a la publicaci\u00f3n<\/a><\/p>","protected":false},"excerpt":{"rendered":"<div class=\"vcex-post-content wpex-my-30\">\n<div class=\"vcex-post-content-c wpex-clr\">\n<div class=\"wpb-content-wrapper\">\n<div class=\"vc_row wpb_row vc_row-fluid wpex-relative\">\n<div class=\"wpb_column vc_column_container vc_col-sm-12\">\n<div class=\"vc_column-inner\">\n<div class=\"wpb_wrapper\">\n<div class=\"wpb_text_column wpb_content_element\">\n<div class=\"wpb_wrapper\">\n<p>El Acuerdo UE-Mercosur es un acuerdo comercial controvertido. Este objeto oculto ilustra los peligros a ambos lados del Atl\u00e1ntico para los agricultores, los consumidores, los trabajadores, la naturaleza y nuestro clima. Este p\u00f3ster en formato A1, como una lupa, representa los esc\u00e1ndalos que rodean el acuerdo comercial entre la UE y los pa\u00edses sudamericanos del Mercosur.<\/p>\n<p>El p\u00f3ster v\u00edvido fue desarrollado e impreso por <a href=\"https:\/\/anders-handeln.at\/\">Actuar de manera diferente Austria<\/a> y <a href=\"https:\/\/www.attac.at\/\">ATTAC Austria<\/a>. PowerShift es coeditor.<\/p>\n<p>Env\u00edo solo dentro de Alemania.<br \/>\nPor Austria, por favor <a href=\"mailto:infos@attac.at\">infos@attac.at<\/a> o <a href=\"mailto:info@anders-handeln.at\">info@anders-handeln.at<\/a> contacto.<\/p>\n<\/div>\n<\/div>\n<\/div>\n<\/div>\n<\/div>\n<\/div>\n<\/div>\n<\/div>\n<\/div>","protected":false},"featured_media":97693,"template":"","meta":{"_acf_changed":false},"thema":[],"product_brand":[],"product_cat":[109],"product_tag":[114,162,107,115],"class_list":{"0":"post-97698","1":"product","2":"type-product","3":"status-publish","4":"has-post-thumbnail","6":"product_cat-infoposter","7":"product_tag-handelspolitik","8":"product_tag-klimagerechtigkeit","9":"product_tag-menschenrechte","10":"product_tag-umwelt","11":"entry","12":"has-media","14":"first","15":"instock","16":"shipping-taxable","17":"purchasable","18":"product-type-simple"},"acf":[],"_links":{"self":[{"href":"https:\/\/power-shift.de\/es\/wp-json\/wp\/v2\/product\/97698","targetHints":{"allow":["GET"]}}],"collection":[{"href":"https:\/\/power-shift.de\/es\/wp-json\/wp\/v2\/product"}],"about":[{"href":"https:\/\/power-shift.de\/es\/wp-json\/wp\/v2\/types\/product"}],"wp:featuredmedia":[{"embeddable":true,"href":"https:\/\/power-shift.de\/es\/wp-json\/wp\/v2\/media\/97693"}],"wp:attachment":[{"href":"https:\/\/power-shift.de\/es\/wp-json\/wp\/v2\/media?parent=97698"}],"wp:term":[{"taxonomy":"thema","embeddable":true,"href":"https:\/\/power-shift.de\/es\/wp-json\/wp\/v2\/thema?post=97698"},{"taxonomy":"product_brand","embeddable":true,"href":"https:\/\/power-shift.de\/es\/wp-json\/wp\/v2\/product_brand?post=97698"},{"taxonomy":"product_cat","embeddable":true,"href":"https:\/\/power-shift.de\/es\/wp-json\/wp\/v2\/product_cat?post=97698"},{"taxonomy":"product_tag","embeddable":true,"href":"https:\/\/power-shift.de\/es\/wp-json\/wp\/v2\/product_tag?post=97698"}],"curies":[{"name":"wp","href":"https:\/\/api.w.org\/{rel}","templated":true}]}}