{"id":87826,"date":"2024-02-19T14:09:46","date_gmt":"2024-02-19T13:09:46","guid":{"rendered":"https:\/\/power-shift.de\/?post_type=product&#038;p=87826"},"modified":"2025-09-11T16:10:29","modified_gmt":"2025-09-11T14:10:29","slug":"klimacheck-handelspolitik","status":"publish","type":"product","link":"https:\/\/power-shift.de\/es\/producto\/klimacheck-handelspolitik\/","title":{"rendered":"POL\u00cdTICA COMERCIAL DE KLIMACHECK \u00bfQu\u00e9 tan respetuosa con el clima es la pol\u00edtica comercial europea?"},"content":{"rendered":"<p>Nuestra tarjeta de visita para distribuci\u00f3n a promociones para publicaci\u00f3n: POL\u00cdTICA COMERCIAL DE KLIMACHECK \u00bfQu\u00e9 tan respetuosa con el clima es la pol\u00edtica comercial europea?<\/p>","protected":false},"excerpt":{"rendered":"<p>Nuestra tarjeta de visita para distribuci\u00f3n a promociones para publicaci\u00f3n: POL\u00cdTICA COMERCIAL DE KLIMACHECK \u00bfQu\u00e9 tan respetuosa con el clima es la pol\u00edtica comercial europea?<\/p>","protected":false},"featured_media":87827,"template":"","meta":{"_acf_changed":false},"thema":[15],"product_brand":[],"product_cat":[116],"product_tag":[],"class_list":{"0":"post-87826","1":"product","2":"type-product","3":"status-publish","4":"has-post-thumbnail","6":"thema-handelspolitik","7":"product_cat-flyer","8":"entry","9":"has-media","11":"first","12":"instock","13":"shipping-taxable","14":"purchasable","15":"product-type-simple"},"acf":[],"_links":{"self":[{"href":"https:\/\/power-shift.de\/es\/wp-json\/wp\/v2\/product\/87826","targetHints":{"allow":["GET"]}}],"collection":[{"href":"https:\/\/power-shift.de\/es\/wp-json\/wp\/v2\/product"}],"about":[{"href":"https:\/\/power-shift.de\/es\/wp-json\/wp\/v2\/types\/product"}],"wp:featuredmedia":[{"embeddable":true,"href":"https:\/\/power-shift.de\/es\/wp-json\/wp\/v2\/media\/87827"}],"wp:attachment":[{"href":"https:\/\/power-shift.de\/es\/wp-json\/wp\/v2\/media?parent=87826"}],"wp:term":[{"taxonomy":"thema","embeddable":true,"href":"https:\/\/power-shift.de\/es\/wp-json\/wp\/v2\/thema?post=87826"},{"taxonomy":"product_brand","embeddable":true,"href":"https:\/\/power-shift.de\/es\/wp-json\/wp\/v2\/product_brand?post=87826"},{"taxonomy":"product_cat","embeddable":true,"href":"https:\/\/power-shift.de\/es\/wp-json\/wp\/v2\/product_cat?post=87826"},{"taxonomy":"product_tag","embeddable":true,"href":"https:\/\/power-shift.de\/es\/wp-json\/wp\/v2\/product_tag?post=87826"}],"curies":[{"name":"wp","href":"https:\/\/api.w.org\/{rel}","templated":true}]}}