{"id":82973,"date":"2023-02-28T10:00:43","date_gmt":"2023-02-28T09:00:43","guid":{"rendered":"https:\/\/power-shift.de\/?post_type=product&#038;p=82973"},"modified":"2025-12-08T12:20:57","modified_gmt":"2025-12-08T11:20:57","slug":"infoposter-for-export-only","status":"publish","type":"product","link":"https:\/\/power-shift.de\/es\/producto\/infoposter-for-export-only\/","title":{"rendered":"Cartel informativo: Acuerdos comerciales de la UE y agricultura a peque\u00f1a escala en Am\u00e9rica Latina"},"content":{"rendered":"<p><a class=\"button\" href=\"https:\/\/power-shift.de\/es\/infoposter-for-export-only\/\">Ir a la publicaci\u00f3n<\/a><\/p>","protected":false},"excerpt":{"rendered":"<p>\u00danicamente para la exportaci\u00f3n: C\u00f3mo afectan los acuerdos comerciales de la UE a la agricultura y la alimentaci\u00f3n locales en Chile, M\u00e9xico y Mercosur<\/p>\n<p>Cartel con informaci\u00f3n sobre el comercio agr\u00edcola de la UE con M\u00e9xico, Chile y Mercosur y las consecuencias previstas de los acuerdos comerciales previstos. Tama\u00f1o DIN A2 (doblado DIN A5).<\/p>","protected":false},"featured_media":82975,"template":"","meta":{"_acf_changed":false},"thema":[15],"product_brand":[],"product_cat":[109],"product_tag":[],"class_list":{"0":"post-82973","1":"product","2":"type-product","3":"status-publish","4":"has-post-thumbnail","6":"thema-handelspolitik","7":"product_cat-infoposter","8":"entry","9":"has-media","11":"first","12":"outofstock","13":"shipping-taxable","14":"purchasable","15":"product-type-simple"},"acf":[],"_links":{"self":[{"href":"https:\/\/power-shift.de\/es\/wp-json\/wp\/v2\/product\/82973","targetHints":{"allow":["GET"]}}],"collection":[{"href":"https:\/\/power-shift.de\/es\/wp-json\/wp\/v2\/product"}],"about":[{"href":"https:\/\/power-shift.de\/es\/wp-json\/wp\/v2\/types\/product"}],"wp:featuredmedia":[{"embeddable":true,"href":"https:\/\/power-shift.de\/es\/wp-json\/wp\/v2\/media\/82975"}],"wp:attachment":[{"href":"https:\/\/power-shift.de\/es\/wp-json\/wp\/v2\/media?parent=82973"}],"wp:term":[{"taxonomy":"thema","embeddable":true,"href":"https:\/\/power-shift.de\/es\/wp-json\/wp\/v2\/thema?post=82973"},{"taxonomy":"product_brand","embeddable":true,"href":"https:\/\/power-shift.de\/es\/wp-json\/wp\/v2\/product_brand?post=82973"},{"taxonomy":"product_cat","embeddable":true,"href":"https:\/\/power-shift.de\/es\/wp-json\/wp\/v2\/product_cat?post=82973"},{"taxonomy":"product_tag","embeddable":true,"href":"https:\/\/power-shift.de\/es\/wp-json\/wp\/v2\/product_tag?post=82973"}],"curies":[{"name":"wp","href":"https:\/\/api.w.org\/{rel}","templated":true}]}}