{"id":81773,"date":"2022-12-05T09:01:52","date_gmt":"2022-12-05T08:01:52","guid":{"rendered":"https:\/\/power-shift.de\/?post_type=product&#038;p=81773"},"modified":"2025-09-11T16:14:59","modified_gmt":"2025-09-11T14:14:59","slug":"positionspapier-berliner-parkraumpolitik-fuer-klimaschutz-und-eine-lebenswerte-stadt","status":"publish","type":"product","link":"https:\/\/power-shift.de\/es\/producto\/positionspapier-berliner-parkraumpolitik-fuer-klimaschutz-und-eine-lebenswerte-stadt\/","title":{"rendered":"Documento de posici\u00f3n: Pol\u00edtica de aparcamiento de Berl\u00edn para la protecci\u00f3n del clima y una ciudad habitable"},"content":{"rendered":"<p><a class=\"button\" href=\"https:\/\/power-shift.de\/wp-content\/uploads\/2022\/12\/PS_047_Parkraumpolitik-Positionspapier_v7_Web.pdf\">Ir a la publicaci\u00f3n<\/a><\/p>","protected":false},"excerpt":{"rendered":"<p>El nuevo documento de posici\u00f3n de la Alianza Calles de Berl\u00edn para Todos<\/p>","protected":false},"featured_media":81774,"template":"","meta":{"_acf_changed":false},"thema":[],"product_brand":[],"product_cat":[160],"product_tag":[],"class_list":{"0":"post-81773","1":"product","2":"type-product","3":"status-publish","4":"has-post-thumbnail","6":"product_cat-factsheet","7":"entry","8":"has-media","10":"first","11":"instock","12":"shipping-taxable","13":"purchasable","14":"product-type-simple"},"acf":[],"_links":{"self":[{"href":"https:\/\/power-shift.de\/es\/wp-json\/wp\/v2\/product\/81773","targetHints":{"allow":["GET"]}}],"collection":[{"href":"https:\/\/power-shift.de\/es\/wp-json\/wp\/v2\/product"}],"about":[{"href":"https:\/\/power-shift.de\/es\/wp-json\/wp\/v2\/types\/product"}],"wp:featuredmedia":[{"embeddable":true,"href":"https:\/\/power-shift.de\/es\/wp-json\/wp\/v2\/media\/81774"}],"wp:attachment":[{"href":"https:\/\/power-shift.de\/es\/wp-json\/wp\/v2\/media?parent=81773"}],"wp:term":[{"taxonomy":"thema","embeddable":true,"href":"https:\/\/power-shift.de\/es\/wp-json\/wp\/v2\/thema?post=81773"},{"taxonomy":"product_brand","embeddable":true,"href":"https:\/\/power-shift.de\/es\/wp-json\/wp\/v2\/product_brand?post=81773"},{"taxonomy":"product_cat","embeddable":true,"href":"https:\/\/power-shift.de\/es\/wp-json\/wp\/v2\/product_cat?post=81773"},{"taxonomy":"product_tag","embeddable":true,"href":"https:\/\/power-shift.de\/es\/wp-json\/wp\/v2\/product_tag?post=81773"}],"curies":[{"name":"wp","href":"https:\/\/api.w.org\/{rel}","templated":true}]}}