{"id":77548,"date":"2021-10-28T12:04:15","date_gmt":"2021-10-28T10:04:15","guid":{"rendered":"https:\/\/power-shift.de\/?post_type=product&#038;p=77548"},"modified":"2025-07-29T14:28:25","modified_gmt":"2025-07-29T12:28:25","slug":"veraenderungsurkunde","status":"publish","type":"product","link":"https:\/\/power-shift.de\/es\/producto\/veraenderungsurkunde\/","title":{"rendered":"Certificado de cambio"},"content":{"rendered":"<p>Desigualdad mundial, cat\u00e1strofe clim\u00e1tica, explotaci\u00f3n de las personas y la naturaleza: los problemas son grandes. PowerShift es una asociaci\u00f3n sin fines de lucro. Desde 2010 luchamos por una econom\u00eda global m\u00e1s justa desde el punto de vista ecol\u00f3gico y social. Con una donaci\u00f3n o membres\u00eda, usted tambi\u00e9n puede apoyar nuestro compromiso con una econom\u00eda global m\u00e1s justa. Ay\u00fadanos a continuar la lucha.<\/p>\n<p>Para su donaci\u00f3n, recibir\u00e1 un certificado en formato PDF para imprimir o enviar usted mismo.<\/p>","protected":false},"excerpt":{"rendered":"<p>Desigualdad mundial, cat\u00e1strofe clim\u00e1tica, explotaci\u00f3n de las personas y la naturaleza: los problemas son grandes. PowerShift es una asociaci\u00f3n sin fines de lucro. Desde 2010 luchamos por una econom\u00eda global m\u00e1s justa desde el punto de vista ecol\u00f3gico y social. Con una donaci\u00f3n o membres\u00eda, usted tambi\u00e9n puede apoyar nuestro compromiso con una econom\u00eda global m\u00e1s justa. Ay\u00fadanos a continuar la lucha...<\/p>","protected":false},"featured_media":77861,"template":"","meta":{"_acf_changed":false},"thema":[],"product_brand":[],"product_cat":[197],"product_tag":[],"class_list":{"0":"post-77548","1":"product","2":"type-product","3":"status-publish","4":"has-post-thumbnail","6":"product_cat-urkunde","7":"entry","8":"has-media","10":"first","11":"instock","12":"shipping-taxable","13":"purchasable","14":"product-type-variable"},"acf":[],"_links":{"self":[{"href":"https:\/\/power-shift.de\/es\/wp-json\/wp\/v2\/product\/77548","targetHints":{"allow":["GET"]}}],"collection":[{"href":"https:\/\/power-shift.de\/es\/wp-json\/wp\/v2\/product"}],"about":[{"href":"https:\/\/power-shift.de\/es\/wp-json\/wp\/v2\/types\/product"}],"wp:featuredmedia":[{"embeddable":true,"href":"https:\/\/power-shift.de\/es\/wp-json\/wp\/v2\/media\/77861"}],"wp:attachment":[{"href":"https:\/\/power-shift.de\/es\/wp-json\/wp\/v2\/media?parent=77548"}],"wp:term":[{"taxonomy":"thema","embeddable":true,"href":"https:\/\/power-shift.de\/es\/wp-json\/wp\/v2\/thema?post=77548"},{"taxonomy":"product_brand","embeddable":true,"href":"https:\/\/power-shift.de\/es\/wp-json\/wp\/v2\/product_brand?post=77548"},{"taxonomy":"product_cat","embeddable":true,"href":"https:\/\/power-shift.de\/es\/wp-json\/wp\/v2\/product_cat?post=77548"},{"taxonomy":"product_tag","embeddable":true,"href":"https:\/\/power-shift.de\/es\/wp-json\/wp\/v2\/product_tag?post=77548"}],"curies":[{"name":"wp","href":"https:\/\/api.w.org\/{rel}","templated":true}]}}