{"id":74875,"date":"2020-12-03T11:04:21","date_gmt":"2020-12-03T10:04:21","guid":{"rendered":"https:\/\/power-shift.de\/?post_type=product&#038;p=74875"},"modified":"2025-09-11T16:38:49","modified_gmt":"2025-09-11T14:38:49","slug":"akku-leer-die-schwache-batterie-direktive-der-europaeischen-union","status":"publish","type":"product","link":"https:\/\/power-shift.de\/es\/producto\/akku-leer-die-schwache-batterie-direktive-der-europaeischen-union\/","title":{"rendered":"Bater\u00eda vac\u00eda: La d\u00e9bil directiva de bater\u00edas de la Uni\u00f3n Europea"},"content":{"rendered":"<p><a class=\"button\" href=\"https:\/\/power-shift.de\/es\/eu-batterien-direktive\/\"> Ir a la publicaci\u00f3n<\/a><\/p>","protected":false},"excerpt":{"rendered":"<p>Ir a la publicaci\u00f3n<\/p>","protected":false},"featured_media":74876,"template":"","meta":{"_acf_changed":false},"thema":[18],"product_brand":[],"product_cat":[160],"product_tag":[],"class_list":{"0":"post-74875","1":"product","2":"type-product","3":"status-publish","4":"has-post-thumbnail","6":"thema-rohstoffpolitik","7":"product_cat-factsheet","8":"entry","9":"has-media","11":"first","12":"instock","13":"shipping-taxable","14":"purchasable","15":"product-type-simple"},"acf":[],"_links":{"self":[{"href":"https:\/\/power-shift.de\/es\/wp-json\/wp\/v2\/product\/74875","targetHints":{"allow":["GET"]}}],"collection":[{"href":"https:\/\/power-shift.de\/es\/wp-json\/wp\/v2\/product"}],"about":[{"href":"https:\/\/power-shift.de\/es\/wp-json\/wp\/v2\/types\/product"}],"wp:featuredmedia":[{"embeddable":true,"href":"https:\/\/power-shift.de\/es\/wp-json\/wp\/v2\/media\/74876"}],"wp:attachment":[{"href":"https:\/\/power-shift.de\/es\/wp-json\/wp\/v2\/media?parent=74875"}],"wp:term":[{"taxonomy":"thema","embeddable":true,"href":"https:\/\/power-shift.de\/es\/wp-json\/wp\/v2\/thema?post=74875"},{"taxonomy":"product_brand","embeddable":true,"href":"https:\/\/power-shift.de\/es\/wp-json\/wp\/v2\/product_brand?post=74875"},{"taxonomy":"product_cat","embeddable":true,"href":"https:\/\/power-shift.de\/es\/wp-json\/wp\/v2\/product_cat?post=74875"},{"taxonomy":"product_tag","embeddable":true,"href":"https:\/\/power-shift.de\/es\/wp-json\/wp\/v2\/product_tag?post=74875"}],"curies":[{"name":"wp","href":"https:\/\/api.w.org\/{rel}","templated":true}]}}