{"id":22099,"date":"2018-11-23T11:13:49","date_gmt":"2018-11-23T10:13:49","guid":{"rendered":"https:\/\/power-shift.de\/?post_type=product&#038;p=22099"},"modified":"2025-09-11T16:21:07","modified_gmt":"2025-09-11T14:21:07","slug":"weniger-autos-mehr-globale-gerechtigkeit","status":"publish","type":"product","link":"https:\/\/power-shift.de\/es\/producto\/weniger-autos-mehr-globale-gerechtigkeit\/","title":{"rendered":"Menos coches, m\u00e1s justicia global"},"content":{"rendered":"","protected":false},"excerpt":{"rendered":"<h4>Gas\u00f3leo, gasolina, el\u00e9ctrico: La tecnolog\u00eda de accionamiento por s\u00ed sola a\u00fan no da un giro al tr\u00e1fico<\/h4>\n<p>Desafortunadamente, actualmente solo est\u00e1 disponible como pdf [button id=\"\" style=\"\"\" color=\"default\" type=\"large\" href=\"https:\/\/power-shift.de\/wp-content\/uploads\/2019\/06\/Studie-Less-Autos-mehr-globale-Gerechtigkeit.pdf\" align=\"none\" ]Descargar estudio[\/bot\u00f3n]<\/p>","protected":false},"featured_media":20052,"template":"","meta":{"_acf_changed":false},"thema":[18],"product_brand":[],"product_cat":[177],"product_tag":[110,178,111,179,119,107,180,113,174,181,182],"class_list":{"0":"post-22099","1":"product","2":"type-product","3":"status-publish","4":"has-post-thumbnail","6":"thema-rohstoffpolitik","7":"product_cat-studie","8":"product_tag-bergbau","9":"product_tag-elektromobilitaet","10":"product_tag-emobilitaet","11":"product_tag-energie","12":"product_tag-energiewende","13":"product_tag-menschenrechte","14":"product_tag-mobilitaet","15":"product_tag-rohstoffe","16":"product_tag-rohstoffpolitik","17":"product_tag-rohstoffwende","18":"product_tag-verkehrswende","19":"entry","20":"has-media","22":"first","23":"outofstock","24":"shipping-taxable","25":"purchasable","26":"product-type-simple"},"acf":[],"_links":{"self":[{"href":"https:\/\/power-shift.de\/es\/wp-json\/wp\/v2\/product\/22099","targetHints":{"allow":["GET"]}}],"collection":[{"href":"https:\/\/power-shift.de\/es\/wp-json\/wp\/v2\/product"}],"about":[{"href":"https:\/\/power-shift.de\/es\/wp-json\/wp\/v2\/types\/product"}],"wp:featuredmedia":[{"embeddable":true,"href":"https:\/\/power-shift.de\/es\/wp-json\/wp\/v2\/media\/20052"}],"wp:attachment":[{"href":"https:\/\/power-shift.de\/es\/wp-json\/wp\/v2\/media?parent=22099"}],"wp:term":[{"taxonomy":"thema","embeddable":true,"href":"https:\/\/power-shift.de\/es\/wp-json\/wp\/v2\/thema?post=22099"},{"taxonomy":"product_brand","embeddable":true,"href":"https:\/\/power-shift.de\/es\/wp-json\/wp\/v2\/product_brand?post=22099"},{"taxonomy":"product_cat","embeddable":true,"href":"https:\/\/power-shift.de\/es\/wp-json\/wp\/v2\/product_cat?post=22099"},{"taxonomy":"product_tag","embeddable":true,"href":"https:\/\/power-shift.de\/es\/wp-json\/wp\/v2\/product_tag?post=22099"}],"curies":[{"name":"wp","href":"https:\/\/api.w.org\/{rel}","templated":true}]}}