{"id":98688,"date":"2026-02-26T12:19:50","date_gmt":"2026-02-26T11:19:50","guid":{"rendered":"https:\/\/power-shift.de\/?page_id=98688"},"modified":"2026-03-12T11:34:07","modified_gmt":"2026-03-12T10:34:07","slug":"kampagnen","status":"publish","type":"page","link":"https:\/\/power-shift.de\/es\/kampagnen\/","title":{"rendered":"campa\u00f1as"},"content":{"rendered":"<div class=\"wpb-content-wrapper\"><div class=\"vc_row wpb_row vc_row-fluid wpex-relative\"><div class=\"wpb_column vc_column_container vc_col-sm-12\"><div class=\"vc_column-inner\"><div class=\"wpb_wrapper\"><div class=\"vcex-module vcex-icon-box vcex-icon-box-one wpex-flex wpex-text-left ps-banner background-green ps-banner-petition\"><div class=\"vcex-icon-box-symbol vcex-icon-box-symbol--image wpex-flex-shrink-0 wpex-mr-20\"><img width=\"1280\" height=\"800\" src=\"https:\/\/power-shift.de\/wp-content\/uploads\/2025\/12\/PS_106_Banner_Petition_v4.png\" class=\"vcex-icon-box-image wpex-align-middle\" alt=\"\" loading=\"lazy\" decoding=\"async\" srcset=\"https:\/\/power-shift.de\/wp-content\/uploads\/2025\/12\/PS_106_Banner_Petition_v4.png 1280w, https:\/\/power-shift.de\/wp-content\/uploads\/2025\/12\/PS_106_Banner_Petition_v4-300x188.png 300w, https:\/\/power-shift.de\/wp-content\/uploads\/2025\/12\/PS_106_Banner_Petition_v4-1024x640.png 1024w, https:\/\/power-shift.de\/wp-content\/uploads\/2025\/12\/PS_106_Banner_Petition_v4-768x480.png 768w, https:\/\/power-shift.de\/wp-content\/uploads\/2025\/12\/PS_106_Banner_Petition_v4-18x12.png 18w, https:\/\/power-shift.de\/wp-content\/uploads\/2025\/12\/PS_106_Banner_Petition_v4-600x375.png 600w\" sizes=\"auto, (max-width: 1280px) 100vw, 1280px\" \/><\/div><div class=\"vcex-icon-box-text wpex-flex-grow\"><h2 class=\"vcex-icon-box-heading wpex-heading wpex-text-lg wpex-mb-10\">Obtenga m\u00e1s informaci\u00f3n y apoye nuestras campa\u00f1as <span class=\"wpex-badge\">campa\u00f1as<\/span><\/h2><\/div><\/div><\/div><\/div><\/div><\/div><div class=\"vc_row wpb_row vc_row-fluid wpex-relative\"><div class=\"wpb_column vc_column_container vc_col-sm-12\"><div class=\"vc_column-inner\"><div class=\"wpb_wrapper\">\n\t<div class=\"wpb_text_column wpb_content_element\" >\n\t\t<div class=\"wpb_wrapper\">\n\t\t\t<h2>En qu\u00e9 estamos trabajando actualmente<\/h2>\n<p>Nuestras campa\u00f1as se centran en las interfaces centrales del clima, la justicia global y la transformaci\u00f3n econ\u00f3mica. Hacemos visibles los desarrollos pol\u00edticos, identificamos responsabilidades a lo largo de las cadenas globales de suministro y valor y mostramos caminos concretos hacia un futuro social-ecol\u00f3gico. Junto con los socios de la sociedad civil, el mundo acad\u00e9mico y un p\u00fablico comprometido, incorporamos nuestras demandas a los procesos pol\u00edticos y aumentamos la presi\u00f3n para que los derechos humanos y las normas ecol\u00f3gicas y democr\u00e1ticas sean vinculantes.<\/p>\n\n\t\t<\/div>\n\t<\/div>\n<\/div><\/div><\/div><\/div><div class=\"vc_row wpb_row vc_row-fluid wpex-relative\"><div class=\"wpb_column vc_column_container vc_col-sm-12\"><div class=\"vc_column-inner\"><div class=\"wpb_wrapper\"><div id=\"grid-posts\" class=\"wpex-post-cards wpex-post-cards-template_95494 wpex-relative\"  data-vcex-class=\"Wpex_Post_Cards_Shortcode\" data-vcex-atts=\"{&quot;card_style&quot;:&quot;template_95494&quot;,&quot;entry_count&quot;:1,&quot;grid_spacing&quot;:&quot;50&quot;,&quot;pagination&quot;:&quot;numbered_ajax&quot;,&quot;running_count&quot;:7,&quot;terms_in&quot;:&quot;125, 443&quot;,&quot;unique_id&quot;:&quot;grid-posts&quot;,&quot;nonce&quot;:&quot;6c83e2f9fe&quot;}\" data-vcex-current-page=\"1\" aria-live=\"polite\" aria-relevant=\"additions removals\" data-vcex-max-pages=\"1\" data-vcex-pagination=\"numbered_ajax\"><div class=\"wpex-post-cards-inner\"><div class=\"wpex-post-cards-loop wpex-post-cards-grid wpex-row wpex-clr gap-50\"><div class=\"wpex-post-cards-entry col col-1 span_1_of_3 post-94212 type-post cat-125 post_tag-373 post_tag-375 post_tag-302 post_tag-277 thema-16 author-425\"><div class=\"wpex-card wpex-card-template_95494 cardstyle-big-post cardstyle-big\"><div class=\"wpex-card-inner\"><div class=\"vc_row wpb_row vc_row-fluid vc_row-o-equal-height vc_row-o-content-top vc_row-flex wpex-relative wpex-vc_row-gap-0\" style=\"background-position:center center!important;background-size:cover!important;\"><div class=\"wpb_column vc_column_container vc_col-sm-12\"><div class=\"vc_column-inner\"><div class=\"wpb_wrapper\">\n\t<div class=\"wpb_raw_code wpb_raw_html wpb_content_element\" >\n\t\t<div class=\"wpb_wrapper\">\n\t\t\t<a href=\"https:\/\/power-shift.de\/es\/bodengerechtigkeit\/\" class=\"card-link\">Campa\u00f1a: La justicia clim\u00e1tica real necesita una distribuci\u00f3n justa de la tierra<\/a>\n\t\t<\/div>\n\t<\/div>\n<div class=\"vcex-flex-container vcex-module wpex-flex wpex-gap-20 wpex-aspect-3-2 wpex-overflow-hidden card-image\"><figure class=\"vcex-image vcex-module vcex-fill-column\"><div class=\"vcex-image-inner wpex-relative wpex-inline-block\"><img loading=\"lazy\" class=\"vcex-image-img wpex-align-middle wpex-aspect-3-2 wpex-object-cover wpex-aspect-4-3 wpex-object-cover\" decoding=\"async\" src=\"https:\/\/power-shift.de\/wp-content\/uploads\/2025\/06\/Bodengerechtigkeit-Energiewende-PowerShift-scaled-1-800x600.jpg\" alt=\"Agricultura con turbina e\u00f3lica en el fondo\" width=\"800\" height=\"600\"><\/div><\/figure><\/div><div class=\"vcex-flex-container vcex-module wpex-flex wpex-gap-20 wpex-items-center wpex-justify-center card-head has-term-background-color\"><div class=\"vcex-post-terms vcex-module\"><span class=\"vcex-post-terms__item vcex-post-terms__item--125\">campa\u00f1a<\/span><\/div><\/div><style>.vcex-post-terms.vcex_69fc565255d95 .vcex-post-terms__item{color:var(--wpex-palette-94250-color);}<\/style><div class=\"vcex-flex-container vcex-module wpex-flex wpex-gap-20 wpex-flex-col card-content vcex-flex-container_69fc565255706\"><div class=\"vcex-post-terms vcex-module card-thema vcex_69fc565255d95\"><span class=\"vcex-post-terms__item vcex-post-terms__item--16\">Pol\u00edtica energ\u00e9tica<\/span><\/div><div class=\"vcex-page-title vcex-module\"><div class=\"vcex-page-title__heading wpex-heading wpex-text-3xl\"><span class=\"vcex-page-title__text\">La justicia clim\u00e1tica real necesita una distribuci\u00f3n justa de la tierra<\/span><\/div><\/div><\/div><\/div><\/div><\/div><\/div>\r\n<\/div><\/div><\/div><div class=\"wpex-post-cards-entry col col-2 span_1_of_3 post-97920 type-post cat-443 post_tag-9 post_tag-10 post_tag-394 post_tag-426 thema-15 author-58\"><div class=\"wpex-card wpex-card-template_95494 cardstyle-big-post cardstyle-big\"><div class=\"wpex-card-inner\"><div class=\"vc_row wpb_row vc_row-fluid vc_row-o-equal-height vc_row-o-content-top vc_row-flex wpex-relative wpex-vc_row-gap-0\" style=\"background-position:center center!important;background-size:cover!important;\"><div class=\"wpb_column vc_column_container vc_col-sm-12\"><div class=\"vc_column-inner\"><div class=\"wpb_wrapper\">\n\t<div class=\"wpb_raw_code wpb_raw_html wpb_content_element\" >\n\t\t<div class=\"wpb_wrapper\">\n\t\t\t<a href=\"https:\/\/power-shift.de\/es\/kein-deal-mit-trump\/\" class=\"card-link\">Petici\u00f3n: No hay acuerdo con Trump: firme nuestra petici\u00f3n ahora<\/a>\n\t\t<\/div>\n\t<\/div>\n<div class=\"vcex-flex-container vcex-module wpex-flex wpex-gap-20 wpex-aspect-3-2 wpex-overflow-hidden card-image\"><figure class=\"vcex-image vcex-module vcex-fill-column\"><div class=\"vcex-image-inner wpex-relative wpex-inline-block\"><img loading=\"lazy\" class=\"vcex-image-img wpex-align-middle wpex-aspect-3-2 wpex-object-cover wpex-aspect-4-3 wpex-object-cover\" decoding=\"async\" src=\"https:\/\/power-shift.de\/wp-content\/uploads\/2025\/11\/Titelbild-Briefing-EU-US-Deal-Donald_Trump_and_Ursula_Von_der_Leyen-800x600.jpg\" alt=\"Foto de portada Briefing EU US Deal Fuente: https:\/\/audiovisual.ec.europa.eu\/en\/photo-details\/P-067255~2F00-35\" width=\"800\" height=\"600\"><\/div><\/figure><\/div><div class=\"vcex-flex-container vcex-module wpex-flex wpex-gap-20 wpex-items-center wpex-justify-center card-head has-term-background-color\"><div class=\"vcex-post-terms vcex-module\"><span class=\"vcex-post-terms__item vcex-post-terms__item--443\">petici\u00f3n<\/span><\/div><\/div><style>.vcex-post-terms.vcex_69fc56525f5a5 .vcex-post-terms__item{color:var(--wpex-palette-94250-color);}<\/style><div class=\"vcex-flex-container vcex-module wpex-flex wpex-gap-20 wpex-flex-col card-content vcex-flex-container_69fc56525ef75\"><div class=\"vcex-post-terms vcex-module card-thema vcex_69fc56525f5a5\"><span class=\"vcex-post-terms__item vcex-post-terms__item--15\">Pol\u00edtica comercial<\/span><\/div><div class=\"vcex-page-title vcex-module\"><div class=\"vcex-page-title__heading wpex-heading wpex-text-3xl\"><span class=\"vcex-page-title__text\">No hay acuerdo con Trump: firme nuestra petici\u00f3n ahora<\/span><\/div><\/div><\/div><\/div><\/div><\/div><\/div>\r\n<\/div><\/div><\/div><div class=\"wpex-post-cards-entry col col-3 span_1_of_3 post-97391 type-post cat-125 cat-154 post_tag-211 post_tag-218 post_tag-10 post_tag-65 post_tag-139 thema-15 author-280\"><div class=\"wpex-card wpex-card-template_95494 cardstyle-big-post cardstyle-big\"><div class=\"wpex-card-inner\"><div class=\"vc_row wpb_row vc_row-fluid vc_row-o-equal-height vc_row-o-content-top vc_row-flex wpex-relative wpex-vc_row-gap-0\" style=\"background-position:center center!important;background-size:cover!important;\"><div class=\"wpb_column vc_column_container vc_col-sm-12\"><div class=\"vc_column-inner\"><div class=\"wpb_wrapper\">\n\t<div class=\"wpb_raw_code wpb_raw_html wpb_content_element\" >\n\t\t<div class=\"wpb_wrapper\">\n\t\t\t<a href=\"https:\/\/power-shift.de\/es\/stoppt-giftigen-handel\/\" class=\"card-link\">Campa\u00f1a: \u00abStop toxic trade!\u00bb (\u00a1Detener el comercio t\u00f3xico!).<\/a>\n\t\t<\/div>\n\t<\/div>\n<div class=\"vcex-flex-container vcex-module wpex-flex wpex-gap-20 wpex-aspect-3-2 wpex-overflow-hidden card-image\"><figure class=\"vcex-image vcex-module vcex-fill-column\"><div class=\"vcex-image-inner wpex-relative wpex-inline-block\"><img loading=\"lazy\" class=\"vcex-image-img wpex-align-middle wpex-aspect-3-2 wpex-object-cover wpex-aspect-4-3 wpex-object-cover\" decoding=\"async\" src=\"https:\/\/power-shift.de\/wp-content\/uploads\/2025\/07\/PowerShift_Handelspolitik_EU-Mercosur-Abkommen-ante-portas_Titelbild-e1760364834185-800x600.jpg\" alt=\"Waldbrand como visualizaci\u00f3n del Acuerdo UE-Mercosur\" width=\"800\" height=\"600\"><\/div><\/figure><\/div><div class=\"vcex-flex-container vcex-module wpex-flex wpex-gap-20 wpex-items-center wpex-justify-center card-head has-term-background-color\"><div class=\"vcex-post-terms vcex-module\"><span class=\"vcex-post-terms__item vcex-post-terms__item--125\">campa\u00f1a<\/span><\/div><\/div><style>.vcex-post-terms.vcex_69fc5652661e1 .vcex-post-terms__item{color:var(--wpex-palette-94250-color);}<\/style><div class=\"vcex-flex-container vcex-module wpex-flex wpex-gap-20 wpex-flex-col card-content vcex-flex-container_69fc565265c13\"><div class=\"vcex-post-terms vcex-module card-thema vcex_69fc5652661e1\"><span class=\"vcex-post-terms__item vcex-post-terms__item--15\">Pol\u00edtica comercial<\/span><\/div><div class=\"vcex-page-title vcex-module\"><div class=\"vcex-page-title__heading wpex-heading wpex-text-3xl\"><span class=\"vcex-page-title__text\">\u00abStop toxic trade!\u00bb (\u00a1Detener el comercio t\u00f3xico!).<\/span><\/div><\/div><\/div><\/div><\/div><\/div><\/div>\r\n<\/div><\/div><\/div><div class=\"wpex-post-cards-entry col col-1 span_1_of_3 post-96340 type-post cat-125 thema-15 thema-18 author-252\"><div class=\"wpex-card wpex-card-template_95494 cardstyle-big-post cardstyle-big\"><div class=\"wpex-card-inner\"><div class=\"vc_row wpb_row vc_row-fluid vc_row-o-equal-height vc_row-o-content-top vc_row-flex wpex-relative wpex-vc_row-gap-0\" style=\"background-position:center center!important;background-size:cover!important;\"><div class=\"wpb_column vc_column_container vc_col-sm-12\"><div class=\"vc_column-inner\"><div class=\"wpb_wrapper\">\n\t<div class=\"wpb_raw_code wpb_raw_html wpb_content_element\" >\n\t\t<div class=\"wpb_wrapper\">\n\t\t\t<a href=\"https:\/\/power-shift.de\/es\/deine-stimme-zaehlt-rette-mit-uns-das-lieferkettengesetz\/\" class=\"card-link\">Campa\u00f1a: Tu voz cuenta: Guarde la Ley de la Cadena de Suministro con nosotros<\/a>\n\t\t<\/div>\n\t<\/div>\n<div class=\"vcex-flex-container vcex-module wpex-flex wpex-gap-20 wpex-aspect-3-2 wpex-overflow-hidden card-image\"><figure class=\"vcex-image vcex-module vcex-fill-column\"><div class=\"vcex-image-inner wpex-relative wpex-inline-block\"><img loading=\"lazy\" class=\"vcex-image-img wpex-align-middle wpex-aspect-3-2 wpex-object-cover wpex-aspect-4-3 wpex-object-cover\" decoding=\"async\" src=\"https:\/\/power-shift.de\/wp-content\/uploads\/2025\/09\/Lieferkettengesetz-PowerShift-Anruf-e1759150613836-800x600.jpg\" alt=\"Imagen de portada PowerShift Campaign Supply Chain Act\" srcset=\"https:\/\/power-shift.de\/wp-content\/uploads\/2025\/09\/Lieferkettengesetz-PowerShift-Anruf-e1759150613836-800x600.jpg 800w, https:\/\/power-shift.de\/wp-content\/uploads\/2025\/09\/Lieferkettengesetz-PowerShift-Anruf-e1759150613836-16x12.jpg 16w\" width=\"800\" height=\"600\"><\/div><\/figure><\/div><div class=\"vcex-flex-container vcex-module wpex-flex wpex-gap-20 wpex-items-center wpex-justify-center card-head has-term-background-color\"><div class=\"vcex-post-terms vcex-module\"><span class=\"vcex-post-terms__item vcex-post-terms__item--125\">campa\u00f1a<\/span><\/div><\/div><style>.vcex-post-terms.vcex_69fc56526c314 .vcex-post-terms__item{color:var(--wpex-palette-94250-color);}<\/style><div class=\"vcex-flex-container vcex-module wpex-flex wpex-gap-20 wpex-flex-col card-content vcex-flex-container_69fc56526bd3b\"><div class=\"vcex-post-terms vcex-module card-thema vcex_69fc56526c314\"><span class=\"vcex-post-terms__item vcex-post-terms__item--18\">Pol\u00edtica de materias primas<\/span><\/div><div class=\"vcex-page-title vcex-module\"><div class=\"vcex-page-title__heading wpex-heading wpex-text-3xl\"><span class=\"vcex-page-title__text\">Tu voz cuenta: Guarde la Ley de la Cadena de Suministro con nosotros<\/span><\/div><\/div><\/div><\/div><\/div><\/div><\/div>\r\n<\/div><\/div><\/div><div class=\"wpex-post-cards-entry col col-2 span_1_of_3 post-94213 type-post cat-125 post_tag-211 thema-15 author-85\"><div class=\"wpex-card wpex-card-template_95494 cardstyle-big-post cardstyle-big\"><div class=\"wpex-card-inner\"><div class=\"vc_row wpb_row vc_row-fluid vc_row-o-equal-height vc_row-o-content-top vc_row-flex wpex-relative wpex-vc_row-gap-0\" style=\"background-position:center center!important;background-size:cover!important;\"><div class=\"wpb_column vc_column_container vc_col-sm-12\"><div class=\"vc_column-inner\"><div class=\"wpb_wrapper\">\n\t<div class=\"wpb_raw_code wpb_raw_html wpb_content_element\" >\n\t\t<div class=\"wpb_wrapper\">\n\t\t\t<a href=\"https:\/\/power-shift.de\/es\/aktiv-werden-gegen-eu-mercosur\/\" class=\"card-link\">Campa\u00f1a: Tomar medidas contra EU-Mercosur<\/a>\n\t\t<\/div>\n\t<\/div>\n<div class=\"vcex-flex-container vcex-module wpex-flex wpex-gap-20 wpex-aspect-3-2 wpex-overflow-hidden card-image\"><figure class=\"vcex-image vcex-module vcex-fill-column\"><div class=\"vcex-image-inner wpex-relative wpex-inline-block\"><img loading=\"lazy\" class=\"vcex-image-img wpex-align-middle wpex-aspect-3-2 wpex-object-cover wpex-aspect-4-3 wpex-object-cover\" decoding=\"async\" src=\"https:\/\/power-shift.de\/wp-content\/uploads\/2025\/06\/STOP_EU-MERCOSUR_visuals_illu-13-e1756989154584-800x600.png\" alt=\"\" srcset=\"https:\/\/power-shift.de\/wp-content\/uploads\/2025\/06\/STOP_EU-MERCOSUR_visuals_illu-13-e1756989154584-800x600.png 800w, https:\/\/power-shift.de\/wp-content\/uploads\/2025\/06\/STOP_EU-MERCOSUR_visuals_illu-13-e1756989154584-15x12.png 15w\" width=\"800\" height=\"600\"><\/div><\/figure><\/div><div class=\"vcex-flex-container vcex-module wpex-flex wpex-gap-20 wpex-items-center wpex-justify-center card-head has-term-background-color\"><div class=\"vcex-post-terms vcex-module\"><span class=\"vcex-post-terms__item vcex-post-terms__item--125\">campa\u00f1a<\/span><\/div><\/div><style>.vcex-post-terms.vcex_69fc565273ec8 .vcex-post-terms__item{color:var(--wpex-palette-94250-color);}<\/style><div class=\"vcex-flex-container vcex-module wpex-flex wpex-gap-20 wpex-flex-col card-content vcex-flex-container_69fc5652739f2\"><div class=\"vcex-post-terms vcex-module card-thema vcex_69fc565273ec8\"><span class=\"vcex-post-terms__item vcex-post-terms__item--15\">Pol\u00edtica comercial<\/span><\/div><div class=\"vcex-page-title vcex-module\"><div class=\"vcex-page-title__heading wpex-heading wpex-text-3xl\"><span class=\"vcex-page-title__text\">Tomar medidas contra EU-Mercosur<\/span><\/div><\/div><\/div><\/div><\/div><\/div><\/div>\r\n<\/div><\/div><\/div><div class=\"wpex-post-cards-entry col col-3 span_1_of_3 post-90875 type-post cat-125 post_tag-276 post_tag-279 post_tag-11 post_tag-402 thema-16 author-86\"><div class=\"wpex-card wpex-card-template_95494 cardstyle-big-post cardstyle-big\"><div class=\"wpex-card-inner\"><div class=\"vc_row wpb_row vc_row-fluid vc_row-o-equal-height vc_row-o-content-top vc_row-flex wpex-relative wpex-vc_row-gap-0\" style=\"background-position:center center!important;background-size:cover!important;\"><div class=\"wpb_column vc_column_container vc_col-sm-12\"><div class=\"vc_column-inner\"><div class=\"wpb_wrapper\">\n\t<div class=\"wpb_raw_code wpb_raw_html wpb_content_element\" >\n\t\t<div class=\"wpb_wrapper\">\n\t\t\t<a href=\"https:\/\/power-shift.de\/es\/tour-du-gas-wilhelmshavens-fossile-infrastruktur\/\" class=\"card-link\">Campa\u00f1a: Tour du Gas: La infraestructura f\u00f3sil no es protecci\u00f3n del clima<\/a>\n\t\t<\/div>\n\t<\/div>\n<div class=\"vcex-flex-container vcex-module wpex-flex wpex-gap-20 wpex-aspect-3-2 wpex-overflow-hidden card-image\"><figure class=\"vcex-image vcex-module vcex-fill-column\"><div class=\"vcex-image-inner wpex-relative wpex-inline-block\"><img loading=\"lazy\" class=\"vcex-image-img wpex-align-middle wpex-aspect-3-2 wpex-object-cover wpex-aspect-4-3 wpex-object-cover\" decoding=\"async\" src=\"https:\/\/power-shift.de\/wp-content\/uploads\/2024\/10\/PowerShift_Tour_du_Gas_Alte_Kohle_neue_Kohle_WHV-800x600.jpg\" alt=\"Vista desde R\u00fcstringer Berg al puerto petrolero, la central el\u00e9ctrica de carb\u00f3n y el JadeWeserPort\" width=\"800\" height=\"600\"><\/div><\/figure><\/div><div class=\"vcex-flex-container vcex-module wpex-flex wpex-gap-20 wpex-items-center wpex-justify-center card-head has-term-background-color\"><div class=\"vcex-post-terms vcex-module\"><span class=\"vcex-post-terms__item vcex-post-terms__item--125\">campa\u00f1a<\/span><\/div><\/div><style>.vcex-post-terms.vcex_69fc56527ae0b .vcex-post-terms__item{color:var(--wpex-palette-94250-color);}<\/style><div class=\"vcex-flex-container vcex-module wpex-flex wpex-gap-20 wpex-flex-col card-content vcex-flex-container_69fc56527a7dc\"><div class=\"vcex-post-terms vcex-module card-thema vcex_69fc56527ae0b\"><span class=\"vcex-post-terms__item vcex-post-terms__item--16\">Pol\u00edtica energ\u00e9tica<\/span><\/div><div class=\"vcex-page-title vcex-module\"><div class=\"vcex-page-title__heading wpex-heading wpex-text-3xl\"><span class=\"vcex-page-title__text\">Tour du Gas: La infraestructura f\u00f3sil no es protecci\u00f3n del clima<\/span><\/div><\/div><\/div><\/div><\/div><\/div><\/div>\r\n<\/div><\/div><\/div><div class=\"wpex-post-cards-entry col col-1 span_1_of_3 post-23509 type-post cat-125 cat-131 post_tag-75 post_tag-134 post_tag-206 post_tag-205 thema-16 thema-18 author-147\"><div class=\"wpex-card wpex-card-template_95494 cardstyle-big-post cardstyle-big\"><div class=\"wpex-card-inner\"><div class=\"vc_row wpb_row vc_row-fluid vc_row-o-equal-height vc_row-o-content-top vc_row-flex wpex-relative wpex-vc_row-gap-0\" style=\"background-position:center center!important;background-size:cover!important;\"><div class=\"wpb_column vc_column_container vc_col-sm-12\"><div class=\"vc_column-inner\"><div class=\"wpb_wrapper\">\n\t<div class=\"wpb_raw_code wpb_raw_html wpb_content_element\" >\n\t\t<div class=\"wpb_wrapper\">\n\t\t\t<a href=\"https:\/\/power-shift.de\/es\/tesla-gigafactory-ein-elektromotor-macht-noch-keine-verkehrswende\/\" class=\"card-link\">Art\u00edculos: Gigaf\u00e1brica de Tesla: \u00a1Un motor el\u00e9ctrico a\u00fan no hace un cambio en el tr\u00e1fico!<\/a>\n\t\t<\/div>\n\t<\/div>\n<div class=\"vcex-flex-container vcex-module wpex-flex wpex-gap-20 wpex-aspect-3-2 wpex-overflow-hidden card-image\"><figure class=\"vcex-image vcex-module vcex-fill-column\"><div class=\"vcex-image-inner wpex-relative wpex-inline-block\"><img loading=\"lazy\" class=\"vcex-image-img wpex-align-middle wpex-aspect-3-2 wpex-object-cover wpex-aspect-4-3 wpex-object-cover\" decoding=\"async\" src=\"https:\/\/power-shift.de\/wp-content\/uploads\/2020\/04\/Otto-stop-mining-800x600.png\" alt=\"\" width=\"800\" height=\"600\"><\/div><\/figure><\/div><div class=\"vcex-flex-container vcex-module wpex-flex wpex-gap-20 wpex-items-center wpex-justify-center card-head has-term-background-color\"><div class=\"vcex-post-terms vcex-module\"><span class=\"vcex-post-terms__item vcex-post-terms__item--131\">posiciones<\/span><\/div><\/div><style>.vcex-post-terms.vcex_69fc565282595 .vcex-post-terms__item{color:var(--wpex-palette-94250-color);}<\/style><div class=\"vcex-flex-container vcex-module wpex-flex wpex-gap-20 wpex-flex-col card-content vcex-flex-container_69fc565281f81\"><div class=\"vcex-post-terms vcex-module card-thema vcex_69fc565282595\"><span class=\"vcex-post-terms__item vcex-post-terms__item--16\">Pol\u00edtica energ\u00e9tica<\/span><\/div><div class=\"vcex-page-title vcex-module\"><div class=\"vcex-page-title__heading wpex-heading wpex-text-3xl\"><span class=\"vcex-page-title__text\">Gigaf\u00e1brica de Tesla: \u00a1Un motor el\u00e9ctrico a\u00fan no hace un cambio en el tr\u00e1fico!<\/span><\/div><\/div><\/div><\/div><\/div><\/div><\/div>\r\n<\/div><\/div><\/div><\/div><\/div><div class=\"vcex-ajax-loader wpex-hidden wpex-absolute wpex-inset-0 wpex-items-center wpex-justify-center\"><span class=\"vcex-ajax-loader__overlay wpex-absolute wpex-inset-0 wpex-surface-1 wpex-opacity-60 wpex-z-10\"><\/span><div class=\"vcex-ajax-loader__icon wpex-relative wpex-z-20\"><svg height=\"30\" width=\"30\" class=\"wpex-animate-spin wpex-opacity-5\" xmlns=\"http:\/\/www.w3.org\/2000\/svg\" viewbox=\"0 0 16 16\" fill=\"currentColor\"><path fill-rule=\"evenodd\" d=\"M8 3a5 5 0 1 0 4.546 2.914.5.5 0 0 1 .908-.417A6 6 0 1 1 8 2z\"\/><path d=\"M8 4.466V.534a.25.25 0 0 1 .41-.192l2.36 1.966c.12.1.12.284 0 .384L8.41 4.658A.25.25 0 0 1 8 4.466\"\/><\/svg><\/div><\/div><\/div><\/div><\/div><\/div><\/div>\n<\/div>","protected":false},"excerpt":{"rendered":"Der Austausch von 47 Millionen Verbrenner-Autos in Deutschland durch 47 Millionen E-Autos ist keine Verkehrswende! In urbanen Gro\u00dfr\u00e4umen - und schnellstm\u00f6glich auch auf dem Lande - muss die Zeit des motorisierten Individualverkehrs mit dem Auto zu Ende gehen. Wir wollen \u201eSt\u00e4dte und Stra\u00dfen f\u00fcr alle\u201c und eine konsequente Verkehrswende weg vom Privat-PKW. Tesla und die&hellip;","protected":false},"author":33,"featured_media":93669,"parent":0,"menu_order":8,"comment_status":"closed","ping_status":"closed","template":"","meta":{"_acf_changed":false,"footnotes":""},"categories":[],"tags":[],"thema":[],"coauthors":[97],"class_list":["post-98688","page","type-page","status-publish","has-post-thumbnail","hentry","entry","has-media"],"acf":[],"_links":{"self":[{"href":"https:\/\/power-shift.de\/es\/wp-json\/wp\/v2\/pages\/98688","targetHints":{"allow":["GET"]}}],"collection":[{"href":"https:\/\/power-shift.de\/es\/wp-json\/wp\/v2\/pages"}],"about":[{"href":"https:\/\/power-shift.de\/es\/wp-json\/wp\/v2\/types\/page"}],"author":[{"embeddable":true,"href":"https:\/\/power-shift.de\/es\/wp-json\/wp\/v2\/users\/33"}],"replies":[{"embeddable":true,"href":"https:\/\/power-shift.de\/es\/wp-json\/wp\/v2\/comments?post=98688"}],"version-history":[{"count":12,"href":"https:\/\/power-shift.de\/es\/wp-json\/wp\/v2\/pages\/98688\/revisions"}],"predecessor-version":[{"id":98799,"href":"https:\/\/power-shift.de\/es\/wp-json\/wp\/v2\/pages\/98688\/revisions\/98799"}],"wp:featuredmedia":[{"embeddable":true,"href":"https:\/\/power-shift.de\/es\/wp-json\/wp\/v2\/media\/93669"}],"wp:attachment":[{"href":"https:\/\/power-shift.de\/es\/wp-json\/wp\/v2\/media?parent=98688"}],"wp:term":[{"taxonomy":"category","embeddable":true,"href":"https:\/\/power-shift.de\/es\/wp-json\/wp\/v2\/categories?post=98688"},{"taxonomy":"post_tag","embeddable":true,"href":"https:\/\/power-shift.de\/es\/wp-json\/wp\/v2\/tags?post=98688"},{"taxonomy":"thema","embeddable":true,"href":"https:\/\/power-shift.de\/es\/wp-json\/wp\/v2\/thema?post=98688"},{"taxonomy":"author","embeddable":true,"href":"https:\/\/power-shift.de\/es\/wp-json\/wp\/v2\/coauthors?post=98688"}],"curies":[{"name":"wp","href":"https:\/\/api.w.org\/{rel}","templated":true}]}}