{"id":97579,"date":"2025-11-03T15:48:04","date_gmt":"2025-11-03T14:48:04","guid":{"rendered":"https:\/\/power-shift.de\/newsletter-anmeldung-erfolgreich\/"},"modified":"2025-11-03T15:51:19","modified_gmt":"2025-11-03T14:51:19","slug":"anmeldung-erfolgreich","status":"publish","type":"page","link":"https:\/\/power-shift.de\/es\/anmeldung-erfolgreich\/","title":{"rendered":"La inscripci\u00f3n en el bolet\u00edn de noticias se ha realizado correctamente"},"content":{"rendered":"<p>Su registro fue exitoso.<\/p>\n<p>Muchas gracias.<\/p>\n<p>Esperamos recibir informaci\u00f3n peri\u00f3dica sobre el comercio, las materias primas y la pol\u00edtica clim\u00e1tica, as\u00ed como nuestro compromiso con una econom\u00eda mundial m\u00e1s justa desde el punto de vista ecol\u00f3gico y social.<\/p>\n<p>Su equipo de PowerShift<\/p>","protected":false},"excerpt":{"rendered":"<p>Su registro fue exitoso. Muchas gracias. Esperamos recibir informaci\u00f3n peri\u00f3dica sobre el comercio, las materias primas y la pol\u00edtica clim\u00e1tica, as\u00ed como nuestro compromiso con una econom\u00eda mundial m\u00e1s justa desde el punto de vista ecol\u00f3gico y social. Su equipo de PowerShift<\/p>","protected":false},"author":29,"featured_media":93669,"parent":0,"menu_order":27,"comment_status":"closed","ping_status":"closed","template":"","meta":{"_acf_changed":false,"footnotes":""},"categories":[],"tags":[],"thema":[],"coauthors":[252],"class_list":["post-97579","page","type-page","status-publish","has-post-thumbnail","hentry","entry","has-media"],"acf":[],"_links":{"self":[{"href":"https:\/\/power-shift.de\/es\/wp-json\/wp\/v2\/pages\/97579","targetHints":{"allow":["GET"]}}],"collection":[{"href":"https:\/\/power-shift.de\/es\/wp-json\/wp\/v2\/pages"}],"about":[{"href":"https:\/\/power-shift.de\/es\/wp-json\/wp\/v2\/types\/page"}],"author":[{"embeddable":true,"href":"https:\/\/power-shift.de\/es\/wp-json\/wp\/v2\/users\/29"}],"replies":[{"embeddable":true,"href":"https:\/\/power-shift.de\/es\/wp-json\/wp\/v2\/comments?post=97579"}],"version-history":[{"count":2,"href":"https:\/\/power-shift.de\/es\/wp-json\/wp\/v2\/pages\/97579\/revisions"}],"predecessor-version":[{"id":97583,"href":"https:\/\/power-shift.de\/es\/wp-json\/wp\/v2\/pages\/97579\/revisions\/97583"}],"wp:featuredmedia":[{"embeddable":true,"href":"https:\/\/power-shift.de\/es\/wp-json\/wp\/v2\/media\/93669"}],"wp:attachment":[{"href":"https:\/\/power-shift.de\/es\/wp-json\/wp\/v2\/media?parent=97579"}],"wp:term":[{"taxonomy":"category","embeddable":true,"href":"https:\/\/power-shift.de\/es\/wp-json\/wp\/v2\/categories?post=97579"},{"taxonomy":"post_tag","embeddable":true,"href":"https:\/\/power-shift.de\/es\/wp-json\/wp\/v2\/tags?post=97579"},{"taxonomy":"thema","embeddable":true,"href":"https:\/\/power-shift.de\/es\/wp-json\/wp\/v2\/thema?post=97579"},{"taxonomy":"author","embeddable":true,"href":"https:\/\/power-shift.de\/es\/wp-json\/wp\/v2\/coauthors?post=97579"}],"curies":[{"name":"wp","href":"https:\/\/api.w.org\/{rel}","templated":true}]}}