{"id":97530,"date":"2025-10-17T12:13:15","date_gmt":"2025-10-17T10:13:15","guid":{"rendered":"https:\/\/power-shift.de\/?page_id=97530"},"modified":"2025-10-17T12:27:48","modified_gmt":"2025-10-17T10:27:48","slug":"deine-stimme-zaehlt-rette-mit-uns-das-lieferkettengesetz","status":"publish","type":"page","link":"https:\/\/power-shift.de\/es\/campaign\/deine-stimme-zaehlt-rette-mit-uns-das-lieferkettengesetz\/","title":{"rendered":"Ley de la cadena de suministro en situaci\u00f3n de riesgo: firme la petici\u00f3n ahora"},"content":{"rendered":"<div class=\"wpb-content-wrapper\"><div class=\"vc_row wpb_row vc_row-fluid wpex-relative\"><div class=\"wpb_column vc_column_container vc_col-sm-12\"><div class=\"vc_column-inner\"><div class=\"wpb_wrapper\">\n\t<div class=\"wpb_text_column wpb_content_element\" >\n\t\t<div class=\"wpb_wrapper\">\n\t\t\t<p><strong>La ley de la cadena de suministro est\u00e1 en peligro...<\/strong><br \/>\nLa Ley de la Cadena de Suministro protege a las personas de todo el mundo de la explotaci\u00f3n y al medio ambiente de la destrucci\u00f3n. Est\u00e1 en vigor en Alemania desde 2023, seguida de la Directiva de la UE en abril de 2024. Pero ahora hay una amenaza de regresi\u00f3n: El nuevo gobierno federal quiere debilitar la ley. A escala de la UE, est\u00e1 trabajando con otros gobiernos y grupos de presi\u00f3n para desnuclearizar la Directiva en \u00e1mbitos clave. El viento pol\u00edtico ha<br \/>\ngirado. Ahora la ley necesita nuestro apoyo.<br \/>\n<strong>... pero todo sigue en ella: \u00a1Ahora nuestro compromiso cuenta!<\/strong><br \/>\nNada est\u00e1 perdido todav\u00eda. En el acuerdo de coalici\u00f3n, el Gobierno federal se ha comprometido a aplicar la Directiva de la UE, por lo que la Ley alemana sobre la cadena de suministro no debe suprimirse, sino sustituirse. Y esto ofrece oportunidades: La nueva Directiva de la UE va en parte m\u00e1s all\u00e1 de la legislaci\u00f3n alemana y puede proteger los derechos humanos, el medio ambiente y el clima de manera a\u00fan m\u00e1s eficaz. Ahora es importante que no se diluya,<br \/>\npero se est\u00e1 aplicando con fuerza, en una s\u00f3lida ley alemana sobre la cadena de suministro.<\/p>\n\n\t\t<\/div>\n\t<\/div>\n<figure class=\"vcex-image vcex-module\"><div class=\"vcex-image-inner wpex-relative wpex-inline-block\"><img width=\"2560\" height=\"979\" src=\"https:\/\/power-shift.de\/wp-content\/uploads\/2025\/10\/PowerShift-Lieferkettengesetz-scaled.png\" class=\"vcex-image-img wpex-align-middle\" alt=\"Imagen de texto sobre la Ley de la Cadena de Suministro de Kamapange\" loading=\"lazy\" decoding=\"async\" srcset=\"https:\/\/power-shift.de\/wp-content\/uploads\/2025\/10\/PowerShift-Lieferkettengesetz-scaled.png 2560w, https:\/\/power-shift.de\/wp-content\/uploads\/2025\/10\/PowerShift-Lieferkettengesetz-300x115.png 300w, https:\/\/power-shift.de\/wp-content\/uploads\/2025\/10\/PowerShift-Lieferkettengesetz-1024x391.png 1024w, https:\/\/power-shift.de\/wp-content\/uploads\/2025\/10\/PowerShift-Lieferkettengesetz-768x294.png 768w, https:\/\/power-shift.de\/wp-content\/uploads\/2025\/10\/PowerShift-Lieferkettengesetz-1536x587.png 1536w, https:\/\/power-shift.de\/wp-content\/uploads\/2025\/10\/PowerShift-Lieferkettengesetz-2048x783.png 2048w, https:\/\/power-shift.de\/wp-content\/uploads\/2025\/10\/PowerShift-Lieferkettengesetz-18x7.png 18w, https:\/\/power-shift.de\/wp-content\/uploads\/2025\/10\/PowerShift-Lieferkettengesetz-600x229.png 600w\" sizes=\"auto, (max-width: 2560px) 100vw, 2560px\" \/><\/div><\/figure>\n\t<div class=\"wpb_text_column wpb_content_element\" >\n\t\t<div class=\"wpb_wrapper\">\n\t\t\t<p><strong>Sin beneficios sin conciencia: \u00a1proteger los derechos humanos y el medio ambiente!<\/strong><br \/>\nEstimado Canciller:<br \/>\nUno de los logros m\u00e1s importantes para los derechos humanos, el clima y la protecci\u00f3n del medio ambiente en las \u00faltimas d\u00e9cadas est\u00e1 en riesgo: la Ley de la cadena de suministro. Contribuye a la lucha contra el trabajo infantil, protege a los trabajadores de la explotaci\u00f3n y protege nuestra naturaleza de la destrucci\u00f3n despiadada.<\/p>\n<p>Pero ahora desea revertir este \u00e9xito y evitar una ley efectiva de la cadena de suministro. Esto amenaza con una reca\u00edda en un mundo de<br \/>\nimprudencia, en la que el sufrimiento humano y la degradaci\u00f3n del medio ambiente se consideran una ventaja competitiva.<\/p>\n<p><strong>Le pedimos que: Defender una legislaci\u00f3n eficaz sobre la cadena de suministro en Alemania y Europa.<\/strong><\/p>\n<p>Demostrar que la ganancia econ\u00f3mica y la responsabilidad van de la mano. Por una econom\u00eda sostenible basada en valores, no en el derecho de los m\u00e1s fuertes.<\/p>\n\n\t\t<\/div>\n\t<\/div>\n<\/div><\/div><\/div><\/div><div class=\"vc_row wpb_row vc_row-fluid wpex-relative\"><div class=\"wpb_column vc_column_container vc_col-sm-12\"><div class=\"vc_column-inner\"><div class=\"wpb_wrapper\">\n\t<div class=\"wpb_raw_code wpb_raw_html wpb_content_element\" >\n\t\t<div class=\"wpb_wrapper\">\n\t\t\t<script src=\"https:\/\/widget.proca.app\/d\/lieferkettengesetz_de_2025\/powershift\" async><\/script>\n\t\t<\/div>\n\t<\/div>\n<\/div><\/div><\/div><\/div>\n<\/div>","protected":false},"excerpt":{"rendered":"La Ley de la Cadena de Suministro est\u00e1 en peligro... La Ley de la Cadena de Suministro protege a las personas de todo el mundo de la explotaci\u00f3n y al medio ambiente de la destrucci\u00f3n. Est\u00e1 en vigor en Alemania desde 2023, seguida de la Directiva de la UE en abril de 2024. Pero ahora hay una amenaza de regresi\u00f3n: El nuevo gobierno federal quiere debilitar la ley. A nivel de la UE, est\u00e1 trabajando con otros gobiernos y grupos de presi\u00f3n para garantizar que la directiva sea...","protected":false},"author":33,"featured_media":97533,"parent":95797,"menu_order":0,"comment_status":"closed","ping_status":"closed","template":"","meta":{"_acf_changed":false,"footnotes":""},"categories":[125],"tags":[143,133,65,75],"thema":[18],"coauthors":[97],"class_list":["post-97530","page","type-page","status-publish","has-post-thumbnail","hentry","category-kampagnen","tag-klimagerechtigkeit-de","tag-lieferkettengesetz","tag-menschenrechte","tag-rohstoffe-de","thema-rohstoffpolitik","entry","has-media"],"acf":[],"_links":{"self":[{"href":"https:\/\/power-shift.de\/es\/wp-json\/wp\/v2\/pages\/97530","targetHints":{"allow":["GET"]}}],"collection":[{"href":"https:\/\/power-shift.de\/es\/wp-json\/wp\/v2\/pages"}],"about":[{"href":"https:\/\/power-shift.de\/es\/wp-json\/wp\/v2\/types\/page"}],"author":[{"embeddable":true,"href":"https:\/\/power-shift.de\/es\/wp-json\/wp\/v2\/users\/33"}],"replies":[{"embeddable":true,"href":"https:\/\/power-shift.de\/es\/wp-json\/wp\/v2\/comments?post=97530"}],"version-history":[{"count":6,"href":"https:\/\/power-shift.de\/es\/wp-json\/wp\/v2\/pages\/97530\/revisions"}],"predecessor-version":[{"id":97548,"href":"https:\/\/power-shift.de\/es\/wp-json\/wp\/v2\/pages\/97530\/revisions\/97548"}],"up":[{"embeddable":true,"href":"https:\/\/power-shift.de\/es\/wp-json\/wp\/v2\/pages\/95797"}],"wp:featuredmedia":[{"embeddable":true,"href":"https:\/\/power-shift.de\/es\/wp-json\/wp\/v2\/media\/97533"}],"wp:attachment":[{"href":"https:\/\/power-shift.de\/es\/wp-json\/wp\/v2\/media?parent=97530"}],"wp:term":[{"taxonomy":"category","embeddable":true,"href":"https:\/\/power-shift.de\/es\/wp-json\/wp\/v2\/categories?post=97530"},{"taxonomy":"post_tag","embeddable":true,"href":"https:\/\/power-shift.de\/es\/wp-json\/wp\/v2\/tags?post=97530"},{"taxonomy":"thema","embeddable":true,"href":"https:\/\/power-shift.de\/es\/wp-json\/wp\/v2\/thema?post=97530"},{"taxonomy":"author","embeddable":true,"href":"https:\/\/power-shift.de\/es\/wp-json\/wp\/v2\/coauthors?post=97530"}],"curies":[{"name":"wp","href":"https:\/\/api.w.org\/{rel}","templated":true}]}}