{"id":96460,"date":"2022-07-31T11:50:20","date_gmt":"2022-07-31T09:50:20","guid":{"rendered":"https:\/\/2025.power-shift.de\/quellen-infoposter-for-export-only\/"},"modified":"2025-11-26T11:27:18","modified_gmt":"2025-11-26T10:27:18","slug":"infoposter-quellen","status":"publish","type":"page","link":"https:\/\/power-shift.de\/es\/infoposter-quellen\/","title":{"rendered":"Fuentes Infoposter Solo para exportaci\u00f3n"},"content":{"rendered":"<h3 class=\"widget-title\">Fuentes de la UE-M\u00e9xico<\/h3>\n<p>\u00abA cambio\u00bb:<\/p>\n<ul>\n<li>AGRI-FOOD TRADE STATISTICAL FACTSHEET Uni\u00f3n Europea \u2013 M\u00e9xico. Comisi\u00f3n Europea, 16 de marzo de 2022. <a href=\"https:\/\/agriculture.ec.europa.eu\/documents_en?f%5B0%5D=document_title%3Amexico\">https:\/\/agriculture.ec.europa.eu\/documents_en?f%5B0%5D=document_title%3Amexico<\/a><\/li>\n<li>Evaluaci\u00f3n ex post de la aplicaci\u00f3n del Acuerdo de Libre Comercio UE-M\u00e9xico. Ecorys, febrero de 2017. <a href=\"https:\/\/circabc.europa.eu\/ui\/group\/09242a36-a438-40fd-a7af-fe32e36cbd0e\/library\/6bb189e5-74b9-433b-87f0-26f07408d3ae\/details\">https:\/\/circabc.europa.eu\/ui\/group\/09242a36-a438-40fd-a7af-fe32e36cbd0e\/library\/6bb189e5-74b9-433b-87f0-26f07408d3ae\/details<\/a><\/li>\n<li>Evaluaci\u00f3n del Impacto en la Sostenibilidad (EIS) en apoyo de las negociaciones de modernizaci\u00f3n de la parte comercial del Acuerdo Global con M\u00e9xico. Comisi\u00f3n Europea, 17 de septiembre de 2019. <a href=\"https:\/\/op.europa.eu\/en\/publication-detail\/-\/publication\/7db179f8-18cc-11eb-b57e-01aa75ed71a1\">https:\/\/op.europa.eu\/en\/publication-detail\/-\/publication\/7db179f8-18cc-11eb-b57e-01aa75ed71a1<\/a><\/li>\n<\/ul>\n<p>&nbsp;<\/p>\n<p>\u00abEn consecuencia\u00bb:<\/p>\n<ul>\n<li>Cap\u00edtulo sobre derechos de propiedad intelectual del ALC UE-M\u00e9xico modernizado. Comisi\u00f3n Europea, 21 de abril de 2018. <a href=\"https:\/\/circabc.europa.eu\/ui\/group\/09242a36-a438-40fd-a7af-fe32e36cbd0e\/library\/c7f36171-c58b-4ffa-bb2c-2e5793705840\/details\">https:\/\/circabc.europa.eu\/ui\/group\/09242a36-a438-40fd-a7af-fe32e36cbd0e\/library\/c7f36171-c58b-4ffa-bb2c-2e5793705840\/details<\/a><\/li>\n<li>En busca de una soberan\u00eda alimentaria. Secretar\u00eda de Bienestar, 1 de agosto de 2019. <a href=\"https:\/\/www.gob.mx\/bienestar\/articulos\/en-busca-de-una-soberania-alimentaria\">https:\/\/www.gob.mx\/bienestar\/articulos\/en-busca-de-una-soberania-alimentaria<\/a><\/li>\n<\/ul>\n<h3 class=\"widget-title\">Fuentes de la UE-Chile<\/h3>\n<p>\u00abA cambio\u00bb:<\/p>\n<ul>\n<li>AGRI-FOOD TRADE STATISTICAL FACTSHEET Uni\u00f3n Europea \u2013 Chile. Comisi\u00f3n Europea, 2021 <a href=\"https:\/\/agriculture.ec.europa.eu\/documents_en?f%5B0%5D=document_title%3Achile\">https:\/\/agriculture.ec.europa.eu\/documents_en?f%5B0%5D=document_title%3Achile<\/a><\/li>\n<li>FICHA PA\u00cdS: CHILE- UNI\u00d3N EUROPEA. Direcci\u00f3n de Estudios, SUBREI, agosto de 2022. <a href=\"https:\/\/www.subrei.gob.cl\/docs\/default-source\/estudios-y-documentos\/fichas\/union-europea-anual.pdf?sfvrsn=ee329fbc_2\">https:\/\/www.subrei.gob.cl\/docs\/default-source\/estudios-y-documentos\/fichas\/union-europea.pdf?sfvrsn=fedafb27_7<\/a><\/li>\n<li>Evaluaci\u00f3n del impacto econ\u00f3mico del pilar comercial del Acuerdo de Asociaci\u00f3n UE-Chile. El informe final. ITAQA SARL, 23 de marzo de 2012. <a href=\"https:\/\/circabc.europa.eu\/ui\/group\/09242a36-a438-40fd-a7af-fe32e36cbd0e\/library\/26adf029-4b73-46a9-bc16-37d260b481f9\/details\">https:\/\/circabc.europa.eu\/ui\/group\/09242a36-a438-40fd-a7af-fe32e36cbd0e\/library\/26adf029-4b73-46a9-bc16-37d260b481f9\/details<\/a><\/li>\n<li>Evaluaci\u00f3n del impacto sobre la sostenibilidad en apoyo de las negociaciones para la modernizaci\u00f3n de la parte comercial del Acuerdo de Asociaci\u00f3n con Chile. BKP Development Research &amp; Consulting, 7 de mayo de 2019. <a href=\"https:\/\/circabc.europa.eu\/ui\/group\/09242a36-a438-40fd-a7af-fe32e36cbd0e\/library\/1b9340d6-ce09-4be8-b501-7ec753cc70ce\/details?download=true\">https:\/\/circabc.europa.eu\/ui\/group\/09242a36-a438-40fd-a7af-fe32e36cbd0e\/library\/1b9340d6-ce09-4be8-b501-7ec753cc70ce\/details?download=true<\/a><\/li>\n<\/ul>\n<p>&nbsp;<\/p>\n<p>\u00abEn consecuencia\u00bb:<\/p>\n<ul>\n<li>Chile: 30 a\u00f1os de Tratados de Libre Comercio. Francisca Barriga \u2013 Andrea Sato<br \/>\nBenjam\u00edn S\u00e1ez \u2013 Caroline Stevens, Fundaci\u00f3n Sol, marzo de 2022. <a href=\"https:\/\/fundacionsol.cl\/cl_luzit_herramientas\/static\/adjuntos\/6821\/Plataforma%20NoTLC%20Informe%20Final.pdf\">https:\/\/fundacionsol.cl\/cl_luzit_herramientas\/static\/adjuntos\/6821\/Plataforma%20NoTLC%20Informe%20Final.pdf<\/a><\/li>\n<li>Evaluaci\u00f3n del impacto econ\u00f3mico del pilar comercial del Acuerdo de Asociaci\u00f3n UE-Chile. El informe final. ITAQA SARL, 23 de marzo de 2012. <a href=\"https:\/\/circabc.europa.eu\/ui\/group\/09242a36-a438-40fd-a7af-fe32e36cbd0e\/library\/26adf029-4b73-46a9-bc16-37d260b481f9\/details\">https:\/\/circabc.europa.eu\/ui\/group\/09242a36-a438-40fd-a7af-fe32e36cbd0e\/library\/26adf029-4b73-46a9-bc16-37d260b481f9\/details<\/a><\/li>\n<li>Evaluaci\u00f3n del impacto sobre la sostenibilidad en apoyo de las negociaciones para la modernizaci\u00f3n de la parte comercial del Acuerdo de Asociaci\u00f3n con Chile. BKP Development Research &amp; Consulting, 7 de mayo de 2019. <a href=\"https:\/\/circabc.europa.eu\/ui\/group\/09242a36-a438-40fd-a7af-fe32e36cbd0e\/library\/1b9340d6-ce09-4be8-b501-7ec753cc70ce\/details?download=true\">https:\/\/circabc.europa.eu\/ui\/group\/09242a36-a438-40fd-a7af-fe32e36cbd0e\/library\/1b9340d6-ce09-4be8-b501-7ec753cc70ce\/details?download=true<\/a><\/li>\n<li>Propuesta de texto del cap\u00edtulo sobre derechos de propiedad intelectual del ALC UE-Chile modernizado. Comisi\u00f3n Europea, 6 de febrero de 2018. <a href=\"https:\/\/circabc.europa.eu\/ui\/group\/09242a36-a438-40fd-a7af-fe32e36cbd0e\/library\/48e157b8-852a-480f-a2a9-c98f636397b9\/details\">https:\/\/circabc.europa.eu\/ui\/group\/09242a36-a438-40fd-a7af-fe32e36cbd0e\/library\/48e157b8-852a-480f-a2a9-c98f636397b9\/details<\/a><\/li>\n<li>Acuerdo UE-Chile: Documentos. <a href=\"https:\/\/policy.trade.ec.europa.eu\/eu-trade-relationships-country-and-region\/countries-and-regions\/chile\/documents_en\">https:\/\/policy.trade.ec.europa.eu\/eu-trade-relationships-country-and-region\/countries-and-regions\/chile\/documents_en<\/a><\/li>\n<\/ul>\n<h3 class=\"widget-title\">Fuentes EU-Mercosur<\/h3>\n<p>\u00abA cambio\u00bb:<\/p>\n<ul>\n<li>AGRI-FOOD TRADE STATISTICAL FACTSHEET Uni\u00f3n Europea \u2013 Mercosur. Comisi\u00f3n Europea, 16 de marzo de 2022. <a href=\"https:\/\/agriculture.ec.europa.eu\/documents_en?f%5B0%5D=document_title%3Amercosur\">https:\/\/agriculture.ec.europa.eu\/documents_en?f%5B0%5D=document_title%3Amercosur<\/a><\/li>\n<li>Evaluaci\u00f3n del impacto sobre la sostenibilidad en apoyo de las negociaciones del Acuerdo de Asociaci\u00f3n entre la Uni\u00f3n Europea y Mercosur \u2013 Informe final. London School of Economics, diciembre de 2020. <a href=\"https:\/\/circabc.europa.eu\/ui\/group\/09242a36-a438-40fd-a7af-fe32e36cbd0e\/library\/abfa1190-59d1-4f59-93a5-9b9810d2b744\/details\">https:\/\/circabc.europa.eu\/ui\/group\/09242a36-a438-40fd-a7af-fe32e36cbd0e\/library\/abfa1190-59d1-4f59-93a5-9b9810d2b744\/details<\/a><\/li>\n<\/ul>\n<p>&nbsp;<\/p>\n<p>\u00abEn consecuencia\u00bb:<\/p>\n<ul>\n<li>UE-Mercosur: un acuerdo sobre sustancias t\u00f3xicas. PowerShift, julio de 2020. <a href=\"https:\/\/power-shift.de\/wp-content\/uploads\/2020\/08\/PowerShfit_Handelspolitik_Reisefuehrer_EU_Mercosur_Ein_giftiges_Abkommen.pdf\">https:\/\/power-shift.de\/wp-content\/uploads\/2020\/07\/Reisef%C3%BChrer_EU_Mercosur_Ein_giftiges_Abkommen_Juli_2020.pdf<\/a><\/li>\n<li>Atlas del agronegocio transg\u00e9nico en el Cono Sur, Acci\u00f3n por la Biodiversidad, mayo de 2020,\u00a0<a href=\"http:\/\/www.biodiversidadla.org\/Atlas\">http:\/\/www.biodiversidadla.org\/Atlas<\/a><\/li>\n<li>Anexo de la lista de eliminaci\u00f3n arancelaria Mercosur. Comisi\u00f3n Europea, 8 de septiembre de 2022. <a href=\"https:\/\/circabc.europa.eu\/ui\/group\/09242a36-a438-40fd-a7af-fe32e36cbd0e\/library\/a041f028-2c04-4f52-b1c7-b929d61d7800\/details\">https:\/\/circabc.europa.eu\/ui\/group\/09242a36-a438-40fd-a7af-fe32e36cbd0e\/library\/a041f028-2c04-4f52-b1c7-b929d61d7800\/details<\/a><\/li>\n<li>Cap\u00edtulo sobre propiedad intelectual, parte comercial del Acuerdo de Asociaci\u00f3n UE-Mercosur. Comisi\u00f3n Europea.<a href=\"https:\/\/circabc.europa.eu\/ui\/group\/09242a36-a438-40fd-a7af-fe32e36cbd0e\/library\/0dd13d1e-528e-455e-941b-bc280753ca00\/details\"> https:\/\/circabc.europa.eu\/ui\/group\/09242a36-a438-40fd-a7af-fe32e36cbd0e\/library\/0dd13d1e-528e-455e-941b-bc280753ca00\/details<\/a><\/li>\n<\/ul>\n<p>&nbsp;<\/p>\n<p>Consultado el 28 de febrero de 2023.<\/p>\n<h3 class=\"widget-title\">descargo<\/h3>\n<p>Publicado por:<br \/>\nPowerShift \u2013 Asociaci\u00f3n para una Energ\u00eda Ecosolidaria - Econom\u00eda Global e.V.<br \/>\nGreifswalder calle 4<br \/>\n10405 Berl\u00edn<br \/>\nTel\u00e9fono: +49 30 42805479<br \/>\nWeb: <a href=\"https:\/\/power-shift.de\/es\/\">https:\/\/power-shift.de<\/a><br \/>\nCorreo electr\u00f3nico: info@power-shift.de<\/p>\n<p>Coeditor:<br \/>\nGrupo de Trabajo sobre Agricultura (ABL)<br \/>\nCentro de Investigaci\u00f3n y Documentaci\u00f3n Chile Am\u00e9rica Latina (FDCL)<br \/>\nForo Medio Ambiente y Desarrollo<br \/>\nAmantes de la naturaleza de Alemania<\/p>\n<p>Autor: Bettina M\u00fcller<br \/>\nEquipo editorial: Bettina M\u00fcller y Anne Bundschuh<br \/>\nIlustraci\u00f3n &amp; Dise\u00f1o: por Michelle Tylicky <a href=\"https:\/\/www.michelletylicki.info\/\">www.michelletylicki.info<\/a><\/p>\n<p>Berl\u00edn, diciembre de 2022<\/p>","protected":false},"excerpt":{"rendered":"<p>Fuentes UE-M\u00e9xico \u00abIn Exchange\u00bb: AGRI-FOOD TRADE STATISTICAL FACTSHEET Uni\u00f3n Europea \u2013 M\u00e9xico. Comisi\u00f3n Europea, 16 de marzo de 2022. https:\/\/agriculture.ec.europa.eu\/documents_es?f0=document_titlem\u00e9xico Evaluaci\u00f3n ex post de la aplicaci\u00f3n del Acuerdo de Libre Comercio UE-M\u00e9xico. Ecorys, febrero de 2017. https:\/\/circabc.europa.eu\/ui\/group\/09242a36-a438-40fd-a7af-fe32e36cbd0e\/library\/6bb189e5-74b9-433b-87f0-26f07408d3ae\/details Sustainability Impact Assessment (SIA) in support of the negotiations of the modernisation of the trade part of the Global Agreement with Mexico....<\/p>","protected":false},"author":29,"featured_media":93669,"parent":0,"menu_order":37,"comment_status":"closed","ping_status":"closed","template":"","meta":{"_acf_changed":false,"footnotes":""},"categories":[217],"tags":[],"thema":[],"coauthors":[252],"class_list":["post-96460","page","type-page","status-publish","has-post-thumbnail","hentry","category-hintergrund","entry","has-media"],"acf":[],"_links":{"self":[{"href":"https:\/\/power-shift.de\/es\/wp-json\/wp\/v2\/pages\/96460","targetHints":{"allow":["GET"]}}],"collection":[{"href":"https:\/\/power-shift.de\/es\/wp-json\/wp\/v2\/pages"}],"about":[{"href":"https:\/\/power-shift.de\/es\/wp-json\/wp\/v2\/types\/page"}],"author":[{"embeddable":true,"href":"https:\/\/power-shift.de\/es\/wp-json\/wp\/v2\/users\/29"}],"replies":[{"embeddable":true,"href":"https:\/\/power-shift.de\/es\/wp-json\/wp\/v2\/comments?post=96460"}],"version-history":[{"count":5,"href":"https:\/\/power-shift.de\/es\/wp-json\/wp\/v2\/pages\/96460\/revisions"}],"predecessor-version":[{"id":97757,"href":"https:\/\/power-shift.de\/es\/wp-json\/wp\/v2\/pages\/96460\/revisions\/97757"}],"wp:featuredmedia":[{"embeddable":true,"href":"https:\/\/power-shift.de\/es\/wp-json\/wp\/v2\/media\/93669"}],"wp:attachment":[{"href":"https:\/\/power-shift.de\/es\/wp-json\/wp\/v2\/media?parent=96460"}],"wp:term":[{"taxonomy":"category","embeddable":true,"href":"https:\/\/power-shift.de\/es\/wp-json\/wp\/v2\/categories?post=96460"},{"taxonomy":"post_tag","embeddable":true,"href":"https:\/\/power-shift.de\/es\/wp-json\/wp\/v2\/tags?post=96460"},{"taxonomy":"thema","embeddable":true,"href":"https:\/\/power-shift.de\/es\/wp-json\/wp\/v2\/thema?post=96460"},{"taxonomy":"author","embeddable":true,"href":"https:\/\/power-shift.de\/es\/wp-json\/wp\/v2\/coauthors?post=96460"}],"curies":[{"name":"wp","href":"https:\/\/api.w.org\/{rel}","templated":true}]}}