{"id":96172,"date":"2019-07-25T13:17:49","date_gmt":"2025-07-25T11:17:33","guid":{"rendered":"https:\/\/2025.power-shift.de\/quellen-steckbrief-mangan\/"},"modified":"2026-01-29T13:05:38","modified_gmt":"2026-01-29T12:05:38","slug":"quellen-steckbrief-mangan","status":"publish","type":"page","link":"https:\/\/power-shift.de\/es\/quellen-steckbrief-mangan\/","title":{"rendered":"Fuentes Perfil manganeso"},"content":{"rendered":"<div class=\"wpb-content-wrapper\"><div class=\"vc_row wpb_row vc_row-fluid wpex-relative\"><div class=\"wpb_column vc_column_container vc_col-sm-12\"><div class=\"vc_column-inner\"><div class=\"wpb_wrapper\">\n\t<div class=\"wpb_text_column wpb_content_element\" >\n\t\t<div class=\"wpb_wrapper\">\n\t\t\t<p><img loading=\"lazy\" decoding=\"async\" class=\"featured wp-post-image\" src=\"https:\/\/power-shift.de\/wp-content\/uploads\/2021\/10\/shutterstock_1740217994_Manganlizenzbild21-1-scaled-e1676839456666.jpg\" alt=\"Tren con manganeso\" width=\"1000\" height=\"667\" \/><\/p>\n<p>Esta p\u00e1gina ya no se actualiza regularmente. Es posible que algunos enlaces ya no funcionen.<\/p>\n<p><a href=\"https:\/\/www.somo.nl\/nl\/wp-content\/uploads\/sites\/2\/2021\/06\/ActionAid_MangaanRaport_Lowres.pdf\" target=\"_blank\" rel=\"noopener\">https:\/\/www.somo.nl\/nl\/wp-content\/uploads\/sites\/2\/2021\/06\/ActionAid_MangaanRaport_Lowres.pdf<\/a>, 2021<br \/>\nhttps:\/\/www.deutsche-rohstoffagentur.de\/DERA\/DE\/Downloads\/DERALibro tem\u00e1tico-01-21.html, 2021<br \/>\nhttps:\/\/rue.bmz.de\/es\/publications_current\/news\/2020\/April\/Battery raw materials_Overview\/index.html, 2020<br \/>\nhttps:\/\/www.bmwi.de\/editorial staff\/DE\/articles\/technology\/multitouch-tisch.html, 2021<br \/>\n<a href=\"https:\/\/pubs.usgs.gov\/periodicals\/mcs2021\/mcs2021.pdf\" target=\"_blank\" rel=\"noopener\">https:\/\/pubs.usgs.gov\/periodicals\/mcs2021\/mcs2021.pdf<\/a>, 2021<br \/>\n<a href=\"https:\/\/www.bgr.bund.de\/DE\/Themen\/Rohstoffe\/Downloads\/Downloads-MR\/rohstoffsteckbrief_mn.pdf?__blob=publicationFile&amp;v=1\" target=\"_blank\" rel=\"noopener\">https:\/\/www.bgr.bund.de\/DE\/Themen\/Min_rohstoffe\/Downloads\/rohsit-2019.pdf?__blob=publicationFile&amp;v=4<\/a>, 2019<br \/>\nhttps:\/\/www.deutsche-rohstoffagentur.de\/DERA\/DE\/Downloads\/Investor\u2019s_Procurement_Guide_III.pdf?__blob=publicationFile&amp;v=2, 2017<br \/>\n<a href=\"https:\/\/metals.co\/products\/\" target=\"_blank\" rel=\"noopener\">https:\/\/metals.co\/products\/<\/a>, 2021<br \/>\nhttps:\/\/www.seabedminingsciencestatement.org\/, 2021<br \/>\nhttps:\/\/www.umweltbundesamt.de\/sites\/default\/files\/media\/1410\/publications\/2020-06-17_texte_79-2020_oekoressii_final report.pdf, 2020<br \/>\nhttps:\/\/rue.bmz.de\/es\/publications_current\/publications_new\/topics\/climate_environment_energy\/batterybooklet.pdf, 2021<br \/>\n<a href=\"https:\/\/ak-rohstoffe.de\/wp-content\/uploads\/2018\/07\/Positionspapier-Tiefseebergbau-web.pdf\" target=\"_blank\" rel=\"noopener\">https:\/\/ak-rohstoffe.de\/wp-content\/uploads\/2018\/07\/Positionspapier-Tiefseebergbau-web.pdf<\/a>, 2018<\/p>\n\n\t\t<\/div>\n\t<\/div>\n<\/div><\/div><\/div><\/div>\n<\/div>","protected":false},"excerpt":{"rendered":"Diese Seite wird nicht mehr regelm\u00e4\u00dfig aktualisiert. Daher funktionieren einige Links m\u00f6glicherweise nicht mehr. https:\/\/www.somo.nl\/nl\/wp-content\/uploads\/sites\/2\/2021\/06\/ActionAid_MangaanRaport_Lowres.pdf, 2021 https:\/\/www.deutsche-rohstoffagentur.de\/DERA\/DE\/Downloads\/DERA%20Themenheft-01-21.html, 2021 https:\/\/rue.bmz.de\/de\/publikationen_aktuelles\/aktuelleMeldungen\/2020\/April\/Batterierohstoffe_Uebersicht\/index.html, 2020 https:\/\/www.bmwi.de\/Redaktion\/DE\/Artikel\/Technologie\/multitouch-tisch.html, 2021 https:\/\/pubs.usgs.gov\/periodicals\/mcs2021\/mcs2021.pdf, 2021 https:\/\/www.bgr.bund.de\/DE\/Themen\/Min_rohstoffe\/Downloads\/rohsit-2019.pdf?__blob=publicationFile&amp;v=4, 2019 https:\/\/www.deutsche-rohstoffagentur.de\/DERA\/DE\/Downloads\/Investor\u2019s_Procurement_Guide_III.pdf?__blob=publicationFile&amp;v=2, 2017 https:\/\/metals.co\/products\/, 2021 https:\/\/www.seabedminingsciencestatement.org\/, 2021 https:\/\/www.umweltbundesamt.de\/sites\/default\/files\/medien\/1410\/publikationen\/2020-06-17_texte_79-2020_oekoressii_abschlussbericht.pdf, 2020 https:\/\/rue.bmz.de\/de\/publikationen_aktuelles\/publikationen_neu\/themen\/klima_umwelt_energie\/Batteriebooklet.pdf, 2021 https:\/\/ak-rohstoffe.de\/wp-content\/uploads\/2018\/07\/Positionspapier-Tiefseebergbau-web.pdf, 2018","protected":false},"author":29,"featured_media":77650,"parent":0,"menu_order":33,"comment_status":"closed","ping_status":"closed","template":"","meta":{"_acf_changed":false,"footnotes":""},"categories":[],"tags":[],"thema":[],"coauthors":[252],"class_list":["post-96172","page","type-page","status-publish","has-post-thumbnail","hentry","entry","has-media"],"acf":[],"_links":{"self":[{"href":"https:\/\/power-shift.de\/es\/wp-json\/wp\/v2\/pages\/96172","targetHints":{"allow":["GET"]}}],"collection":[{"href":"https:\/\/power-shift.de\/es\/wp-json\/wp\/v2\/pages"}],"about":[{"href":"https:\/\/power-shift.de\/es\/wp-json\/wp\/v2\/types\/page"}],"author":[{"embeddable":true,"href":"https:\/\/power-shift.de\/es\/wp-json\/wp\/v2\/users\/29"}],"replies":[{"embeddable":true,"href":"https:\/\/power-shift.de\/es\/wp-json\/wp\/v2\/comments?post=96172"}],"version-history":[{"count":8,"href":"https:\/\/power-shift.de\/es\/wp-json\/wp\/v2\/pages\/96172\/revisions"}],"predecessor-version":[{"id":98508,"href":"https:\/\/power-shift.de\/es\/wp-json\/wp\/v2\/pages\/96172\/revisions\/98508"}],"wp:featuredmedia":[{"embeddable":true,"href":"https:\/\/power-shift.de\/es\/wp-json\/wp\/v2\/media\/77650"}],"wp:attachment":[{"href":"https:\/\/power-shift.de\/es\/wp-json\/wp\/v2\/media?parent=96172"}],"wp:term":[{"taxonomy":"category","embeddable":true,"href":"https:\/\/power-shift.de\/es\/wp-json\/wp\/v2\/categories?post=96172"},{"taxonomy":"post_tag","embeddable":true,"href":"https:\/\/power-shift.de\/es\/wp-json\/wp\/v2\/tags?post=96172"},{"taxonomy":"thema","embeddable":true,"href":"https:\/\/power-shift.de\/es\/wp-json\/wp\/v2\/thema?post=96172"},{"taxonomy":"author","embeddable":true,"href":"https:\/\/power-shift.de\/es\/wp-json\/wp\/v2\/coauthors?post=96172"}],"curies":[{"name":"wp","href":"https:\/\/api.w.org\/{rel}","templated":true}]}}