{"id":96165,"date":"2019-07-25T12:54:35","date_gmt":"2019-07-25T10:54:35","guid":{"rendered":"https:\/\/2025.power-shift.de\/?page_id=96165"},"modified":"2025-09-29T11:42:37","modified_gmt":"2025-09-29T09:42:37","slug":"spende-newsletter","status":"publish","type":"page","link":"https:\/\/power-shift.de\/es\/spende-newsletter\/","title":{"rendered":"Donar bolet\u00edn informativo"},"content":{"rendered":"<div class=\"wpb-content-wrapper\"><div class=\"vc_row wpb_row vc_row-fluid wpex-relative\"><div class=\"wpb_column vc_column_container vc_col-sm-12\"><div class=\"vc_column-inner\"><div class=\"wpb_wrapper\"><div class=\"wpex-template-shortcode\"><style type=\"text\/css\" data-type=\"vc_shortcodes-custom-css\">.vc_custom_1757938261376{margin-top: -30px !important;}<\/style><div class=\"vc_row wpb_row vc_row-fluid pageheader-with-title background-desaturate vc_custom_1757938261376 vc_row-o-content-middle vc_row-flex wpex-vc-full-width-row wpex-vc-full-width-row--centered wpex-relative wpex-has-overlay wpex-has-overlay--69fc49f0ab85e\" style=\"background-position:center center!important;background-size:cover!important;\"><div class=\"wpex-bg-overlay-wrap wpex-absolute wpex-inset-0 wpex-rounded-inherit\"><style class=\"wpex-bg-overlay-css\">.wpex-has-overlay--69fc49f0ab85e > .wpex-bg-overlay-wrap .wpex-bg-overlay{background-color:var(--wpex-palette-23-color);opacity:100%;}<\/style><span class=\"wpex-bg-overlay color wpex-absolute wpex-inset-0 wpex-rounded-inherit wpex-duration-500 wpex-opacity-60 wpex-mix-blend-multiply wpex-bg-black\"><\/span><\/div><div class=\"wpb_column wpex-py-50 vc_column_container vc_col-sm-12\"><div class=\"vc_column-inner\"><div class=\"wpb_wrapper\"><div class=\"vcex-spacing wpex-w-100 wpex-clear\"><\/div><style>.vcex-page-title.vcex_69fc49f0acc38 .vcex-page-title__heading{color:#ffffff;}<\/style><div class=\"vcex-page-title vcex-module wpex-text-center vcex_69fc49f0acc38\"><h1 class=\"vcex-page-title__heading wpex-heading wpex-text-3xl\"><span class=\"vcex-page-title__text\">Donar bolet\u00edn informativo<\/span><\/h1><\/div><div class=\"vcex-spacing wpex-w-100 wpex-clear\"><\/div><\/div><\/div><\/div><\/div>\n<\/div><div class=\"vcex-spacing wpex-w-100 wpex-clear\"><\/div>\n\t<div class=\"wpb_text_column wpb_content_element\" >\n\t\t<div class=\"wpb_wrapper\">\n\t\t\t<p>Como partidario de PowerShift, lucha contra la desigualdad global, la cat\u00e1strofe clim\u00e1tica y la explotaci\u00f3n de las personas y la naturaleza. Con nuestra experiencia en comercio, materias primas, energ\u00eda y pol\u00edtica de transporte, estamos contribuyendo al movimiento. Se necesita un cambio en el discurso para evitar el colapso clim\u00e1tico. Su donaci\u00f3n deducible de impuestos permite intervenciones para las condiciones pol\u00edticas marco necesarias para que todos podamos vivir dentro de los l\u00edmites del planeta.<\/p>\n\n\t\t<\/div>\n\t<\/div>\n\n\t<div class=\"wpb_raw_code wpb_raw_html wpb_content_element\" >\n\t\t<div class=\"wpb_wrapper\">\n\t\t\t<!-- twingle -->\n<script type=\"text\/javascript\">\n\t(function() {\n\t\tvar u=\"https:\/\/spenden.twingle.de\/embed\/powershift-e-v\/newsletterspenden\/tw63ca5ea0e64bc\/widget\";\n\t\tvar id = '_' + Math.random().toString(36).substr(2, 9);\n\t\tvar d=document, g=d.createElement('script'), s=d.getElementsByTagName('script')[0];\n\t\tdocument.write('<div id=\"twingle-public-embed-' + id + '\"><\/div>');\n\t\tg.type='text\/javascript'; g.async=true; g.defer=true; g.src=u+'\/'+id; s.parentNode.insertBefore(g,s);\n\t})();\n<\/script>\n<!-- twingle -->\n\t\t<\/div>\n\t<\/div>\n<\/div><\/div><\/div><\/div><div class=\"vc_row wpb_row vc_row-fluid vc_column-gap-30 vc_row-o-equal-height vc_row-flex wpex-relative wpex-vc_row-gap-30\"><div class=\"wpb_column contentblock-style1 vc_column_container vc_col-sm-6\"><div class=\"vc_column-inner\"><div class=\"wpb_wrapper\"><div class=\"wpex-template-shortcode\"><style type=\"text\/css\" data-type=\"vc_shortcodes-custom-css\">.vc_custom_1753191378077{margin-bottom: 30px !important;}<\/style><div class=\"vc_row wpb_row vc_row-fluid wpex-relative\"><div class=\"wpb_column vc_column_container vc_col-sm-12\"><div class=\"vc_column-inner\"><div class=\"wpb_wrapper\">\n\t<div class=\"wpb_text_column wpb_content_element\" >\n\t\t<div class=\"wpb_wrapper\">\n\t\t\t\n\t\t<\/div>\n\t<\/div>\n<h3 class=\"vcex-heading vcex-heading-plain vcex-module wpex-heading wpex-text-2xl\"><span class=\"vcex-heading-inner wpex-inline-block\">Trabajamos de forma transparente<\/span><\/h3><div class=\"vcex-spacing wpex-w-100 wpex-clear\"><\/div>\n\t<div class=\"wpb_text_column wpb_content_element\" >\n\t\t<div class=\"wpb_wrapper\">\n\t\t\t<p>PowerShift soporta el <a href=\"https:\/\/www.transparente-zivilgesellschaft.de\/\" target=\"_blank\" rel=\"noopener\">Iniciativa de la sociedad civil transparente<\/a>. La iniciativa ha definido diez puntos fundamentales que cualquier organizaci\u00f3n de la sociedad civil debe poner a disposici\u00f3n del p\u00fablico. Esto incluye los estatutos, los responsables de la toma de decisiones, as\u00ed como informaci\u00f3n sobre la fuente de los fondos, el uso de los fondos y la estructura del personal.<\/p>\n\n\t\t<\/div>\n\t<\/div>\n<figure class=\"vcex-image vcex-module\"><div class=\"vcex-image-inner wpex-relative wpex-inline-block vc_custom_1753191378077\"><img loading=\"lazy\" class=\"vcex-image-img wpex-align-middle wpex-p-20\" decoding=\"async\" src=\"https:\/\/power-shift.de\/wp-content\/uploads\/2025\/05\/Initiative-Transparente-Zivilgesellschaft-300x82.png\" alt=\"Iniciativa de la sociedad civil transparente\" srcset=\"https:\/\/power-shift.de\/wp-content\/uploads\/2025\/05\/Initiative-Transparente-Zivilgesellschaft-300x82.png 300w, https:\/\/power-shift.de\/wp-content\/uploads\/2025\/05\/Initiative-Transparente-Zivilgesellschaft.png 600w\" width=\"300\" height=\"82\"><\/div><\/figure><a href=\"\/es\/initiative-transparente-zivilgesellschaft\/\" class=\"vcex-button theme-txt-link wpex-inline-block inline\"><span class=\"vcex-button-inner theme-button-inner wpex-flex wpex-flex-wrap wpex-items-center wpex-justify-center\">Informaci\u00f3n sobre transparencia<span class=\"vcex-button-icon vcex-icon-wrap theme-button-icon-right\"><span class=\"wpex-icon wpex-icon--bidi\" aria-hidden=\"true\"><svg xmlns=\"http:\/\/www.w3.org\/2000\/svg\" viewbox=\"0 0 448 512\"><path d=\"M438.6 278.6c12.5-12.5 12.5-32.8 0-45.3l-160-160c-12.5-12.5-32.8-12.5-45.3 0s-12.5 32.8 0 45.3L338.8 224 32 224c-17.7 0-32 14.3-32 32s14.3 32 32 32l306.7 0L233.4 393.4c-12.5 12.5-12.5 32.8 0 45.3s32.8 12.5 45.3 0l160-160z\"\/><\/svg><\/span><\/span><\/span><\/a> <\/div><\/div><\/div><\/div>\n<\/div><\/div><\/div><\/div><div class=\"wpb_column contentblock-style1 vc_column_container vc_col-sm-6\"><div class=\"vc_column-inner\"><div class=\"wpb_wrapper\">\n\t<div class=\"wpb_text_column wpb_content_element\" >\n\t\t<div class=\"wpb_wrapper\">\n\t\t\t<h3>\u00bfTiene preguntas sobre donaciones o PowerShift? Cont\u00e1ctame.<\/h3>\n\n\t\t<\/div>\n\t<\/div>\n<div class=\"wpex-post-cards wpex-post-cards-template_93686 wpex-relative\"><div class=\"wpex-post-cards-inner\"><div class=\"wpex-post-cards-loop wpex-post-cards-grid wpex-row wpex-clr\"><div class=\"wpex-post-cards-entry col col-1 span_1_of_1 post-93680 type-staff cat-96 cat-102 author-83\"><div class=\"wpex-card wpex-card-template_93686\"><style>.vc_custom_1747326952379{margin-bottom: 0px !important;}<\/style><div class=\"wpex-card-inner\"><div class=\"vc_row wpb_row vc_row-fluid wpex-card-custom-staff wpex-relative\"><div class=\"wpb_column vc_column_container vc_col-sm-12\"><div class=\"vc_column-inner vc_custom_1747326952379\"><div class=\"wpb_wrapper\"><div class=\"vcex-post-media vcex-module\"><img data-no-lazy=\"1\" class=\"wpex-align-center skip-lazy\" src=\"https:\/\/power-shift.de\/wp-content\/uploads\/2025\/05\/Tine-Laufer_PowerShift_1140px-150x150.jpg\" alt=\"Foto Tine Laufer PowerShift Director Gerente\" srcset=\"https:\/\/power-shift.de\/wp-content\/uploads\/2025\/05\/Tine-Laufer_PowerShift_1140px-150x150.jpg 150w, https:\/\/power-shift.de\/wp-content\/uploads\/2025\/05\/Tine-Laufer_PowerShift_1140px-300x300.jpg 300w, https:\/\/power-shift.de\/wp-content\/uploads\/2025\/05\/Tine-Laufer_PowerShift_1140px-768x768.jpg 768w, https:\/\/power-shift.de\/wp-content\/uploads\/2025\/05\/Tine-Laufer_PowerShift_1140px-1024x1024.jpg 1024w, https:\/\/power-shift.de\/wp-content\/uploads\/2025\/05\/Tine-Laufer_PowerShift_1140px-600x600.jpg 600w, https:\/\/power-shift.de\/wp-content\/uploads\/2025\/05\/Tine-Laufer_PowerShift_1140px-100x100.jpg 100w, https:\/\/power-shift.de\/wp-content\/uploads\/2025\/05\/Tine-Laufer_PowerShift_1140px.jpg 1140w\" width=\"150\" height=\"150\"><\/div><style>.vcex-page-title.vcex_69fc49f0bfe65 .vcex-page-title__heading{font-size:1rem;font-weight:700;}<\/style><div class=\"vcex-page-title vcex-module vcex_69fc49f0bfe65\"><div class=\"vcex-page-title__heading wpex-heading wpex-text-3xl\"><span class=\"vcex-page-title__text\">Tine Laufer<\/span><\/div><\/div><div class=\"vcex-custom-field vcex-module wpex-clr staff-position\">Director general<\/div><div class=\"staff-social wpex-social-btns wpex-mt-15 wpex-flex wpex-flex-wrap wpex-gap-5\"><a href=\"tel:+49%20(0)30%20278%20757%2036\" class=\"wpex-phone-number wpex-social-btn wpex-social-btn-no-style\" target=\"_blank\" rel=\"noopener noreferrer\"><span class=\"wpex-icon\" aria-hidden=\"true\"><svg xmlns=\"http:\/\/www.w3.org\/2000\/svg\" viewbox=\"0 0 512 512\"><path d=\"M164.9 24.6c-7.7-18.6-28-28.5-47.4-23.2l-88 24C12.1 30.2 0 46 0 64C0 311.4 200.6 512 448 512c18 0 33.8-12.1 38.6-29.5l24-88c5.3-19.4-4.6-39.7-23.2-47.4l-96-40c-16.3-6.8-35.2-2.1-46.3 11.6L304.7 368C234.3 334.7 177.3 277.7 144 207.3L193.3 167c13.7-11.2 18.4-30 11.6-46.3l-40-96z\"\/><\/svg><\/span><span class=\"screen-reader-text\">N\u00famero de tel\u00e9fono<\/span><\/a><a href=\"mailto:ti&#110;e.l&#097;&#117;&#102;&#101;r&#064;po&#119;&#101;&#114;-&#115;hi&#102;t.d&#101;\" class=\"wpex-email wpex-social-btn wpex-social-btn-no-style\"><span class=\"wpex-icon\" aria-hidden=\"true\"><svg xmlns=\"http:\/\/www.w3.org\/2000\/svg\" viewbox=\"0 0 512 512\"><path d=\"M48 64C21.5 64 0 85.5 0 112c0 15.1 7.1 29.3 19.2 38.4L236.8 313.6c11.4 8.5 27 8.5 38.4 0L492.8 150.4c12.1-9.1 19.2-23.3 19.2-38.4c0-26.5-21.5-48-48-48H48zM0 176V384c0 35.3 28.7 64 64 64H448c35.3 0 64-28.7 64-64V176L294.4 339.2c-22.8 17.1-54 17.1-76.8 0L0 176z\"\/><\/svg><\/span><span class=\"screen-reader-text\">Correo electr\u00f3nico<\/span><\/a><a href=\"https:\/\/www.linkedin.com\/in\/tine-laufer\" class=\"wpex-linkedin wpex-social-btn wpex-social-btn-no-style\" target=\"_blank\" rel=\"noopener noreferrer\"><span class=\"wpex-icon\" aria-hidden=\"true\"><svg xmlns=\"http:\/\/www.w3.org\/2000\/svg\" viewbox=\"0 0 448 512\"><path d=\"M100.3 448H7.4V148.9h92.9zM53.8 108.1C24.1 108.1 0 83.5 0 53.8a53.8 53.8 0 0 1 107.6 0c0 29.7-24.1 54.3-53.8 54.3zM447.9 448h-92.7V302.4c0-34.7-.7-79.2-48.3-79.2-48.3 0-55.7 37.7-55.7 76.7V448h-92.8V148.9h89.1v40.8h1.3c12.4-23.5 42.7-48.3 87.9-48.3 94 0 111.3 61.9 111.3 142.3V448z\"\/><\/svg><\/span><span class=\"screen-reader-text\">Linkedin<\/span><\/a><\/div>\n\t<div class=\"wpb_text_column wpb_content_element\" >\n\t\t<div class=\"wpb_wrapper\">\n\t\t\t<div class=\"custom_staff_phone\"><span class=\"wpex-icon\" aria-hidden=\"true\"><svg xmlns=\"http:\/\/www.w3.org\/2000\/svg\" viewbox=\"0 0 512 512\"><path d=\"M164.9 24.6c-7.7-18.6-28-28.5-47.4-23.2l-88 24C12.1 30.2 0 46 0 64C0 311.4 200.6 512 448 512c18 0 33.8-12.1 38.6-29.5l24-88c5.3-19.4-4.6-39.7-23.2-47.4l-96-40c-16.3-6.8-35.2-2.1-46.3 11.6L304.7 368C234.3 334.7 177.3 277.7 144 207.3L193.3 167c13.7-11.2 18.4-30 11.6-46.3l-40-96z\"><\/path><\/svg><\/span> +49 (0)30 278 757 36<\/div>\n\n\t\t<\/div>\n\t<\/div>\n<\/div><\/div><\/div><\/div><\/div><\/div><\/div><\/div><\/div><\/div><\/div><\/div><\/div><\/div>\n<\/div>","protected":false},"excerpt":{"rendered":"Tine Laufer ha estado trabajando en PowerShift desde 2017, y desde 2018 ha asumido el cargo de Directora Gerente. Ha estado en el Consejo Ejecutivo de PowerShift desde 2023. Estudi\u00f3 derecho, relaciones internacionales y ciencias de la organizaci\u00f3n. Antes de su tiempo en PowerShift, dirigi\u00f3 la oficina de DAAD en Armenia, fue profesora invitada en la Universidad Federal de Siberia en Rusia.","protected":false},"author":29,"featured_media":97032,"parent":0,"menu_order":22,"comment_status":"closed","ping_status":"closed","template":"","meta":{"_acf_changed":false,"footnotes":""},"categories":[],"tags":[],"thema":[],"coauthors":[252],"class_list":["post-96165","page","type-page","status-publish","has-post-thumbnail","hentry","entry","has-media"],"acf":[],"_links":{"self":[{"href":"https:\/\/power-shift.de\/es\/wp-json\/wp\/v2\/pages\/96165","targetHints":{"allow":["GET"]}}],"collection":[{"href":"https:\/\/power-shift.de\/es\/wp-json\/wp\/v2\/pages"}],"about":[{"href":"https:\/\/power-shift.de\/es\/wp-json\/wp\/v2\/types\/page"}],"author":[{"embeddable":true,"href":"https:\/\/power-shift.de\/es\/wp-json\/wp\/v2\/users\/29"}],"replies":[{"embeddable":true,"href":"https:\/\/power-shift.de\/es\/wp-json\/wp\/v2\/comments?post=96165"}],"version-history":[{"count":2,"href":"https:\/\/power-shift.de\/es\/wp-json\/wp\/v2\/pages\/96165\/revisions"}],"predecessor-version":[{"id":96167,"href":"https:\/\/power-shift.de\/es\/wp-json\/wp\/v2\/pages\/96165\/revisions\/96167"}],"wp:featuredmedia":[{"embeddable":true,"href":"https:\/\/power-shift.de\/es\/wp-json\/wp\/v2\/media\/97032"}],"wp:attachment":[{"href":"https:\/\/power-shift.de\/es\/wp-json\/wp\/v2\/media?parent=96165"}],"wp:term":[{"taxonomy":"category","embeddable":true,"href":"https:\/\/power-shift.de\/es\/wp-json\/wp\/v2\/categories?post=96165"},{"taxonomy":"post_tag","embeddable":true,"href":"https:\/\/power-shift.de\/es\/wp-json\/wp\/v2\/tags?post=96165"},{"taxonomy":"thema","embeddable":true,"href":"https:\/\/power-shift.de\/es\/wp-json\/wp\/v2\/thema?post=96165"},{"taxonomy":"author","embeddable":true,"href":"https:\/\/power-shift.de\/es\/wp-json\/wp\/v2\/coauthors?post=96165"}],"curies":[{"name":"wp","href":"https:\/\/api.w.org\/{rel}","templated":true}]}}