{"id":96160,"date":"2019-07-25T12:46:47","date_gmt":"2019-07-25T10:46:47","guid":{"rendered":"https:\/\/2025.power-shift.de\/spendenkonto\/"},"modified":"2025-09-29T11:42:32","modified_gmt":"2025-09-29T09:42:32","slug":"spendenkonto","status":"publish","type":"page","link":"https:\/\/power-shift.de\/es\/spendenkonto\/","title":{"rendered":"Cuenta de donaci\u00f3n"},"content":{"rendered":"<h2>Donar directamente por transferencia bancaria<\/h2>\n<p>\u00bfLe gustar\u00eda apoyarnos directamente por transferencia bancaria? Aqu\u00ed encontrar\u00e1 los detalles de nuestra cuenta:<\/p>\n<p><strong>Cuenta de donaci\u00f3n:<\/strong><\/p>\n<p>PowerShift e.V.<br \/>\nIBAN: DE25 4306 0967 1120 6274 00<br \/>\nGLS Community Bank eG<br \/>\nBIC: GENODEM1GLS<\/p>\n<p><strong>Uso previsto:<\/strong> donaci\u00f3n<\/p>\n<p>\u00a1Gracias por su apoyo! Su donaci\u00f3n nos ayuda a seguir trabajando por un mundo ecol\u00f3gica y socialmente justo.<\/p>","protected":false},"excerpt":{"rendered":"<p>Donar directamente por transferencia bancaria \u00bfQuieres apoyarnos directamente por transferencia bancaria? Aqu\u00ed encontrar\u00e1 los detalles de nuestra cuenta: Cuenta de donaci\u00f3n: PowerShift e.V. IBAN: DE25 4306 0967 1120 6274 00 GLS Gemeinschaftsbank eG BIC: GENODEM1GLS Finalidad: Donar \u00a1Gracias por su apoyo! Su donaci\u00f3n nos ayuda a seguir trabajando por un mundo ecol\u00f3gica y socialmente justo.<\/p>","protected":false},"author":29,"featured_media":93669,"parent":0,"menu_order":20,"comment_status":"closed","ping_status":"closed","template":"","meta":{"_acf_changed":false,"footnotes":""},"categories":[],"tags":[],"thema":[],"coauthors":[252],"class_list":["post-96160","page","type-page","status-publish","has-post-thumbnail","hentry","entry","has-media"],"acf":[],"_links":{"self":[{"href":"https:\/\/power-shift.de\/es\/wp-json\/wp\/v2\/pages\/96160","targetHints":{"allow":["GET"]}}],"collection":[{"href":"https:\/\/power-shift.de\/es\/wp-json\/wp\/v2\/pages"}],"about":[{"href":"https:\/\/power-shift.de\/es\/wp-json\/wp\/v2\/types\/page"}],"author":[{"embeddable":true,"href":"https:\/\/power-shift.de\/es\/wp-json\/wp\/v2\/users\/29"}],"replies":[{"embeddable":true,"href":"https:\/\/power-shift.de\/es\/wp-json\/wp\/v2\/comments?post=96160"}],"version-history":[{"count":3,"href":"https:\/\/power-shift.de\/es\/wp-json\/wp\/v2\/pages\/96160\/revisions"}],"predecessor-version":[{"id":96163,"href":"https:\/\/power-shift.de\/es\/wp-json\/wp\/v2\/pages\/96160\/revisions\/96163"}],"wp:featuredmedia":[{"embeddable":true,"href":"https:\/\/power-shift.de\/es\/wp-json\/wp\/v2\/media\/93669"}],"wp:attachment":[{"href":"https:\/\/power-shift.de\/es\/wp-json\/wp\/v2\/media?parent=96160"}],"wp:term":[{"taxonomy":"category","embeddable":true,"href":"https:\/\/power-shift.de\/es\/wp-json\/wp\/v2\/categories?post=96160"},{"taxonomy":"post_tag","embeddable":true,"href":"https:\/\/power-shift.de\/es\/wp-json\/wp\/v2\/tags?post=96160"},{"taxonomy":"thema","embeddable":true,"href":"https:\/\/power-shift.de\/es\/wp-json\/wp\/v2\/thema?post=96160"},{"taxonomy":"author","embeddable":true,"href":"https:\/\/power-shift.de\/es\/wp-json\/wp\/v2\/coauthors?post=96160"}],"curies":[{"name":"wp","href":"https:\/\/api.w.org\/{rel}","templated":true}]}}