{"id":94341,"date":"2019-06-19T12:41:49","date_gmt":"2025-06-19T10:41:30","guid":{"rendered":"https:\/\/2025.power-shift.de\/?page_id=94341"},"modified":"2025-12-02T13:35:21","modified_gmt":"2025-12-02T12:35:21","slug":"initiative-transparente-zivilgesellschaft-2","status":"publish","type":"page","link":"https:\/\/power-shift.de\/es\/initiative-transparente-zivilgesellschaft-2\/","title":{"rendered":"Iniciativa de la sociedad civil transparente"},"content":{"rendered":"<div class=\"wpb-content-wrapper\"><div class=\"vc_row wpb_row vc_row-fluid wpex-relative\"><div class=\"wpb_column vc_column_container vc_col-sm-12\"><div class=\"vc_column-inner\"><div class=\"wpb_wrapper\">\n\t<div class=\"wpb_text_column wpb_content_element\" >\n\t\t<div class=\"wpb_wrapper\">\n\t\t\t<p class=\"bodytext\"><b><img loading=\"lazy\" decoding=\"async\" class=\"alignleft size-medium wp-image-77\" src=\"https:\/\/power-shift.de\/wp-content\/uploads\/2025\/05\/Initiative-Transparente-Zivilgesellschaft-300x82.png\" alt=\"Iniciativa de la sociedad civil transparente\" width=\"300\" height=\"82\" srcset=\"https:\/\/power-shift.de\/wp-content\/uploads\/2025\/05\/Initiative-Transparente-Zivilgesellschaft-300x82.png 300w, https:\/\/power-shift.de\/wp-content\/uploads\/2025\/05\/Initiative-Transparente-Zivilgesellschaft.png 600w\" sizes=\"auto, (max-width: 300px) 100vw, 300px\" \/>PowerShift soporta el <a title=\"www.transparente-zivilgesellschaft.de\" href=\"http:\/\/www.transparente-zivilgesellschaft.de\/\" target=\"_blank\" rel=\"noopener\">Iniciativa de la sociedad civil transparente<\/a>, una iniciativa para la transparencia entre las organizaciones sin \u00e1nimo de lucro. Aqu\u00ed hay diez puntos de informaci\u00f3n sobre los objetivos de PowerShift, de d\u00f3nde provienen los fondos, c\u00f3mo se utilizan y qui\u00e9nes son los responsables de la toma de decisiones:<\/b><\/p>\n<p>&nbsp;<\/p>\n<h3><\/h3>\n<h3 class=\"bodytext\">1. Nombre, domicilio social, direcci\u00f3n y a\u00f1o de establecimiento<\/h3>\n<ul class=\"contentlist_ul\">\n<li>PowerShift e.V. Greifswalderstr. 4, 10405 Berl\u00edn, Alemania. M\u00e1s informaci\u00f3n en: <a href=\"https:\/\/power-shift.de\/es\/impressum\/\">descargo<\/a> \/ <a href=\"https:\/\/power-shift.de\/es\/kontakt\/\">Formulario de contacto<\/a><\/li>\n<li>PowerShift fue fundada en Berl\u00edn en 2010.<\/li>\n<\/ul>\n<h3>2. Estatutos y objetivos de la organizaci\u00f3n<\/h3>\n<ul class=\"contentlist_ul\">\n<li>Los estatutos de PowerShift e.V. pueden ser <a href=\"\/wp-content\/uploads\/2025\/06\/PowerShift-Satzung_Neu_Juni-2023.pdf\">aqu\u00ed<\/a> ver.<\/li>\n<li>Puede encontrar informaci\u00f3n general sobre PowerShift y nuestras principales \u00e1reas de trabajo aqu\u00ed: <a href=\"https:\/\/power-shift.de\/es\/ueber-uns\/\">Acerca de nosotros<\/a><\/li>\n<li><a href=\"https:\/\/power-shift.de\/es\/ueber-uns\/\">Aqu\u00ed<\/a> Encontrar\u00e1 una descripci\u00f3n de nuestra autoimagen, nuestras metas y prioridades establecidas para el a\u00f1o respectivo.<\/li>\n<li>La informaci\u00f3n detallada sobre los temas, campa\u00f1as y publicaciones en los que trabajamos se puede encontrar en las respectivas \u00e1reas de enfoque: <a href=\"https:\/\/power-shift.de\/es\/themen\/handelspolitik-und-investitionspolitik\/\">Pol\u00edtica de comercio e inversi\u00f3n<\/a>, <a href=\"https:\/\/power-shift.de\/es\/rohstoffpolitik\/\">Pol\u00edtica de materias primas<\/a>, <a href=\"https:\/\/power-shift.de\/es\/themen\/energiepolitik\/\">pol\u00edtica energ\u00e9tica.<\/a><\/li>\n<\/ul>\n<h3>3. Informaci\u00f3n sobre desgravaciones fiscales<\/h3>\n<ul class=\"contentlist_ul\">\n<li>Debido a la promoci\u00f3n de la ciencia y la investigaci\u00f3n, as\u00ed como la promoci\u00f3n de la educaci\u00f3n y la formaci\u00f3n de las personas y la formaci\u00f3n profesional, incluida la asistencia a los estudiantes, hemos recibido la \u00faltima notificaci\u00f3n de exenci\u00f3n de la Oficina de Impuestos para Corporaciones I Berl\u00edn, StNr. 27\/675\/55937, de 26 de octubre de 2021, exento del impuesto de sociedades para los a\u00f1os 2018 a 2020 en virtud del art\u00edculo 5, apartado 1, punto 9, de la Ley del impuesto de sociedades y del impuesto de sociedades en virtud del art\u00edculo 3, apartado 6, de la Ley del impuesto de sociedades.<\/li>\n<li>Las cuotas de membres\u00eda son deducibles como donaciones.<\/li>\n<\/ul>\n<h3>4. Nombre y funci\u00f3n de los principales responsables de la toma de decisiones<\/h3>\n<ul class=\"contentlist_ul\">\n<li>En el Consejo Ejecutivo de PowerShift e.V. est\u00e1n Tine Laufer (directora gerente), Merle Groneweg, Nelly Grotefendt y Bernd Brouns. Los participantes son Regine Richter, Michael Reckordt y Alessa Hartmann.<\/li>\n<\/ul>\n<h3>5. Informe de actividad<\/h3>\n<ul class=\"contentlist_ul\">\n<li>Sobre el <a href=\"https:\/\/power-shift.de\/es\/\">p\u00e1gina de inicio<\/a> Encuentre una visi\u00f3n general de las actividades, publicaciones y noticias de PowerShift. Puede encontrar m\u00e1s informaci\u00f3n en nuestros informes anuales: <a href=\"https:\/\/power-shift.de\/wp-content\/uploads\/2025\/07\/PowerShift_Jahresbericht-2024.pdf\">2024<\/a>\/<a href=\"\/wp-content\/uploads\/2025\/06\/Jahresbericht-2023.pdf\"> 2023<\/a> \/\u00a0<a href=\"\/wp-content\/uploads\/2025\/06\/Jahresbericht-2022.pdf\">2022<\/a> \/ <a href=\"\/wp-content\/uploads\/2025\/06\/Jahresbericht-2021.pdf\">2021<\/a> \/\u00a0<a href=\"\/wp-content\/uploads\/2025\/06\/Jahresbericht-2020.pdf\">2020<\/a> \/ <a href=\"\/wp-content\/uploads\/2025\/06\/Jahresbericht-2019.docx.pdf\">2019<\/a> \/ <a href=\"https:\/\/power-shift.de\/wp-content\/uploads\/2025\/06\/Jahrebericht-2018.pdf\">2018<\/a> \/\u00a0<a href=\"https:\/\/power-shift.de\/wp-content\/uploads\/2025\/06\/Jahrebericht-2017-1.pdf\">2017<\/a> \/ <a href=\"https:\/\/power-shift.de\/wp-content\/uploads\/2025\/06\/Jahrebericht-2016.pdf\">2016<\/a><\/li>\n<li>Tambi\u00e9n est\u00e1n nuestros <a href=\"https:\/\/power-shift.de\/es\/powershift-in-den-medien\/\">Revisi\u00f3n de prensa<\/a>, y <a href=\"https:\/\/power-shift.de\/es\/presse\/\">lanzamientos<\/a> por PowerShift.<\/li>\n<\/ul>\n<h3>6. Estructura del personal<\/h3>\n<ul class=\"contentlist_ul\">\n<li>En 2024, el equipo de PowerShift estaba formado por 14 empleados a tiempo parcial entre 25 % y 75 % en conjunto (equivalente a 8,5 puestos a tiempo completo) y cont\u00f3 con el apoyo de cinco aut\u00f3nomos. A veces, tambi\u00e9n se agregan pasantes: <a title=\"El equipo de foodwatch\" href=\"https:\/\/power-shift.de\/es\/ueber-uns\/\">equipo<\/a><\/li>\n<\/ul>\n<h3>7\/8. Informaci\u00f3n sobre el origen y el uso de los fondos<\/h3>\n<p>PowerShift es una asociaci\u00f3n independiente, sin fines de lucro y financia una gran parte de los proyectos de ollas de trabajo de educaci\u00f3n pol\u00edtica y fundaciones privadas, as\u00ed como de las contribuciones de los miembros patrocinadores, donaciones y fondos de la fundaci\u00f3n.<\/p>\n<h4><strong>Ingresos de 2024<\/strong><\/h4>\n<p>Los ingresos del ejercicio 2024 ascendieron a 849 773,27 EUR. 90 % Esto proviene de la financiaci\u00f3n basada en proyectos. PowerShift tambi\u00e9n fue financiado por la Open Society Foundation en 2024. El sector comercial recibe una gran parte de la financiaci\u00f3n de la Agencia Estatal de Cooperaci\u00f3n para el Desarrollo (LEZ), de los Financiadores del Comercio Justo y a trav\u00e9s de la cofinanciaci\u00f3n a trav\u00e9s de socios de cooperaci\u00f3n. El sector de la energ\u00eda y el clima est\u00e1 financiado principalmente por LEZ. El sector de las materias primas est\u00e1 financiado por el programa de financiaci\u00f3n de la educaci\u00f3n para el desarrollo (FEB), as\u00ed como por OLIN gGmbH y la Fundaci\u00f3n Europea del Clima (ECF). <a href=\"https:\/\/power-shift.de\/wp-content\/uploads\/2025\/12\/Foerdermittelgeber.pdf\">Una lista de las organizaciones (selecci\u00f3n) que han proporcionado financiaci\u00f3n se puede encontrar aqu\u00ed.<\/a> Pudimos generar alrededor de 73.000 euros a trav\u00e9s de donaciones, patrocinios, cuotas de membres\u00eda y multas. Los ingresos restantes fueron generados por las ventas de publicaciones, las contribuciones de los participantes y otros ingresos operativos, como los reembolsos a trav\u00e9s de la Ley de Compensaci\u00f3n de Gastos o de las reservas.<\/p>\n<p><img decoding=\"async\" id=\"image-preview-94129\" src=\"https:\/\/archiv.power-shift.de\/wp-admin\/admin-ajax.php?action=imgedit-preview&amp;_ajax_nonce=617193db2f&amp;postid=94129&amp;rand=8015\" alt=\"\" \/><\/p>\n<h4><\/h4>\n<h4><strong>Gasto de 2024<\/strong><\/h4>\n<p>El gasto total en 2024, correspondiente a los ingresos, fue de 849 773,27 EUR. La partida m\u00e1s grande en el presupuesto total fue de alrededor de 67. % los costes de personal. En 2024, catorce empleados recibieron financiaci\u00f3n a tiempo parcial. Alrededor de 22 % de los gastos se destinaron a gastos relacionados con el proyecto, como honorarios de los trabajadores independientes, material y gastos de viaje. Los 11 restantes % se utilizaron para gastos generales de propiedad y club, como alquiler, suministros de oficina, etc.<\/p>\n<p>&nbsp;<\/p>\n<p><img loading=\"lazy\" decoding=\"async\" class=\"alignnone size-full wp-image-94130\" src=\"https:\/\/archiv.power-shift.de\/wp-content\/uploads\/2025\/07\/Ausgaben-2024.jpg\" alt=\"\" width=\"475\" height=\"286\" \/><\/p>\n<p>Se puede encontrar una declaraci\u00f3n detallada de p\u00e9rdidas y ganancias <a href=\"https:\/\/power-shift.de\/wp-content\/uploads\/2025\/09\/Bilanz_GuV-2024-vereinf-Darstellung-14-07-25.pdf\">aqu\u00ed.<\/a><\/p>\n<h3>9. Relaci\u00f3n corporativa con terceros<\/h3>\n<ul class=\"contentlist_ul\">\n<li>PowerShift e.V. es una asociaci\u00f3n independiente sin fines de lucro que no est\u00e1 vinculada por el derecho de sociedades a terceros.<\/li>\n<\/ul>\n<h3>10. Los donantes m\u00e1s grandes<\/h3>\n<ul>\n<li style=\"list-style-type: none;\">\n<ul>\n<li>PowerShift e.V. recibe contribuciones financieras de las siguientes instituciones u organizaciones, cada una de las cuales recibe m\u00e1s de 10% de los ingresos anuales: Educaci\u00f3n sobre Pol\u00edticas de Desarrollo (FEB), Open Society Foundation (OSF) y European Climate Foundation (ECF). Una lista de todas las organizaciones previamente financiadas se puede encontrar en Our Partners en <a href=\"https:\/\/power-shift.de\/es\/ueber-uns\/\">Sobre nosotros.<\/a><\/li>\n<li>Donaciones de individuos u organizaciones que tienen m\u00e1s de 10% No se recibieron los ingresos anuales.<\/li>\n<\/ul>\n<\/li>\n<\/ul>\n<h3>11. Transparencia y registro de grupos de inter\u00e9s<\/h3>\n<p>Estamos en <a href=\"https:\/\/transparency-register.europa.eu\">Registro de transparencia de la Uni\u00f3n Europea<\/a>, en el <a href=\"https:\/\/transparenzdatenbank.berlin.de\">Base de datos de transparencia del estado de Berl\u00edn<\/a> y en\u00a0<a href=\"https:\/\/www.lobbyregister.bundestag.de\/\">Registro de grupos de presi\u00f3n para la representaci\u00f3n de intereses ante el Bundestag alem\u00e1n y el Gobierno federal<\/a> registrado. Se puede encontrar m\u00e1s informaci\u00f3n relevante para el pa\u00eds, el gobierno federal y la Uni\u00f3n Europea.<\/p>\n\n\t\t<\/div>\n\t<\/div>\n<\/div><\/div><\/div><\/div>\n<\/div>","protected":false},"excerpt":{"rendered":"PowerShift apoya la Iniciativa de la Sociedad Civil Transparente, una iniciativa para la transparencia entre las organizaciones sin fines de lucro. Aqu\u00ed hay diez puntos de informaci\u00f3n sobre los objetivos de PowerShift, de d\u00f3nde provienen los fondos, c\u00f3mo se utilizan y qui\u00e9nes son los responsables de la toma de decisiones: \u00a0 1. Nombre, domicilio social, direcci\u00f3n y a\u00f1o de fundaci\u00f3n PowerShift e.V. Greifswalderstr. 4, 10405 Berl\u00edn, Alemania. M\u00e1s informaci\u00f3n en: Impresi\u00f3n...","protected":false},"author":2,"featured_media":93669,"parent":0,"menu_order":28,"comment_status":"closed","ping_status":"closed","template":"","meta":{"_acf_changed":false,"footnotes":""},"categories":[],"tags":[],"thema":[],"coauthors":[56],"class_list":["post-94341","page","type-page","status-publish","has-post-thumbnail","hentry","entry","has-media"],"acf":[],"_links":{"self":[{"href":"https:\/\/power-shift.de\/es\/wp-json\/wp\/v2\/pages\/94341","targetHints":{"allow":["GET"]}}],"collection":[{"href":"https:\/\/power-shift.de\/es\/wp-json\/wp\/v2\/pages"}],"about":[{"href":"https:\/\/power-shift.de\/es\/wp-json\/wp\/v2\/types\/page"}],"author":[{"embeddable":true,"href":"https:\/\/power-shift.de\/es\/wp-json\/wp\/v2\/users\/2"}],"replies":[{"embeddable":true,"href":"https:\/\/power-shift.de\/es\/wp-json\/wp\/v2\/comments?post=94341"}],"version-history":[{"count":14,"href":"https:\/\/power-shift.de\/es\/wp-json\/wp\/v2\/pages\/94341\/revisions"}],"predecessor-version":[{"id":97782,"href":"https:\/\/power-shift.de\/es\/wp-json\/wp\/v2\/pages\/94341\/revisions\/97782"}],"wp:featuredmedia":[{"embeddable":true,"href":"https:\/\/power-shift.de\/es\/wp-json\/wp\/v2\/media\/93669"}],"wp:attachment":[{"href":"https:\/\/power-shift.de\/es\/wp-json\/wp\/v2\/media?parent=94341"}],"wp:term":[{"taxonomy":"category","embeddable":true,"href":"https:\/\/power-shift.de\/es\/wp-json\/wp\/v2\/categories?post=94341"},{"taxonomy":"post_tag","embeddable":true,"href":"https:\/\/power-shift.de\/es\/wp-json\/wp\/v2\/tags?post=94341"},{"taxonomy":"thema","embeddable":true,"href":"https:\/\/power-shift.de\/es\/wp-json\/wp\/v2\/thema?post=94341"},{"taxonomy":"author","embeddable":true,"href":"https:\/\/power-shift.de\/es\/wp-json\/wp\/v2\/coauthors?post=94341"}],"curies":[{"name":"wp","href":"https:\/\/api.w.org\/{rel}","templated":true}]}}