{"id":94286,"date":"2019-06-16T16:33:49","date_gmt":"2025-06-16T14:33:28","guid":{"rendered":"https:\/\/2025.power-shift.de\/?page_id=94286"},"modified":"2026-04-14T14:04:15","modified_gmt":"2026-04-14T12:04:15","slug":"newsletter-bestellen","status":"publish","type":"page","link":"https:\/\/power-shift.de\/es\/newsletter-bestellen\/","title":{"rendered":"Suscribirse al bolet\u00edn de noticias"},"content":{"rendered":"<div class=\"wpb-content-wrapper\"><div class=\"vc_row wpb_row vc_row-fluid vc_custom_1760097444133 wpex-vc-full-width-row wpex-vc-full-width-row--centered wpex-relative wpex-vc_row-gap-0 wpex-vc_row-has-fill wpex-vc_row-mx-0\" style=\"background-color:var(--wpex-accent)!important;\"><div class=\"wpb_column vc_column_container vc_col-sm-12\"><div class=\"vc_column-inner\"><div class=\"wpb_wrapper\"><div class=\"vcex-module vcex-icon-box vcex-icon-box-one wpex-flex wpex-text-left ps-banner background-green ps-banner-newsletter\"><div class=\"vcex-icon-box-symbol vcex-icon-box-symbol--image wpex-flex-shrink-0 wpex-mr-20\"><img src=\"https:\/\/power-shift.de\/wp-content\/uploads\/2025\/08\/PS_106_Webseite_Banners_Hintergrund_Newsletter.png\" alt=\"Bolet\u00edn de banner de PowerShift dos personas leen el peri\u00f3dico\" class=\"vcex-icon-box-image wpex-align-middle\" loading=\"lazy\" decoding=\"async\" width=\"656\" height=\"628\"><\/div><div class=\"vcex-icon-box-text wpex-flex-grow\"><h2 class=\"vcex-icon-box-heading wpex-heading wpex-text-lg wpex-mb-10\">\u00a1No te pierdas ninguna nueva publicaci\u00f3n interesante, fechas emocionantes, proyectos o promociones! <span class=\"wpex-badge\">boletines<\/span><\/h2><div class=\"vcex-icon-box-content wpex-last-mb-0 wpex-clr\"><p>Te mantenemos al d\u00eda con nuestro bolet\u00edn digital gratuito.<\/p>\n<\/div><\/div><\/div><\/div><\/div><\/div><\/div><div class=\"vc_row wpb_row vc_row-fluid wpex-relative\"><div class=\"wpb_column vc_column_container vc_col-sm-6\"><div class=\"vc_column-inner\"><div class=\"wpb_wrapper\"><div class=\"vcex-spacing wpex-w-100 wpex-clear\"><\/div>\n\t<div class=\"wpb_text_column wpb_content_element\" >\n\t\t<div class=\"wpb_wrapper\">\n\t\t\t<p><a class=\"button default large\" href=\"https:\/\/civicrm.power-shift.de\/civicrm\/mailing\/view?id=1256&#038;reset=1\" rel=\"noopener\">Bolet\u00edn informativo actualizado para leer<\/a><\/p>\n<h2>Reg\u00edstrate ahora:<\/h2>\n\n<div class=\"wpcf7 no-js\" id=\"wpcf7-f94323-o1\" lang=\"de-DE\" dir=\"ltr\" data-wpcf7-id=\"94323\">\n<div class=\"screen-reader-response\"><p role=\"status\" aria-live=\"polite\" aria-atomic=\"true\"><\/p> <ul><\/ul><\/div>\n<form action=\"\/es\/wp-json\/wp\/v2\/pages\/94286#wpcf7-f94323-o1\" method=\"post\" class=\"wpcf7-form init\" aria-label=\"Formulario de contacto\" novalidate=\"novalidate\" data-status=\"init\" data-etm-original-action=\"\/es\/wp-json\/wp\/v2\/pages\/94286#wpcf7-f94323-o1\">\n<fieldset class=\"hidden-fields-container\"><input type=\"hidden\" name=\"_wpcf7\" value=\"94323\" \/><input type=\"hidden\" name=\"_wpcf7_version\" value=\"6.1.5\" \/><input type=\"hidden\" name=\"_wpcf7_locale\" value=\"de_DE\" \/><input type=\"hidden\" name=\"_wpcf7_unit_tag\" value=\"wpcf7-f94323-o1\" \/><input type=\"hidden\" name=\"_wpcf7_container_post\" value=\"0\" \/><input type=\"hidden\" name=\"_wpcf7_posted_data_hash\" value=\"\" \/>\n<\/fieldset>\n<div class=\"form-row\"><label class=\"full-width\">Su nombre (*)<br \/>\n    <span class=\"wpcf7-form-control-wrap\" data-name=\"first_name\"><input size=\"40\" maxlength=\"400\" class=\"wpcf7-form-control wpcf7-text wpcf7-validates-as-required\" aria-required=\"true\" aria-invalid=\"false\" value=\"\" type=\"text\" name=\"first_name\" \/><\/span> \n<\/label><\/div>\n\n<div class=\"form-row\"><label class=\"full-width\">Su apellido (*)<br \/>\n    <span class=\"wpcf7-form-control-wrap\" data-name=\"last_name\"><input size=\"40\" maxlength=\"400\" class=\"wpcf7-form-control wpcf7-text wpcf7-validates-as-required\" aria-required=\"true\" aria-invalid=\"false\" value=\"\" type=\"text\" name=\"last_name\" \/><\/span>\n<\/label><\/div>\n\n<div class=\"form-row\"><label class=\"full-width\">Su direcci\u00f3n de correo electr\u00f3nico (*)<br \/>\n    <span class=\"wpcf7-form-control-wrap\" data-name=\"email\"><input size=\"40\" maxlength=\"400\" class=\"wpcf7-form-control wpcf7-email wpcf7-validates-as-required wpcf7-text wpcf7-validates-as-email\" aria-required=\"true\" aria-invalid=\"false\" value=\"\" type=\"email\" name=\"email\" \/><\/span>\n<\/label><\/div>\n\n<div class=\"form-row\"><label class=\"full-width\"><span class=\"wpcf7-form-control-wrap\" data-name=\"custom_7\"><span class=\"wpcf7-form-control wpcf7-acceptance\"><span class=\"wpcf7-list-item\"><input type=\"checkbox\" name=\"custom_7\" value=\"1\" aria-invalid=\"false\" \/><\/span><\/span><\/span> Acepto el <a href=\"https:\/\/power-shift.de\/es\/erklaerung-von-powershift-zum-umgang-mit-daten\/\">Pol\u00edtica de privacidad<\/a> por PowerShift\n<\/label><\/div>\n\n<div class=\"form-row\"><p class=\"full-width\"><span class=\"wpcf7-form-control-wrap kc_captcha\" data-name=\"kc_captcha\"><span class=\"wpcf7-form-control wpcf7-radio\"><span class=\"captcha-image\" ><span class=\"cf7ic_instructions\">Por favor, demuestre que no es un robot de spam y seleccione el s\u00edmbolo<span> coraz\u00f3n<\/span>.<\/span><label><input aria-label=\"1\" type=\"radio\" name=\"kc_captcha\" value=\"kc_human\" \/><svg aria-hidden=\"true\" role=\"img\" xmlns=\"http:\/\/www.w3.org\/2000\/svg\" viewbox=\"0 0 576 512\"><path fill=\"currentColor\" d=\"M415 24c-53 0-103 42-127 65-24-23-74-65-127-65C70 24 16 77 16 166c0 72 67 133 69 135l187 181c9 8 23 8 32 0l187-180c2-3 69-64 69-136 0-89-54-142-145-142z\"\/><\/svg><\/label><label><input aria-label=\"2\" type=\"radio\" name=\"kc_captcha\" value=\"bot\" \/><svg aria-hidden=\"true\" role=\"img\" xmlns=\"http:\/\/www.w3.org\/2000\/svg\" viewbox=\"0 0 512 512\"><path fill=\"currentColor\" d=\"M350 99c-54 0-98-35-166-35-25 0-47 4-68 12a56 56 0 004-24C118 24 95 1 66 0a56 56 0 00-34 102v386c0 13 11 24 24 24h16c13 0 24-11 24-24v-94c28-12 64-23 114-23 54 0 98 35 166 35 48 0 86-16 122-41 9-6 14-15 14-26V96c0-23-24-39-45-29-35 16-77 32-117 32z\"\/><\/svg><\/label><label><input aria-label=\"3\" type=\"radio\" name=\"kc_captcha\" value=\"bot\" \/><svg aria-hidden=\"true\" role=\"img\" xmlns=\"http:\/\/www.w3.org\/2000\/svg\" viewbox=\"0 0 640 512\"><path fill=\"currentColor\" d=\"M624 352h-16V244c0-13-5-25-14-34L494 110c-9-9-21-14-34-14h-44V48c0-26-21-48-48-48H48C22 0 0 22 0 48v320c0 27 22 48 48 48h16a96 96 0 00192 0h128a96 96 0 00192 0h48c9 0 16-7 16-16v-32c0-9-7-16-16-16zM160 464a48 48 0 110-96 48 48 0 010 96zm320 0a48 48 0 110-96 48 48 0 010 96zm80-208H416V144h44l100 100v12z\"\/><\/svg><\/label>\r\n    <\/span>\r\n    <span style=\"display:none\">\r\n        <input type=\"text\" name=\"kc_honeypot\">\r\n    <\/span><\/span><\/span><\/div>\n\n<input class=\"wpcf7-form-control wpcf7-submit has-spinner\" type=\"submit\" value=\"enviar\" \/><div class=\"wpcf7-response-output\" aria-hidden=\"true\"><\/div>\n<input type=\"hidden\" name=\"etm-form-language\" value=\"es\"\/><\/form>\n<\/div>\n\n\n\t\t<\/div>\n\t<\/div>\n<\/div><\/div><\/div><div class=\"wpb_column vc_column_container vc_col-sm-6\"><div class=\"vc_column-inner\"><div class=\"wpb_wrapper\"><\/div><\/div><\/div><\/div>\n<\/div>","protected":false},"excerpt":{"rendered":"\u00a1No te pierdas ninguna nueva publicaci\u00f3n interesante, fechas emocionantes, proyectos o promociones! NewsletterTe mantenemos al d\u00eda con nuestro bolet\u00edn digital gratuito. Bolet\u00edn informativo actualizado para leer Reg\u00edstrese ahora: Su nombre (*) Su apellido (*) Su direcci\u00f3n de correo electr\u00f3nico (*) Acepto la pol\u00edtica de privacidad de PowerShift Por favor, pruebe que no es spambot...","protected":false},"author":2,"featured_media":93669,"parent":0,"menu_order":26,"comment_status":"closed","ping_status":"closed","template":"","meta":{"_acf_changed":false,"footnotes":""},"thema":[],"coauthors":[56],"class_list":["post-94286","page","type-page","status-publish","has-post-thumbnail","hentry","entry","has-media"],"acf":[],"_links":{"self":[{"href":"https:\/\/power-shift.de\/es\/wp-json\/wp\/v2\/pages\/94286","targetHints":{"allow":["GET"]}}],"collection":[{"href":"https:\/\/power-shift.de\/es\/wp-json\/wp\/v2\/pages"}],"about":[{"href":"https:\/\/power-shift.de\/es\/wp-json\/wp\/v2\/types\/page"}],"author":[{"embeddable":true,"href":"https:\/\/power-shift.de\/es\/wp-json\/wp\/v2\/users\/2"}],"replies":[{"embeddable":true,"href":"https:\/\/power-shift.de\/es\/wp-json\/wp\/v2\/comments?post=94286"}],"version-history":[{"count":19,"href":"https:\/\/power-shift.de\/es\/wp-json\/wp\/v2\/pages\/94286\/revisions"}],"predecessor-version":[{"id":99132,"href":"https:\/\/power-shift.de\/es\/wp-json\/wp\/v2\/pages\/94286\/revisions\/99132"}],"wp:featuredmedia":[{"embeddable":true,"href":"https:\/\/power-shift.de\/es\/wp-json\/wp\/v2\/media\/93669"}],"wp:attachment":[{"href":"https:\/\/power-shift.de\/es\/wp-json\/wp\/v2\/media?parent=94286"}],"wp:term":[{"taxonomy":"thema","embeddable":true,"href":"https:\/\/power-shift.de\/es\/wp-json\/wp\/v2\/thema?post=94286"},{"taxonomy":"author","embeddable":true,"href":"https:\/\/power-shift.de\/es\/wp-json\/wp\/v2\/coauthors?post=94286"}],"curies":[{"name":"wp","href":"https:\/\/api.w.org\/{rel}","templated":true}]}}