{"id":94077,"date":"2019-06-05T15:01:49","date_gmt":"2025-06-05T13:01:26","guid":{"rendered":"https:\/\/2025.power-shift.de\/warenkorb\/"},"modified":"2025-09-29T11:58:24","modified_gmt":"2025-09-29T09:58:24","slug":"warenkorb","status":"publish","type":"page","link":"https:\/\/power-shift.de\/es\/shop\/warenkorb\/","title":{"rendered":"canasta"},"content":{"rendered":"<div data-block-name=\"woocommerce\/cart\" class=\"wp-block-woocommerce-cart alignwide is-loading\">\n<div data-block-name=\"woocommerce\/filled-cart-block\" class=\"wp-block-woocommerce-filled-cart-block\">\n<div data-block-name=\"woocommerce\/cart-items-block\" class=\"wp-block-woocommerce-cart-items-block\">\n<div data-block-name=\"woocommerce\/cart-line-items-block\" class=\"wp-block-woocommerce-cart-line-items-block\"><\/div>\n\n\n\n<div data-block-name=\"woocommerce\/cart-cross-sells-block\" class=\"wp-block-woocommerce-cart-cross-sells-block\">\n<h2 class=\"wp-block-heading has-large-font-size\">Puede que te interese...<\/h2>\n\n\n\n<div data-block-name=\"woocommerce\/cart-cross-sells-products-block\" class=\"wp-block-woocommerce-cart-cross-sells-products-block\"><\/div>\n<\/div>\n<\/div>\n\n\n\n<div data-block-name=\"woocommerce\/cart-totals-block\" class=\"wp-block-woocommerce-cart-totals-block\">\n<div data-block-name=\"woocommerce\/cart-order-summary-block\" class=\"wp-block-woocommerce-cart-order-summary-block\">\n<div data-block-name=\"woocommerce\/cart-order-summary-heading-block\" class=\"wp-block-woocommerce-cart-order-summary-heading-block\"><\/div><div data-block-name=\"woocommerce\/cart-order-summary-coupon-form-block\" class=\"wp-block-woocommerce-cart-order-summary-coupon-form-block\"><\/div><div data-block-name=\"woocommerce\/cart-order-summary-totals-block\" class=\"wp-block-woocommerce-cart-order-summary-totals-block\">\n<div data-block-name=\"woocommerce\/cart-order-summary-subtotal-block\" class=\"wp-block-woocommerce-cart-order-summary-subtotal-block\"><\/div>\n<div data-block-name=\"woocommerce\/cart-order-summary-discount-block\" class=\"wp-block-woocommerce-cart-order-summary-discount-block\"><\/div>\n<div data-block-name=\"woocommerce\/cart-order-summary-fee-block\" class=\"wp-block-woocommerce-cart-order-summary-fee-block\"><\/div>\n<div data-block-name=\"woocommerce\/cart-order-summary-shipping-block\" class=\"wp-block-woocommerce-cart-order-summary-shipping-block\"><\/div>\n<div data-block-name=\"woocommerce\/cart-order-summary-taxes-block\" class=\"wp-block-woocommerce-cart-order-summary-taxes-block\"><\/div><\/div>\n<\/div>\n\n\n\n<div data-block-name=\"woocommerce\/cart-express-payment-block\" class=\"wp-block-woocommerce-cart-express-payment-block\"><\/div>\n\n\n\n<div data-block-name=\"woocommerce\/proceed-to-checkout-block\" class=\"wp-block-woocommerce-proceed-to-checkout-block\"><\/div>\n\n\n\n<div data-block-name=\"woocommerce\/cart-accepted-payment-methods-block\" class=\"wp-block-woocommerce-cart-accepted-payment-methods-block\"><\/div>\n<\/div>\n<\/div>\n\n\n\n<div data-block-name=\"woocommerce\/empty-cart-block\" class=\"wp-block-woocommerce-empty-cart-block\">\n<h2 class=\"wp-block-heading has-text-align-center with-empty-cart-icon wc-block-cart__empty-cart__title\">\u00a1Su carrito de compras est\u00e1 vac\u00edo!<\/h2>\n\n\n\n<hr class=\"wp-block-separator has-alpha-channel-opacity is-style-dots\"\/>\n\n\n\n<h2 class=\"wp-block-heading has-text-align-center\">Nuevo en la tienda<\/h2>\n\n\n<div data-block-name=\"woocommerce\/product-new\" data-columns=\"4\" data-rows=\"1\" class=\"wc-block-grid wp-block-product-new wp-block-woocommerce-product-new wc-block-product-new has-4-columns\"><ul class=\"wc-block-grid__products\"><li class=\"wc-block-grid__product\">\n\t\t\t\t<a href=\"https:\/\/power-shift.de\/es\/producto\/klimaneutral-und-bezahlbar-heizen-waermewende-berlin\/\" class=\"wc-block-grid__product-link\">\n\t\t\t\t\t\n\t\t\t\t\t<div class=\"wc-block-grid__product-image\"><img loading=\"lazy\" decoding=\"async\" width=\"1103\" height=\"753\" src=\"https:\/\/power-shift.de\/wp-content\/uploads\/2026\/02\/Tizelbild-Waermewende-e1772537689752.jpeg\" class=\"attachment-woocommerce_thumbnail size-woocommerce_thumbnail\" alt=\"Imagen de portada Heat transition cat on heating\" srcset=\"https:\/\/power-shift.de\/wp-content\/uploads\/2026\/02\/Tizelbild-Waermewende-e1772537689752.jpeg 1103w, https:\/\/power-shift.de\/wp-content\/uploads\/2026\/02\/Tizelbild-Waermewende-e1772537689752-300x205.jpeg 300w, https:\/\/power-shift.de\/wp-content\/uploads\/2026\/02\/Tizelbild-Waermewende-e1772537689752-1024x699.jpeg 1024w, https:\/\/power-shift.de\/wp-content\/uploads\/2026\/02\/Tizelbild-Waermewende-e1772537689752-768x524.jpeg 768w, https:\/\/power-shift.de\/wp-content\/uploads\/2026\/02\/Tizelbild-Waermewende-e1772537689752-18x12.jpeg 18w, https:\/\/power-shift.de\/wp-content\/uploads\/2026\/02\/Tizelbild-Waermewende-e1772537689752-600x410.jpeg 600w\" sizes=\"auto, (max-width: 1103px) 100vw, 1103px\" \/><\/div>\n\t\t\t\t\t<div class=\"wc-block-grid__product-title\">Calefacci\u00f3n clim\u00e1ticamente neutra y asequible: La transici\u00f3n t\u00e9rmica utilizando el ejemplo de Berl\u00edn<\/div>\n\t\t\t\t<\/a>\n\t\t\t\t<div class=\"wc-block-grid__product-price price\"><span class=\"woocommerce-Price-amount amount\">0,00&nbsp;<span class=\"woocommerce-Price-currencySymbol\">\u20ac<\/span><\/span><\/div>\n\t\t\t\t\n\t\t\t\t<div class=\"wp-block-button wc-block-grid__product-add-to-cart\"><a href=\"\/es\/wp-json\/wp\/v2\/pages\/94077?add-to-cart=98736\" aria-label=\"A\u00f1adir al carrito: \u00abCalefacci\u00f3n clim\u00e1ticamente neutra y asequible: La transici\u00f3n t\u00e9rmica utilizando el ejemplo de Berl\u00edn\u00bb\" data-quantity=\"1\" data-product_id=\"98736\" data-product_sku=\"\" data-price=\"0\" rel=\"nofollow\" class=\"wp-block-button__link  add_to_cart_button ajax_add_to_cart\">A\u00f1adir al carrito<\/a><\/div>\n\t\t\t<\/li><li class=\"wc-block-grid__product\">\n\t\t\t\t<a href=\"https:\/\/power-shift.de\/es\/producto\/reisefuehrer-eu-indonesien-abkommen\/\" class=\"wc-block-grid__product-link\">\n\t\t\t\t\t\n\t\t\t\t\t<div class=\"wc-block-grid__product-image\"><img loading=\"lazy\" decoding=\"async\" width=\"414\" height=\"498\" src=\"https:\/\/power-shift.de\/wp-content\/uploads\/2026\/02\/PowerShift-Reisefuehrer-EU_Indonesienabkommen.jpg\" class=\"attachment-woocommerce_thumbnail size-woocommerce_thumbnail\" alt=\"Imagen de portada del Acuerdo UE-Indonesia\" srcset=\"https:\/\/power-shift.de\/wp-content\/uploads\/2026\/02\/PowerShift-Reisefuehrer-EU_Indonesienabkommen.jpg 414w, https:\/\/power-shift.de\/wp-content\/uploads\/2026\/02\/PowerShift-Reisefuehrer-EU_Indonesienabkommen-249x300.jpg 249w, https:\/\/power-shift.de\/wp-content\/uploads\/2026\/02\/PowerShift-Reisefuehrer-EU_Indonesienabkommen-10x12.jpg 10w\" sizes=\"auto, (max-width: 414px) 100vw, 414px\" \/><\/div>\n\t\t\t\t\t<div class=\"wc-block-grid__product-title\">Gu\u00eda de viaje: Acuerdo comercial UE-Indonesia<\/div>\n\t\t\t\t<\/a>\n\t\t\t\t<div class=\"wc-block-grid__product-price price\"><span class=\"woocommerce-Price-amount amount\">0,00&nbsp;<span class=\"woocommerce-Price-currencySymbol\">\u20ac<\/span><\/span><\/div>\n\t\t\t\t\n\t\t\t\t<div class=\"wp-block-button wc-block-grid__product-add-to-cart\"><a href=\"\/es\/wp-json\/wp\/v2\/pages\/94077?add-to-cart=98580\" aria-label=\"A\u00f1adir al carrito: \u00abGu\u00eda de viaje: Acuerdo comercial UE-Indonesia\u00bb\" data-quantity=\"1\" data-product_id=\"98580\" data-product_sku=\"\" data-price=\"0\" rel=\"nofollow\" class=\"wp-block-button__link  add_to_cart_button ajax_add_to_cart\">A\u00f1adir al carrito<\/a><\/div>\n\t\t\t<\/li><li class=\"wc-block-grid__product\">\n\t\t\t\t<a href=\"https:\/\/power-shift.de\/es\/producto\/steckbrief-entwaldungsverordnung\/\" class=\"wc-block-grid__product-link\">\n\t\t\t\t\t\n\t\t\t\t\t<div class=\"wc-block-grid__product-image\"><img loading=\"lazy\" decoding=\"async\" width=\"800\" height=\"450\" src=\"https:\/\/power-shift.de\/wp-content\/uploads\/2026\/01\/Titelbild-Entwaldungsverordnung.jpg\" class=\"attachment-woocommerce_thumbnail size-woocommerce_thumbnail\" alt=\"Trabajador forestal con la imagen de la cubierta de la motosierra Ordenanza de deforestaci\u00f3n\" srcset=\"https:\/\/power-shift.de\/wp-content\/uploads\/2026\/01\/Titelbild-Entwaldungsverordnung.jpg 800w, https:\/\/power-shift.de\/wp-content\/uploads\/2026\/01\/Titelbild-Entwaldungsverordnung-300x169.jpg 300w, https:\/\/power-shift.de\/wp-content\/uploads\/2026\/01\/Titelbild-Entwaldungsverordnung-768x432.jpg 768w, https:\/\/power-shift.de\/wp-content\/uploads\/2026\/01\/Titelbild-Entwaldungsverordnung-18x10.jpg 18w, https:\/\/power-shift.de\/wp-content\/uploads\/2026\/01\/Titelbild-Entwaldungsverordnung-600x338.jpg 600w\" sizes=\"auto, (max-width: 800px) 100vw, 800px\" \/><\/div>\n\t\t\t\t\t<div class=\"wc-block-grid__product-title\">El Reglamento sobre deforestaci\u00f3n<\/div>\n\t\t\t\t<\/a>\n\t\t\t\t<div class=\"wc-block-grid__product-price price\"><span class=\"woocommerce-Price-amount amount\">0,00&nbsp;<span class=\"woocommerce-Price-currencySymbol\">\u20ac<\/span><\/span><\/div>\n\t\t\t\t\n\t\t\t\t<div class=\"wp-block-button wc-block-grid__product-add-to-cart\"><a href=\"\/es\/wp-json\/wp\/v2\/pages\/94077?add-to-cart=98479\" aria-label=\"A\u00f1adir al carrito: \u00abReglamento sobre deforestaci\u00f3n\u00bb\" data-quantity=\"1\" data-product_id=\"98479\" data-product_sku=\"\" data-price=\"0\" rel=\"nofollow\" class=\"wp-block-button__link  add_to_cart_button ajax_add_to_cart\">A\u00f1adir al carrito<\/a><\/div>\n\t\t\t<\/li><li class=\"wc-block-grid__product\">\n\t\t\t\t<a href=\"https:\/\/power-shift.de\/es\/producto\/steckbrief-lieferkettengesetz\/\" class=\"wc-block-grid__product-link\">\n\t\t\t\t\t\n\t\t\t\t\t<div class=\"wc-block-grid__product-image\"><img loading=\"lazy\" decoding=\"async\" width=\"1280\" height=\"853\" src=\"https:\/\/power-shift.de\/wp-content\/uploads\/2026\/01\/Titelbild-Lieferkettengesetz.jpg\" class=\"attachment-woocommerce_thumbnail size-woocommerce_thumbnail\" alt=\"Mujeres en m\u00e1quinas de coser Cover Profile Supply Chain Act\" srcset=\"https:\/\/power-shift.de\/wp-content\/uploads\/2026\/01\/Titelbild-Lieferkettengesetz.jpg 1280w, https:\/\/power-shift.de\/wp-content\/uploads\/2026\/01\/Titelbild-Lieferkettengesetz-300x200.jpg 300w, https:\/\/power-shift.de\/wp-content\/uploads\/2026\/01\/Titelbild-Lieferkettengesetz-1024x682.jpg 1024w, https:\/\/power-shift.de\/wp-content\/uploads\/2026\/01\/Titelbild-Lieferkettengesetz-768x512.jpg 768w, https:\/\/power-shift.de\/wp-content\/uploads\/2026\/01\/Titelbild-Lieferkettengesetz-18x12.jpg 18w, https:\/\/power-shift.de\/wp-content\/uploads\/2026\/01\/Titelbild-Lieferkettengesetz-600x400.jpg 600w\" sizes=\"auto, (max-width: 1280px) 100vw, 1280px\" \/><\/div>\n\t\t\t\t\t<div class=\"wc-block-grid__product-title\">Ley de la cadena de suministro<\/div>\n\t\t\t\t<\/a>\n\t\t\t\t<div class=\"wc-block-grid__product-price price\"><span class=\"woocommerce-Price-amount amount\">0,00&nbsp;<span class=\"woocommerce-Price-currencySymbol\">\u20ac<\/span><\/span><\/div>\n\t\t\t\t\n\t\t\t\t<div class=\"wp-block-button wc-block-grid__product-add-to-cart\"><a href=\"\/es\/wp-json\/wp\/v2\/pages\/94077?add-to-cart=98475\" aria-label=\"A\u00f1adir al carrito: \u00abLey de la Cadena de Suministro\u00bb\" data-quantity=\"1\" data-product_id=\"98475\" data-product_sku=\"\" data-price=\"0\" rel=\"nofollow\" class=\"wp-block-button__link  add_to_cart_button ajax_add_to_cart\">A\u00f1adir al carrito<\/a><\/div>\n\t\t\t<\/li><\/ul><\/div><\/div>\n<\/div>","protected":false},"excerpt":{"rendered":"Puede que te interese... \u00a1Tu carrito de compras est\u00e1 vac\u00edo! Nuevo en la tienda","protected":false},"author":1,"featured_media":93669,"parent":94076,"menu_order":1,"comment_status":"closed","ping_status":"closed","template":"","meta":{"_acf_changed":false,"footnotes":""},"categories":[],"tags":[],"thema":[],"coauthors":[],"class_list":["post-94077","page","type-page","status-publish","has-post-thumbnail","hentry","entry","has-media"],"acf":[],"_links":{"self":[{"href":"https:\/\/power-shift.de\/es\/wp-json\/wp\/v2\/pages\/94077","targetHints":{"allow":["GET"]}}],"collection":[{"href":"https:\/\/power-shift.de\/es\/wp-json\/wp\/v2\/pages"}],"about":[{"href":"https:\/\/power-shift.de\/es\/wp-json\/wp\/v2\/types\/page"}],"author":[{"embeddable":true,"href":"https:\/\/power-shift.de\/es\/wp-json\/wp\/v2\/users\/1"}],"replies":[{"embeddable":true,"href":"https:\/\/power-shift.de\/es\/wp-json\/wp\/v2\/comments?post=94077"}],"version-history":[{"count":1,"href":"https:\/\/power-shift.de\/es\/wp-json\/wp\/v2\/pages\/94077\/revisions"}],"predecessor-version":[{"id":95849,"href":"https:\/\/power-shift.de\/es\/wp-json\/wp\/v2\/pages\/94077\/revisions\/95849"}],"up":[{"embeddable":true,"href":"https:\/\/power-shift.de\/es\/wp-json\/wp\/v2\/pages\/94076"}],"wp:featuredmedia":[{"embeddable":true,"href":"https:\/\/power-shift.de\/es\/wp-json\/wp\/v2\/media\/93669"}],"wp:attachment":[{"href":"https:\/\/power-shift.de\/es\/wp-json\/wp\/v2\/media?parent=94077"}],"wp:term":[{"taxonomy":"category","embeddable":true,"href":"https:\/\/power-shift.de\/es\/wp-json\/wp\/v2\/categories?post=94077"},{"taxonomy":"post_tag","embeddable":true,"href":"https:\/\/power-shift.de\/es\/wp-json\/wp\/v2\/tags?post=94077"},{"taxonomy":"thema","embeddable":true,"href":"https:\/\/power-shift.de\/es\/wp-json\/wp\/v2\/thema?post=94077"},{"taxonomy":"author","embeddable":true,"href":"https:\/\/power-shift.de\/es\/wp-json\/wp\/v2\/coauthors?post=94077"}],"curies":[{"name":"wp","href":"https:\/\/api.w.org\/{rel}","templated":true}]}}