{"id":3,"date":"2019-05-05T12:37:49","date_gmt":"2025-05-05T10:37:11","guid":{"rendered":"http:\/\/neu.power-shift.de\/?page_id=3"},"modified":"2026-04-23T15:15:22","modified_gmt":"2026-04-23T13:15:22","slug":"erklaerung-von-powershift-zum-umgang-mit-daten","status":"publish","type":"page","link":"https:\/\/power-shift.de\/es\/erklaerung-von-powershift-zum-umgang-mit-daten\/","title":{"rendered":"Pol\u00edtica de privacidad"},"content":{"rendered":"<div class=\"wpb-content-wrapper\"><div class=\"vc_row wpb_row vc_row-fluid wpex-relative\"><div class=\"wpb_column vc_column_container vc_col-sm-12\"><div class=\"vc_column-inner\"><div class=\"wpb_wrapper\">\n\t<div class=\"wpb_text_column wpb_content_element\" >\n\t\t<div class=\"wpb_wrapper\">\n\t\t\t<h3><strong>Pol\u00edtica de privacidad<\/strong><\/h3>\n<p>La protecci\u00f3n de sus datos es particularmente importante para nosotros, por lo que nos gustar\u00eda informarle aqu\u00ed c\u00f3mo manejamos los datos personales.<br \/>\nCon nuestra declaraci\u00f3n de protecci\u00f3n de datos, le informamos sobre la naturaleza, el alcance y los fines de la recopilaci\u00f3n y el uso de datos personales por parte de PowerShift e.V.<br \/>\nLa base jur\u00eddica para la protecci\u00f3n de datos puede encontrarse, entre otras cosas, en el Reglamento General Europeo de Protecci\u00f3n de Datos (EU-DSGVO), la Ley Federal de Protecci\u00f3n de Datos (BDSG-neu) y la Ley de Servicios Digitales (DDG).<\/p>\n<p><strong>\u00bfQui\u00e9n es responsable del procesamiento de datos en PowerShift e.V. y con qui\u00e9n puedo contactar?<\/strong><\/p>\n<p>El responsable del tratamiento de los datos personales es: PowerShift e.V., Greifswalder Str. 4, 10405 Berl\u00edn<br \/>\nPuede ponerse en contacto con nosotros en: <a href=\"mailto:info@power-shift.de\">info@power-shift.de<\/a>, +49 (0)30 2787 5736<br \/>\nLa persona responsable en el sentido de DSVGO es: Peter Fuchs (director gerente)<\/p>\n<p><strong>\u00bfQu\u00e9 fuentes y datos utilizamos?<\/strong><\/p>\n<p>Procesamos sus datos personales que hemos recibido de usted en el contexto de eventos y contactos a trav\u00e9s de nuestro sitio web, que incluyen: Nombre, correo electr\u00f3nico.<br \/>\nEn caso de donaciones adicionales: el importe de su donaci\u00f3n y la fecha de d\u00e9bito de su donaci\u00f3n, IBAN y BIC (para compras en el extranjero). Si desea recibir un recibo de donaci\u00f3n, tambi\u00e9n necesitamos su direcci\u00f3n.<br \/>\nSi desea donar a trav\u00e9s de PayPal, recibiremos su nombre, correo electr\u00f3nico, direcci\u00f3n y cantidad de la donaci\u00f3n.<br \/>\nPara los eventos, tambi\u00e9n recopilamos la fecha y hora del evento, as\u00ed como la ubicaci\u00f3n.<\/p>\n<p><strong>\u00bfPara qu\u00e9 tratamos sus datos y sobre qu\u00e9 base jur\u00eddica?<\/strong><\/p>\n<p>Procesamos sus datos personales sobre la base de su consentimiento (Art. 6 Ia GDPR).<br \/>\nUtilizamos sus datos para enviar nuestros <strong>Boletines informativos e informaci\u00f3n sobre el trabajo de PowerShift, incluidas las convocatorias de donaciones en forma de circulares:<\/strong> Recibir\u00e1 informaci\u00f3n sobre nuestro trabajo y referencias a eventos y publicaciones de nosotros y nuestras organizaciones asociadas.<br \/>\nSi desea recibir estos boletines, necesitamos su nombre y apellido, as\u00ed como una direcci\u00f3n de correo electr\u00f3nico v\u00e1lida. No se recopilar\u00e1n m\u00e1s datos. Estos datos solo se utilizar\u00e1n para enviar nuestros boletines informativos y no se transmitir\u00e1n a terceros. Al registrarse en el bolet\u00edn, guardamos la fecha de registro para que podamos documentar el consentimiento para el env\u00edo del bolet\u00edn.<br \/>\nEn el caso de: <strong>donaciones<\/strong> Necesitamos de usted: Nombre y apellidos, correo electr\u00f3nico, el importe de su donaci\u00f3n y la fecha de d\u00e9bito de su donaci\u00f3n, IBAN y BIC (si est\u00e1n relacionados en el extranjero). Si desea recibir un recibo de donaci\u00f3n, tambi\u00e9n necesitamos su direcci\u00f3n. Si desea donar a trav\u00e9s de PayPal, recibiremos su nombre, direcci\u00f3n de correo electr\u00f3nico, direcci\u00f3n y cantidad de la donaci\u00f3n. No se recopilar\u00e1n m\u00e1s datos, estos datos solo se utilizar\u00e1n para la gesti\u00f3n de donaciones y la recaudaci\u00f3n de fondos de PowerShift. No se realiza una transferencia a terceros.<br \/>\nPara el almacenamiento de sus datos mencionados anteriormente, utilizamos CiviCRM. <a href=\"https:\/\/civicrm.org\/\">https:\/\/civicrm.org\/<\/a><\/p>\n<p><strong>\u00bfQu\u00e9 datos se eval\u00faan en nuestro sitio web?<\/strong><\/p>\n<p>Utilizamos el proveedor YouTube para integrar v\u00eddeos. Como la mayor\u00eda de los sitios web, YouTube tambi\u00e9n utiliza cookies para recopilar informaci\u00f3n sobre los visitantes de su sitio web. YouTube los utiliza, entre otras cosas, para recopilar estad\u00edsticas de v\u00eddeo, prevenir el fraude y mejorar la facilidad de uso. Esto tambi\u00e9n conduce a una conexi\u00f3n a la red de Google DoubleClick. Si inicia el video, esto podr\u00eda desencadenar m\u00e1s operaciones de procesamiento de datos. No tenemos ninguna influencia en eso. Puede encontrar m\u00e1s informaci\u00f3n sobre la protecci\u00f3n de datos en YouTube en su declaraci\u00f3n de protecci\u00f3n de datos en: <a href=\"http:\/\/www.youtube.com\/t\/privacy_at_youtube\">http:\/\/www.youtube.com\/t\/privacy_at_youtube<\/a><br \/>\nNo se evaluar\u00e1n otros datos.<\/p>\n<p>Utilizamos Proca de Fix The Status Quo, un widget para peticiones de la plataforma Fix The Status Quo. Si participa en una de nuestras peticiones, sus datos se enviar\u00e1n a Fix The Status Quo, que los almacenar\u00e1 y procesar\u00e1. Los datos proporcionados incluyen su nombre y correo electr\u00f3nico, as\u00ed como otros datos necesarios para la implementaci\u00f3n de la petici\u00f3n, incluido el momento de su participaci\u00f3n y la URL de la p\u00e1gina que utiliz\u00f3 para participar en la petici\u00f3n. Los administradores de la base de datos no pueden utilizar sus datos personales para fines distintos de los solicitados por nosotros. La pol\u00edtica de privacidad de Fix The Status Quo se puede encontrar aqu\u00ed: <a href=\"https:\/\/fixthestatusquo.com\/privacy_policy\/\">https:\/\/fixthestatusquo.com\/privacy_policy\/<\/a> Otros datos no ser\u00e1n evaluados por nosotros.<\/p>\n<p><strong>Cookies: <\/strong><strong>Consentimiento con Borlabs Cookie<\/strong><\/p>\n<p>Nuestro sitio web utiliza la tecnolog\u00eda de consentimiento de Borlabs Cookie para obtener su consentimiento para el almacenamiento de ciertas cookies en su navegador o para el uso de ciertas tecnolog\u00edas y para documentarlas de conformidad con la normativa de protecci\u00f3n de datos. El proveedor de esta tecnolog\u00eda es Borlabs \u2013 Benjamin A. Bornschein, R\u00fcbenkamp 32, 22305 Hamburgo (en lo sucesivo, \u00abBorlabs\u00bb).<\/p>\n<p>Cuando ingresa a nuestro sitio web, se almacena una cookie de Borlabs en su navegador, en la que se almacenan los consentimientos que ha otorgado o la revocaci\u00f3n de estos consentimientos. Estos datos no se transmitir\u00e1n al proveedor de Borlabs Cookie.<\/p>\n<p>Los datos recopilados se almacenar\u00e1n hasta que nos solicite que los eliminemos o que eliminemos la cookie de Borlabs en s\u00ed o hasta que deje de aplicarse la finalidad del almacenamiento de datos. Los per\u00edodos de retenci\u00f3n obligatorios legales no se ven afectados. Los detalles sobre el procesamiento de datos de Borlabs Cookie se pueden encontrar en <a href=\"https:\/\/de.borlabs.io\/kb\/welche-daten-speichert-borlabs-cookie\/\" target=\"_blank\" rel=\"noopener noreferrer\">https:\/\/de.borlabs.io\/kb\/welche-daten-speichert-borlabs-cookie\/<\/a>.<\/p>\n<p>La tecnolog\u00eda de consentimiento de cookies de Borlabs se utiliza para obtener los consentimientos legalmente requeridos para el uso de cookies. La base jur\u00eddica para ello es el art\u00edculo 6, apartado 1, letra c), del RGPD.<\/p>\n<p>[borlabs-cookie type=\u201dbtn-consent-preferences\u201d title=\u201dAdjust cookie settings\u201d\/]<\/p>\n<h4><span id=\"Google_Ads\"><strong> Anuncios de Google<\/strong> <\/span><\/h4>\n<p>Utilizamos \"Google Ads\" en nuestro sitio web, un servicio de Google Ireland Limited, Google Building Gordon House, Barrow St, Dubl\u00edn 4, Irlanda (en lo sucesivo, \"Google\"). Google Ads nos permite llamar la atenci\u00f3n sobre nuestras ofertas con la ayuda de material publicitario en sitios web externos. Esto nos permite determinar el \u00e9xito de las medidas individuales. Google entrega estos materiales publicitarios a trav\u00e9s de los denominados \u00abAdServers\u00bb. Para ello, utilizamos las llamadas cookies de AdServer, a trav\u00e9s de las cuales se pueden medir ciertos par\u00e1metros para medir el \u00e9xito, como la visualizaci\u00f3n de anuncios o clics por parte de los usuarios. Si accede a nuestro sitio web a trav\u00e9s de un anuncio de Google, Google Ads almacenar\u00e1 una cookie en su PC. Estas cookies suelen perder su validez despu\u00e9s de 30 d\u00edas. No tienen la intenci\u00f3n de identificarlo personalmente. La siguiente informaci\u00f3n generalmente se almacena para esta cookie como valores de an\u00e1lisis: ID de cookie \u00fanico, n\u00famero de impresiones de anuncios por ubicaci\u00f3n (frecuencia), \u00faltima impresi\u00f3n (pertinente para las conversiones posteriores a la vista), informaci\u00f3n de exclusi\u00f3n voluntaria (marcado de que los usuarios ya no quieren ser abordados). Estas cookies permiten a Google reconocer su navegador web. Si los usuarios visitan ciertas p\u00e1ginas del sitio web de los clientes de Ads y la cookie almacenada en el equipo a\u00fan no ha expirado, Google y los clientes pueden reconocer que los usuarios han hecho clic en el anuncio y han sido redirigidos a esta p\u00e1gina. Se asigna una cookie diferente a todos los clientes de Ads. Por lo tanto, las cookies no se pueden rastrear a trav\u00e9s de los sitios web de los clientes de Ads. Nosotros mismos no recopilamos ni procesamos ning\u00fan dato personal en las medidas publicitarias mencionadas anteriormente. Solo recibimos evaluaciones estad\u00edsticas de Google. Sobre la base de estas evaluaciones, podemos identificar cu\u00e1les de las medidas publicitarias utilizadas son particularmente efectivas. No recibimos m\u00e1s datos del uso del material publicitario, en particular, no podemos identificar a los usuarios objetivo sobre la base de esta informaci\u00f3n. Debido a las herramientas de marketing utilizadas, su navegador establece autom\u00e1ticamente una conexi\u00f3n directa con el servidor de Google. No tenemos ninguna influencia sobre el alcance y el uso posterior de los datos recopilados por Google a trav\u00e9s del uso de Google Ads. Por lo que sabemos, Google recibe la informaci\u00f3n de que ha accedido a la parte correspondiente de nuestro sitio web o ha hecho clic en un anuncio nuestro. Si tienes una cuenta de usuario en Google y est\u00e1s registrado, Google puede asignar la visita a tu cuenta de usuario. Incluso si no est\u00e1 registrado en Google o no ha iniciado sesi\u00f3n, existe la posibilidad de que Google descubra y almacene su direcci\u00f3n IP.<\/p>\n<p>Utilizamos Google Ads con fines de marketing y optimizaci\u00f3n, en particular para publicar anuncios que sean relevantes e interesantes para usted, para mejorar los informes de rendimiento de las campa\u00f1as y para lograr un mayor alcance. Este es tambi\u00e9n nuestro inter\u00e9s leg\u00edtimo en el procesamiento de los datos anteriores por parte del proveedor externo. La base jur\u00eddica es el art\u00edculo 6, apartado 1, primera frase, letra f), del RGPD.<\/p>\n<p>Puede evitar la instalaci\u00f3n de cookies eliminando las cookies existentes y deshabilitando el almacenamiento de cookies en la configuraci\u00f3n de su navegador web. Nos gustar\u00eda se\u00f1alar que en este caso es posible que no pueda utilizar todas las funciones de nuestro sitio web en su totalidad. Tambi\u00e9n es posible evitar el almacenamiento de cookies configurando su navegador web para bloquear las cookies del dominio \u00abwww.googleadservices.com\u00bb (<a href=\"https:\/\/www.google.de\/settings\/ads\">https:\/\/www.google.de\/settings\/ads<\/a>). Nos gustar\u00eda se\u00f1alar que esta configuraci\u00f3n se elimina cuando elimina sus cookies. Tambi\u00e9n puede ver anuncios basados en intereses a trav\u00e9s del enlace <a href=\"https:\/\/support.google.com\/My-Ad-Center-Help\/answer\/12155764?hl=de\">http:\/\/optout.aboutads.info<\/a> Discapacitados. Nos gustar\u00eda se\u00f1alar que esta configuraci\u00f3n tambi\u00e9n se eliminar\u00e1 si elimina sus cookies.<\/p>\n<p>Informaci\u00f3n de terceros: Google Ireland Limited, Google Building Gordon House, Barrow St, Dubl\u00edn 4, Irlanda<\/p>\n<p>Puede encontrar m\u00e1s informaci\u00f3n sobre el uso de datos por parte de Google, la configuraci\u00f3n y las opciones de objeci\u00f3n, as\u00ed como la protecci\u00f3n de datos en los siguientes sitios web de Google:<\/p>\n<ul>\n<li>Pol\u00edtica de privacidad: <a href=\"https:\/\/policies.google.com\/privacy?hl=de&amp;gl=de\">https:\/\/policies.google.com\/privacy?hl=de&amp;gl=de<\/a><\/li>\n<li>Estad\u00edsticas del sitio web de Google: <a href=\"https:\/\/services.google.com\/sitestats\/de.html\">https:\/\/services.google.com\/sitestats\/de.html<\/a><\/li>\n<\/ul>\n<p><strong>estad\u00edsticas <\/strong><\/p>\n<p>Utilizamos Matomo para nuestro sitio web, una herramienta para evaluar el n\u00famero de visitantes a nuestro sitio web. Matomo<a href=\"https:\/\/matomo.org\/\">https:\/\/matomo.org\/<\/a>), anteriormente conocido como Piwik, es un proyecto de colaboraci\u00f3n de los miembros del equipo Matomo, as\u00ed como muchos otros partidarios distribuidos en todo el mundo.\u00a0Esta herramienta tambi\u00e9n procesa datos personales, especialmente la direcci\u00f3n IP. Sin embargo, esto se poda alrededor del \u00faltimo octeto y luego se agrega.<\/p>\n<h3 class=\"wp-block-heading\">Servicios de pago<\/h3>\n<p>Integramos servicios de pago de terceros en nuestro sitio web. Cuando nos hace una donaci\u00f3n, sus datos de pago (por ejemplo, nombre, importe del pago, datos de la cuenta, n\u00famero de tarjeta de cr\u00e9dito) ser\u00e1n procesados por el proveedor de servicios de pago con el fin de procesar el pago. Las respectivas disposiciones contractuales y de protecci\u00f3n de datos de los respectivos proveedores se aplican a estas transacciones. El uso de proveedores de servicios de pago se basa en el art\u00edculo 6, apartado 1, letra b), del RGPD (procesamiento de contratos) y en inter\u00e9s de una operaci\u00f3n de pago fluida, c\u00f3moda y segura [art\u00edculo 6, apartado 1, letra f), del RGPD]. En la medida en que se solicite su consentimiento para determinadas acciones, el art\u00edculo 6, apartado 1, letra a), del RGPD es la base jur\u00eddica para el tratamiento de datos; El consentimiento puede ser revocado en cualquier momento para el futuro.<\/p>\n<p>Utilizamos los siguientes servicios de pago \/ proveedores de servicios de pago dentro del alcance de este sitio web:<\/p>\n<h4 class=\"wp-block-heading\">PayPal<\/h4>\n<p>El proveedor de este servicio de pago es PayPal (Europe) S.\u00e0.r.l. et Cie, S.C.A., 22-24 Boulevard Royal, L-2449 Luxembourg (\u00abPayPal\u00bb).<\/p>\n<p>La transferencia de datos a los EE.UU. se basa en las cl\u00e1usulas contractuales tipo de la Comisi\u00f3n Europea. Los detalles se pueden encontrar aqu\u00ed: <a href=\"https:\/\/www.paypal.com\/de\/webapps\/mpp\/ua\/pocpsa-full\" target=\"_blank\" rel=\"noreferrer noopener\">https:\/\/www.paypal.com\/de\/webapps\/mpp\/ua\/pocpsa-full<\/a>.<\/p>\n<p>Para obtener m\u00e1s informaci\u00f3n, consulte la pol\u00edtica de privacidad de PayPal: <a href=\"https:\/\/www.paypal.com\/de\/webapps\/mpp\/ua\/privacy-full\" target=\"_blank\" rel=\"noreferrer noopener\">https:\/\/www.paypal.com\/de\/webapps\/mpp\/ua\/privacy-full<\/a>.<\/p>\n<h4 class=\"wp-block-heading\">Twingle<\/h4>\n<p>Este sitio web utiliza el formulario de donaci\u00f3n de twingle GmbH, Prinzenallee 74, 13357 Berlin. twingle GmbH proporciona la plataforma t\u00e9cnica para el proceso de donaci\u00f3n de este formulario de donaci\u00f3n. Los datos que ingrese durante la donaci\u00f3n (por ejemplo, direcci\u00f3n, datos bancarios, motivo de la transferencia) solo ser\u00e1n almacenados por twingle en servidores en Alemania para procesar la donaci\u00f3n. Hemos celebrado un contrato con twingle para el procesamiento de pedidos e implementamos completamente los estrictos requisitos del Reglamento General de Protecci\u00f3n de Datos de la UE y las autoridades alemanas de protecci\u00f3n de datos cuando utilizamos el formulario de donaci\u00f3n de twingle. Sus datos se transmitir\u00e1n sobre la base del art\u00edculo 6 de la Ley de Protecci\u00f3n de Datos de EKD. Si ha dado su consentimiento para el procesamiento de datos, puede revocar su consentimiento en cualquier momento. Una revocaci\u00f3n no afecta la efectividad de las operaciones de procesamiento de datos en el pasado.<\/p>\n<h4 class=\"wp-block-heading\">Videos de YouTube<\/h4>\n<p class=\"whitespace-normal break-words\">Este sitio web incorpora videos de la plataforma YouTube, que es operada por Google Ireland Limited, Gordon House, Barrow Street, Dubl\u00edn 4, Irlanda.<\/p>\n<p class=\"whitespace-normal break-words\"><strong>Modo mejorado de privacidad (youtube-nocookie.com):<\/strong>\u00a0Utilizamos YouTube en el \u00abModo mejorado de privacidad\u00bb. Se utiliza el dominio youtube-nocookie.com, mediante el cual YouTube solo establece cookies y recopila datos de usuario cuando realmente reproduce un video.<\/p>\n<p class=\"whitespace-normal break-words\"><strong>Tratamiento de datos:<\/strong>\u00a0Al cargar los v\u00eddeos de YouTube, los siguientes datos se transmiten a Google\/YouTube:<\/p>\n<ul>\n<li class=\"whitespace-normal break-words\">Direcci\u00f3n IP<\/li>\n<li class=\"whitespace-normal break-words\">Tipo y versi\u00f3n del navegador<\/li>\n<li class=\"whitespace-normal break-words\">Sistema operativo<\/li>\n<li class=\"whitespace-normal break-words\">Fecha y hora de acceso<\/li>\n<li class=\"whitespace-normal break-words\">URL de referencia (de qu\u00e9 lado vienes)<\/li>\n<\/ul>\n<p><strong>Al reproducir los videos:<\/strong>\u00a0Despu\u00e9s de la reproducci\u00f3n, se procesan datos adicionales, incluidas cookies para funciones como la calidad de reproducci\u00f3n, la configuraci\u00f3n de subt\u00edtulos y las estad\u00edsticas de uso.<\/p>\n<p class=\"whitespace-normal break-words\"><strong>Base jur\u00eddica:<\/strong><\/p>\n<ul>\n<li class=\"whitespace-normal break-words\">Antes de jugar: Art\u00edculo 6, apartado 1, letra f), del RGPD (inter\u00e9s leg\u00edtimo en el suministro de contenidos multimedia)<\/li>\n<li class=\"whitespace-normal break-words\">Despu\u00e9s de jugar: Art\u00edculo 6, apartado 1, letra a), del RGPD (consentimiento mediante reproducci\u00f3n consciente)<\/li>\n<\/ul>\n<p><strong>Contradicci\u00f3n:<\/strong>\u00a0Puede oponerse al procesamiento de datos al no reproducir los videos.<\/p>\n<p><strong>\u00bfQui\u00e9n obtiene mis datos?<\/strong><\/p>\n<p>Dentro de PowerShift, el equipo de PowerShift tiene acceso a sus datos. No se realiza una transferencia a terceros.<\/p>\n<p><strong>\u00bfSe transfieren datos a un tercer pa\u00eds o a una organizaci\u00f3n internacional?<\/strong><\/p>\n<p>Dicha transmisi\u00f3n no tendr\u00e1 lugar.<\/p>\n<p><strong>\u00bfQu\u00e9 derechos de protecci\u00f3n de datos tengo?<\/strong><\/p>\n<p>Todos nuestros usuarios tienen los derechos mencionados en el GDPR y el BDSG, estos son en particular: informaci\u00f3n sobre los datos recopilados por nosotros, correcci\u00f3n de estos datos, eliminaci\u00f3n y restricci\u00f3n del procesamiento, as\u00ed como el derecho a oponerse al procesamiento.<br \/>\nPuede ejercer sus derechos de manera informal, si es posible por correo electr\u00f3nico a <a href=\"mailto:info@power-shift.de\">info@power-shift.de<\/a> explicar.<br \/>\nPuede revocar su consentimiento para el almacenamiento de los datos en cualquier momento. La revocaci\u00f3n se puede enviar a trav\u00e9s de un enlace en nuestros boletines o por correo electr\u00f3nico a <a href=\"mailto:info@power-shift.de\">info@power-shift.de<\/a> tienen lugar.<br \/>\nTiene derecho a presentar una reclamaci\u00f3n ante la autoridad de control competente: Comisario de Protecci\u00f3n de Datos y Libertad de Informaci\u00f3n de Berl\u00edn, Friedrichstr. 219, 10969 Berl\u00edn, Alemania.<\/p>\n<p><strong>\u00bfDurante cu\u00e1nto tiempo se almacenar\u00e1n mis datos?<\/strong><\/p>\n<p>Sus datos se almacenar\u00e1n durante el tiempo que usted est\u00e9 de acuerdo. Puede revocar su consentimiento en cualquier momento. La revocaci\u00f3n se puede enviar a trav\u00e9s de un enlace en nuestros boletines o por correo electr\u00f3nico a <a href=\"mailto:info@power-shift.de\">info@power-shift.de<\/a> tienen lugar.<\/p>\n\n\t\t<\/div>\n\t<\/div>\n<\/div><\/div><\/div><\/div>\n<\/div>","protected":false},"excerpt":{"rendered":"La protecci\u00f3n de sus datos es muy importante para nosotros, por lo que nos gustar\u00eda informarle aqu\u00ed c\u00f3mo manejamos los datos personales. Con nuestra declaraci\u00f3n de protecci\u00f3n de datos, le informamos sobre la naturaleza, el alcance y los fines de la recopilaci\u00f3n y el uso de datos personales por parte de PowerShift e.V. La base legal de la protecci\u00f3n de datos se puede encontrar, entre otras cosas...","protected":false},"author":1,"featured_media":93669,"parent":0,"menu_order":39,"comment_status":"closed","ping_status":"closed","template":"","meta":{"_acf_changed":false,"footnotes":""},"categories":[],"tags":[],"thema":[],"coauthors":[83],"class_list":["post-3","page","type-page","status-publish","has-post-thumbnail","hentry","entry","has-media"],"acf":[],"_links":{"self":[{"href":"https:\/\/power-shift.de\/es\/wp-json\/wp\/v2\/pages\/3","targetHints":{"allow":["GET"]}}],"collection":[{"href":"https:\/\/power-shift.de\/es\/wp-json\/wp\/v2\/pages"}],"about":[{"href":"https:\/\/power-shift.de\/es\/wp-json\/wp\/v2\/types\/page"}],"author":[{"embeddable":true,"href":"https:\/\/power-shift.de\/es\/wp-json\/wp\/v2\/users\/1"}],"replies":[{"embeddable":true,"href":"https:\/\/power-shift.de\/es\/wp-json\/wp\/v2\/comments?post=3"}],"version-history":[{"count":7,"href":"https:\/\/power-shift.de\/es\/wp-json\/wp\/v2\/pages\/3\/revisions"}],"predecessor-version":[{"id":99223,"href":"https:\/\/power-shift.de\/es\/wp-json\/wp\/v2\/pages\/3\/revisions\/99223"}],"wp:featuredmedia":[{"embeddable":true,"href":"https:\/\/power-shift.de\/es\/wp-json\/wp\/v2\/media\/93669"}],"wp:attachment":[{"href":"https:\/\/power-shift.de\/es\/wp-json\/wp\/v2\/media?parent=3"}],"wp:term":[{"taxonomy":"category","embeddable":true,"href":"https:\/\/power-shift.de\/es\/wp-json\/wp\/v2\/categories?post=3"},{"taxonomy":"post_tag","embeddable":true,"href":"https:\/\/power-shift.de\/es\/wp-json\/wp\/v2\/tags?post=3"},{"taxonomy":"thema","embeddable":true,"href":"https:\/\/power-shift.de\/es\/wp-json\/wp\/v2\/thema?post=3"},{"taxonomy":"author","embeddable":true,"href":"https:\/\/power-shift.de\/es\/wp-json\/wp\/v2\/coauthors?post=3"}],"curies":[{"name":"wp","href":"https:\/\/api.w.org\/{rel}","templated":true}]}}