{"id":108,"date":"2019-05-07T15:36:49","date_gmt":"2025-05-07T13:36:50","guid":{"rendered":"https:\/\/neu.power-shift.de\/?page_id=108"},"modified":"2026-04-10T11:29:04","modified_gmt":"2026-04-10T09:29:04","slug":"arbeitsschwerpunkte","status":"publish","type":"page","link":"https:\/\/power-shift.de\/es\/arbeitsschwerpunkte\/","title":{"rendered":"temas"},"content":{"rendered":"<div class=\"wpb-content-wrapper\"><div class=\"vc_row wpb_row vc_row-fluid wpex-vc-full-width-row wpex-vc-full-width-row--centered wpex-relative wpex-vc_row-gap-0 wpex-vc_row-has-fill wpex-vc_row-mx-0\" style=\"background-color:var(--wpex-accent)!important;\"><div class=\"wpb_column vc_column_container vc_col-sm-12\"><div class=\"vc_column-inner\"><div class=\"wpb_wrapper\"><div class=\"wpex-template-shortcode\"><style type=\"text\/css\" data-type=\"vc_shortcodes-custom-css\">.vc_custom_1757592246575{background-image: url(https:\/\/power-shift.de\/wp-content\/uploads\/2025\/08\/PS_106_Webseite_Banners_Hintergrund_Homepage-Pfad.png?id=96606) !important;}<\/style><div class=\"vc_row wpb_row vc_row-fluid wpex-relative wpex-vc_row-gap-0\"><div class=\"wpb_column vc_column_container vc_col-sm-12\"><div class=\"vc_column-inner\"><div class=\"wpb_wrapper\"><style>.vcex-icon-box.vcex_6a058d3d7be16 .vcex-icon-box-content{font-weight:700;}.vcex-icon-box.vcex_6a058d3d7be16 .vcex-icon-box-heading{font-size:var(--wpex-text-2xl);}<\/style><div class=\"vcex-module vcex-icon-box vcex-icon-box-one wpex-flex wpex-text-left vc_custom_1757592246575 ps-banner background-green ps-banner-ueber-uns vcex_6a058d3d7be16\"><div class=\"vcex-icon-box-symbol vcex-icon-box-symbol--image wpex-flex-shrink-0 wpex-mr-20\"><img src=\"https:\/\/power-shift.de\/wp-content\/uploads\/2025\/08\/PS_106_Webseite_Banners_Hintergrund_Homepage.png\" alt=\"PowerShift banner dos personas en barco, prioridades de trabajo\" class=\"vcex-icon-box-image wpex-align-middle\" loading=\"lazy\" decoding=\"async\" width=\"668\" height=\"544\"><\/div><div class=\"vcex-icon-box-text wpex-flex-grow wpex-flex wpex-flex-col\"><h3 class=\"vcex-icon-box-heading wpex-heading wpex-mb-10\">Con nuestra experiencia en comercio, materias primas y pol\u00edtica energ\u00e9tica, mostramos formas de salir de la crisis clim\u00e1tica.<\/h3><div class=\"vcex-icon-box-button-wrap wpex-mt-auto\"><a href=\"https:\/\/power-shift.de\/es\/ueber-uns\/\" class=\"vcex-icon-box-button theme-button\">Acerca de nosotros<\/a><\/div><\/div><\/div><\/div><\/div><\/div><\/div>\n<\/div><\/div><\/div><\/div><\/div><div class=\"vc_row wpb_row vc_row-fluid wpex-relative\"><div class=\"wpb_column vc_column_container vc_col-sm-12\"><div class=\"vc_column-inner\"><div class=\"wpb_wrapper\"><div class=\"vcex-spacing wpex-w-100 wpex-clear\"><\/div>\n\t<div class=\"wpb_text_column wpb_content_element\" >\n\t\t<div class=\"wpb_wrapper\">\n\t\t\t<h2>Cu\u00e1les son nuestras principales \u00e1reas de trabajo<\/h2>\n<p>Trabajamos en temas de enfoque en niveles muy diferentes. Aqu\u00ed reunimos toda la informaci\u00f3n y explicamos nuestras principales \u00e1reas de trabajo. El comercio, las materias primas y la pol\u00edtica energ\u00e9tica son factores importantes en la transformaci\u00f3n hacia un mundo solidario-ambiental, por lo que nos dedicamos a estas \u00e1reas de trabajo con mayor profundidad. Cuando se deben tomar decisiones importantes, nos dirigimos directamente a los responsables en los parlamentos, gobiernos y corporaciones. Para ello utilizamos nuestro <a href=\"https:\/\/power-shift.de\/es\/kampagnen\/\">campa\u00f1as<\/a> y <a href=\"https:\/\/power-shift.de\/es\/publikationen\/\">an\u00e1lisis<\/a>. Con la presi\u00f3n que crea, nos hacemos escuchar. Forjamos alianzas, debatimos con los pol\u00edticos y generamos opini\u00f3n p\u00fablica, porque a menudo las decisiones de largo alcance se toman bajo el radar del p\u00fablico, de modo que se elimina la presi\u00f3n de legitimidad para muchos tomadores de decisiones. Queremos evitar esto informando al p\u00fablico en general. As\u00ed es como hacemos posible el cambio: por un mundo m\u00e1s justo desde el punto de vista ecol\u00f3gico y social.<\/p>\n\n\t\t<\/div>\n\t<\/div>\n<\/div><\/div><\/div><\/div><div class=\"vc_row wpb_row vc_row-fluid wpex-relative\"><div class=\"wpb_column vc_column_container vc_col-sm-12\"><div class=\"vc_column-inner\"><div class=\"wpb_wrapper\"><div class=\"wpex-post-cards wpex-post-cards-template_96273 wpex-relative\"><div class=\"wpex-post-cards-inner\"><div class=\"wpex-post-cards-loop wpex-post-cards-grid wpex-row wpex-clr\"><div class=\"wpex-post-cards-entry col col-1 span_1_of_3 post-93875 type-page thema-15 author-83\"><div class=\"wpex-card wpex-card-template_96273 cardstyle-big-post cardstyle-big-thema\"><style>.vc_custom_1752150468776{padding-top: 0px !important;padding-right: 20px !important;padding-bottom: 20px !important;padding-left: 20px !important;}<\/style><div class=\"wpex-card-inner\"><div class=\"vc_row wpb_row vc_row-fluid vc_row-o-equal-height vc_row-o-content-top vc_row-flex wpex-relative wpex-vc_row-gap-0\" style=\"background-position:center center!important;background-size:cover!important;\"><div class=\"wpb_column vc_column_container vc_col-sm-12\"><div class=\"vc_column-inner\"><div class=\"wpb_wrapper\">\n\t<div class=\"wpb_raw_code wpb_raw_html wpb_content_element\" >\n\t\t<div class=\"wpb_wrapper\">\n\t\t\t<a href=\"https:\/\/power-shift.de\/es\/arbeitsschwerpunkte\/handelspolitik-und-investitionspolitik\/\" class=\"card-link\">Asunto: Pol\u00edtica comercial<\/a>\n\t\t<\/div>\n\t<\/div>\n<div class=\"vcex-flex-container vcex-module wpex-flex wpex-gap-20 wpex-aspect-3-2 wpex-overflow-hidden card-image\"><figure class=\"vcex-image vcex-module vcex-fill-column\"><div class=\"vcex-image-inner wpex-relative wpex-inline-block overlay-parent overlay-parent-title-center wpex-overflow-hidden\"><img loading=\"lazy\" class=\"vcex-image-img wpex-align-middle wpex-aspect-3-2 wpex-object-cover wpex-mix-blend-saturation wpex-aspect-4-3 wpex-object-cover\" decoding=\"async\" src=\"https:\/\/power-shift.de\/wp-content\/uploads\/2025\/05\/PowerShift-Handelspolitik-800x600.webp\" alt=\"Buque de contenedores en el mar\" width=\"800\" height=\"600\">\n<div class=\"overlay-title-center theme-overlay wpex-absolute wpex-inset-0 wpex-transition-all wpex-duration-300 wpex-flex wpex-justify-center wpex-items-center wpex-text-center\">\n\t<span class=\"overlay-bg wpex-bg-black wpex-block wpex-absolute wpex-inset-0 wpex-opacity-50\"><\/span>\n\t<div class=\"overlay-content wpex-relative wpex-text-white wpex-uppercase wpex-font-semibold wpex-p-15 wpex-tracking-widest\">\n\t\t<span class=\"title\">Pol\u00edtica comercial<\/span>\t<\/div>\n<\/div>\n<\/div><\/figure><\/div><div class=\"vcex-flex-container vcex-module wpex-flex wpex-gap-20 wpex-flex-col vc_custom_1752150468776\"><div class=\"vcex-page-title vcex-module card-head has-term-background-color\"><div class=\"vcex-page-title__heading wpex-heading wpex-text-3xl\"><span class=\"vcex-page-title__text\">Pol\u00edtica comercial<\/span><\/div><\/div><div class=\"vcex-post-excerpt vcex-module wpex-text-pretty wpex-last-mb-0\"><p>Estamos comprometidos con una pol\u00edtica comercial respetuosa con el clima y solidaria que proteja los derechos humanos y haga posible el desarrollo sostenible.<\/p>\n<\/div><\/div><\/div><\/div><\/div><\/div><\/div><\/div><\/div><div class=\"wpex-post-cards-entry col col-2 span_1_of_3 post-93729 type-page thema-18 author-97\"><div class=\"wpex-card wpex-card-template_96273 cardstyle-big-post cardstyle-big-thema\"><div class=\"wpex-card-inner\"><div class=\"vc_row wpb_row vc_row-fluid vc_row-o-equal-height vc_row-o-content-top vc_row-flex wpex-relative wpex-vc_row-gap-0\" style=\"background-position:center center!important;background-size:cover!important;\"><div class=\"wpb_column vc_column_container vc_col-sm-12\"><div class=\"vc_column-inner\"><div class=\"wpb_wrapper\">\n\t<div class=\"wpb_raw_code wpb_raw_html wpb_content_element\" >\n\t\t<div class=\"wpb_wrapper\">\n\t\t\t<a href=\"https:\/\/power-shift.de\/es\/arbeitsschwerpunkte\/rohstoffpolitik-globale-gerechtigkeit-schaffen\/\" class=\"card-link\">Asunto: Pol\u00edtica de materias primas<\/a>\n\t\t<\/div>\n\t<\/div>\n<div class=\"vcex-flex-container vcex-module wpex-flex wpex-gap-20 wpex-aspect-3-2 wpex-overflow-hidden card-image\"><figure class=\"vcex-image vcex-module vcex-fill-column\"><div class=\"vcex-image-inner wpex-relative wpex-inline-block overlay-parent overlay-parent-title-center wpex-overflow-hidden\"><img loading=\"lazy\" class=\"vcex-image-img wpex-align-middle wpex-aspect-3-2 wpex-object-cover wpex-mix-blend-saturation wpex-aspect-4-3 wpex-object-cover\" decoding=\"async\" src=\"https:\/\/power-shift.de\/wp-content\/uploads\/2025\/06\/Bergbau-800x600.png\" alt=\"Equipo de miner\u00eda\" width=\"800\" height=\"600\">\n<div class=\"overlay-title-center theme-overlay wpex-absolute wpex-inset-0 wpex-transition-all wpex-duration-300 wpex-flex wpex-justify-center wpex-items-center wpex-text-center\">\n\t<span class=\"overlay-bg wpex-bg-black wpex-block wpex-absolute wpex-inset-0 wpex-opacity-50\"><\/span>\n\t<div class=\"overlay-content wpex-relative wpex-text-white wpex-uppercase wpex-font-semibold wpex-p-15 wpex-tracking-widest\">\n\t\t<span class=\"title\">Pol\u00edtica de materias primas<\/span>\t<\/div>\n<\/div>\n<\/div><\/figure><\/div><div class=\"vcex-flex-container vcex-module wpex-flex wpex-gap-20 wpex-flex-col vc_custom_1752150468776\"><div class=\"vcex-page-title vcex-module card-head has-term-background-color\"><div class=\"vcex-page-title__heading wpex-heading wpex-text-3xl\"><span class=\"vcex-page-title__text\">Pol\u00edtica de materias primas<\/span><\/div><\/div><div class=\"vcex-post-excerpt vcex-module wpex-text-pretty wpex-last-mb-0\"><p>Abogamos por una transici\u00f3n global justa de materias primas que reduzca el consumo de materias primas, defienda los derechos humanos y proteja el medio ambiente.<\/p>\n<\/div><\/div><\/div><\/div><\/div><\/div><\/div><\/div><\/div><div class=\"wpex-post-cards-entry col col-3 span_1_of_3 post-93731 type-page thema-16 author-83\"><div class=\"wpex-card wpex-card-template_96273 cardstyle-big-post cardstyle-big-thema\"><div class=\"wpex-card-inner\"><div class=\"vc_row wpb_row vc_row-fluid vc_row-o-equal-height vc_row-o-content-top vc_row-flex wpex-relative wpex-vc_row-gap-0\" style=\"background-position:center center!important;background-size:cover!important;\"><div class=\"wpb_column vc_column_container vc_col-sm-12\"><div class=\"vc_column-inner\"><div class=\"wpb_wrapper\">\n\t<div class=\"wpb_raw_code wpb_raw_html wpb_content_element\" >\n\t\t<div class=\"wpb_wrapper\">\n\t\t\t<a href=\"https:\/\/power-shift.de\/es\/arbeitsschwerpunkte\/energiepolitik\/\" class=\"card-link\">Asunto: Pol\u00edtica energ\u00e9tica<\/a>\n\t\t<\/div>\n\t<\/div>\n<div class=\"vcex-flex-container vcex-module wpex-flex wpex-gap-20 wpex-aspect-3-2 wpex-overflow-hidden card-image\"><figure class=\"vcex-image vcex-module vcex-fill-column\"><div class=\"vcex-image-inner wpex-relative wpex-inline-block overlay-parent overlay-parent-title-center wpex-overflow-hidden\"><img loading=\"lazy\" class=\"vcex-image-img wpex-align-middle wpex-aspect-3-2 wpex-object-cover wpex-mix-blend-saturation wpex-aspect-4-3 wpex-object-cover\" decoding=\"async\" src=\"https:\/\/power-shift.de\/wp-content\/uploads\/2025\/05\/SLS_Liquid_Hydrogen_Fuel_Tank-800x600.jpg\" alt=\"Tanque de hidr\u00f3geno\" width=\"800\" height=\"600\">\n<div class=\"overlay-title-center theme-overlay wpex-absolute wpex-inset-0 wpex-transition-all wpex-duration-300 wpex-flex wpex-justify-center wpex-items-center wpex-text-center\">\n\t<span class=\"overlay-bg wpex-bg-black wpex-block wpex-absolute wpex-inset-0 wpex-opacity-50\"><\/span>\n\t<div class=\"overlay-content wpex-relative wpex-text-white wpex-uppercase wpex-font-semibold wpex-p-15 wpex-tracking-widest\">\n\t\t<span class=\"title\">Pol\u00edtica energ\u00e9tica<\/span>\t<\/div>\n<\/div>\n<\/div><\/figure><\/div><div class=\"vcex-flex-container vcex-module wpex-flex wpex-gap-20 wpex-flex-col vc_custom_1752150468776\"><div class=\"vcex-page-title vcex-module card-head has-term-background-color\"><div class=\"vcex-page-title__heading wpex-heading wpex-text-3xl\"><span class=\"vcex-page-title__text\">Pol\u00edtica energ\u00e9tica<\/span><\/div><\/div><div class=\"vcex-post-excerpt vcex-module wpex-text-pretty wpex-last-mb-0\"><p>Estamos comprometidos con una transici\u00f3n energ\u00e9tica justa a nivel mundial y una eliminaci\u00f3n r\u00e1pida y completa de los combustibles f\u00f3siles.<\/p>\n<\/div><\/div><\/div><\/div><\/div><\/div><\/div><\/div><\/div><\/div><\/div><\/div>\n\t<div class=\"wpb_text_column wpb_content_element\" >\n\t\t<div class=\"wpb_wrapper\">\n\t\t\t<p>M\u00e1s informaci\u00f3n sobre nuestro trabajo se puede encontrar en <a href=\"https:\/\/de.wikipedia.org\/wiki\/Powershift\">Wikipedia (en ingl\u00e9s).<\/a><\/p>\n\n\t\t<\/div>\n\t<\/div>\n<\/div><\/div><\/div><\/div>\n<\/div>","protected":false},"excerpt":{"rendered":"Pol\u00edtica energ\u00e9tica Clima y pol\u00edtica energ\u00e9tica Equipo Enlaces Nuestro consumo de energ\u00eda tiene una dimensi\u00f3n de desarrollo. Los combustibles f\u00f3siles no solo son perjudiciales para el clima. Su promoci\u00f3n y procesamiento posterior est\u00e1 asociado con violaciones de derechos humanos y destrucci\u00f3n ambiental, especialmente en pa\u00edses del Sur Global. La energ\u00eda renovable tambi\u00e9n puede tener un impacto negativo. Por ejemplo, las materias primas para las plantas de energ\u00eda solar y e\u00f3lica son a menudo...","protected":false},"author":1,"featured_media":93669,"parent":0,"menu_order":10,"comment_status":"closed","ping_status":"closed","template":"","meta":{"_acf_changed":false,"footnotes":""},"categories":[],"tags":[],"thema":[],"coauthors":[83],"class_list":["post-108","page","type-page","status-publish","has-post-thumbnail","hentry","entry","has-media"],"acf":[],"_links":{"self":[{"href":"https:\/\/power-shift.de\/es\/wp-json\/wp\/v2\/pages\/108","targetHints":{"allow":["GET"]}}],"collection":[{"href":"https:\/\/power-shift.de\/es\/wp-json\/wp\/v2\/pages"}],"about":[{"href":"https:\/\/power-shift.de\/es\/wp-json\/wp\/v2\/types\/page"}],"author":[{"embeddable":true,"href":"https:\/\/power-shift.de\/es\/wp-json\/wp\/v2\/users\/1"}],"replies":[{"embeddable":true,"href":"https:\/\/power-shift.de\/es\/wp-json\/wp\/v2\/comments?post=108"}],"version-history":[{"count":29,"href":"https:\/\/power-shift.de\/es\/wp-json\/wp\/v2\/pages\/108\/revisions"}],"predecessor-version":[{"id":99063,"href":"https:\/\/power-shift.de\/es\/wp-json\/wp\/v2\/pages\/108\/revisions\/99063"}],"wp:featuredmedia":[{"embeddable":true,"href":"https:\/\/power-shift.de\/es\/wp-json\/wp\/v2\/media\/93669"}],"wp:attachment":[{"href":"https:\/\/power-shift.de\/es\/wp-json\/wp\/v2\/media?parent=108"}],"wp:term":[{"taxonomy":"category","embeddable":true,"href":"https:\/\/power-shift.de\/es\/wp-json\/wp\/v2\/categories?post=108"},{"taxonomy":"post_tag","embeddable":true,"href":"https:\/\/power-shift.de\/es\/wp-json\/wp\/v2\/tags?post=108"},{"taxonomy":"thema","embeddable":true,"href":"https:\/\/power-shift.de\/es\/wp-json\/wp\/v2\/thema?post=108"},{"taxonomy":"author","embeddable":true,"href":"https:\/\/power-shift.de\/es\/wp-json\/wp\/v2\/coauthors?post=108"}],"curies":[{"name":"wp","href":"https:\/\/api.w.org\/{rel}","templated":true}]}}